{"id":4186,"date":"2025-06-13T17:56:29","date_gmt":"2025-06-13T17:56:29","guid":{"rendered":"https:\/\/portowinehouse.com\/produto\/nat-cool-drink-me-dao-tinto\/"},"modified":"2025-06-13T18:06:37","modified_gmt":"2025-06-13T18:06:37","slug":"nat-cool-drink-me-dao-tinto","status":"publish","type":"product","link":"https:\/\/portowinehouse.com\/en\/product\/nat-cool-drink-me-dao-tinto\/","title":{"rendered":"Nat Cool Drink Me D\u00e3o Tinto"},"content":{"rendered":"<p>The wine displays a brilliant pale red hue. The nose reveals the typical aromas of D\u00e3o field blend and its terroir, with notes of cherries and red fruit, floral nuances and hints of fresh herbs. Its straight-forward palate has a light touch, plenty of freshness as well as beautiful acidity and spice on the finish.<\/p>\n","protected":false},"excerpt":{"rendered":"<p>A cor \u00e9 aberta e pouco concentrada. O nariz reflete o perfil da regi\u00e3o e as castas que lhe d\u00e3o origem, como cereja e frutos vermelhos, nuances florais de ervas frescas. Na boca \u00e9 leve, fresco, descomplicado e termina com uma boa acidez e notas de especiarias.<\/p>\n","protected":false},"featured_media":4185,"comment_status":"open","ping_status":"closed","template":"","meta":{"_joinchat":[]},"product_cat":[175,179],"product_tag":[],"yoast_head":"<!-- This site is optimized with the Yoast SEO plugin v19.11 - https:\/\/yoast.com\/wordpress\/plugins\/seo\/ -->\n<title>Nat Cool Drink Me D\u00e3o Tinto - Porto Wine House<\/title>\n<meta name=\"robots\" content=\"index, follow, max-snippet:-1, max-image-preview:large, max-video-preview:-1\" \/>\n<link rel=\"canonical\" href=\"https:\/\/portowinehouse.com\/en\/product\/nat-cool-drink-me-dao-tinto\/\" \/>\n<meta property=\"og:locale\" content=\"en_US\" \/>\n<meta property=\"og:type\" content=\"article\" \/>\n<meta property=\"og:title\" content=\"Nat Cool Drink Me D\u00e3o Tinto - Porto Wine House\" \/>\n<meta property=\"og:description\" content=\"A cor \u00e9 aberta e pouco concentrada. O nariz reflete o perfil da regi\u00e3o e as castas que lhe d\u00e3o origem, como cereja e frutos vermelhos, nuances florais de ervas frescas. Na boca \u00e9 leve, fresco, descomplicado e termina com uma boa acidez e notas de especiarias.\" \/>\n<meta property=\"og:url\" content=\"https:\/\/portowinehouse.com\/en\/product\/nat-cool-drink-me-dao-tinto\/\" \/>\n<meta property=\"og:site_name\" content=\"Porto Wine House\" \/>\n<meta property=\"article:publisher\" content=\"https:\/\/pt-pt.facebook.com\/Porto-Wine-House-350305098331175\/\" \/>\n<meta property=\"article:modified_time\" content=\"2025-06-13T18:06:37+00:00\" \/>\n<meta property=\"og:image\" content=\"https:\/\/portowinehouse.com\/wp-content\/uploads\/2025\/06\/1552_product_out_555x1250_1702914438.png\" \/>\n\t<meta property=\"og:image:width\" content=\"555\" \/>\n\t<meta property=\"og:image:height\" content=\"1250\" \/>\n\t<meta property=\"og:image:type\" content=\"image\/png\" \/>\n<meta name=\"twitter:card\" content=\"summary_large_image\" \/>\n<script type=\"application\/ld+json\" class=\"yoast-schema-graph\">{\"@context\":\"https:\/\/schema.org\",\"@graph\":[{\"@type\":\"WebPage\",\"@id\":\"https:\/\/portowinehouse.com\/en\/product\/nat-cool-drink-me-dao-tinto\/\",\"url\":\"https:\/\/portowinehouse.com\/en\/product\/nat-cool-drink-me-dao-tinto\/\",\"name\":\"Nat Cool Drink Me D\u00e3o Tinto - Porto Wine House\",\"isPartOf\":{\"@id\":\"https:\/\/portowinehouse.com\/#website\"},\"datePublished\":\"2025-06-13T17:56:29+00:00\",\"dateModified\":\"2025-06-13T18:06:37+00:00\",\"breadcrumb\":{\"@id\":\"https:\/\/portowinehouse.com\/en\/product\/nat-cool-drink-me-dao-tinto\/#breadcrumb\"},\"inLanguage\":\"en-US\",\"potentialAction\":[{\"@type\":\"ReadAction\",\"target\":[\"https:\/\/portowinehouse.com\/en\/product\/nat-cool-drink-me-dao-tinto\/\"]}]},{\"@type\":\"BreadcrumbList\",\"@id\":\"https:\/\/portowinehouse.com\/en\/product\/nat-cool-drink-me-dao-tinto\/#breadcrumb\",\"itemListElement\":[{\"@type\":\"ListItem\",\"position\":1,\"name\":\"In\u00edcio\",\"item\":\"https:\/\/portowinehouse.com\/en\/\"},{\"@type\":\"ListItem\",\"position\":2,\"name\":\"Shop\",\"item\":\"https:\/\/portowinehouse.com\/en\/shop\/\"},{\"@type\":\"ListItem\",\"position\":3,\"name\":\"Nat Cool Drink Me D\u00e3o Tinto\"}]},{\"@type\":\"WebSite\",\"@id\":\"https:\/\/portowinehouse.com\/#website\",\"url\":\"https:\/\/portowinehouse.com\/\",\"name\":\"Porto Wine House\",\"description\":\"\",\"publisher\":{\"@id\":\"https:\/\/portowinehouse.com\/#organization\"},\"potentialAction\":[{\"@type\":\"SearchAction\",\"target\":{\"@type\":\"EntryPoint\",\"urlTemplate\":\"https:\/\/portowinehouse.com\/?s={search_term_string}\"},\"query-input\":\"required name=search_term_string\"}],\"inLanguage\":\"en-US\"},{\"@type\":\"Organization\",\"@id\":\"https:\/\/portowinehouse.com\/#organization\",\"name\":\"Porto Wine House\",\"url\":\"https:\/\/portowinehouse.com\/\",\"logo\":{\"@type\":\"ImageObject\",\"inLanguage\":\"en-US\",\"@id\":\"https:\/\/portowinehouse.com\/#\/schema\/logo\/image\/\",\"url\":\"https:\/\/portowinehouse.com\/wp-content\/uploads\/2020\/06\/logo-wine.jpg\",\"contentUrl\":\"https:\/\/portowinehouse.com\/wp-content\/uploads\/2020\/06\/logo-wine.jpg\",\"width\":99,\"height\":117,\"caption\":\"Porto Wine House\"},\"image\":{\"@id\":\"https:\/\/portowinehouse.com\/#\/schema\/logo\/image\/\"},\"sameAs\":[\"https:\/\/pt-pt.facebook.com\/Porto-Wine-House-350305098331175\/\"]}]}<\/script>\n<!-- \/ Yoast SEO plugin. -->","yoast_head_json":{"title":"Nat Cool Drink Me D\u00e3o Tinto - Porto Wine House","robots":{"index":"index","follow":"follow","max-snippet":"max-snippet:-1","max-image-preview":"max-image-preview:large","max-video-preview":"max-video-preview:-1"},"canonical":"https:\/\/portowinehouse.com\/en\/product\/nat-cool-drink-me-dao-tinto\/","og_locale":"en_US","og_type":"article","og_title":"Nat Cool Drink Me D\u00e3o Tinto - Porto Wine House","og_description":"A cor \u00e9 aberta e pouco concentrada. O nariz reflete o perfil da regi\u00e3o e as castas que lhe d\u00e3o origem, como cereja e frutos vermelhos, nuances florais de ervas frescas. Na boca \u00e9 leve, fresco, descomplicado e termina com uma boa acidez e notas de especiarias.","og_url":"https:\/\/portowinehouse.com\/en\/product\/nat-cool-drink-me-dao-tinto\/","og_site_name":"Porto Wine House","article_publisher":"https:\/\/pt-pt.facebook.com\/Porto-Wine-House-350305098331175\/","article_modified_time":"2025-06-13T18:06:37+00:00","og_image":[{"width":555,"height":1250,"url":"https:\/\/portowinehouse.com\/wp-content\/uploads\/2025\/06\/1552_product_out_555x1250_1702914438.png","type":"image\/png"}],"twitter_card":"summary_large_image","schema":{"@context":"https:\/\/schema.org","@graph":[{"@type":"WebPage","@id":"https:\/\/portowinehouse.com\/en\/product\/nat-cool-drink-me-dao-tinto\/","url":"https:\/\/portowinehouse.com\/en\/product\/nat-cool-drink-me-dao-tinto\/","name":"Nat Cool Drink Me D\u00e3o Tinto - Porto Wine House","isPartOf":{"@id":"https:\/\/portowinehouse.com\/#website"},"datePublished":"2025-06-13T17:56:29+00:00","dateModified":"2025-06-13T18:06:37+00:00","breadcrumb":{"@id":"https:\/\/portowinehouse.com\/en\/product\/nat-cool-drink-me-dao-tinto\/#breadcrumb"},"inLanguage":"en-US","potentialAction":[{"@type":"ReadAction","target":["https:\/\/portowinehouse.com\/en\/product\/nat-cool-drink-me-dao-tinto\/"]}]},{"@type":"BreadcrumbList","@id":"https:\/\/portowinehouse.com\/en\/product\/nat-cool-drink-me-dao-tinto\/#breadcrumb","itemListElement":[{"@type":"ListItem","position":1,"name":"In\u00edcio","item":"https:\/\/portowinehouse.com\/en\/"},{"@type":"ListItem","position":2,"name":"Shop","item":"https:\/\/portowinehouse.com\/en\/shop\/"},{"@type":"ListItem","position":3,"name":"Nat Cool Drink Me D\u00e3o Tinto"}]},{"@type":"WebSite","@id":"https:\/\/portowinehouse.com\/#website","url":"https:\/\/portowinehouse.com\/","name":"Porto Wine House","description":"","publisher":{"@id":"https:\/\/portowinehouse.com\/#organization"},"potentialAction":[{"@type":"SearchAction","target":{"@type":"EntryPoint","urlTemplate":"https:\/\/portowinehouse.com\/?s={search_term_string}"},"query-input":"required name=search_term_string"}],"inLanguage":"en-US"},{"@type":"Organization","@id":"https:\/\/portowinehouse.com\/#organization","name":"Porto Wine House","url":"https:\/\/portowinehouse.com\/","logo":{"@type":"ImageObject","inLanguage":"en-US","@id":"https:\/\/portowinehouse.com\/#\/schema\/logo\/image\/","url":"https:\/\/portowinehouse.com\/wp-content\/uploads\/2020\/06\/logo-wine.jpg","contentUrl":"https:\/\/portowinehouse.com\/wp-content\/uploads\/2020\/06\/logo-wine.jpg","width":99,"height":117,"caption":"Porto Wine House"},"image":{"@id":"https:\/\/portowinehouse.com\/#\/schema\/logo\/image\/"},"sameAs":["https:\/\/pt-pt.facebook.com\/Porto-Wine-House-350305098331175\/"]}]}},"_links":{"self":[{"href":"https:\/\/portowinehouse.com\/en\/wp-json\/wp\/v2\/product\/4186"}],"collection":[{"href":"https:\/\/portowinehouse.com\/en\/wp-json\/wp\/v2\/product"}],"about":[{"href":"https:\/\/portowinehouse.com\/en\/wp-json\/wp\/v2\/types\/product"}],"replies":[{"embeddable":true,"href":"https:\/\/portowinehouse.com\/en\/wp-json\/wp\/v2\/comments?post=4186"}],"wp:featuredmedia":[{"embeddable":true,"href":"https:\/\/portowinehouse.com\/en\/wp-json\/wp\/v2\/media\/4185"}],"wp:attachment":[{"href":"https:\/\/portowinehouse.com\/en\/wp-json\/wp\/v2\/media?parent=4186"}],"wp:term":[{"taxonomy":"product_cat","embeddable":true,"href":"https:\/\/portowinehouse.com\/en\/wp-json\/wp\/v2\/product_cat?post=4186"},{"taxonomy":"product_tag","embeddable":true,"href":"https:\/\/portowinehouse.com\/en\/wp-json\/wp\/v2\/product_tag?post=4186"}],"curies":[{"name":"wp","href":"https:\/\/api.w.org\/{rel}","templated":true}]}}