{"id":4182,"date":"2025-06-13T13:48:25","date_gmt":"2025-06-13T13:48:25","guid":{"rendered":"https:\/\/portowinehouse.com\/produto\/niepoort-valle-louro-branco-2013\/"},"modified":"2025-06-13T15:04:14","modified_gmt":"2025-06-13T15:04:14","slug":"niepoort-valle-louro-branco-2013","status":"publish","type":"product","link":"https:\/\/portowinehouse.com\/en\/product\/niepoort-valle-louro-branco-2013\/","title":{"rendered":"Niepoort Valle Louro White 2013"},"content":{"rendered":"<p>The Valle-Louro white 2013 is all about vibrancy, elegance and structure. This single vineyard translates the superb profile of Bairrada and positions its whites as serious world-class wines. The superb chalky notes are revealed in combination with a slight smoky character, citrus &#8211; apricot notes and hints of honeysuckle. The\u00a0 palate is outstanding. Elegant yet structured, salty and spicy. The refreshing and saline finish draws the focus to its limestone provenance. The citrus acidity adds freshness to a lingering and complex finish. A very serious and distinct white that will evolve very well in bottle and which should be enjoyed in Burgundy type glasses.<\/p>\n","protected":false},"excerpt":{"rendered":"<p>O Valle-Louro branco 2013 caracteriza-se pela sua vitalidade, eleg\u00e2ncia e estrutura. Este vinho de uma s\u00f3 vinha reflete o perfil soberbo da Bairrada e coloca os seus brancos na classe mundial de vinhos s\u00e9rios. As soberbas notas de giz s\u00e3o reveladas em conjunto com um car\u00e1ter ligeiramente fumado, notas de citrinos e alperce, bem como toques de madressilva. Na boca, \u00e9 impressionante. Elegante, mas estruturado, salgado e apimentado. O final refrescante e salino remete para a sua origem calc\u00e1ria. A acidez c\u00edtrica confere frescura a um final persistente e complexo. Um vinho branco muito s\u00e9rio e distinto, que evoluir\u00e1 muito bem em garrafa, a ser apreciado em copos estilo Borgonha.<\/p>\n","protected":false},"featured_media":4181,"comment_status":"open","ping_status":"closed","template":"","meta":{"_joinchat":[]},"product_cat":[175,177],"product_tag":[],"yoast_head":"<!-- This site is optimized with the Yoast SEO plugin v19.11 - https:\/\/yoast.com\/wordpress\/plugins\/seo\/ -->\n<title>Niepoort Valle Louro White 2013 - Porto Wine House<\/title>\n<meta name=\"robots\" content=\"index, follow, max-snippet:-1, max-image-preview:large, max-video-preview:-1\" \/>\n<link rel=\"canonical\" href=\"https:\/\/portowinehouse.com\/en\/product\/niepoort-valle-louro-branco-2013\/\" \/>\n<meta property=\"og:locale\" content=\"en_US\" \/>\n<meta property=\"og:type\" content=\"article\" \/>\n<meta property=\"og:title\" content=\"Niepoort Valle Louro White 2013 - Porto Wine House\" \/>\n<meta property=\"og:description\" content=\"O Valle-Louro branco 2013 caracteriza-se pela sua vitalidade, eleg\u00e2ncia e estrutura. Este vinho de uma s\u00f3 vinha reflete o perfil soberbo da Bairrada e coloca os seus brancos na classe mundial de vinhos s\u00e9rios. As soberbas notas de giz s\u00e3o reveladas em conjunto com um car\u00e1ter ligeiramente fumado, notas de citrinos e alperce, bem como toques de madressilva. Na boca, \u00e9 impressionante. Elegante, mas estruturado, salgado e apimentado. O final refrescante e salino remete para a sua origem calc\u00e1ria. A acidez c\u00edtrica confere frescura a um final persistente e complexo. Um vinho branco muito s\u00e9rio e distinto, que evoluir\u00e1 muito bem em garrafa, a ser apreciado em copos estilo Borgonha.\" \/>\n<meta property=\"og:url\" content=\"https:\/\/portowinehouse.com\/en\/product\/niepoort-valle-louro-branco-2013\/\" \/>\n<meta property=\"og:site_name\" content=\"Porto Wine House\" \/>\n<meta property=\"article:publisher\" content=\"https:\/\/pt-pt.facebook.com\/Porto-Wine-House-350305098331175\/\" \/>\n<meta property=\"article:modified_time\" content=\"2025-06-13T15:04:14+00:00\" \/>\n<meta property=\"og:image\" content=\"https:\/\/portowinehouse.com\/wp-content\/uploads\/2025\/06\/13G211A01300F-2-1.webp\" \/>\n\t<meta property=\"og:image:width\" content=\"556\" \/>\n\t<meta property=\"og:image:height\" content=\"1250\" \/>\n\t<meta property=\"og:image:type\" content=\"image\/webp\" \/>\n<meta name=\"twitter:card\" content=\"summary_large_image\" \/>\n<script type=\"application\/ld+json\" class=\"yoast-schema-graph\">{\"@context\":\"https:\/\/schema.org\",\"@graph\":[{\"@type\":\"WebPage\",\"@id\":\"https:\/\/portowinehouse.com\/en\/product\/niepoort-valle-louro-branco-2013\/\",\"url\":\"https:\/\/portowinehouse.com\/en\/product\/niepoort-valle-louro-branco-2013\/\",\"name\":\"Niepoort Valle Louro White 2013 - Porto Wine House\",\"isPartOf\":{\"@id\":\"https:\/\/portowinehouse.com\/#website\"},\"datePublished\":\"2025-06-13T13:48:25+00:00\",\"dateModified\":\"2025-06-13T15:04:14+00:00\",\"breadcrumb\":{\"@id\":\"https:\/\/portowinehouse.com\/en\/product\/niepoort-valle-louro-branco-2013\/#breadcrumb\"},\"inLanguage\":\"en-US\",\"potentialAction\":[{\"@type\":\"ReadAction\",\"target\":[\"https:\/\/portowinehouse.com\/en\/product\/niepoort-valle-louro-branco-2013\/\"]}]},{\"@type\":\"BreadcrumbList\",\"@id\":\"https:\/\/portowinehouse.com\/en\/product\/niepoort-valle-louro-branco-2013\/#breadcrumb\",\"itemListElement\":[{\"@type\":\"ListItem\",\"position\":1,\"name\":\"In\u00edcio\",\"item\":\"https:\/\/portowinehouse.com\/en\/\"},{\"@type\":\"ListItem\",\"position\":2,\"name\":\"Shop\",\"item\":\"https:\/\/portowinehouse.com\/en\/shop\/\"},{\"@type\":\"ListItem\",\"position\":3,\"name\":\"Niepoort Valle Louro White 2013\"}]},{\"@type\":\"WebSite\",\"@id\":\"https:\/\/portowinehouse.com\/#website\",\"url\":\"https:\/\/portowinehouse.com\/\",\"name\":\"Porto Wine House\",\"description\":\"\",\"publisher\":{\"@id\":\"https:\/\/portowinehouse.com\/#organization\"},\"potentialAction\":[{\"@type\":\"SearchAction\",\"target\":{\"@type\":\"EntryPoint\",\"urlTemplate\":\"https:\/\/portowinehouse.com\/?s={search_term_string}\"},\"query-input\":\"required name=search_term_string\"}],\"inLanguage\":\"en-US\"},{\"@type\":\"Organization\",\"@id\":\"https:\/\/portowinehouse.com\/#organization\",\"name\":\"Porto Wine House\",\"url\":\"https:\/\/portowinehouse.com\/\",\"logo\":{\"@type\":\"ImageObject\",\"inLanguage\":\"en-US\",\"@id\":\"https:\/\/portowinehouse.com\/#\/schema\/logo\/image\/\",\"url\":\"https:\/\/portowinehouse.com\/wp-content\/uploads\/2020\/06\/logo-wine.jpg\",\"contentUrl\":\"https:\/\/portowinehouse.com\/wp-content\/uploads\/2020\/06\/logo-wine.jpg\",\"width\":99,\"height\":117,\"caption\":\"Porto Wine House\"},\"image\":{\"@id\":\"https:\/\/portowinehouse.com\/#\/schema\/logo\/image\/\"},\"sameAs\":[\"https:\/\/pt-pt.facebook.com\/Porto-Wine-House-350305098331175\/\"]}]}<\/script>\n<!-- \/ Yoast SEO plugin. -->","yoast_head_json":{"title":"Niepoort Valle Louro White 2013 - Porto Wine House","robots":{"index":"index","follow":"follow","max-snippet":"max-snippet:-1","max-image-preview":"max-image-preview:large","max-video-preview":"max-video-preview:-1"},"canonical":"https:\/\/portowinehouse.com\/en\/product\/niepoort-valle-louro-branco-2013\/","og_locale":"en_US","og_type":"article","og_title":"Niepoort Valle Louro White 2013 - Porto Wine House","og_description":"O Valle-Louro branco 2013 caracteriza-se pela sua vitalidade, eleg\u00e2ncia e estrutura. Este vinho de uma s\u00f3 vinha reflete o perfil soberbo da Bairrada e coloca os seus brancos na classe mundial de vinhos s\u00e9rios. As soberbas notas de giz s\u00e3o reveladas em conjunto com um car\u00e1ter ligeiramente fumado, notas de citrinos e alperce, bem como toques de madressilva. Na boca, \u00e9 impressionante. Elegante, mas estruturado, salgado e apimentado. O final refrescante e salino remete para a sua origem calc\u00e1ria. A acidez c\u00edtrica confere frescura a um final persistente e complexo. Um vinho branco muito s\u00e9rio e distinto, que evoluir\u00e1 muito bem em garrafa, a ser apreciado em copos estilo Borgonha.","og_url":"https:\/\/portowinehouse.com\/en\/product\/niepoort-valle-louro-branco-2013\/","og_site_name":"Porto Wine House","article_publisher":"https:\/\/pt-pt.facebook.com\/Porto-Wine-House-350305098331175\/","article_modified_time":"2025-06-13T15:04:14+00:00","og_image":[{"width":556,"height":1250,"url":"https:\/\/portowinehouse.com\/wp-content\/uploads\/2025\/06\/13G211A01300F-2-1.webp","type":"image\/webp"}],"twitter_card":"summary_large_image","schema":{"@context":"https:\/\/schema.org","@graph":[{"@type":"WebPage","@id":"https:\/\/portowinehouse.com\/en\/product\/niepoort-valle-louro-branco-2013\/","url":"https:\/\/portowinehouse.com\/en\/product\/niepoort-valle-louro-branco-2013\/","name":"Niepoort Valle Louro White 2013 - Porto Wine House","isPartOf":{"@id":"https:\/\/portowinehouse.com\/#website"},"datePublished":"2025-06-13T13:48:25+00:00","dateModified":"2025-06-13T15:04:14+00:00","breadcrumb":{"@id":"https:\/\/portowinehouse.com\/en\/product\/niepoort-valle-louro-branco-2013\/#breadcrumb"},"inLanguage":"en-US","potentialAction":[{"@type":"ReadAction","target":["https:\/\/portowinehouse.com\/en\/product\/niepoort-valle-louro-branco-2013\/"]}]},{"@type":"BreadcrumbList","@id":"https:\/\/portowinehouse.com\/en\/product\/niepoort-valle-louro-branco-2013\/#breadcrumb","itemListElement":[{"@type":"ListItem","position":1,"name":"In\u00edcio","item":"https:\/\/portowinehouse.com\/en\/"},{"@type":"ListItem","position":2,"name":"Shop","item":"https:\/\/portowinehouse.com\/en\/shop\/"},{"@type":"ListItem","position":3,"name":"Niepoort Valle Louro White 2013"}]},{"@type":"WebSite","@id":"https:\/\/portowinehouse.com\/#website","url":"https:\/\/portowinehouse.com\/","name":"Porto Wine House","description":"","publisher":{"@id":"https:\/\/portowinehouse.com\/#organization"},"potentialAction":[{"@type":"SearchAction","target":{"@type":"EntryPoint","urlTemplate":"https:\/\/portowinehouse.com\/?s={search_term_string}"},"query-input":"required name=search_term_string"}],"inLanguage":"en-US"},{"@type":"Organization","@id":"https:\/\/portowinehouse.com\/#organization","name":"Porto Wine House","url":"https:\/\/portowinehouse.com\/","logo":{"@type":"ImageObject","inLanguage":"en-US","@id":"https:\/\/portowinehouse.com\/#\/schema\/logo\/image\/","url":"https:\/\/portowinehouse.com\/wp-content\/uploads\/2020\/06\/logo-wine.jpg","contentUrl":"https:\/\/portowinehouse.com\/wp-content\/uploads\/2020\/06\/logo-wine.jpg","width":99,"height":117,"caption":"Porto Wine House"},"image":{"@id":"https:\/\/portowinehouse.com\/#\/schema\/logo\/image\/"},"sameAs":["https:\/\/pt-pt.facebook.com\/Porto-Wine-House-350305098331175\/"]}]}},"_links":{"self":[{"href":"https:\/\/portowinehouse.com\/en\/wp-json\/wp\/v2\/product\/4182"}],"collection":[{"href":"https:\/\/portowinehouse.com\/en\/wp-json\/wp\/v2\/product"}],"about":[{"href":"https:\/\/portowinehouse.com\/en\/wp-json\/wp\/v2\/types\/product"}],"replies":[{"embeddable":true,"href":"https:\/\/portowinehouse.com\/en\/wp-json\/wp\/v2\/comments?post=4182"}],"wp:featuredmedia":[{"embeddable":true,"href":"https:\/\/portowinehouse.com\/en\/wp-json\/wp\/v2\/media\/4181"}],"wp:attachment":[{"href":"https:\/\/portowinehouse.com\/en\/wp-json\/wp\/v2\/media?parent=4182"}],"wp:term":[{"taxonomy":"product_cat","embeddable":true,"href":"https:\/\/portowinehouse.com\/en\/wp-json\/wp\/v2\/product_cat?post=4182"},{"taxonomy":"product_tag","embeddable":true,"href":"https:\/\/portowinehouse.com\/en\/wp-json\/wp\/v2\/product_tag?post=4182"}],"curies":[{"name":"wp","href":"https:\/\/api.w.org\/{rel}","templated":true}]}}