{"id":4161,"date":"2025-06-12T11:27:58","date_gmt":"2025-06-12T11:27:58","guid":{"rendered":"https:\/\/portowinehouse.com\/produto\/rum-black-pig\/"},"modified":"2025-06-17T20:09:48","modified_gmt":"2025-06-17T20:09:48","slug":"rum-black-pig","status":"publish","type":"product","link":"https:\/\/portowinehouse.com\/en\/product\/rum-black-pig\/","title":{"rendered":"Rum Black Pig"},"content":{"rendered":"","protected":false},"excerpt":{"rendered":"<p>O Primeiro Rum de Portugal Continental, produzido na destilaria Black Pig.<\/p>\n<p>Um Rum de especiarias \u201cSpiced Rum\u201d, sem adi\u00e7\u00e3o de A\u00e7\u00facar, usando exclusivamente frutose natural de P\u00eassego.<\/p>\n<p>Este Rum \u00e9 destilado a partir do mela\u00e7o de cana de a\u00e7\u00facar, e tem bot\u00e2nicos colhidos e selecionados por n\u00f3s, tendo uma infus\u00e3o de baunilha, folha de tabaco, gr\u00e3os de caf\u00e9 e p\u00eassego Alentejano.<\/p>\n<p>Ilha do Pessegueiro, local m\u00edstico de lendas, hist\u00f3rias de piratas e cors\u00e1rios, imortalizada atrav\u00e9s da interpreta\u00e7\u00e3o do Rui Veloso, serve de inspira\u00e7\u00e3o para este rum. Um Rum intenso, influenciado pelas especiarias obtidas nas antigas rotas de com\u00e9rcio, por parte dos navegadores portugueses, que exploraram a costa de \u00c1frica e partes remotas da \u00c1sia e tamb\u00e9m nos bot\u00e2nicos caracter\u00edsticos do Alentejo.<\/p>\n<p>Com este Rum reinventa-se uma bebida cl\u00e1ssica, atrav\u00e9s de aromas identit\u00e1rios da hist\u00f3ria mar\u00edtima portuguesa com um car\u00e1cter contempor\u00e2neo do Alentejo. Um Rum incompar\u00e1vel, para momentos inesquec\u00edveis, que devolve \u00e0 lembran\u00e7a o Alentejo.<\/p>\n","protected":false},"featured_media":4158,"comment_status":"open","ping_status":"closed","template":"","meta":{"_joinchat":[]},"product_cat":[157,595],"product_tag":[],"yoast_head":"<!-- This site is optimized with the Yoast SEO plugin v19.11 - https:\/\/yoast.com\/wordpress\/plugins\/seo\/ -->\n<title>Rum Black Pig - Porto Wine House<\/title>\n<meta name=\"robots\" content=\"index, follow, max-snippet:-1, max-image-preview:large, max-video-preview:-1\" \/>\n<link rel=\"canonical\" href=\"https:\/\/portowinehouse.com\/product\/rum-black-pig\/\" \/>\n<meta property=\"og:locale\" content=\"en_US\" \/>\n<meta property=\"og:type\" content=\"article\" \/>\n<meta property=\"og:title\" content=\"Rum Black Pig - Porto Wine House\" \/>\n<meta property=\"og:description\" content=\"O Primeiro Rum de Portugal Continental, produzido na destilaria Black Pig.  Um Rum de especiarias \u201cSpiced Rum\u201d, sem adi\u00e7\u00e3o de A\u00e7\u00facar, usando exclusivamente frutose natural de P\u00eassego.  Este Rum \u00e9 destilado a partir do mela\u00e7o de cana de a\u00e7\u00facar, e tem bot\u00e2nicos colhidos e selecionados por n\u00f3s, tendo uma infus\u00e3o de baunilha, folha de tabaco, gr\u00e3os de caf\u00e9 e p\u00eassego Alentejano.  Ilha do Pessegueiro, local m\u00edstico de lendas, hist\u00f3rias de piratas e cors\u00e1rios, imortalizada atrav\u00e9s da interpreta\u00e7\u00e3o do Rui Veloso, serve de inspira\u00e7\u00e3o para este rum. Um Rum intenso, influenciado pelas especiarias obtidas nas antigas rotas de com\u00e9rcio, por parte dos navegadores portugueses, que exploraram a costa de \u00c1frica e partes remotas da \u00c1sia e tamb\u00e9m nos bot\u00e2nicos caracter\u00edsticos do Alentejo.  Com este Rum reinventa-se uma bebida cl\u00e1ssica, atrav\u00e9s de aromas identit\u00e1rios da hist\u00f3ria mar\u00edtima portuguesa com um car\u00e1cter contempor\u00e2neo do Alentejo. Um Rum incompar\u00e1vel, para momentos inesquec\u00edveis, que devolve \u00e0 lembran\u00e7a o Alentejo.\" \/>\n<meta property=\"og:url\" content=\"https:\/\/portowinehouse.com\/product\/rum-black-pig\/\" \/>\n<meta property=\"og:site_name\" content=\"Porto Wine House\" \/>\n<meta property=\"article:publisher\" content=\"https:\/\/pt-pt.facebook.com\/Porto-Wine-House-350305098331175\/\" \/>\n<meta property=\"article:modified_time\" content=\"2025-06-17T20:09:48+00:00\" \/>\n<meta property=\"og:image\" content=\"https:\/\/portowinehouse.com\/wp-content\/uploads\/2025\/06\/RUM_BLACKPIG-300x300-1.jpg\" \/>\n\t<meta property=\"og:image:width\" content=\"300\" \/>\n\t<meta property=\"og:image:height\" content=\"300\" \/>\n\t<meta property=\"og:image:type\" content=\"image\/jpeg\" \/>\n<meta name=\"twitter:card\" content=\"summary_large_image\" \/>\n<script type=\"application\/ld+json\" class=\"yoast-schema-graph\">{\"@context\":\"https:\/\/schema.org\",\"@graph\":[{\"@type\":\"WebPage\",\"@id\":\"https:\/\/portowinehouse.com\/product\/rum-black-pig\/\",\"url\":\"https:\/\/portowinehouse.com\/product\/rum-black-pig\/\",\"name\":\"Rum Black Pig - Porto Wine House\",\"isPartOf\":{\"@id\":\"https:\/\/portowinehouse.com\/#website\"},\"datePublished\":\"2025-06-12T11:27:58+00:00\",\"dateModified\":\"2025-06-17T20:09:48+00:00\",\"breadcrumb\":{\"@id\":\"https:\/\/portowinehouse.com\/product\/rum-black-pig\/#breadcrumb\"},\"inLanguage\":\"en-US\",\"potentialAction\":[{\"@type\":\"ReadAction\",\"target\":[\"https:\/\/portowinehouse.com\/product\/rum-black-pig\/\"]}]},{\"@type\":\"BreadcrumbList\",\"@id\":\"https:\/\/portowinehouse.com\/product\/rum-black-pig\/#breadcrumb\",\"itemListElement\":[{\"@type\":\"ListItem\",\"position\":1,\"name\":\"In\u00edcio\",\"item\":\"https:\/\/portowinehouse.com\/en\/\"},{\"@type\":\"ListItem\",\"position\":2,\"name\":\"Shop\",\"item\":\"https:\/\/portowinehouse.com\/en\/shop\/\"},{\"@type\":\"ListItem\",\"position\":3,\"name\":\"Rum Black Pig\"}]},{\"@type\":\"WebSite\",\"@id\":\"https:\/\/portowinehouse.com\/#website\",\"url\":\"https:\/\/portowinehouse.com\/\",\"name\":\"Porto Wine House\",\"description\":\"\",\"publisher\":{\"@id\":\"https:\/\/portowinehouse.com\/#organization\"},\"potentialAction\":[{\"@type\":\"SearchAction\",\"target\":{\"@type\":\"EntryPoint\",\"urlTemplate\":\"https:\/\/portowinehouse.com\/?s={search_term_string}\"},\"query-input\":\"required name=search_term_string\"}],\"inLanguage\":\"en-US\"},{\"@type\":\"Organization\",\"@id\":\"https:\/\/portowinehouse.com\/#organization\",\"name\":\"Porto Wine House\",\"url\":\"https:\/\/portowinehouse.com\/\",\"logo\":{\"@type\":\"ImageObject\",\"inLanguage\":\"en-US\",\"@id\":\"https:\/\/portowinehouse.com\/#\/schema\/logo\/image\/\",\"url\":\"https:\/\/portowinehouse.com\/wp-content\/uploads\/2020\/06\/logo-wine.jpg\",\"contentUrl\":\"https:\/\/portowinehouse.com\/wp-content\/uploads\/2020\/06\/logo-wine.jpg\",\"width\":99,\"height\":117,\"caption\":\"Porto Wine House\"},\"image\":{\"@id\":\"https:\/\/portowinehouse.com\/#\/schema\/logo\/image\/\"},\"sameAs\":[\"https:\/\/pt-pt.facebook.com\/Porto-Wine-House-350305098331175\/\"]}]}<\/script>\n<!-- \/ Yoast SEO plugin. -->","yoast_head_json":{"title":"Rum Black Pig - Porto Wine House","robots":{"index":"index","follow":"follow","max-snippet":"max-snippet:-1","max-image-preview":"max-image-preview:large","max-video-preview":"max-video-preview:-1"},"canonical":"https:\/\/portowinehouse.com\/product\/rum-black-pig\/","og_locale":"en_US","og_type":"article","og_title":"Rum Black Pig - Porto Wine House","og_description":"O Primeiro Rum de Portugal Continental, produzido na destilaria Black Pig.  Um Rum de especiarias \u201cSpiced Rum\u201d, sem adi\u00e7\u00e3o de A\u00e7\u00facar, usando exclusivamente frutose natural de P\u00eassego.  Este Rum \u00e9 destilado a partir do mela\u00e7o de cana de a\u00e7\u00facar, e tem bot\u00e2nicos colhidos e selecionados por n\u00f3s, tendo uma infus\u00e3o de baunilha, folha de tabaco, gr\u00e3os de caf\u00e9 e p\u00eassego Alentejano.  Ilha do Pessegueiro, local m\u00edstico de lendas, hist\u00f3rias de piratas e cors\u00e1rios, imortalizada atrav\u00e9s da interpreta\u00e7\u00e3o do Rui Veloso, serve de inspira\u00e7\u00e3o para este rum. Um Rum intenso, influenciado pelas especiarias obtidas nas antigas rotas de com\u00e9rcio, por parte dos navegadores portugueses, que exploraram a costa de \u00c1frica e partes remotas da \u00c1sia e tamb\u00e9m nos bot\u00e2nicos caracter\u00edsticos do Alentejo.  Com este Rum reinventa-se uma bebida cl\u00e1ssica, atrav\u00e9s de aromas identit\u00e1rios da hist\u00f3ria mar\u00edtima portuguesa com um car\u00e1cter contempor\u00e2neo do Alentejo. Um Rum incompar\u00e1vel, para momentos inesquec\u00edveis, que devolve \u00e0 lembran\u00e7a o Alentejo.","og_url":"https:\/\/portowinehouse.com\/product\/rum-black-pig\/","og_site_name":"Porto Wine House","article_publisher":"https:\/\/pt-pt.facebook.com\/Porto-Wine-House-350305098331175\/","article_modified_time":"2025-06-17T20:09:48+00:00","og_image":[{"width":300,"height":300,"url":"https:\/\/portowinehouse.com\/wp-content\/uploads\/2025\/06\/RUM_BLACKPIG-300x300-1.jpg","type":"image\/jpeg"}],"twitter_card":"summary_large_image","schema":{"@context":"https:\/\/schema.org","@graph":[{"@type":"WebPage","@id":"https:\/\/portowinehouse.com\/product\/rum-black-pig\/","url":"https:\/\/portowinehouse.com\/product\/rum-black-pig\/","name":"Rum Black Pig - Porto Wine House","isPartOf":{"@id":"https:\/\/portowinehouse.com\/#website"},"datePublished":"2025-06-12T11:27:58+00:00","dateModified":"2025-06-17T20:09:48+00:00","breadcrumb":{"@id":"https:\/\/portowinehouse.com\/product\/rum-black-pig\/#breadcrumb"},"inLanguage":"en-US","potentialAction":[{"@type":"ReadAction","target":["https:\/\/portowinehouse.com\/product\/rum-black-pig\/"]}]},{"@type":"BreadcrumbList","@id":"https:\/\/portowinehouse.com\/product\/rum-black-pig\/#breadcrumb","itemListElement":[{"@type":"ListItem","position":1,"name":"In\u00edcio","item":"https:\/\/portowinehouse.com\/en\/"},{"@type":"ListItem","position":2,"name":"Shop","item":"https:\/\/portowinehouse.com\/en\/shop\/"},{"@type":"ListItem","position":3,"name":"Rum Black Pig"}]},{"@type":"WebSite","@id":"https:\/\/portowinehouse.com\/#website","url":"https:\/\/portowinehouse.com\/","name":"Porto Wine House","description":"","publisher":{"@id":"https:\/\/portowinehouse.com\/#organization"},"potentialAction":[{"@type":"SearchAction","target":{"@type":"EntryPoint","urlTemplate":"https:\/\/portowinehouse.com\/?s={search_term_string}"},"query-input":"required name=search_term_string"}],"inLanguage":"en-US"},{"@type":"Organization","@id":"https:\/\/portowinehouse.com\/#organization","name":"Porto Wine House","url":"https:\/\/portowinehouse.com\/","logo":{"@type":"ImageObject","inLanguage":"en-US","@id":"https:\/\/portowinehouse.com\/#\/schema\/logo\/image\/","url":"https:\/\/portowinehouse.com\/wp-content\/uploads\/2020\/06\/logo-wine.jpg","contentUrl":"https:\/\/portowinehouse.com\/wp-content\/uploads\/2020\/06\/logo-wine.jpg","width":99,"height":117,"caption":"Porto Wine House"},"image":{"@id":"https:\/\/portowinehouse.com\/#\/schema\/logo\/image\/"},"sameAs":["https:\/\/pt-pt.facebook.com\/Porto-Wine-House-350305098331175\/"]}]}},"_links":{"self":[{"href":"https:\/\/portowinehouse.com\/en\/wp-json\/wp\/v2\/product\/4161"}],"collection":[{"href":"https:\/\/portowinehouse.com\/en\/wp-json\/wp\/v2\/product"}],"about":[{"href":"https:\/\/portowinehouse.com\/en\/wp-json\/wp\/v2\/types\/product"}],"replies":[{"embeddable":true,"href":"https:\/\/portowinehouse.com\/en\/wp-json\/wp\/v2\/comments?post=4161"}],"wp:featuredmedia":[{"embeddable":true,"href":"https:\/\/portowinehouse.com\/en\/wp-json\/wp\/v2\/media\/4158"}],"wp:attachment":[{"href":"https:\/\/portowinehouse.com\/en\/wp-json\/wp\/v2\/media?parent=4161"}],"wp:term":[{"taxonomy":"product_cat","embeddable":true,"href":"https:\/\/portowinehouse.com\/en\/wp-json\/wp\/v2\/product_cat?post=4161"},{"taxonomy":"product_tag","embeddable":true,"href":"https:\/\/portowinehouse.com\/en\/wp-json\/wp\/v2\/product_tag?post=4161"}],"curies":[{"name":"wp","href":"https:\/\/api.w.org\/{rel}","templated":true}]}}