{"id":4146,"date":"2025-06-11T17:26:29","date_gmt":"2025-06-11T17:26:29","guid":{"rendered":"https:\/\/portowinehouse.com\/produto\/fragulho-20-anos-porto-tawny\/"},"modified":"2025-06-11T17:27:33","modified_gmt":"2025-06-11T17:27:33","slug":"fragulho-20-anos-porto-tawny","status":"publish","type":"product","link":"https:\/\/portowinehouse.com\/en\/product\/fragulho-20-anos-porto-tawny\/","title":{"rendered":"Fragulho 20 Years Tawny Port"},"content":{"rendered":"<p>Deep golden colour with hints of orange. Complex and persistent aroma with notes of dried fruit, figs and jam. Sweet and elegant on the palate, creamy and full of harmony, capable of provoking unique and unforgettable sensations.<\/p>\n","protected":false},"excerpt":{"rendered":"<p>Aroma complexo e persistente com notas de frutos secos, figos e compota. Guloso e elegante na boca, cremoso e pleno de harmonia, capaz de provocar sensa\u00e7\u00f5es \u00fanicas e inesquec\u00edveis. Para apreciar este vinho do porto em pleno recomenda-se servir a 12\u00baC.<\/p>\n","protected":false},"featured_media":4145,"comment_status":"open","ping_status":"closed","template":"","meta":{"_joinchat":[]},"product_cat":[149,173],"product_tag":[],"yoast_head":"<!-- This site is optimized with the Yoast SEO plugin v19.11 - https:\/\/yoast.com\/wordpress\/plugins\/seo\/ -->\n<title>Fragulho 20 Years Tawny Port - Porto Wine House<\/title>\n<meta name=\"robots\" content=\"index, follow, max-snippet:-1, max-image-preview:large, max-video-preview:-1\" \/>\n<link rel=\"canonical\" href=\"https:\/\/portowinehouse.com\/en\/product\/fragulho-20-anos-porto-tawny\/\" \/>\n<meta property=\"og:locale\" content=\"en_US\" \/>\n<meta property=\"og:type\" content=\"article\" \/>\n<meta property=\"og:title\" content=\"Fragulho 20 Years Tawny Port - Porto Wine House\" \/>\n<meta property=\"og:description\" content=\"Aroma complexo e persistente com notas de frutos secos, figos e compota. Guloso e elegante na boca, cremoso e pleno de harmonia, capaz de provocar sensa\u00e7\u00f5es \u00fanicas e inesquec\u00edveis. Para apreciar este vinho do porto em pleno recomenda-se servir a 12\u00baC.\" \/>\n<meta property=\"og:url\" content=\"https:\/\/portowinehouse.com\/en\/product\/fragulho-20-anos-porto-tawny\/\" \/>\n<meta property=\"og:site_name\" content=\"Porto Wine House\" \/>\n<meta property=\"article:publisher\" content=\"https:\/\/pt-pt.facebook.com\/Porto-Wine-House-350305098331175\/\" \/>\n<meta property=\"article:modified_time\" content=\"2025-06-11T17:27:33+00:00\" \/>\n<meta property=\"og:image\" content=\"https:\/\/portowinehouse.com\/wp-content\/uploads\/2025\/06\/Fragulho-20-Anos.png\" \/>\n\t<meta property=\"og:image:width\" content=\"600\" \/>\n\t<meta property=\"og:image:height\" content=\"700\" \/>\n\t<meta property=\"og:image:type\" content=\"image\/png\" \/>\n<meta name=\"twitter:card\" content=\"summary_large_image\" \/>\n<script type=\"application\/ld+json\" class=\"yoast-schema-graph\">{\"@context\":\"https:\/\/schema.org\",\"@graph\":[{\"@type\":\"WebPage\",\"@id\":\"https:\/\/portowinehouse.com\/en\/product\/fragulho-20-anos-porto-tawny\/\",\"url\":\"https:\/\/portowinehouse.com\/en\/product\/fragulho-20-anos-porto-tawny\/\",\"name\":\"Fragulho 20 Years Tawny Port - Porto Wine House\",\"isPartOf\":{\"@id\":\"https:\/\/portowinehouse.com\/#website\"},\"datePublished\":\"2025-06-11T17:26:29+00:00\",\"dateModified\":\"2025-06-11T17:27:33+00:00\",\"breadcrumb\":{\"@id\":\"https:\/\/portowinehouse.com\/en\/product\/fragulho-20-anos-porto-tawny\/#breadcrumb\"},\"inLanguage\":\"en-US\",\"potentialAction\":[{\"@type\":\"ReadAction\",\"target\":[\"https:\/\/portowinehouse.com\/en\/product\/fragulho-20-anos-porto-tawny\/\"]}]},{\"@type\":\"BreadcrumbList\",\"@id\":\"https:\/\/portowinehouse.com\/en\/product\/fragulho-20-anos-porto-tawny\/#breadcrumb\",\"itemListElement\":[{\"@type\":\"ListItem\",\"position\":1,\"name\":\"In\u00edcio\",\"item\":\"https:\/\/portowinehouse.com\/en\/\"},{\"@type\":\"ListItem\",\"position\":2,\"name\":\"Shop\",\"item\":\"https:\/\/portowinehouse.com\/en\/shop\/\"},{\"@type\":\"ListItem\",\"position\":3,\"name\":\"Fragulho 20 Years Tawny Port\"}]},{\"@type\":\"WebSite\",\"@id\":\"https:\/\/portowinehouse.com\/#website\",\"url\":\"https:\/\/portowinehouse.com\/\",\"name\":\"Porto Wine House\",\"description\":\"\",\"publisher\":{\"@id\":\"https:\/\/portowinehouse.com\/#organization\"},\"potentialAction\":[{\"@type\":\"SearchAction\",\"target\":{\"@type\":\"EntryPoint\",\"urlTemplate\":\"https:\/\/portowinehouse.com\/?s={search_term_string}\"},\"query-input\":\"required name=search_term_string\"}],\"inLanguage\":\"en-US\"},{\"@type\":\"Organization\",\"@id\":\"https:\/\/portowinehouse.com\/#organization\",\"name\":\"Porto Wine House\",\"url\":\"https:\/\/portowinehouse.com\/\",\"logo\":{\"@type\":\"ImageObject\",\"inLanguage\":\"en-US\",\"@id\":\"https:\/\/portowinehouse.com\/#\/schema\/logo\/image\/\",\"url\":\"https:\/\/portowinehouse.com\/wp-content\/uploads\/2020\/06\/logo-wine.jpg\",\"contentUrl\":\"https:\/\/portowinehouse.com\/wp-content\/uploads\/2020\/06\/logo-wine.jpg\",\"width\":99,\"height\":117,\"caption\":\"Porto Wine House\"},\"image\":{\"@id\":\"https:\/\/portowinehouse.com\/#\/schema\/logo\/image\/\"},\"sameAs\":[\"https:\/\/pt-pt.facebook.com\/Porto-Wine-House-350305098331175\/\"]}]}<\/script>\n<!-- \/ Yoast SEO plugin. -->","yoast_head_json":{"title":"Fragulho 20 Years Tawny Port - Porto Wine House","robots":{"index":"index","follow":"follow","max-snippet":"max-snippet:-1","max-image-preview":"max-image-preview:large","max-video-preview":"max-video-preview:-1"},"canonical":"https:\/\/portowinehouse.com\/en\/product\/fragulho-20-anos-porto-tawny\/","og_locale":"en_US","og_type":"article","og_title":"Fragulho 20 Years Tawny Port - Porto Wine House","og_description":"Aroma complexo e persistente com notas de frutos secos, figos e compota. Guloso e elegante na boca, cremoso e pleno de harmonia, capaz de provocar sensa\u00e7\u00f5es \u00fanicas e inesquec\u00edveis. Para apreciar este vinho do porto em pleno recomenda-se servir a 12\u00baC.","og_url":"https:\/\/portowinehouse.com\/en\/product\/fragulho-20-anos-porto-tawny\/","og_site_name":"Porto Wine House","article_publisher":"https:\/\/pt-pt.facebook.com\/Porto-Wine-House-350305098331175\/","article_modified_time":"2025-06-11T17:27:33+00:00","og_image":[{"width":600,"height":700,"url":"https:\/\/portowinehouse.com\/wp-content\/uploads\/2025\/06\/Fragulho-20-Anos.png","type":"image\/png"}],"twitter_card":"summary_large_image","schema":{"@context":"https:\/\/schema.org","@graph":[{"@type":"WebPage","@id":"https:\/\/portowinehouse.com\/en\/product\/fragulho-20-anos-porto-tawny\/","url":"https:\/\/portowinehouse.com\/en\/product\/fragulho-20-anos-porto-tawny\/","name":"Fragulho 20 Years Tawny Port - Porto Wine House","isPartOf":{"@id":"https:\/\/portowinehouse.com\/#website"},"datePublished":"2025-06-11T17:26:29+00:00","dateModified":"2025-06-11T17:27:33+00:00","breadcrumb":{"@id":"https:\/\/portowinehouse.com\/en\/product\/fragulho-20-anos-porto-tawny\/#breadcrumb"},"inLanguage":"en-US","potentialAction":[{"@type":"ReadAction","target":["https:\/\/portowinehouse.com\/en\/product\/fragulho-20-anos-porto-tawny\/"]}]},{"@type":"BreadcrumbList","@id":"https:\/\/portowinehouse.com\/en\/product\/fragulho-20-anos-porto-tawny\/#breadcrumb","itemListElement":[{"@type":"ListItem","position":1,"name":"In\u00edcio","item":"https:\/\/portowinehouse.com\/en\/"},{"@type":"ListItem","position":2,"name":"Shop","item":"https:\/\/portowinehouse.com\/en\/shop\/"},{"@type":"ListItem","position":3,"name":"Fragulho 20 Years Tawny Port"}]},{"@type":"WebSite","@id":"https:\/\/portowinehouse.com\/#website","url":"https:\/\/portowinehouse.com\/","name":"Porto Wine House","description":"","publisher":{"@id":"https:\/\/portowinehouse.com\/#organization"},"potentialAction":[{"@type":"SearchAction","target":{"@type":"EntryPoint","urlTemplate":"https:\/\/portowinehouse.com\/?s={search_term_string}"},"query-input":"required name=search_term_string"}],"inLanguage":"en-US"},{"@type":"Organization","@id":"https:\/\/portowinehouse.com\/#organization","name":"Porto Wine House","url":"https:\/\/portowinehouse.com\/","logo":{"@type":"ImageObject","inLanguage":"en-US","@id":"https:\/\/portowinehouse.com\/#\/schema\/logo\/image\/","url":"https:\/\/portowinehouse.com\/wp-content\/uploads\/2020\/06\/logo-wine.jpg","contentUrl":"https:\/\/portowinehouse.com\/wp-content\/uploads\/2020\/06\/logo-wine.jpg","width":99,"height":117,"caption":"Porto Wine House"},"image":{"@id":"https:\/\/portowinehouse.com\/#\/schema\/logo\/image\/"},"sameAs":["https:\/\/pt-pt.facebook.com\/Porto-Wine-House-350305098331175\/"]}]}},"_links":{"self":[{"href":"https:\/\/portowinehouse.com\/en\/wp-json\/wp\/v2\/product\/4146"}],"collection":[{"href":"https:\/\/portowinehouse.com\/en\/wp-json\/wp\/v2\/product"}],"about":[{"href":"https:\/\/portowinehouse.com\/en\/wp-json\/wp\/v2\/types\/product"}],"replies":[{"embeddable":true,"href":"https:\/\/portowinehouse.com\/en\/wp-json\/wp\/v2\/comments?post=4146"}],"wp:featuredmedia":[{"embeddable":true,"href":"https:\/\/portowinehouse.com\/en\/wp-json\/wp\/v2\/media\/4145"}],"wp:attachment":[{"href":"https:\/\/portowinehouse.com\/en\/wp-json\/wp\/v2\/media?parent=4146"}],"wp:term":[{"taxonomy":"product_cat","embeddable":true,"href":"https:\/\/portowinehouse.com\/en\/wp-json\/wp\/v2\/product_cat?post=4146"},{"taxonomy":"product_tag","embeddable":true,"href":"https:\/\/portowinehouse.com\/en\/wp-json\/wp\/v2\/product_tag?post=4146"}],"curies":[{"name":"wp","href":"https:\/\/api.w.org\/{rel}","templated":true}]}}