{"id":3956,"date":"2025-02-24T16:51:47","date_gmt":"2025-02-24T16:51:47","guid":{"rendered":"https:\/\/portowinehouse.com\/produto\/chryseia-tinto-2021\/"},"modified":"2025-02-24T16:55:55","modified_gmt":"2025-02-24T16:55:55","slug":"chryseia-tinto-2021","status":"publish","type":"product","link":"https:\/\/portowinehouse.com\/en\/product\/chryseia-tinto-2021\/","title":{"rendered":"Chryseia Red 2021"},"content":{"rendered":"<p>The 2021 is characterised by wonderful freshness, elegance, and a long, refined finish.<\/p>\n<p>Chryseia is our finest expression of the Douro Valley terroir. Made with great care and attention to detail at our winery at Quinta de Roriz, Chryseia represents our two families&#8217; commitment to producing the most elegant wine from two hallmark Douro grapes: Touriga Nacional and Touriga Franca.<\/p>\n<p><span class=\"wine-bottle-desc-title\">The year<\/span>A remarkably cool year resulted in slower, gradual maturations with balanced ripening. Cool nights during the harvest contributed to excellent acidity and colour in the wines.<\/p>\n<p><span class=\"wine-bottle-desc-title\">The wine<\/span>The 2021 is characterised by wonderful freshness, elegance, and a long, refined finish.<\/p>\n<p><span class=\"wine-bottle-desc-title\">Grape Varieties<\/span>67% Touriga Nacional | 33% Touriga Franca<\/p>\n","protected":false},"excerpt":{"rendered":"<p>Chryseia \u00e9 a nossa melhor express\u00e3o do terroir do vale do Douro. Criado com enorme cuidado e aten\u00e7\u00e3o ao detalhe na adega na Quinta de Roriz, o Chryseia representa o compromisso das duas fam\u00edlias em produzir o vinho mais elegante a partir de duas uvas incontorn\u00e1veis no Douro \u2014 a Touriga Nacional e a Touriga Franca.<\/p>\n<p>O 2021 \u00e9 caracterizado por uma frescura excecional, eleg\u00e2ncia e um final de boca longo e refinado.<\/p>\n","protected":false},"featured_media":3966,"comment_status":"open","ping_status":"closed","template":"","meta":{"_joinchat":[]},"product_cat":[175,179],"product_tag":[],"yoast_head":"<!-- This site is optimized with the Yoast SEO plugin v19.11 - https:\/\/yoast.com\/wordpress\/plugins\/seo\/ -->\n<title>Chryseia Red 2021 - Porto Wine House<\/title>\n<meta name=\"robots\" content=\"index, follow, max-snippet:-1, max-image-preview:large, max-video-preview:-1\" \/>\n<link rel=\"canonical\" href=\"https:\/\/portowinehouse.com\/en\/product\/chryseia-tinto-2021\/\" \/>\n<meta property=\"og:locale\" content=\"en_US\" \/>\n<meta property=\"og:type\" content=\"article\" \/>\n<meta property=\"og:title\" content=\"Chryseia Red 2021 - Porto Wine House\" \/>\n<meta property=\"og:description\" content=\"Chryseia \u00e9 a nossa melhor express\u00e3o do terroir do vale do Douro. Criado com enorme cuidado e aten\u00e7\u00e3o ao detalhe na adega na Quinta de Roriz, o Chryseia representa o compromisso das duas fam\u00edlias em produzir o vinho mais elegante a partir de duas uvas incontorn\u00e1veis no Douro \u2014 a Touriga Nacional e a Touriga Franca.  O 2021 \u00e9 caracterizado por uma frescura excecional, eleg\u00e2ncia e um final de boca longo e refinado.\" \/>\n<meta property=\"og:url\" content=\"https:\/\/portowinehouse.com\/en\/product\/chryseia-tinto-2021\/\" \/>\n<meta property=\"og:site_name\" content=\"Porto Wine House\" \/>\n<meta property=\"article:publisher\" content=\"https:\/\/pt-pt.facebook.com\/Porto-Wine-House-350305098331175\/\" \/>\n<meta property=\"article:modified_time\" content=\"2025-02-24T16:55:55+00:00\" \/>\n<meta property=\"og:image\" content=\"https:\/\/portowinehouse.com\/wp-content\/uploads\/2025\/02\/post-scriptum-tinto-sem-ano.png\" \/>\n\t<meta property=\"og:image:width\" content=\"215\" \/>\n\t<meta property=\"og:image:height\" content=\"868\" \/>\n\t<meta property=\"og:image:type\" content=\"image\/png\" \/>\n<meta name=\"twitter:card\" content=\"summary_large_image\" \/>\n<script type=\"application\/ld+json\" class=\"yoast-schema-graph\">{\"@context\":\"https:\/\/schema.org\",\"@graph\":[{\"@type\":\"WebPage\",\"@id\":\"https:\/\/portowinehouse.com\/en\/product\/chryseia-tinto-2021\/\",\"url\":\"https:\/\/portowinehouse.com\/en\/product\/chryseia-tinto-2021\/\",\"name\":\"Chryseia Red 2021 - Porto Wine House\",\"isPartOf\":{\"@id\":\"https:\/\/portowinehouse.com\/#website\"},\"datePublished\":\"2025-02-24T16:51:47+00:00\",\"dateModified\":\"2025-02-24T16:55:55+00:00\",\"breadcrumb\":{\"@id\":\"https:\/\/portowinehouse.com\/en\/product\/chryseia-tinto-2021\/#breadcrumb\"},\"inLanguage\":\"en-US\",\"potentialAction\":[{\"@type\":\"ReadAction\",\"target\":[\"https:\/\/portowinehouse.com\/en\/product\/chryseia-tinto-2021\/\"]}]},{\"@type\":\"BreadcrumbList\",\"@id\":\"https:\/\/portowinehouse.com\/en\/product\/chryseia-tinto-2021\/#breadcrumb\",\"itemListElement\":[{\"@type\":\"ListItem\",\"position\":1,\"name\":\"In\u00edcio\",\"item\":\"https:\/\/portowinehouse.com\/en\/\"},{\"@type\":\"ListItem\",\"position\":2,\"name\":\"Shop\",\"item\":\"https:\/\/portowinehouse.com\/en\/shop\/\"},{\"@type\":\"ListItem\",\"position\":3,\"name\":\"Chryseia Red 2021\"}]},{\"@type\":\"WebSite\",\"@id\":\"https:\/\/portowinehouse.com\/#website\",\"url\":\"https:\/\/portowinehouse.com\/\",\"name\":\"Porto Wine House\",\"description\":\"\",\"publisher\":{\"@id\":\"https:\/\/portowinehouse.com\/#organization\"},\"potentialAction\":[{\"@type\":\"SearchAction\",\"target\":{\"@type\":\"EntryPoint\",\"urlTemplate\":\"https:\/\/portowinehouse.com\/?s={search_term_string}\"},\"query-input\":\"required name=search_term_string\"}],\"inLanguage\":\"en-US\"},{\"@type\":\"Organization\",\"@id\":\"https:\/\/portowinehouse.com\/#organization\",\"name\":\"Porto Wine House\",\"url\":\"https:\/\/portowinehouse.com\/\",\"logo\":{\"@type\":\"ImageObject\",\"inLanguage\":\"en-US\",\"@id\":\"https:\/\/portowinehouse.com\/#\/schema\/logo\/image\/\",\"url\":\"https:\/\/portowinehouse.com\/wp-content\/uploads\/2020\/06\/logo-wine.jpg\",\"contentUrl\":\"https:\/\/portowinehouse.com\/wp-content\/uploads\/2020\/06\/logo-wine.jpg\",\"width\":99,\"height\":117,\"caption\":\"Porto Wine House\"},\"image\":{\"@id\":\"https:\/\/portowinehouse.com\/#\/schema\/logo\/image\/\"},\"sameAs\":[\"https:\/\/pt-pt.facebook.com\/Porto-Wine-House-350305098331175\/\"]}]}<\/script>\n<!-- \/ Yoast SEO plugin. -->","yoast_head_json":{"title":"Chryseia Red 2021 - Porto Wine House","robots":{"index":"index","follow":"follow","max-snippet":"max-snippet:-1","max-image-preview":"max-image-preview:large","max-video-preview":"max-video-preview:-1"},"canonical":"https:\/\/portowinehouse.com\/en\/product\/chryseia-tinto-2021\/","og_locale":"en_US","og_type":"article","og_title":"Chryseia Red 2021 - Porto Wine House","og_description":"Chryseia \u00e9 a nossa melhor express\u00e3o do terroir do vale do Douro. Criado com enorme cuidado e aten\u00e7\u00e3o ao detalhe na adega na Quinta de Roriz, o Chryseia representa o compromisso das duas fam\u00edlias em produzir o vinho mais elegante a partir de duas uvas incontorn\u00e1veis no Douro \u2014 a Touriga Nacional e a Touriga Franca.  O 2021 \u00e9 caracterizado por uma frescura excecional, eleg\u00e2ncia e um final de boca longo e refinado.","og_url":"https:\/\/portowinehouse.com\/en\/product\/chryseia-tinto-2021\/","og_site_name":"Porto Wine House","article_publisher":"https:\/\/pt-pt.facebook.com\/Porto-Wine-House-350305098331175\/","article_modified_time":"2025-02-24T16:55:55+00:00","og_image":[{"width":215,"height":868,"url":"https:\/\/portowinehouse.com\/wp-content\/uploads\/2025\/02\/post-scriptum-tinto-sem-ano.png","type":"image\/png"}],"twitter_card":"summary_large_image","schema":{"@context":"https:\/\/schema.org","@graph":[{"@type":"WebPage","@id":"https:\/\/portowinehouse.com\/en\/product\/chryseia-tinto-2021\/","url":"https:\/\/portowinehouse.com\/en\/product\/chryseia-tinto-2021\/","name":"Chryseia Red 2021 - Porto Wine House","isPartOf":{"@id":"https:\/\/portowinehouse.com\/#website"},"datePublished":"2025-02-24T16:51:47+00:00","dateModified":"2025-02-24T16:55:55+00:00","breadcrumb":{"@id":"https:\/\/portowinehouse.com\/en\/product\/chryseia-tinto-2021\/#breadcrumb"},"inLanguage":"en-US","potentialAction":[{"@type":"ReadAction","target":["https:\/\/portowinehouse.com\/en\/product\/chryseia-tinto-2021\/"]}]},{"@type":"BreadcrumbList","@id":"https:\/\/portowinehouse.com\/en\/product\/chryseia-tinto-2021\/#breadcrumb","itemListElement":[{"@type":"ListItem","position":1,"name":"In\u00edcio","item":"https:\/\/portowinehouse.com\/en\/"},{"@type":"ListItem","position":2,"name":"Shop","item":"https:\/\/portowinehouse.com\/en\/shop\/"},{"@type":"ListItem","position":3,"name":"Chryseia Red 2021"}]},{"@type":"WebSite","@id":"https:\/\/portowinehouse.com\/#website","url":"https:\/\/portowinehouse.com\/","name":"Porto Wine House","description":"","publisher":{"@id":"https:\/\/portowinehouse.com\/#organization"},"potentialAction":[{"@type":"SearchAction","target":{"@type":"EntryPoint","urlTemplate":"https:\/\/portowinehouse.com\/?s={search_term_string}"},"query-input":"required name=search_term_string"}],"inLanguage":"en-US"},{"@type":"Organization","@id":"https:\/\/portowinehouse.com\/#organization","name":"Porto Wine House","url":"https:\/\/portowinehouse.com\/","logo":{"@type":"ImageObject","inLanguage":"en-US","@id":"https:\/\/portowinehouse.com\/#\/schema\/logo\/image\/","url":"https:\/\/portowinehouse.com\/wp-content\/uploads\/2020\/06\/logo-wine.jpg","contentUrl":"https:\/\/portowinehouse.com\/wp-content\/uploads\/2020\/06\/logo-wine.jpg","width":99,"height":117,"caption":"Porto Wine House"},"image":{"@id":"https:\/\/portowinehouse.com\/#\/schema\/logo\/image\/"},"sameAs":["https:\/\/pt-pt.facebook.com\/Porto-Wine-House-350305098331175\/"]}]}},"_links":{"self":[{"href":"https:\/\/portowinehouse.com\/en\/wp-json\/wp\/v2\/product\/3956"}],"collection":[{"href":"https:\/\/portowinehouse.com\/en\/wp-json\/wp\/v2\/product"}],"about":[{"href":"https:\/\/portowinehouse.com\/en\/wp-json\/wp\/v2\/types\/product"}],"replies":[{"embeddable":true,"href":"https:\/\/portowinehouse.com\/en\/wp-json\/wp\/v2\/comments?post=3956"}],"wp:featuredmedia":[{"embeddable":true,"href":"https:\/\/portowinehouse.com\/en\/wp-json\/wp\/v2\/media\/3966"}],"wp:attachment":[{"href":"https:\/\/portowinehouse.com\/en\/wp-json\/wp\/v2\/media?parent=3956"}],"wp:term":[{"taxonomy":"product_cat","embeddable":true,"href":"https:\/\/portowinehouse.com\/en\/wp-json\/wp\/v2\/product_cat?post=3956"},{"taxonomy":"product_tag","embeddable":true,"href":"https:\/\/portowinehouse.com\/en\/wp-json\/wp\/v2\/product_tag?post=3956"}],"curies":[{"name":"wp","href":"https:\/\/api.w.org\/{rel}","templated":true}]}}