{"id":3910,"date":"2025-02-22T18:32:57","date_gmt":"2025-02-22T18:32:57","guid":{"rendered":"https:\/\/portowinehouse.com\/produto\/muros-de-melgaco-alvarinho-vinho-verde-doc\/"},"modified":"2025-02-22T18:33:55","modified_gmt":"2025-02-22T18:33:55","slug":"muros-de-melgaco-alvarinho-vinho-verde-doc","status":"publish","type":"product","link":"https:\/\/portowinehouse.com\/en\/product\/muros-de-melgaco-alvarinho-vinho-verde-doc\/","title":{"rendered":"Muros de Melga\u00e7o Alvarinho Vinho Verde Doc"},"content":{"rendered":"<p>The nose is marked by minerality and citrus notes. In the mouth it is persistent and structured, but the juiciness it presents with the acidity makes it elegant. Light vanilla offers creaminess.<\/p>\n","protected":false},"excerpt":{"rendered":"<div class=\"setor\">\n<div class=\"wine-text\">O nariz \u00e9 marcado pela mineralidade e notas c\u00edtricas. Na boca \u00e9 persistente e estruturado, por\u00e9m a sucrosidade que apresenta com a acidez torna-o elegante. Leve baunilha oferece cremosidade.<\/div>\n<\/div>\n<div class=\"setor\"><\/div>\n","protected":false},"featured_media":3909,"comment_status":"open","ping_status":"closed","template":"","meta":{"_joinchat":[]},"product_cat":[175,180],"product_tag":[],"yoast_head":"<!-- This site is optimized with the Yoast SEO plugin v19.11 - https:\/\/yoast.com\/wordpress\/plugins\/seo\/ -->\n<title>Muros de Melga\u00e7o Alvarinho Vinho Verde Doc - Porto Wine House<\/title>\n<meta name=\"robots\" content=\"index, follow, max-snippet:-1, max-image-preview:large, max-video-preview:-1\" \/>\n<link rel=\"canonical\" href=\"https:\/\/portowinehouse.com\/en\/product\/muros-de-melgaco-alvarinho-vinho-verde-doc\/\" \/>\n<meta property=\"og:locale\" content=\"en_US\" \/>\n<meta property=\"og:type\" content=\"article\" \/>\n<meta property=\"og:title\" content=\"Muros de Melga\u00e7o Alvarinho Vinho Verde Doc - Porto Wine House\" \/>\n<meta property=\"og:description\" content=\"O nariz \u00e9 marcado pela mineralidade e notas c\u00edtricas. Na boca \u00e9 persistente e estruturado, por\u00e9m a sucrosidade que apresenta com a acidez torna-o elegante. Leve baunilha oferece cremosidade.\" \/>\n<meta property=\"og:url\" content=\"https:\/\/portowinehouse.com\/en\/product\/muros-de-melgaco-alvarinho-vinho-verde-doc\/\" \/>\n<meta property=\"og:site_name\" content=\"Porto Wine House\" \/>\n<meta property=\"article:publisher\" content=\"https:\/\/pt-pt.facebook.com\/Porto-Wine-House-350305098331175\/\" \/>\n<meta property=\"article:modified_time\" content=\"2025-02-22T18:33:55+00:00\" \/>\n<meta property=\"og:image\" content=\"https:\/\/portowinehouse.com\/wp-content\/uploads\/2025\/02\/kmkjgzgd5adl.jpg\" \/>\n\t<meta property=\"og:image:width\" content=\"599\" \/>\n\t<meta property=\"og:image:height\" content=\"798\" \/>\n\t<meta property=\"og:image:type\" content=\"image\/jpeg\" \/>\n<meta name=\"twitter:card\" content=\"summary_large_image\" \/>\n<script type=\"application\/ld+json\" class=\"yoast-schema-graph\">{\"@context\":\"https:\/\/schema.org\",\"@graph\":[{\"@type\":\"WebPage\",\"@id\":\"https:\/\/portowinehouse.com\/en\/product\/muros-de-melgaco-alvarinho-vinho-verde-doc\/\",\"url\":\"https:\/\/portowinehouse.com\/en\/product\/muros-de-melgaco-alvarinho-vinho-verde-doc\/\",\"name\":\"Muros de Melga\u00e7o Alvarinho Vinho Verde Doc - Porto Wine House\",\"isPartOf\":{\"@id\":\"https:\/\/portowinehouse.com\/#website\"},\"datePublished\":\"2025-02-22T18:32:57+00:00\",\"dateModified\":\"2025-02-22T18:33:55+00:00\",\"breadcrumb\":{\"@id\":\"https:\/\/portowinehouse.com\/en\/product\/muros-de-melgaco-alvarinho-vinho-verde-doc\/#breadcrumb\"},\"inLanguage\":\"en-US\",\"potentialAction\":[{\"@type\":\"ReadAction\",\"target\":[\"https:\/\/portowinehouse.com\/en\/product\/muros-de-melgaco-alvarinho-vinho-verde-doc\/\"]}]},{\"@type\":\"BreadcrumbList\",\"@id\":\"https:\/\/portowinehouse.com\/en\/product\/muros-de-melgaco-alvarinho-vinho-verde-doc\/#breadcrumb\",\"itemListElement\":[{\"@type\":\"ListItem\",\"position\":1,\"name\":\"In\u00edcio\",\"item\":\"https:\/\/portowinehouse.com\/en\/\"},{\"@type\":\"ListItem\",\"position\":2,\"name\":\"Shop\",\"item\":\"https:\/\/portowinehouse.com\/en\/shop\/\"},{\"@type\":\"ListItem\",\"position\":3,\"name\":\"Muros de Melga\u00e7o Alvarinho Vinho Verde Doc\"}]},{\"@type\":\"WebSite\",\"@id\":\"https:\/\/portowinehouse.com\/#website\",\"url\":\"https:\/\/portowinehouse.com\/\",\"name\":\"Porto Wine House\",\"description\":\"\",\"publisher\":{\"@id\":\"https:\/\/portowinehouse.com\/#organization\"},\"potentialAction\":[{\"@type\":\"SearchAction\",\"target\":{\"@type\":\"EntryPoint\",\"urlTemplate\":\"https:\/\/portowinehouse.com\/?s={search_term_string}\"},\"query-input\":\"required name=search_term_string\"}],\"inLanguage\":\"en-US\"},{\"@type\":\"Organization\",\"@id\":\"https:\/\/portowinehouse.com\/#organization\",\"name\":\"Porto Wine House\",\"url\":\"https:\/\/portowinehouse.com\/\",\"logo\":{\"@type\":\"ImageObject\",\"inLanguage\":\"en-US\",\"@id\":\"https:\/\/portowinehouse.com\/#\/schema\/logo\/image\/\",\"url\":\"https:\/\/portowinehouse.com\/wp-content\/uploads\/2020\/06\/logo-wine.jpg\",\"contentUrl\":\"https:\/\/portowinehouse.com\/wp-content\/uploads\/2020\/06\/logo-wine.jpg\",\"width\":99,\"height\":117,\"caption\":\"Porto Wine House\"},\"image\":{\"@id\":\"https:\/\/portowinehouse.com\/#\/schema\/logo\/image\/\"},\"sameAs\":[\"https:\/\/pt-pt.facebook.com\/Porto-Wine-House-350305098331175\/\"]}]}<\/script>\n<!-- \/ Yoast SEO plugin. -->","yoast_head_json":{"title":"Muros de Melga\u00e7o Alvarinho Vinho Verde Doc - Porto Wine House","robots":{"index":"index","follow":"follow","max-snippet":"max-snippet:-1","max-image-preview":"max-image-preview:large","max-video-preview":"max-video-preview:-1"},"canonical":"https:\/\/portowinehouse.com\/en\/product\/muros-de-melgaco-alvarinho-vinho-verde-doc\/","og_locale":"en_US","og_type":"article","og_title":"Muros de Melga\u00e7o Alvarinho Vinho Verde Doc - Porto Wine House","og_description":"O nariz \u00e9 marcado pela mineralidade e notas c\u00edtricas. Na boca \u00e9 persistente e estruturado, por\u00e9m a sucrosidade que apresenta com a acidez torna-o elegante. Leve baunilha oferece cremosidade.","og_url":"https:\/\/portowinehouse.com\/en\/product\/muros-de-melgaco-alvarinho-vinho-verde-doc\/","og_site_name":"Porto Wine House","article_publisher":"https:\/\/pt-pt.facebook.com\/Porto-Wine-House-350305098331175\/","article_modified_time":"2025-02-22T18:33:55+00:00","og_image":[{"width":599,"height":798,"url":"https:\/\/portowinehouse.com\/wp-content\/uploads\/2025\/02\/kmkjgzgd5adl.jpg","type":"image\/jpeg"}],"twitter_card":"summary_large_image","schema":{"@context":"https:\/\/schema.org","@graph":[{"@type":"WebPage","@id":"https:\/\/portowinehouse.com\/en\/product\/muros-de-melgaco-alvarinho-vinho-verde-doc\/","url":"https:\/\/portowinehouse.com\/en\/product\/muros-de-melgaco-alvarinho-vinho-verde-doc\/","name":"Muros de Melga\u00e7o Alvarinho Vinho Verde Doc - Porto Wine House","isPartOf":{"@id":"https:\/\/portowinehouse.com\/#website"},"datePublished":"2025-02-22T18:32:57+00:00","dateModified":"2025-02-22T18:33:55+00:00","breadcrumb":{"@id":"https:\/\/portowinehouse.com\/en\/product\/muros-de-melgaco-alvarinho-vinho-verde-doc\/#breadcrumb"},"inLanguage":"en-US","potentialAction":[{"@type":"ReadAction","target":["https:\/\/portowinehouse.com\/en\/product\/muros-de-melgaco-alvarinho-vinho-verde-doc\/"]}]},{"@type":"BreadcrumbList","@id":"https:\/\/portowinehouse.com\/en\/product\/muros-de-melgaco-alvarinho-vinho-verde-doc\/#breadcrumb","itemListElement":[{"@type":"ListItem","position":1,"name":"In\u00edcio","item":"https:\/\/portowinehouse.com\/en\/"},{"@type":"ListItem","position":2,"name":"Shop","item":"https:\/\/portowinehouse.com\/en\/shop\/"},{"@type":"ListItem","position":3,"name":"Muros de Melga\u00e7o Alvarinho Vinho Verde Doc"}]},{"@type":"WebSite","@id":"https:\/\/portowinehouse.com\/#website","url":"https:\/\/portowinehouse.com\/","name":"Porto Wine House","description":"","publisher":{"@id":"https:\/\/portowinehouse.com\/#organization"},"potentialAction":[{"@type":"SearchAction","target":{"@type":"EntryPoint","urlTemplate":"https:\/\/portowinehouse.com\/?s={search_term_string}"},"query-input":"required name=search_term_string"}],"inLanguage":"en-US"},{"@type":"Organization","@id":"https:\/\/portowinehouse.com\/#organization","name":"Porto Wine House","url":"https:\/\/portowinehouse.com\/","logo":{"@type":"ImageObject","inLanguage":"en-US","@id":"https:\/\/portowinehouse.com\/#\/schema\/logo\/image\/","url":"https:\/\/portowinehouse.com\/wp-content\/uploads\/2020\/06\/logo-wine.jpg","contentUrl":"https:\/\/portowinehouse.com\/wp-content\/uploads\/2020\/06\/logo-wine.jpg","width":99,"height":117,"caption":"Porto Wine House"},"image":{"@id":"https:\/\/portowinehouse.com\/#\/schema\/logo\/image\/"},"sameAs":["https:\/\/pt-pt.facebook.com\/Porto-Wine-House-350305098331175\/"]}]}},"_links":{"self":[{"href":"https:\/\/portowinehouse.com\/en\/wp-json\/wp\/v2\/product\/3910"}],"collection":[{"href":"https:\/\/portowinehouse.com\/en\/wp-json\/wp\/v2\/product"}],"about":[{"href":"https:\/\/portowinehouse.com\/en\/wp-json\/wp\/v2\/types\/product"}],"replies":[{"embeddable":true,"href":"https:\/\/portowinehouse.com\/en\/wp-json\/wp\/v2\/comments?post=3910"}],"wp:featuredmedia":[{"embeddable":true,"href":"https:\/\/portowinehouse.com\/en\/wp-json\/wp\/v2\/media\/3909"}],"wp:attachment":[{"href":"https:\/\/portowinehouse.com\/en\/wp-json\/wp\/v2\/media?parent=3910"}],"wp:term":[{"taxonomy":"product_cat","embeddable":true,"href":"https:\/\/portowinehouse.com\/en\/wp-json\/wp\/v2\/product_cat?post=3910"},{"taxonomy":"product_tag","embeddable":true,"href":"https:\/\/portowinehouse.com\/en\/wp-json\/wp\/v2\/product_tag?post=3910"}],"curies":[{"name":"wp","href":"https:\/\/api.w.org\/{rel}","templated":true}]}}