{"id":3893,"date":"2025-02-22T16:03:41","date_gmt":"2025-02-22T16:03:41","guid":{"rendered":"https:\/\/portowinehouse.com\/produto\/kopke-kit-travelles-port-collection\/"},"modified":"2025-02-22T16:05:30","modified_gmt":"2025-02-22T16:05:30","slug":"kopke-kit-travelles-port-collection","status":"publish","type":"product","link":"https:\/\/portowinehouse.com\/en\/product\/kopke-kit-travelles-port-collection\/","title":{"rendered":"Kopke Kit Traveller&#8217;s Port Collection"},"content":{"rendered":"<p>The Traveller&#8217;s Collection Kit celebrates the long history of Kopke, allowing consumers to embark on a journey through the world of Port wine and, inseparably, through time, by tasting five Kopke Port wines of different ages and styles. The traveller will take a piece of this narrative, which makes everyone involved proud, to any corner of the world. This will be a journey to be shared by two.<\/p>\n<p>Note: The wine should be stored in a cool, dry place, away from light and temperature fluctuations, and the bottle should remain upright.<br \/>\nAs a natural product, Port wine is subject to creating sediment with age.<br \/>\nTo ensure its full freshness and quality, the wine should preferably be consumed within 2 to 6 months.\u00a0All the products in this kit are 10cl.<\/p>\n","protected":false},"excerpt":{"rendered":"<p>O Kit Traveller\u00b4s Collection vem celebrar a longa hist\u00f3ria da Kopke, permitindo ao consumidor\u00a0realizar uma viagem pelo mundo do vinho do Porto e, inseparavelmente, pelo tempo, atrav\u00e9s\u00a0da degusta\u00e7\u00e3o de cinco vinhos do Porto Kopke com idades e estilos diferentes. O viajante levar\u00e1\u00a0consigo um excerto desta narrativa, que tanto orgulha todos os que dela fazem parte, at\u00e9 qualquer\u00a0canto do mundo. Esta ser\u00e1 uma viagem para ser partilhada a dois.<\/p>\n<p>Nota: O vinho deve ser armazenado num local fresco e seco, ao abrigo da luz e de oscila\u00e7\u00f5es de temperatura, devendo a garrafa permanecer em posi\u00e7\u00e3o vertical.<br \/>\nEnquanto produto natural, o Vinho do Porto est\u00e1 sujeito a criar dep\u00f3sito com a idade.<br \/>\nPara garantir a plenitude da sua frescura e qualidade, o vinho dever\u00e1 ser consumido preferencialmente de 2 a 6 meses. Todos os produtos deste kit s\u00e3o de 10cl.<\/p>\n","protected":false},"featured_media":3890,"comment_status":"open","ping_status":"closed","template":"","meta":{"_joinchat":[]},"product_cat":[149,165,170],"product_tag":[],"yoast_head":"<!-- This site is optimized with the Yoast SEO plugin v19.11 - https:\/\/yoast.com\/wordpress\/plugins\/seo\/ -->\n<title>Kopke Kit Traveller&#039;s Port Collection - Porto Wine House<\/title>\n<meta name=\"robots\" content=\"index, follow, max-snippet:-1, max-image-preview:large, max-video-preview:-1\" \/>\n<link rel=\"canonical\" href=\"https:\/\/portowinehouse.com\/en\/product\/kopke-kit-travelles-port-collection\/\" \/>\n<meta property=\"og:locale\" content=\"en_US\" \/>\n<meta property=\"og:type\" content=\"article\" \/>\n<meta property=\"og:title\" content=\"Kopke Kit Traveller&#039;s Port Collection - Porto Wine House\" \/>\n<meta property=\"og:description\" content=\"O Kit Traveller\u00b4s Collection vem celebrar a longa hist\u00f3ria da Kopke, permitindo ao consumidor\u00a0realizar uma viagem pelo mundo do vinho do Porto e, inseparavelmente, pelo tempo, atrav\u00e9s\u00a0da degusta\u00e7\u00e3o de cinco vinhos do Porto Kopke com idades e estilos diferentes. O viajante levar\u00e1\u00a0consigo um excerto desta narrativa, que tanto orgulha todos os que dela fazem parte, at\u00e9 qualquer\u00a0canto do mundo. Esta ser\u00e1 uma viagem para ser partilhada a dois.  Nota: O vinho deve ser armazenado num local fresco e seco, ao abrigo da luz e de oscila\u00e7\u00f5es de temperatura, devendo a garrafa permanecer em posi\u00e7\u00e3o vertical. Enquanto produto natural, o Vinho do Porto est\u00e1 sujeito a criar dep\u00f3sito com a idade. Para garantir a plenitude da sua frescura e qualidade, o vinho dever\u00e1 ser consumido preferencialmente de 2 a 6 meses. Todos os produtos deste kit s\u00e3o de 10cl.\" \/>\n<meta property=\"og:url\" content=\"https:\/\/portowinehouse.com\/en\/product\/kopke-kit-travelles-port-collection\/\" \/>\n<meta property=\"og:site_name\" content=\"Porto Wine House\" \/>\n<meta property=\"article:publisher\" content=\"https:\/\/pt-pt.facebook.com\/Porto-Wine-House-350305098331175\/\" \/>\n<meta property=\"article:modified_time\" content=\"2025-02-22T16:05:30+00:00\" \/>\n<meta property=\"og:image\" content=\"https:\/\/portowinehouse.com\/wp-content\/uploads\/2025\/02\/Traveller_Kit_7-min_540x.webp\" \/>\n\t<meta property=\"og:image:width\" content=\"540\" \/>\n\t<meta property=\"og:image:height\" content=\"753\" \/>\n\t<meta property=\"og:image:type\" content=\"image\/webp\" \/>\n<meta name=\"twitter:card\" content=\"summary_large_image\" \/>\n<script type=\"application\/ld+json\" class=\"yoast-schema-graph\">{\"@context\":\"https:\/\/schema.org\",\"@graph\":[{\"@type\":\"WebPage\",\"@id\":\"https:\/\/portowinehouse.com\/en\/product\/kopke-kit-travelles-port-collection\/\",\"url\":\"https:\/\/portowinehouse.com\/en\/product\/kopke-kit-travelles-port-collection\/\",\"name\":\"Kopke Kit Traveller's Port Collection - Porto Wine House\",\"isPartOf\":{\"@id\":\"https:\/\/portowinehouse.com\/#website\"},\"datePublished\":\"2025-02-22T16:03:41+00:00\",\"dateModified\":\"2025-02-22T16:05:30+00:00\",\"breadcrumb\":{\"@id\":\"https:\/\/portowinehouse.com\/en\/product\/kopke-kit-travelles-port-collection\/#breadcrumb\"},\"inLanguage\":\"en-US\",\"potentialAction\":[{\"@type\":\"ReadAction\",\"target\":[\"https:\/\/portowinehouse.com\/en\/product\/kopke-kit-travelles-port-collection\/\"]}]},{\"@type\":\"BreadcrumbList\",\"@id\":\"https:\/\/portowinehouse.com\/en\/product\/kopke-kit-travelles-port-collection\/#breadcrumb\",\"itemListElement\":[{\"@type\":\"ListItem\",\"position\":1,\"name\":\"In\u00edcio\",\"item\":\"https:\/\/portowinehouse.com\/en\/\"},{\"@type\":\"ListItem\",\"position\":2,\"name\":\"Shop\",\"item\":\"https:\/\/portowinehouse.com\/en\/shop\/\"},{\"@type\":\"ListItem\",\"position\":3,\"name\":\"Kopke Kit Traveller&#8217;s Port Collection\"}]},{\"@type\":\"WebSite\",\"@id\":\"https:\/\/portowinehouse.com\/#website\",\"url\":\"https:\/\/portowinehouse.com\/\",\"name\":\"Porto Wine House\",\"description\":\"\",\"publisher\":{\"@id\":\"https:\/\/portowinehouse.com\/#organization\"},\"potentialAction\":[{\"@type\":\"SearchAction\",\"target\":{\"@type\":\"EntryPoint\",\"urlTemplate\":\"https:\/\/portowinehouse.com\/?s={search_term_string}\"},\"query-input\":\"required name=search_term_string\"}],\"inLanguage\":\"en-US\"},{\"@type\":\"Organization\",\"@id\":\"https:\/\/portowinehouse.com\/#organization\",\"name\":\"Porto Wine House\",\"url\":\"https:\/\/portowinehouse.com\/\",\"logo\":{\"@type\":\"ImageObject\",\"inLanguage\":\"en-US\",\"@id\":\"https:\/\/portowinehouse.com\/#\/schema\/logo\/image\/\",\"url\":\"https:\/\/portowinehouse.com\/wp-content\/uploads\/2020\/06\/logo-wine.jpg\",\"contentUrl\":\"https:\/\/portowinehouse.com\/wp-content\/uploads\/2020\/06\/logo-wine.jpg\",\"width\":99,\"height\":117,\"caption\":\"Porto Wine House\"},\"image\":{\"@id\":\"https:\/\/portowinehouse.com\/#\/schema\/logo\/image\/\"},\"sameAs\":[\"https:\/\/pt-pt.facebook.com\/Porto-Wine-House-350305098331175\/\"]}]}<\/script>\n<!-- \/ Yoast SEO plugin. -->","yoast_head_json":{"title":"Kopke Kit Traveller's Port Collection - Porto Wine House","robots":{"index":"index","follow":"follow","max-snippet":"max-snippet:-1","max-image-preview":"max-image-preview:large","max-video-preview":"max-video-preview:-1"},"canonical":"https:\/\/portowinehouse.com\/en\/product\/kopke-kit-travelles-port-collection\/","og_locale":"en_US","og_type":"article","og_title":"Kopke Kit Traveller's Port Collection - Porto Wine House","og_description":"O Kit Traveller\u00b4s Collection vem celebrar a longa hist\u00f3ria da Kopke, permitindo ao consumidor\u00a0realizar uma viagem pelo mundo do vinho do Porto e, inseparavelmente, pelo tempo, atrav\u00e9s\u00a0da degusta\u00e7\u00e3o de cinco vinhos do Porto Kopke com idades e estilos diferentes. O viajante levar\u00e1\u00a0consigo um excerto desta narrativa, que tanto orgulha todos os que dela fazem parte, at\u00e9 qualquer\u00a0canto do mundo. Esta ser\u00e1 uma viagem para ser partilhada a dois.  Nota: O vinho deve ser armazenado num local fresco e seco, ao abrigo da luz e de oscila\u00e7\u00f5es de temperatura, devendo a garrafa permanecer em posi\u00e7\u00e3o vertical. Enquanto produto natural, o Vinho do Porto est\u00e1 sujeito a criar dep\u00f3sito com a idade. Para garantir a plenitude da sua frescura e qualidade, o vinho dever\u00e1 ser consumido preferencialmente de 2 a 6 meses. Todos os produtos deste kit s\u00e3o de 10cl.","og_url":"https:\/\/portowinehouse.com\/en\/product\/kopke-kit-travelles-port-collection\/","og_site_name":"Porto Wine House","article_publisher":"https:\/\/pt-pt.facebook.com\/Porto-Wine-House-350305098331175\/","article_modified_time":"2025-02-22T16:05:30+00:00","og_image":[{"width":540,"height":753,"url":"https:\/\/portowinehouse.com\/wp-content\/uploads\/2025\/02\/Traveller_Kit_7-min_540x.webp","type":"image\/webp"}],"twitter_card":"summary_large_image","schema":{"@context":"https:\/\/schema.org","@graph":[{"@type":"WebPage","@id":"https:\/\/portowinehouse.com\/en\/product\/kopke-kit-travelles-port-collection\/","url":"https:\/\/portowinehouse.com\/en\/product\/kopke-kit-travelles-port-collection\/","name":"Kopke Kit Traveller's Port Collection - Porto Wine House","isPartOf":{"@id":"https:\/\/portowinehouse.com\/#website"},"datePublished":"2025-02-22T16:03:41+00:00","dateModified":"2025-02-22T16:05:30+00:00","breadcrumb":{"@id":"https:\/\/portowinehouse.com\/en\/product\/kopke-kit-travelles-port-collection\/#breadcrumb"},"inLanguage":"en-US","potentialAction":[{"@type":"ReadAction","target":["https:\/\/portowinehouse.com\/en\/product\/kopke-kit-travelles-port-collection\/"]}]},{"@type":"BreadcrumbList","@id":"https:\/\/portowinehouse.com\/en\/product\/kopke-kit-travelles-port-collection\/#breadcrumb","itemListElement":[{"@type":"ListItem","position":1,"name":"In\u00edcio","item":"https:\/\/portowinehouse.com\/en\/"},{"@type":"ListItem","position":2,"name":"Shop","item":"https:\/\/portowinehouse.com\/en\/shop\/"},{"@type":"ListItem","position":3,"name":"Kopke Kit Traveller&#8217;s Port Collection"}]},{"@type":"WebSite","@id":"https:\/\/portowinehouse.com\/#website","url":"https:\/\/portowinehouse.com\/","name":"Porto Wine House","description":"","publisher":{"@id":"https:\/\/portowinehouse.com\/#organization"},"potentialAction":[{"@type":"SearchAction","target":{"@type":"EntryPoint","urlTemplate":"https:\/\/portowinehouse.com\/?s={search_term_string}"},"query-input":"required name=search_term_string"}],"inLanguage":"en-US"},{"@type":"Organization","@id":"https:\/\/portowinehouse.com\/#organization","name":"Porto Wine House","url":"https:\/\/portowinehouse.com\/","logo":{"@type":"ImageObject","inLanguage":"en-US","@id":"https:\/\/portowinehouse.com\/#\/schema\/logo\/image\/","url":"https:\/\/portowinehouse.com\/wp-content\/uploads\/2020\/06\/logo-wine.jpg","contentUrl":"https:\/\/portowinehouse.com\/wp-content\/uploads\/2020\/06\/logo-wine.jpg","width":99,"height":117,"caption":"Porto Wine House"},"image":{"@id":"https:\/\/portowinehouse.com\/#\/schema\/logo\/image\/"},"sameAs":["https:\/\/pt-pt.facebook.com\/Porto-Wine-House-350305098331175\/"]}]}},"_links":{"self":[{"href":"https:\/\/portowinehouse.com\/en\/wp-json\/wp\/v2\/product\/3893"}],"collection":[{"href":"https:\/\/portowinehouse.com\/en\/wp-json\/wp\/v2\/product"}],"about":[{"href":"https:\/\/portowinehouse.com\/en\/wp-json\/wp\/v2\/types\/product"}],"replies":[{"embeddable":true,"href":"https:\/\/portowinehouse.com\/en\/wp-json\/wp\/v2\/comments?post=3893"}],"wp:featuredmedia":[{"embeddable":true,"href":"https:\/\/portowinehouse.com\/en\/wp-json\/wp\/v2\/media\/3890"}],"wp:attachment":[{"href":"https:\/\/portowinehouse.com\/en\/wp-json\/wp\/v2\/media?parent=3893"}],"wp:term":[{"taxonomy":"product_cat","embeddable":true,"href":"https:\/\/portowinehouse.com\/en\/wp-json\/wp\/v2\/product_cat?post=3893"},{"taxonomy":"product_tag","embeddable":true,"href":"https:\/\/portowinehouse.com\/en\/wp-json\/wp\/v2\/product_tag?post=3893"}],"curies":[{"name":"wp","href":"https:\/\/api.w.org\/{rel}","templated":true}]}}