{"id":3862,"date":"2025-02-22T12:49:22","date_gmt":"2025-02-22T12:49:22","guid":{"rendered":"https:\/\/portowinehouse.com\/produto\/branco-da-talha-by-antonio-macanita-2020\/"},"modified":"2025-02-22T12:50:10","modified_gmt":"2025-02-22T12:50:10","slug":"branco-da-talha-by-antonio-macanita-2020","status":"publish","type":"product","link":"https:\/\/portowinehouse.com\/en\/product\/branco-da-talha-by-antonio-macanita-2020\/","title":{"rendered":"Branco da Talha by Ant\u00f3nio Ma\u00e7anita 2020"},"content":{"rendered":"","protected":false},"excerpt":{"rendered":"<p>Um branco diferente, marcado pela talha,<br \/>\nassente primeiro na fruta e frescura das<br \/>\ncastas, com uma segunda dimens\u00e3o dominada pelas notas terrosas, quase qu\u00edmicas<br \/>\nda talha. Na boca alguma textura, sempre<br \/>\nsuportado em tens\u00e3o e acidez.<\/p>\n<p>Castas: Roupeiro (70%) e Ant\u00e3o Vaz (30%).<\/p>\n","protected":false},"featured_media":3869,"comment_status":"open","ping_status":"closed","template":"","meta":{"_joinchat":[]},"product_cat":[175,177],"product_tag":[],"yoast_head":"<!-- This site is optimized with the Yoast SEO plugin v19.11 - https:\/\/yoast.com\/wordpress\/plugins\/seo\/ -->\n<title>Branco da Talha by Ant\u00f3nio Ma\u00e7anita 2020 - Porto Wine House<\/title>\n<meta name=\"robots\" content=\"index, follow, max-snippet:-1, max-image-preview:large, max-video-preview:-1\" \/>\n<link rel=\"canonical\" href=\"https:\/\/portowinehouse.com\/en\/product\/branco-da-talha-by-antonio-macanita-2020\/\" \/>\n<meta property=\"og:locale\" content=\"en_US\" \/>\n<meta property=\"og:type\" content=\"article\" \/>\n<meta property=\"og:title\" content=\"Branco da Talha by Ant\u00f3nio Ma\u00e7anita 2020 - Porto Wine House\" \/>\n<meta property=\"og:description\" content=\"Um branco diferente, marcado pela talha, assente primeiro na fruta e frescura das castas, com uma segunda dimens\u00e3o dominada pelas notas terrosas, quase qu\u00edmicas da talha. Na boca alguma textura, sempre suportado em tens\u00e3o e acidez.  Castas: Roupeiro (70%) e Ant\u00e3o Vaz (30%).\" \/>\n<meta property=\"og:url\" content=\"https:\/\/portowinehouse.com\/en\/product\/branco-da-talha-by-antonio-macanita-2020\/\" \/>\n<meta property=\"og:site_name\" content=\"Porto Wine House\" \/>\n<meta property=\"article:publisher\" content=\"https:\/\/pt-pt.facebook.com\/Porto-Wine-House-350305098331175\/\" \/>\n<meta property=\"article:modified_time\" content=\"2025-02-22T12:50:10+00:00\" \/>\n<meta name=\"twitter:card\" content=\"summary_large_image\" \/>\n<script type=\"application\/ld+json\" class=\"yoast-schema-graph\">{\"@context\":\"https:\/\/schema.org\",\"@graph\":[{\"@type\":\"WebPage\",\"@id\":\"https:\/\/portowinehouse.com\/en\/product\/branco-da-talha-by-antonio-macanita-2020\/\",\"url\":\"https:\/\/portowinehouse.com\/en\/product\/branco-da-talha-by-antonio-macanita-2020\/\",\"name\":\"Branco da Talha by Ant\u00f3nio Ma\u00e7anita 2020 - Porto Wine House\",\"isPartOf\":{\"@id\":\"https:\/\/portowinehouse.com\/#website\"},\"datePublished\":\"2025-02-22T12:49:22+00:00\",\"dateModified\":\"2025-02-22T12:50:10+00:00\",\"breadcrumb\":{\"@id\":\"https:\/\/portowinehouse.com\/en\/product\/branco-da-talha-by-antonio-macanita-2020\/#breadcrumb\"},\"inLanguage\":\"en-US\",\"potentialAction\":[{\"@type\":\"ReadAction\",\"target\":[\"https:\/\/portowinehouse.com\/en\/product\/branco-da-talha-by-antonio-macanita-2020\/\"]}]},{\"@type\":\"BreadcrumbList\",\"@id\":\"https:\/\/portowinehouse.com\/en\/product\/branco-da-talha-by-antonio-macanita-2020\/#breadcrumb\",\"itemListElement\":[{\"@type\":\"ListItem\",\"position\":1,\"name\":\"In\u00edcio\",\"item\":\"https:\/\/portowinehouse.com\/en\/\"},{\"@type\":\"ListItem\",\"position\":2,\"name\":\"Shop\",\"item\":\"https:\/\/portowinehouse.com\/en\/shop\/\"},{\"@type\":\"ListItem\",\"position\":3,\"name\":\"Branco da Talha by Ant\u00f3nio Ma\u00e7anita 2020\"}]},{\"@type\":\"WebSite\",\"@id\":\"https:\/\/portowinehouse.com\/#website\",\"url\":\"https:\/\/portowinehouse.com\/\",\"name\":\"Porto Wine House\",\"description\":\"\",\"publisher\":{\"@id\":\"https:\/\/portowinehouse.com\/#organization\"},\"potentialAction\":[{\"@type\":\"SearchAction\",\"target\":{\"@type\":\"EntryPoint\",\"urlTemplate\":\"https:\/\/portowinehouse.com\/?s={search_term_string}\"},\"query-input\":\"required name=search_term_string\"}],\"inLanguage\":\"en-US\"},{\"@type\":\"Organization\",\"@id\":\"https:\/\/portowinehouse.com\/#organization\",\"name\":\"Porto Wine House\",\"url\":\"https:\/\/portowinehouse.com\/\",\"logo\":{\"@type\":\"ImageObject\",\"inLanguage\":\"en-US\",\"@id\":\"https:\/\/portowinehouse.com\/#\/schema\/logo\/image\/\",\"url\":\"https:\/\/portowinehouse.com\/wp-content\/uploads\/2020\/06\/logo-wine.jpg\",\"contentUrl\":\"https:\/\/portowinehouse.com\/wp-content\/uploads\/2020\/06\/logo-wine.jpg\",\"width\":99,\"height\":117,\"caption\":\"Porto Wine House\"},\"image\":{\"@id\":\"https:\/\/portowinehouse.com\/#\/schema\/logo\/image\/\"},\"sameAs\":[\"https:\/\/pt-pt.facebook.com\/Porto-Wine-House-350305098331175\/\"]}]}<\/script>\n<!-- \/ Yoast SEO plugin. -->","yoast_head_json":{"title":"Branco da Talha by Ant\u00f3nio Ma\u00e7anita 2020 - Porto Wine House","robots":{"index":"index","follow":"follow","max-snippet":"max-snippet:-1","max-image-preview":"max-image-preview:large","max-video-preview":"max-video-preview:-1"},"canonical":"https:\/\/portowinehouse.com\/en\/product\/branco-da-talha-by-antonio-macanita-2020\/","og_locale":"en_US","og_type":"article","og_title":"Branco da Talha by Ant\u00f3nio Ma\u00e7anita 2020 - Porto Wine House","og_description":"Um branco diferente, marcado pela talha, assente primeiro na fruta e frescura das castas, com uma segunda dimens\u00e3o dominada pelas notas terrosas, quase qu\u00edmicas da talha. Na boca alguma textura, sempre suportado em tens\u00e3o e acidez.  Castas: Roupeiro (70%) e Ant\u00e3o Vaz (30%).","og_url":"https:\/\/portowinehouse.com\/en\/product\/branco-da-talha-by-antonio-macanita-2020\/","og_site_name":"Porto Wine House","article_publisher":"https:\/\/pt-pt.facebook.com\/Porto-Wine-House-350305098331175\/","article_modified_time":"2025-02-22T12:50:10+00:00","twitter_card":"summary_large_image","schema":{"@context":"https:\/\/schema.org","@graph":[{"@type":"WebPage","@id":"https:\/\/portowinehouse.com\/en\/product\/branco-da-talha-by-antonio-macanita-2020\/","url":"https:\/\/portowinehouse.com\/en\/product\/branco-da-talha-by-antonio-macanita-2020\/","name":"Branco da Talha by Ant\u00f3nio Ma\u00e7anita 2020 - Porto Wine House","isPartOf":{"@id":"https:\/\/portowinehouse.com\/#website"},"datePublished":"2025-02-22T12:49:22+00:00","dateModified":"2025-02-22T12:50:10+00:00","breadcrumb":{"@id":"https:\/\/portowinehouse.com\/en\/product\/branco-da-talha-by-antonio-macanita-2020\/#breadcrumb"},"inLanguage":"en-US","potentialAction":[{"@type":"ReadAction","target":["https:\/\/portowinehouse.com\/en\/product\/branco-da-talha-by-antonio-macanita-2020\/"]}]},{"@type":"BreadcrumbList","@id":"https:\/\/portowinehouse.com\/en\/product\/branco-da-talha-by-antonio-macanita-2020\/#breadcrumb","itemListElement":[{"@type":"ListItem","position":1,"name":"In\u00edcio","item":"https:\/\/portowinehouse.com\/en\/"},{"@type":"ListItem","position":2,"name":"Shop","item":"https:\/\/portowinehouse.com\/en\/shop\/"},{"@type":"ListItem","position":3,"name":"Branco da Talha by Ant\u00f3nio Ma\u00e7anita 2020"}]},{"@type":"WebSite","@id":"https:\/\/portowinehouse.com\/#website","url":"https:\/\/portowinehouse.com\/","name":"Porto Wine House","description":"","publisher":{"@id":"https:\/\/portowinehouse.com\/#organization"},"potentialAction":[{"@type":"SearchAction","target":{"@type":"EntryPoint","urlTemplate":"https:\/\/portowinehouse.com\/?s={search_term_string}"},"query-input":"required name=search_term_string"}],"inLanguage":"en-US"},{"@type":"Organization","@id":"https:\/\/portowinehouse.com\/#organization","name":"Porto Wine House","url":"https:\/\/portowinehouse.com\/","logo":{"@type":"ImageObject","inLanguage":"en-US","@id":"https:\/\/portowinehouse.com\/#\/schema\/logo\/image\/","url":"https:\/\/portowinehouse.com\/wp-content\/uploads\/2020\/06\/logo-wine.jpg","contentUrl":"https:\/\/portowinehouse.com\/wp-content\/uploads\/2020\/06\/logo-wine.jpg","width":99,"height":117,"caption":"Porto Wine House"},"image":{"@id":"https:\/\/portowinehouse.com\/#\/schema\/logo\/image\/"},"sameAs":["https:\/\/pt-pt.facebook.com\/Porto-Wine-House-350305098331175\/"]}]}},"_links":{"self":[{"href":"https:\/\/portowinehouse.com\/en\/wp-json\/wp\/v2\/product\/3862"}],"collection":[{"href":"https:\/\/portowinehouse.com\/en\/wp-json\/wp\/v2\/product"}],"about":[{"href":"https:\/\/portowinehouse.com\/en\/wp-json\/wp\/v2\/types\/product"}],"replies":[{"embeddable":true,"href":"https:\/\/portowinehouse.com\/en\/wp-json\/wp\/v2\/comments?post=3862"}],"wp:featuredmedia":[{"embeddable":true,"href":"https:\/\/portowinehouse.com\/en\/wp-json\/wp\/v2\/media\/3869"}],"wp:attachment":[{"href":"https:\/\/portowinehouse.com\/en\/wp-json\/wp\/v2\/media?parent=3862"}],"wp:term":[{"taxonomy":"product_cat","embeddable":true,"href":"https:\/\/portowinehouse.com\/en\/wp-json\/wp\/v2\/product_cat?post=3862"},{"taxonomy":"product_tag","embeddable":true,"href":"https:\/\/portowinehouse.com\/en\/wp-json\/wp\/v2\/product_tag?post=3862"}],"curies":[{"name":"wp","href":"https:\/\/api.w.org\/{rel}","templated":true}]}}