{"id":3797,"date":"2025-02-02T21:40:17","date_gmt":"2025-02-02T21:40:17","guid":{"rendered":"https:\/\/portowinehouse.com\/produto\/vinho-isabella-a-proibida-tinto-by-antonio-macanita\/"},"modified":"2025-02-02T21:46:05","modified_gmt":"2025-02-02T21:46:05","slug":"vinho-isabella-a-proibida-tinto-by-antonio-macanita","status":"publish","type":"product","link":"https:\/\/portowinehouse.com\/en\/product\/vinho-isabella-a-proibida-tinto-by-antonio-macanita\/","title":{"rendered":"Vinho Isabella A Proibida Red by Ant\u00f3nio Ma\u00e7anita"},"content":{"rendered":"","protected":false},"excerpt":{"rendered":"<p>Cor ruby escuro com concentra\u00e7\u00e3o m\u00e9dia, nariz exuberante, notas intensas de maracuj\u00e1. Ataque fresco, aut\u00eantico e simples, como tudo o que \u00e9 bom.<\/p>\n","protected":false},"featured_media":3796,"comment_status":"open","ping_status":"closed","template":"","meta":{"_joinchat":[]},"product_cat":[175,179],"product_tag":[],"yoast_head":"<!-- This site is optimized with the Yoast SEO plugin v19.11 - https:\/\/yoast.com\/wordpress\/plugins\/seo\/ -->\n<title>Vinho Isabella A Proibida Red by Ant\u00f3nio Ma\u00e7anita - Porto Wine House<\/title>\n<meta name=\"robots\" content=\"index, follow, max-snippet:-1, max-image-preview:large, max-video-preview:-1\" \/>\n<link rel=\"canonical\" href=\"https:\/\/portowinehouse.com\/en\/product\/vinho-isabella-a-proibida-tinto-by-antonio-macanita\/\" \/>\n<meta property=\"og:locale\" content=\"en_US\" \/>\n<meta property=\"og:type\" content=\"article\" \/>\n<meta property=\"og:title\" content=\"Vinho Isabella A Proibida Red by Ant\u00f3nio Ma\u00e7anita - Porto Wine House\" \/>\n<meta property=\"og:description\" content=\"Cor ruby escuro com concentra\u00e7\u00e3o m\u00e9dia, nariz exuberante, notas intensas de maracuj\u00e1. Ataque fresco, aut\u00eantico e simples, como tudo o que \u00e9 bom.\" \/>\n<meta property=\"og:url\" content=\"https:\/\/portowinehouse.com\/en\/product\/vinho-isabella-a-proibida-tinto-by-antonio-macanita\/\" \/>\n<meta property=\"og:site_name\" content=\"Porto Wine House\" \/>\n<meta property=\"article:publisher\" content=\"https:\/\/pt-pt.facebook.com\/Porto-Wine-House-350305098331175\/\" \/>\n<meta property=\"article:modified_time\" content=\"2025-02-02T21:46:05+00:00\" \/>\n<meta property=\"og:image\" content=\"https:\/\/portowinehouse.com\/wp-content\/uploads\/2025\/02\/15.png\" \/>\n\t<meta property=\"og:image:width\" content=\"556\" \/>\n\t<meta property=\"og:image:height\" content=\"721\" \/>\n\t<meta property=\"og:image:type\" content=\"image\/png\" \/>\n<meta name=\"twitter:card\" content=\"summary_large_image\" \/>\n<script type=\"application\/ld+json\" class=\"yoast-schema-graph\">{\"@context\":\"https:\/\/schema.org\",\"@graph\":[{\"@type\":\"WebPage\",\"@id\":\"https:\/\/portowinehouse.com\/en\/product\/vinho-isabella-a-proibida-tinto-by-antonio-macanita\/\",\"url\":\"https:\/\/portowinehouse.com\/en\/product\/vinho-isabella-a-proibida-tinto-by-antonio-macanita\/\",\"name\":\"Vinho Isabella A Proibida Red by Ant\u00f3nio Ma\u00e7anita - Porto Wine House\",\"isPartOf\":{\"@id\":\"https:\/\/portowinehouse.com\/#website\"},\"datePublished\":\"2025-02-02T21:40:17+00:00\",\"dateModified\":\"2025-02-02T21:46:05+00:00\",\"breadcrumb\":{\"@id\":\"https:\/\/portowinehouse.com\/en\/product\/vinho-isabella-a-proibida-tinto-by-antonio-macanita\/#breadcrumb\"},\"inLanguage\":\"en-US\",\"potentialAction\":[{\"@type\":\"ReadAction\",\"target\":[\"https:\/\/portowinehouse.com\/en\/product\/vinho-isabella-a-proibida-tinto-by-antonio-macanita\/\"]}]},{\"@type\":\"BreadcrumbList\",\"@id\":\"https:\/\/portowinehouse.com\/en\/product\/vinho-isabella-a-proibida-tinto-by-antonio-macanita\/#breadcrumb\",\"itemListElement\":[{\"@type\":\"ListItem\",\"position\":1,\"name\":\"In\u00edcio\",\"item\":\"https:\/\/portowinehouse.com\/en\/\"},{\"@type\":\"ListItem\",\"position\":2,\"name\":\"Shop\",\"item\":\"https:\/\/portowinehouse.com\/en\/shop\/\"},{\"@type\":\"ListItem\",\"position\":3,\"name\":\"Vinho Isabella A Proibida Red by Ant\u00f3nio Ma\u00e7anita\"}]},{\"@type\":\"WebSite\",\"@id\":\"https:\/\/portowinehouse.com\/#website\",\"url\":\"https:\/\/portowinehouse.com\/\",\"name\":\"Porto Wine House\",\"description\":\"\",\"publisher\":{\"@id\":\"https:\/\/portowinehouse.com\/#organization\"},\"potentialAction\":[{\"@type\":\"SearchAction\",\"target\":{\"@type\":\"EntryPoint\",\"urlTemplate\":\"https:\/\/portowinehouse.com\/?s={search_term_string}\"},\"query-input\":\"required name=search_term_string\"}],\"inLanguage\":\"en-US\"},{\"@type\":\"Organization\",\"@id\":\"https:\/\/portowinehouse.com\/#organization\",\"name\":\"Porto Wine House\",\"url\":\"https:\/\/portowinehouse.com\/\",\"logo\":{\"@type\":\"ImageObject\",\"inLanguage\":\"en-US\",\"@id\":\"https:\/\/portowinehouse.com\/#\/schema\/logo\/image\/\",\"url\":\"https:\/\/portowinehouse.com\/wp-content\/uploads\/2020\/06\/logo-wine.jpg\",\"contentUrl\":\"https:\/\/portowinehouse.com\/wp-content\/uploads\/2020\/06\/logo-wine.jpg\",\"width\":99,\"height\":117,\"caption\":\"Porto Wine House\"},\"image\":{\"@id\":\"https:\/\/portowinehouse.com\/#\/schema\/logo\/image\/\"},\"sameAs\":[\"https:\/\/pt-pt.facebook.com\/Porto-Wine-House-350305098331175\/\"]}]}<\/script>\n<!-- \/ Yoast SEO plugin. -->","yoast_head_json":{"title":"Vinho Isabella A Proibida Red by Ant\u00f3nio Ma\u00e7anita - Porto Wine House","robots":{"index":"index","follow":"follow","max-snippet":"max-snippet:-1","max-image-preview":"max-image-preview:large","max-video-preview":"max-video-preview:-1"},"canonical":"https:\/\/portowinehouse.com\/en\/product\/vinho-isabella-a-proibida-tinto-by-antonio-macanita\/","og_locale":"en_US","og_type":"article","og_title":"Vinho Isabella A Proibida Red by Ant\u00f3nio Ma\u00e7anita - Porto Wine House","og_description":"Cor ruby escuro com concentra\u00e7\u00e3o m\u00e9dia, nariz exuberante, notas intensas de maracuj\u00e1. Ataque fresco, aut\u00eantico e simples, como tudo o que \u00e9 bom.","og_url":"https:\/\/portowinehouse.com\/en\/product\/vinho-isabella-a-proibida-tinto-by-antonio-macanita\/","og_site_name":"Porto Wine House","article_publisher":"https:\/\/pt-pt.facebook.com\/Porto-Wine-House-350305098331175\/","article_modified_time":"2025-02-02T21:46:05+00:00","og_image":[{"width":556,"height":721,"url":"https:\/\/portowinehouse.com\/wp-content\/uploads\/2025\/02\/15.png","type":"image\/png"}],"twitter_card":"summary_large_image","schema":{"@context":"https:\/\/schema.org","@graph":[{"@type":"WebPage","@id":"https:\/\/portowinehouse.com\/en\/product\/vinho-isabella-a-proibida-tinto-by-antonio-macanita\/","url":"https:\/\/portowinehouse.com\/en\/product\/vinho-isabella-a-proibida-tinto-by-antonio-macanita\/","name":"Vinho Isabella A Proibida Red by Ant\u00f3nio Ma\u00e7anita - Porto Wine House","isPartOf":{"@id":"https:\/\/portowinehouse.com\/#website"},"datePublished":"2025-02-02T21:40:17+00:00","dateModified":"2025-02-02T21:46:05+00:00","breadcrumb":{"@id":"https:\/\/portowinehouse.com\/en\/product\/vinho-isabella-a-proibida-tinto-by-antonio-macanita\/#breadcrumb"},"inLanguage":"en-US","potentialAction":[{"@type":"ReadAction","target":["https:\/\/portowinehouse.com\/en\/product\/vinho-isabella-a-proibida-tinto-by-antonio-macanita\/"]}]},{"@type":"BreadcrumbList","@id":"https:\/\/portowinehouse.com\/en\/product\/vinho-isabella-a-proibida-tinto-by-antonio-macanita\/#breadcrumb","itemListElement":[{"@type":"ListItem","position":1,"name":"In\u00edcio","item":"https:\/\/portowinehouse.com\/en\/"},{"@type":"ListItem","position":2,"name":"Shop","item":"https:\/\/portowinehouse.com\/en\/shop\/"},{"@type":"ListItem","position":3,"name":"Vinho Isabella A Proibida Red by Ant\u00f3nio Ma\u00e7anita"}]},{"@type":"WebSite","@id":"https:\/\/portowinehouse.com\/#website","url":"https:\/\/portowinehouse.com\/","name":"Porto Wine House","description":"","publisher":{"@id":"https:\/\/portowinehouse.com\/#organization"},"potentialAction":[{"@type":"SearchAction","target":{"@type":"EntryPoint","urlTemplate":"https:\/\/portowinehouse.com\/?s={search_term_string}"},"query-input":"required name=search_term_string"}],"inLanguage":"en-US"},{"@type":"Organization","@id":"https:\/\/portowinehouse.com\/#organization","name":"Porto Wine House","url":"https:\/\/portowinehouse.com\/","logo":{"@type":"ImageObject","inLanguage":"en-US","@id":"https:\/\/portowinehouse.com\/#\/schema\/logo\/image\/","url":"https:\/\/portowinehouse.com\/wp-content\/uploads\/2020\/06\/logo-wine.jpg","contentUrl":"https:\/\/portowinehouse.com\/wp-content\/uploads\/2020\/06\/logo-wine.jpg","width":99,"height":117,"caption":"Porto Wine House"},"image":{"@id":"https:\/\/portowinehouse.com\/#\/schema\/logo\/image\/"},"sameAs":["https:\/\/pt-pt.facebook.com\/Porto-Wine-House-350305098331175\/"]}]}},"_links":{"self":[{"href":"https:\/\/portowinehouse.com\/en\/wp-json\/wp\/v2\/product\/3797"}],"collection":[{"href":"https:\/\/portowinehouse.com\/en\/wp-json\/wp\/v2\/product"}],"about":[{"href":"https:\/\/portowinehouse.com\/en\/wp-json\/wp\/v2\/types\/product"}],"replies":[{"embeddable":true,"href":"https:\/\/portowinehouse.com\/en\/wp-json\/wp\/v2\/comments?post=3797"}],"wp:featuredmedia":[{"embeddable":true,"href":"https:\/\/portowinehouse.com\/en\/wp-json\/wp\/v2\/media\/3796"}],"wp:attachment":[{"href":"https:\/\/portowinehouse.com\/en\/wp-json\/wp\/v2\/media?parent=3797"}],"wp:term":[{"taxonomy":"product_cat","embeddable":true,"href":"https:\/\/portowinehouse.com\/en\/wp-json\/wp\/v2\/product_cat?post=3797"},{"taxonomy":"product_tag","embeddable":true,"href":"https:\/\/portowinehouse.com\/en\/wp-json\/wp\/v2\/product_tag?post=3797"}],"curies":[{"name":"wp","href":"https:\/\/api.w.org\/{rel}","templated":true}]}}