{"id":3788,"date":"2025-02-02T21:11:23","date_gmt":"2025-02-02T21:11:23","guid":{"rendered":"https:\/\/portowinehouse.com\/produto\/memorias-30-anos-de-alves-de-sousa-tinto\/"},"modified":"2025-02-02T21:12:34","modified_gmt":"2025-02-02T21:12:34","slug":"memorias-30-anos-de-alves-de-sousa-tinto","status":"publish","type":"product","link":"https:\/\/portowinehouse.com\/en\/product\/memorias-30-anos-de-alves-de-sousa-tinto\/","title":{"rendered":"Mem\u00f3rias 30 Years de Alves de Sousa Red"},"content":{"rendered":"","protected":false},"excerpt":{"rendered":"<p>O completar de 30 anos dedicados aos vinhos do Douro (1992-2022) levou-nos a querer deixar um registo, um testemunho da nossa hist\u00f3ria. E a melhor forma que conhecemos\u2026 \u00e9 sob a forma de um vinho. Um vinho que nos transporte n\u00e3o apenas pelas vinhas da fam\u00edlia mas tamb\u00e9m pelos anos passados. Para tal combinamos as nossas melhores vinhas, mas tamb\u00e9m algumas das melhores colheitas. Este \u00e9 o vinho que conta a nossa hist\u00f3ria. Estas s\u00e3o as nossas mem\u00f3rias.<\/p>\n","protected":false},"featured_media":3787,"comment_status":"open","ping_status":"closed","template":"","meta":{"_joinchat":[]},"product_cat":[175,179],"product_tag":[],"yoast_head":"<!-- This site is optimized with the Yoast SEO plugin v19.11 - https:\/\/yoast.com\/wordpress\/plugins\/seo\/ -->\n<title>Mem\u00f3rias 30 Years de Alves de Sousa Red - Porto Wine House<\/title>\n<meta name=\"robots\" content=\"index, follow, max-snippet:-1, max-image-preview:large, max-video-preview:-1\" \/>\n<link rel=\"canonical\" href=\"https:\/\/portowinehouse.com\/en\/product\/memorias-30-anos-de-alves-de-sousa-tinto\/\" \/>\n<meta property=\"og:locale\" content=\"en_US\" \/>\n<meta property=\"og:type\" content=\"article\" \/>\n<meta property=\"og:title\" content=\"Mem\u00f3rias 30 Years de Alves de Sousa Red - Porto Wine House\" \/>\n<meta property=\"og:description\" content=\"O completar de 30 anos dedicados aos vinhos do Douro (1992-2022) levou-nos a querer deixar um registo, um testemunho da nossa hist\u00f3ria. E a melhor forma que conhecemos\u2026 \u00e9 sob a forma de um vinho. Um vinho que nos transporte n\u00e3o apenas pelas vinhas da fam\u00edlia mas tamb\u00e9m pelos anos passados. Para tal combinamos as nossas melhores vinhas, mas tamb\u00e9m algumas das melhores colheitas. Este \u00e9 o vinho que conta a nossa hist\u00f3ria. Estas s\u00e3o as nossas mem\u00f3rias.\" \/>\n<meta property=\"og:url\" content=\"https:\/\/portowinehouse.com\/en\/product\/memorias-30-anos-de-alves-de-sousa-tinto\/\" \/>\n<meta property=\"og:site_name\" content=\"Porto Wine House\" \/>\n<meta property=\"article:publisher\" content=\"https:\/\/pt-pt.facebook.com\/Porto-Wine-House-350305098331175\/\" \/>\n<meta property=\"article:modified_time\" content=\"2025-02-02T21:12:34+00:00\" \/>\n<meta property=\"og:image\" content=\"https:\/\/portowinehouse.com\/wp-content\/uploads\/2025\/02\/memorias-30-anos-alves-de-sousa-tinto.png\" \/>\n\t<meta property=\"og:image:width\" content=\"400\" \/>\n\t<meta property=\"og:image:height\" content=\"600\" \/>\n\t<meta property=\"og:image:type\" content=\"image\/png\" \/>\n<meta name=\"twitter:card\" content=\"summary_large_image\" \/>\n<script type=\"application\/ld+json\" class=\"yoast-schema-graph\">{\"@context\":\"https:\/\/schema.org\",\"@graph\":[{\"@type\":\"WebPage\",\"@id\":\"https:\/\/portowinehouse.com\/en\/product\/memorias-30-anos-de-alves-de-sousa-tinto\/\",\"url\":\"https:\/\/portowinehouse.com\/en\/product\/memorias-30-anos-de-alves-de-sousa-tinto\/\",\"name\":\"Mem\u00f3rias 30 Years de Alves de Sousa Red - Porto Wine House\",\"isPartOf\":{\"@id\":\"https:\/\/portowinehouse.com\/#website\"},\"datePublished\":\"2025-02-02T21:11:23+00:00\",\"dateModified\":\"2025-02-02T21:12:34+00:00\",\"breadcrumb\":{\"@id\":\"https:\/\/portowinehouse.com\/en\/product\/memorias-30-anos-de-alves-de-sousa-tinto\/#breadcrumb\"},\"inLanguage\":\"en-US\",\"potentialAction\":[{\"@type\":\"ReadAction\",\"target\":[\"https:\/\/portowinehouse.com\/en\/product\/memorias-30-anos-de-alves-de-sousa-tinto\/\"]}]},{\"@type\":\"BreadcrumbList\",\"@id\":\"https:\/\/portowinehouse.com\/en\/product\/memorias-30-anos-de-alves-de-sousa-tinto\/#breadcrumb\",\"itemListElement\":[{\"@type\":\"ListItem\",\"position\":1,\"name\":\"In\u00edcio\",\"item\":\"https:\/\/portowinehouse.com\/en\/\"},{\"@type\":\"ListItem\",\"position\":2,\"name\":\"Shop\",\"item\":\"https:\/\/portowinehouse.com\/en\/shop\/\"},{\"@type\":\"ListItem\",\"position\":3,\"name\":\"Mem\u00f3rias 30 Years de Alves de Sousa Red\"}]},{\"@type\":\"WebSite\",\"@id\":\"https:\/\/portowinehouse.com\/#website\",\"url\":\"https:\/\/portowinehouse.com\/\",\"name\":\"Porto Wine House\",\"description\":\"\",\"publisher\":{\"@id\":\"https:\/\/portowinehouse.com\/#organization\"},\"potentialAction\":[{\"@type\":\"SearchAction\",\"target\":{\"@type\":\"EntryPoint\",\"urlTemplate\":\"https:\/\/portowinehouse.com\/?s={search_term_string}\"},\"query-input\":\"required name=search_term_string\"}],\"inLanguage\":\"en-US\"},{\"@type\":\"Organization\",\"@id\":\"https:\/\/portowinehouse.com\/#organization\",\"name\":\"Porto Wine House\",\"url\":\"https:\/\/portowinehouse.com\/\",\"logo\":{\"@type\":\"ImageObject\",\"inLanguage\":\"en-US\",\"@id\":\"https:\/\/portowinehouse.com\/#\/schema\/logo\/image\/\",\"url\":\"https:\/\/portowinehouse.com\/wp-content\/uploads\/2020\/06\/logo-wine.jpg\",\"contentUrl\":\"https:\/\/portowinehouse.com\/wp-content\/uploads\/2020\/06\/logo-wine.jpg\",\"width\":99,\"height\":117,\"caption\":\"Porto Wine House\"},\"image\":{\"@id\":\"https:\/\/portowinehouse.com\/#\/schema\/logo\/image\/\"},\"sameAs\":[\"https:\/\/pt-pt.facebook.com\/Porto-Wine-House-350305098331175\/\"]}]}<\/script>\n<!-- \/ Yoast SEO plugin. -->","yoast_head_json":{"title":"Mem\u00f3rias 30 Years de Alves de Sousa Red - Porto Wine House","robots":{"index":"index","follow":"follow","max-snippet":"max-snippet:-1","max-image-preview":"max-image-preview:large","max-video-preview":"max-video-preview:-1"},"canonical":"https:\/\/portowinehouse.com\/en\/product\/memorias-30-anos-de-alves-de-sousa-tinto\/","og_locale":"en_US","og_type":"article","og_title":"Mem\u00f3rias 30 Years de Alves de Sousa Red - Porto Wine House","og_description":"O completar de 30 anos dedicados aos vinhos do Douro (1992-2022) levou-nos a querer deixar um registo, um testemunho da nossa hist\u00f3ria. E a melhor forma que conhecemos\u2026 \u00e9 sob a forma de um vinho. Um vinho que nos transporte n\u00e3o apenas pelas vinhas da fam\u00edlia mas tamb\u00e9m pelos anos passados. Para tal combinamos as nossas melhores vinhas, mas tamb\u00e9m algumas das melhores colheitas. Este \u00e9 o vinho que conta a nossa hist\u00f3ria. Estas s\u00e3o as nossas mem\u00f3rias.","og_url":"https:\/\/portowinehouse.com\/en\/product\/memorias-30-anos-de-alves-de-sousa-tinto\/","og_site_name":"Porto Wine House","article_publisher":"https:\/\/pt-pt.facebook.com\/Porto-Wine-House-350305098331175\/","article_modified_time":"2025-02-02T21:12:34+00:00","og_image":[{"width":400,"height":600,"url":"https:\/\/portowinehouse.com\/wp-content\/uploads\/2025\/02\/memorias-30-anos-alves-de-sousa-tinto.png","type":"image\/png"}],"twitter_card":"summary_large_image","schema":{"@context":"https:\/\/schema.org","@graph":[{"@type":"WebPage","@id":"https:\/\/portowinehouse.com\/en\/product\/memorias-30-anos-de-alves-de-sousa-tinto\/","url":"https:\/\/portowinehouse.com\/en\/product\/memorias-30-anos-de-alves-de-sousa-tinto\/","name":"Mem\u00f3rias 30 Years de Alves de Sousa Red - Porto Wine House","isPartOf":{"@id":"https:\/\/portowinehouse.com\/#website"},"datePublished":"2025-02-02T21:11:23+00:00","dateModified":"2025-02-02T21:12:34+00:00","breadcrumb":{"@id":"https:\/\/portowinehouse.com\/en\/product\/memorias-30-anos-de-alves-de-sousa-tinto\/#breadcrumb"},"inLanguage":"en-US","potentialAction":[{"@type":"ReadAction","target":["https:\/\/portowinehouse.com\/en\/product\/memorias-30-anos-de-alves-de-sousa-tinto\/"]}]},{"@type":"BreadcrumbList","@id":"https:\/\/portowinehouse.com\/en\/product\/memorias-30-anos-de-alves-de-sousa-tinto\/#breadcrumb","itemListElement":[{"@type":"ListItem","position":1,"name":"In\u00edcio","item":"https:\/\/portowinehouse.com\/en\/"},{"@type":"ListItem","position":2,"name":"Shop","item":"https:\/\/portowinehouse.com\/en\/shop\/"},{"@type":"ListItem","position":3,"name":"Mem\u00f3rias 30 Years de Alves de Sousa Red"}]},{"@type":"WebSite","@id":"https:\/\/portowinehouse.com\/#website","url":"https:\/\/portowinehouse.com\/","name":"Porto Wine House","description":"","publisher":{"@id":"https:\/\/portowinehouse.com\/#organization"},"potentialAction":[{"@type":"SearchAction","target":{"@type":"EntryPoint","urlTemplate":"https:\/\/portowinehouse.com\/?s={search_term_string}"},"query-input":"required name=search_term_string"}],"inLanguage":"en-US"},{"@type":"Organization","@id":"https:\/\/portowinehouse.com\/#organization","name":"Porto Wine House","url":"https:\/\/portowinehouse.com\/","logo":{"@type":"ImageObject","inLanguage":"en-US","@id":"https:\/\/portowinehouse.com\/#\/schema\/logo\/image\/","url":"https:\/\/portowinehouse.com\/wp-content\/uploads\/2020\/06\/logo-wine.jpg","contentUrl":"https:\/\/portowinehouse.com\/wp-content\/uploads\/2020\/06\/logo-wine.jpg","width":99,"height":117,"caption":"Porto Wine House"},"image":{"@id":"https:\/\/portowinehouse.com\/#\/schema\/logo\/image\/"},"sameAs":["https:\/\/pt-pt.facebook.com\/Porto-Wine-House-350305098331175\/"]}]}},"_links":{"self":[{"href":"https:\/\/portowinehouse.com\/en\/wp-json\/wp\/v2\/product\/3788"}],"collection":[{"href":"https:\/\/portowinehouse.com\/en\/wp-json\/wp\/v2\/product"}],"about":[{"href":"https:\/\/portowinehouse.com\/en\/wp-json\/wp\/v2\/types\/product"}],"replies":[{"embeddable":true,"href":"https:\/\/portowinehouse.com\/en\/wp-json\/wp\/v2\/comments?post=3788"}],"wp:featuredmedia":[{"embeddable":true,"href":"https:\/\/portowinehouse.com\/en\/wp-json\/wp\/v2\/media\/3787"}],"wp:attachment":[{"href":"https:\/\/portowinehouse.com\/en\/wp-json\/wp\/v2\/media?parent=3788"}],"wp:term":[{"taxonomy":"product_cat","embeddable":true,"href":"https:\/\/portowinehouse.com\/en\/wp-json\/wp\/v2\/product_cat?post=3788"},{"taxonomy":"product_tag","embeddable":true,"href":"https:\/\/portowinehouse.com\/en\/wp-json\/wp\/v2\/product_tag?post=3788"}],"curies":[{"name":"wp","href":"https:\/\/api.w.org\/{rel}","templated":true}]}}