{"id":3754,"date":"2025-01-31T20:40:10","date_gmt":"2025-01-31T20:40:10","guid":{"rendered":"https:\/\/portowinehouse.com\/produto\/niepoort-porto-vintage-2022-magnum\/"},"modified":"2025-01-31T20:41:37","modified_gmt":"2025-01-31T20:41:37","slug":"niepoort-porto-vintage-2022-magnum","status":"publish","type":"product","link":"https:\/\/portowinehouse.com\/en\/product\/niepoort-porto-vintage-2022-magnum\/","title":{"rendered":"Niepoort Porto Vintage 2022 Magnum"},"content":{"rendered":"<p>This wine\u2019s appearance impresses with its wonderful deep purple rim, violet glints and beautiful, intense colour. The nose is delicate, elegant and incredibly sophisticated, with floral notes of violets mingling with aromas of graphite, liquorice and blackberries. The true style and potential of this wine show themselves in a perfect interplay between the aromatics and structure; in the harmony between body and elegance, culminating in a spicy finish which is drier than one would expect. This is probably one of the best Vintage Ports of the past 10 years \u2013 its structure, acidity, sweetness and beautifully balanced tannins promise excellent ageing potential. Undoubtedly a great Vintage Port!<\/p>\n","protected":false},"excerpt":{"rendered":"<p>O aspecto \u00e9 marcado por um maravilhoso rebordo roxo-escuro, laivos violeta e uma cor linda e intensa. No nariz \u00e9 delicado, fino e extremamente sofisticado. Com notas florais de violeta, grafite, alca\u00e7uz e amoras. O verdadeiro estilo e potencial deste vinho convertem-se na perfei\u00e7\u00e3o do bin\u00f3mio arom\u00e1tico e estrutura; no equil\u00edbrio entre volume e eleg\u00e2ncia, resultando num final de boca picante e ligeiramente mais seco do que seria de esperar. Este \u00e9 provavelmente um dos melhores vintages da \u00faltima d\u00e9cada, com uma estrutura de acidez, do\u00e7ura e taninos t\u00e3o equilibrada que adivinha um grande potencial de envelhecimento em garrafa. \u00c9 sem d\u00favida um GRANDE vintage!<\/p>\n<p>&nbsp;<\/p>\n","protected":false},"featured_media":3753,"comment_status":"open","ping_status":"closed","template":"","meta":{"_joinchat":[]},"product_cat":[149,162,164,174],"product_tag":[],"yoast_head":"<!-- This site is optimized with the Yoast SEO plugin v19.11 - https:\/\/yoast.com\/wordpress\/plugins\/seo\/ -->\n<title>Niepoort Porto Vintage 2022 Magnum - Porto Wine House<\/title>\n<meta name=\"robots\" content=\"index, follow, max-snippet:-1, max-image-preview:large, max-video-preview:-1\" \/>\n<link rel=\"canonical\" href=\"https:\/\/portowinehouse.com\/en\/product\/niepoort-porto-vintage-2022-magnum\/\" \/>\n<meta property=\"og:locale\" content=\"en_US\" \/>\n<meta property=\"og:type\" content=\"article\" \/>\n<meta property=\"og:title\" content=\"Niepoort Porto Vintage 2022 Magnum - Porto Wine House\" \/>\n<meta property=\"og:description\" content=\"O aspecto \u00e9 marcado por um maravilhoso rebordo roxo-escuro, laivos violeta e uma cor linda e intensa. No nariz \u00e9 delicado, fino e extremamente sofisticado. Com notas florais de violeta, grafite, alca\u00e7uz e amoras. O verdadeiro estilo e potencial deste vinho convertem-se na perfei\u00e7\u00e3o do bin\u00f3mio arom\u00e1tico e estrutura; no equil\u00edbrio entre volume e eleg\u00e2ncia, resultando num final de boca picante e ligeiramente mais seco do que seria de esperar. Este \u00e9 provavelmente um dos melhores vintages da \u00faltima d\u00e9cada, com uma estrutura de acidez, do\u00e7ura e taninos t\u00e3o equilibrada que adivinha um grande potencial de envelhecimento em garrafa. \u00c9 sem d\u00favida um GRANDE vintage!  &nbsp;\" \/>\n<meta property=\"og:url\" content=\"https:\/\/portowinehouse.com\/en\/product\/niepoort-porto-vintage-2022-magnum\/\" \/>\n<meta property=\"og:site_name\" content=\"Porto Wine House\" \/>\n<meta property=\"article:publisher\" content=\"https:\/\/pt-pt.facebook.com\/Porto-Wine-House-350305098331175\/\" \/>\n<meta property=\"article:modified_time\" content=\"2025-01-31T20:41:37+00:00\" \/>\n<meta property=\"og:image\" content=\"https:\/\/portowinehouse.com\/wp-content\/uploads\/2025\/01\/2022-magnum.png\" \/>\n\t<meta property=\"og:image:width\" content=\"555\" \/>\n\t<meta property=\"og:image:height\" content=\"1250\" \/>\n\t<meta property=\"og:image:type\" content=\"image\/png\" \/>\n<meta name=\"twitter:card\" content=\"summary_large_image\" \/>\n<script type=\"application\/ld+json\" class=\"yoast-schema-graph\">{\"@context\":\"https:\/\/schema.org\",\"@graph\":[{\"@type\":\"WebPage\",\"@id\":\"https:\/\/portowinehouse.com\/en\/product\/niepoort-porto-vintage-2022-magnum\/\",\"url\":\"https:\/\/portowinehouse.com\/en\/product\/niepoort-porto-vintage-2022-magnum\/\",\"name\":\"Niepoort Porto Vintage 2022 Magnum - Porto Wine House\",\"isPartOf\":{\"@id\":\"https:\/\/portowinehouse.com\/#website\"},\"datePublished\":\"2025-01-31T20:40:10+00:00\",\"dateModified\":\"2025-01-31T20:41:37+00:00\",\"breadcrumb\":{\"@id\":\"https:\/\/portowinehouse.com\/en\/product\/niepoort-porto-vintage-2022-magnum\/#breadcrumb\"},\"inLanguage\":\"en-US\",\"potentialAction\":[{\"@type\":\"ReadAction\",\"target\":[\"https:\/\/portowinehouse.com\/en\/product\/niepoort-porto-vintage-2022-magnum\/\"]}]},{\"@type\":\"BreadcrumbList\",\"@id\":\"https:\/\/portowinehouse.com\/en\/product\/niepoort-porto-vintage-2022-magnum\/#breadcrumb\",\"itemListElement\":[{\"@type\":\"ListItem\",\"position\":1,\"name\":\"In\u00edcio\",\"item\":\"https:\/\/portowinehouse.com\/en\/\"},{\"@type\":\"ListItem\",\"position\":2,\"name\":\"Shop\",\"item\":\"https:\/\/portowinehouse.com\/en\/shop\/\"},{\"@type\":\"ListItem\",\"position\":3,\"name\":\"Niepoort Porto Vintage 2022 Magnum\"}]},{\"@type\":\"WebSite\",\"@id\":\"https:\/\/portowinehouse.com\/#website\",\"url\":\"https:\/\/portowinehouse.com\/\",\"name\":\"Porto Wine House\",\"description\":\"\",\"publisher\":{\"@id\":\"https:\/\/portowinehouse.com\/#organization\"},\"potentialAction\":[{\"@type\":\"SearchAction\",\"target\":{\"@type\":\"EntryPoint\",\"urlTemplate\":\"https:\/\/portowinehouse.com\/?s={search_term_string}\"},\"query-input\":\"required name=search_term_string\"}],\"inLanguage\":\"en-US\"},{\"@type\":\"Organization\",\"@id\":\"https:\/\/portowinehouse.com\/#organization\",\"name\":\"Porto Wine House\",\"url\":\"https:\/\/portowinehouse.com\/\",\"logo\":{\"@type\":\"ImageObject\",\"inLanguage\":\"en-US\",\"@id\":\"https:\/\/portowinehouse.com\/#\/schema\/logo\/image\/\",\"url\":\"https:\/\/portowinehouse.com\/wp-content\/uploads\/2020\/06\/logo-wine.jpg\",\"contentUrl\":\"https:\/\/portowinehouse.com\/wp-content\/uploads\/2020\/06\/logo-wine.jpg\",\"width\":99,\"height\":117,\"caption\":\"Porto Wine House\"},\"image\":{\"@id\":\"https:\/\/portowinehouse.com\/#\/schema\/logo\/image\/\"},\"sameAs\":[\"https:\/\/pt-pt.facebook.com\/Porto-Wine-House-350305098331175\/\"]}]}<\/script>\n<!-- \/ Yoast SEO plugin. -->","yoast_head_json":{"title":"Niepoort Porto Vintage 2022 Magnum - Porto Wine House","robots":{"index":"index","follow":"follow","max-snippet":"max-snippet:-1","max-image-preview":"max-image-preview:large","max-video-preview":"max-video-preview:-1"},"canonical":"https:\/\/portowinehouse.com\/en\/product\/niepoort-porto-vintage-2022-magnum\/","og_locale":"en_US","og_type":"article","og_title":"Niepoort Porto Vintage 2022 Magnum - Porto Wine House","og_description":"O aspecto \u00e9 marcado por um maravilhoso rebordo roxo-escuro, laivos violeta e uma cor linda e intensa. No nariz \u00e9 delicado, fino e extremamente sofisticado. Com notas florais de violeta, grafite, alca\u00e7uz e amoras. O verdadeiro estilo e potencial deste vinho convertem-se na perfei\u00e7\u00e3o do bin\u00f3mio arom\u00e1tico e estrutura; no equil\u00edbrio entre volume e eleg\u00e2ncia, resultando num final de boca picante e ligeiramente mais seco do que seria de esperar. Este \u00e9 provavelmente um dos melhores vintages da \u00faltima d\u00e9cada, com uma estrutura de acidez, do\u00e7ura e taninos t\u00e3o equilibrada que adivinha um grande potencial de envelhecimento em garrafa. \u00c9 sem d\u00favida um GRANDE vintage!  &nbsp;","og_url":"https:\/\/portowinehouse.com\/en\/product\/niepoort-porto-vintage-2022-magnum\/","og_site_name":"Porto Wine House","article_publisher":"https:\/\/pt-pt.facebook.com\/Porto-Wine-House-350305098331175\/","article_modified_time":"2025-01-31T20:41:37+00:00","og_image":[{"width":555,"height":1250,"url":"https:\/\/portowinehouse.com\/wp-content\/uploads\/2025\/01\/2022-magnum.png","type":"image\/png"}],"twitter_card":"summary_large_image","schema":{"@context":"https:\/\/schema.org","@graph":[{"@type":"WebPage","@id":"https:\/\/portowinehouse.com\/en\/product\/niepoort-porto-vintage-2022-magnum\/","url":"https:\/\/portowinehouse.com\/en\/product\/niepoort-porto-vintage-2022-magnum\/","name":"Niepoort Porto Vintage 2022 Magnum - Porto Wine House","isPartOf":{"@id":"https:\/\/portowinehouse.com\/#website"},"datePublished":"2025-01-31T20:40:10+00:00","dateModified":"2025-01-31T20:41:37+00:00","breadcrumb":{"@id":"https:\/\/portowinehouse.com\/en\/product\/niepoort-porto-vintage-2022-magnum\/#breadcrumb"},"inLanguage":"en-US","potentialAction":[{"@type":"ReadAction","target":["https:\/\/portowinehouse.com\/en\/product\/niepoort-porto-vintage-2022-magnum\/"]}]},{"@type":"BreadcrumbList","@id":"https:\/\/portowinehouse.com\/en\/product\/niepoort-porto-vintage-2022-magnum\/#breadcrumb","itemListElement":[{"@type":"ListItem","position":1,"name":"In\u00edcio","item":"https:\/\/portowinehouse.com\/en\/"},{"@type":"ListItem","position":2,"name":"Shop","item":"https:\/\/portowinehouse.com\/en\/shop\/"},{"@type":"ListItem","position":3,"name":"Niepoort Porto Vintage 2022 Magnum"}]},{"@type":"WebSite","@id":"https:\/\/portowinehouse.com\/#website","url":"https:\/\/portowinehouse.com\/","name":"Porto Wine House","description":"","publisher":{"@id":"https:\/\/portowinehouse.com\/#organization"},"potentialAction":[{"@type":"SearchAction","target":{"@type":"EntryPoint","urlTemplate":"https:\/\/portowinehouse.com\/?s={search_term_string}"},"query-input":"required name=search_term_string"}],"inLanguage":"en-US"},{"@type":"Organization","@id":"https:\/\/portowinehouse.com\/#organization","name":"Porto Wine House","url":"https:\/\/portowinehouse.com\/","logo":{"@type":"ImageObject","inLanguage":"en-US","@id":"https:\/\/portowinehouse.com\/#\/schema\/logo\/image\/","url":"https:\/\/portowinehouse.com\/wp-content\/uploads\/2020\/06\/logo-wine.jpg","contentUrl":"https:\/\/portowinehouse.com\/wp-content\/uploads\/2020\/06\/logo-wine.jpg","width":99,"height":117,"caption":"Porto Wine House"},"image":{"@id":"https:\/\/portowinehouse.com\/#\/schema\/logo\/image\/"},"sameAs":["https:\/\/pt-pt.facebook.com\/Porto-Wine-House-350305098331175\/"]}]}},"_links":{"self":[{"href":"https:\/\/portowinehouse.com\/en\/wp-json\/wp\/v2\/product\/3754"}],"collection":[{"href":"https:\/\/portowinehouse.com\/en\/wp-json\/wp\/v2\/product"}],"about":[{"href":"https:\/\/portowinehouse.com\/en\/wp-json\/wp\/v2\/types\/product"}],"replies":[{"embeddable":true,"href":"https:\/\/portowinehouse.com\/en\/wp-json\/wp\/v2\/comments?post=3754"}],"wp:featuredmedia":[{"embeddable":true,"href":"https:\/\/portowinehouse.com\/en\/wp-json\/wp\/v2\/media\/3753"}],"wp:attachment":[{"href":"https:\/\/portowinehouse.com\/en\/wp-json\/wp\/v2\/media?parent=3754"}],"wp:term":[{"taxonomy":"product_cat","embeddable":true,"href":"https:\/\/portowinehouse.com\/en\/wp-json\/wp\/v2\/product_cat?post=3754"},{"taxonomy":"product_tag","embeddable":true,"href":"https:\/\/portowinehouse.com\/en\/wp-json\/wp\/v2\/product_tag?post=3754"}],"curies":[{"name":"wp","href":"https:\/\/api.w.org\/{rel}","templated":true}]}}