{"id":3729,"date":"2025-01-31T18:58:35","date_gmt":"2025-01-31T18:58:35","guid":{"rendered":"https:\/\/portowinehouse.com\/produto\/nat-cool-drink-me-tinto-2022\/"},"modified":"2025-01-31T18:59:48","modified_gmt":"2025-01-31T18:59:48","slug":"nat-cool-drink-me-tinto-2022","status":"publish","type":"product","link":"https:\/\/portowinehouse.com\/en\/product\/nat-cool-drink-me-tinto-2022\/","title":{"rendered":"Nat Cool Drink Me Red 2022"},"content":{"rendered":"<p>Light and lively in colour, this wine reflects baga\u2019s fun personality. On the nose it is fresh, floral, with notes of aromatic herbs and cherry fruit. On the palate, it is round yet light and crisp. It finishes with a lovely acidity, spicy, with a slight sweetness and astringency that makes it approachable and easy to love! Serve chilled &#8211; naturally cool!<\/p>\n","protected":false},"excerpt":{"rendered":"<p>De cor leve e viva, este vinho reflete a personalidade divertida da casta Baga. No nariz \u00e9 fresco, floral, com notas de ervas arom\u00e1ticas e cereja. Na boca \u00e9 redondo, mas leve e crocante. Termina com uma bela acidez, picante, com ligeira do\u00e7ura e adstring\u00eancia que o torna acess\u00edvel e f\u00e1cil de gostar! Sirva gelado &#8211; naturalmente fresco!<\/p>\n","protected":false},"featured_media":3728,"comment_status":"open","ping_status":"closed","template":"","meta":{"_joinchat":[]},"product_cat":[176,179,175],"product_tag":[],"yoast_head":"<!-- This site is optimized with the Yoast SEO plugin v19.11 - https:\/\/yoast.com\/wordpress\/plugins\/seo\/ -->\n<title>Nat Cool Drink Me Red 2022 - Porto Wine House<\/title>\n<meta name=\"robots\" content=\"index, follow, max-snippet:-1, max-image-preview:large, max-video-preview:-1\" \/>\n<link rel=\"canonical\" href=\"https:\/\/portowinehouse.com\/en\/product\/nat-cool-drink-me-tinto-2022\/\" \/>\n<meta property=\"og:locale\" content=\"en_US\" \/>\n<meta property=\"og:type\" content=\"article\" \/>\n<meta property=\"og:title\" content=\"Nat Cool Drink Me Red 2022 - Porto Wine House\" \/>\n<meta property=\"og:description\" content=\"De cor leve e viva, este vinho reflete a personalidade divertida da casta Baga. No nariz \u00e9 fresco, floral, com notas de ervas arom\u00e1ticas e cereja. Na boca \u00e9 redondo, mas leve e crocante. Termina com uma bela acidez, picante, com ligeira do\u00e7ura e adstring\u00eancia que o torna acess\u00edvel e f\u00e1cil de gostar! Sirva gelado - naturalmente fresco!\" \/>\n<meta property=\"og:url\" content=\"https:\/\/portowinehouse.com\/en\/product\/nat-cool-drink-me-tinto-2022\/\" \/>\n<meta property=\"og:site_name\" content=\"Porto Wine House\" \/>\n<meta property=\"article:publisher\" content=\"https:\/\/pt-pt.facebook.com\/Porto-Wine-House-350305098331175\/\" \/>\n<meta property=\"article:modified_time\" content=\"2025-01-31T18:59:48+00:00\" \/>\n<meta property=\"og:image\" content=\"https:\/\/portowinehouse.com\/wp-content\/uploads\/2025\/01\/1315_product_out_555x1250_1694445771.png\" \/>\n\t<meta property=\"og:image:width\" content=\"555\" \/>\n\t<meta property=\"og:image:height\" content=\"1250\" \/>\n\t<meta property=\"og:image:type\" content=\"image\/png\" \/>\n<meta name=\"twitter:card\" content=\"summary_large_image\" \/>\n<script type=\"application\/ld+json\" class=\"yoast-schema-graph\">{\"@context\":\"https:\/\/schema.org\",\"@graph\":[{\"@type\":\"WebPage\",\"@id\":\"https:\/\/portowinehouse.com\/en\/product\/nat-cool-drink-me-tinto-2022\/\",\"url\":\"https:\/\/portowinehouse.com\/en\/product\/nat-cool-drink-me-tinto-2022\/\",\"name\":\"Nat Cool Drink Me Red 2022 - Porto Wine House\",\"isPartOf\":{\"@id\":\"https:\/\/portowinehouse.com\/#website\"},\"datePublished\":\"2025-01-31T18:58:35+00:00\",\"dateModified\":\"2025-01-31T18:59:48+00:00\",\"breadcrumb\":{\"@id\":\"https:\/\/portowinehouse.com\/en\/product\/nat-cool-drink-me-tinto-2022\/#breadcrumb\"},\"inLanguage\":\"en-US\",\"potentialAction\":[{\"@type\":\"ReadAction\",\"target\":[\"https:\/\/portowinehouse.com\/en\/product\/nat-cool-drink-me-tinto-2022\/\"]}]},{\"@type\":\"BreadcrumbList\",\"@id\":\"https:\/\/portowinehouse.com\/en\/product\/nat-cool-drink-me-tinto-2022\/#breadcrumb\",\"itemListElement\":[{\"@type\":\"ListItem\",\"position\":1,\"name\":\"In\u00edcio\",\"item\":\"https:\/\/portowinehouse.com\/en\/\"},{\"@type\":\"ListItem\",\"position\":2,\"name\":\"Shop\",\"item\":\"https:\/\/portowinehouse.com\/en\/shop\/\"},{\"@type\":\"ListItem\",\"position\":3,\"name\":\"Nat Cool Drink Me Red 2022\"}]},{\"@type\":\"WebSite\",\"@id\":\"https:\/\/portowinehouse.com\/#website\",\"url\":\"https:\/\/portowinehouse.com\/\",\"name\":\"Porto Wine House\",\"description\":\"\",\"publisher\":{\"@id\":\"https:\/\/portowinehouse.com\/#organization\"},\"potentialAction\":[{\"@type\":\"SearchAction\",\"target\":{\"@type\":\"EntryPoint\",\"urlTemplate\":\"https:\/\/portowinehouse.com\/?s={search_term_string}\"},\"query-input\":\"required name=search_term_string\"}],\"inLanguage\":\"en-US\"},{\"@type\":\"Organization\",\"@id\":\"https:\/\/portowinehouse.com\/#organization\",\"name\":\"Porto Wine House\",\"url\":\"https:\/\/portowinehouse.com\/\",\"logo\":{\"@type\":\"ImageObject\",\"inLanguage\":\"en-US\",\"@id\":\"https:\/\/portowinehouse.com\/#\/schema\/logo\/image\/\",\"url\":\"https:\/\/portowinehouse.com\/wp-content\/uploads\/2020\/06\/logo-wine.jpg\",\"contentUrl\":\"https:\/\/portowinehouse.com\/wp-content\/uploads\/2020\/06\/logo-wine.jpg\",\"width\":99,\"height\":117,\"caption\":\"Porto Wine House\"},\"image\":{\"@id\":\"https:\/\/portowinehouse.com\/#\/schema\/logo\/image\/\"},\"sameAs\":[\"https:\/\/pt-pt.facebook.com\/Porto-Wine-House-350305098331175\/\"]}]}<\/script>\n<!-- \/ Yoast SEO plugin. -->","yoast_head_json":{"title":"Nat Cool Drink Me Red 2022 - Porto Wine House","robots":{"index":"index","follow":"follow","max-snippet":"max-snippet:-1","max-image-preview":"max-image-preview:large","max-video-preview":"max-video-preview:-1"},"canonical":"https:\/\/portowinehouse.com\/en\/product\/nat-cool-drink-me-tinto-2022\/","og_locale":"en_US","og_type":"article","og_title":"Nat Cool Drink Me Red 2022 - Porto Wine House","og_description":"De cor leve e viva, este vinho reflete a personalidade divertida da casta Baga. No nariz \u00e9 fresco, floral, com notas de ervas arom\u00e1ticas e cereja. Na boca \u00e9 redondo, mas leve e crocante. Termina com uma bela acidez, picante, com ligeira do\u00e7ura e adstring\u00eancia que o torna acess\u00edvel e f\u00e1cil de gostar! Sirva gelado - naturalmente fresco!","og_url":"https:\/\/portowinehouse.com\/en\/product\/nat-cool-drink-me-tinto-2022\/","og_site_name":"Porto Wine House","article_publisher":"https:\/\/pt-pt.facebook.com\/Porto-Wine-House-350305098331175\/","article_modified_time":"2025-01-31T18:59:48+00:00","og_image":[{"width":555,"height":1250,"url":"https:\/\/portowinehouse.com\/wp-content\/uploads\/2025\/01\/1315_product_out_555x1250_1694445771.png","type":"image\/png"}],"twitter_card":"summary_large_image","schema":{"@context":"https:\/\/schema.org","@graph":[{"@type":"WebPage","@id":"https:\/\/portowinehouse.com\/en\/product\/nat-cool-drink-me-tinto-2022\/","url":"https:\/\/portowinehouse.com\/en\/product\/nat-cool-drink-me-tinto-2022\/","name":"Nat Cool Drink Me Red 2022 - Porto Wine House","isPartOf":{"@id":"https:\/\/portowinehouse.com\/#website"},"datePublished":"2025-01-31T18:58:35+00:00","dateModified":"2025-01-31T18:59:48+00:00","breadcrumb":{"@id":"https:\/\/portowinehouse.com\/en\/product\/nat-cool-drink-me-tinto-2022\/#breadcrumb"},"inLanguage":"en-US","potentialAction":[{"@type":"ReadAction","target":["https:\/\/portowinehouse.com\/en\/product\/nat-cool-drink-me-tinto-2022\/"]}]},{"@type":"BreadcrumbList","@id":"https:\/\/portowinehouse.com\/en\/product\/nat-cool-drink-me-tinto-2022\/#breadcrumb","itemListElement":[{"@type":"ListItem","position":1,"name":"In\u00edcio","item":"https:\/\/portowinehouse.com\/en\/"},{"@type":"ListItem","position":2,"name":"Shop","item":"https:\/\/portowinehouse.com\/en\/shop\/"},{"@type":"ListItem","position":3,"name":"Nat Cool Drink Me Red 2022"}]},{"@type":"WebSite","@id":"https:\/\/portowinehouse.com\/#website","url":"https:\/\/portowinehouse.com\/","name":"Porto Wine House","description":"","publisher":{"@id":"https:\/\/portowinehouse.com\/#organization"},"potentialAction":[{"@type":"SearchAction","target":{"@type":"EntryPoint","urlTemplate":"https:\/\/portowinehouse.com\/?s={search_term_string}"},"query-input":"required name=search_term_string"}],"inLanguage":"en-US"},{"@type":"Organization","@id":"https:\/\/portowinehouse.com\/#organization","name":"Porto Wine House","url":"https:\/\/portowinehouse.com\/","logo":{"@type":"ImageObject","inLanguage":"en-US","@id":"https:\/\/portowinehouse.com\/#\/schema\/logo\/image\/","url":"https:\/\/portowinehouse.com\/wp-content\/uploads\/2020\/06\/logo-wine.jpg","contentUrl":"https:\/\/portowinehouse.com\/wp-content\/uploads\/2020\/06\/logo-wine.jpg","width":99,"height":117,"caption":"Porto Wine House"},"image":{"@id":"https:\/\/portowinehouse.com\/#\/schema\/logo\/image\/"},"sameAs":["https:\/\/pt-pt.facebook.com\/Porto-Wine-House-350305098331175\/"]}]}},"_links":{"self":[{"href":"https:\/\/portowinehouse.com\/en\/wp-json\/wp\/v2\/product\/3729"}],"collection":[{"href":"https:\/\/portowinehouse.com\/en\/wp-json\/wp\/v2\/product"}],"about":[{"href":"https:\/\/portowinehouse.com\/en\/wp-json\/wp\/v2\/types\/product"}],"replies":[{"embeddable":true,"href":"https:\/\/portowinehouse.com\/en\/wp-json\/wp\/v2\/comments?post=3729"}],"wp:featuredmedia":[{"embeddable":true,"href":"https:\/\/portowinehouse.com\/en\/wp-json\/wp\/v2\/media\/3728"}],"wp:attachment":[{"href":"https:\/\/portowinehouse.com\/en\/wp-json\/wp\/v2\/media?parent=3729"}],"wp:term":[{"taxonomy":"product_cat","embeddable":true,"href":"https:\/\/portowinehouse.com\/en\/wp-json\/wp\/v2\/product_cat?post=3729"},{"taxonomy":"product_tag","embeddable":true,"href":"https:\/\/portowinehouse.com\/en\/wp-json\/wp\/v2\/product_tag?post=3729"}],"curies":[{"name":"wp","href":"https:\/\/api.w.org\/{rel}","templated":true}]}}