{"id":3718,"date":"2025-01-20T23:24:32","date_gmt":"2025-01-20T23:24:32","guid":{"rendered":"https:\/\/portowinehouse.com\/produto\/niepoort-10-anos-port-branco-15-l\/"},"modified":"2025-01-20T23:26:47","modified_gmt":"2025-01-20T23:26:47","slug":"niepoort-10-anos-port-branco-15-l","status":"publish","type":"product","link":"https:\/\/portowinehouse.com\/en\/product\/niepoort-10-anos-port-branco-15-l\/","title":{"rendered":"Niepoort 10 Years Old White Port 1,5 L"},"content":{"rendered":"","protected":false},"excerpt":{"rendered":"<p>Um Porto Branco singular e distinto, elaborado pela primeira vez pela Niepoort devido \u00e0 qualidade excepcional de alguns lotes de vinho do Porto Branco velhos. Com um estilo cl\u00e1ssico e um longo envelhecimento de car\u00e1cter oxidativo e bom extracto devido \u00e0 longa macera\u00e7\u00e3o das pel\u00edculas.<\/p>\n","protected":false},"featured_media":3717,"comment_status":"open","ping_status":"closed","template":"","meta":{"_joinchat":[]},"product_cat":[149,150,164],"product_tag":[],"yoast_head":"<!-- This site is optimized with the Yoast SEO plugin v19.11 - https:\/\/yoast.com\/wordpress\/plugins\/seo\/ -->\n<title>Niepoort 10 Years Old White Port 1,5 L - Porto Wine House<\/title>\n<meta name=\"robots\" content=\"index, follow, max-snippet:-1, max-image-preview:large, max-video-preview:-1\" \/>\n<link rel=\"canonical\" href=\"https:\/\/portowinehouse.com\/en\/product\/niepoort-10-anos-port-branco-15-l\/\" \/>\n<meta property=\"og:locale\" content=\"en_US\" \/>\n<meta property=\"og:type\" content=\"article\" \/>\n<meta property=\"og:title\" content=\"Niepoort 10 Years Old White Port 1,5 L - Porto Wine House\" \/>\n<meta property=\"og:description\" content=\"Um Porto Branco singular e distinto, elaborado pela primeira vez pela Niepoort devido \u00e0 qualidade excepcional de alguns lotes de vinho do Porto Branco velhos. Com um estilo cl\u00e1ssico e um longo envelhecimento de car\u00e1cter oxidativo e bom extracto devido \u00e0 longa macera\u00e7\u00e3o das pel\u00edculas.\" \/>\n<meta property=\"og:url\" content=\"https:\/\/portowinehouse.com\/en\/product\/niepoort-10-anos-port-branco-15-l\/\" \/>\n<meta property=\"og:site_name\" content=\"Porto Wine House\" \/>\n<meta property=\"article:publisher\" content=\"https:\/\/pt-pt.facebook.com\/Porto-Wine-House-350305098331175\/\" \/>\n<meta property=\"article:modified_time\" content=\"2025-01-20T23:26:47+00:00\" \/>\n<meta property=\"og:image\" content=\"https:\/\/portowinehouse.com\/wp-content\/uploads\/2025\/01\/1785_product_out_555x1250_1729085967.png\" \/>\n\t<meta property=\"og:image:width\" content=\"555\" \/>\n\t<meta property=\"og:image:height\" content=\"1250\" \/>\n\t<meta property=\"og:image:type\" content=\"image\/png\" \/>\n<meta name=\"twitter:card\" content=\"summary_large_image\" \/>\n<script type=\"application\/ld+json\" class=\"yoast-schema-graph\">{\"@context\":\"https:\/\/schema.org\",\"@graph\":[{\"@type\":\"WebPage\",\"@id\":\"https:\/\/portowinehouse.com\/en\/product\/niepoort-10-anos-port-branco-15-l\/\",\"url\":\"https:\/\/portowinehouse.com\/en\/product\/niepoort-10-anos-port-branco-15-l\/\",\"name\":\"Niepoort 10 Years Old White Port 1,5 L - Porto Wine House\",\"isPartOf\":{\"@id\":\"https:\/\/portowinehouse.com\/#website\"},\"datePublished\":\"2025-01-20T23:24:32+00:00\",\"dateModified\":\"2025-01-20T23:26:47+00:00\",\"breadcrumb\":{\"@id\":\"https:\/\/portowinehouse.com\/en\/product\/niepoort-10-anos-port-branco-15-l\/#breadcrumb\"},\"inLanguage\":\"en-US\",\"potentialAction\":[{\"@type\":\"ReadAction\",\"target\":[\"https:\/\/portowinehouse.com\/en\/product\/niepoort-10-anos-port-branco-15-l\/\"]}]},{\"@type\":\"BreadcrumbList\",\"@id\":\"https:\/\/portowinehouse.com\/en\/product\/niepoort-10-anos-port-branco-15-l\/#breadcrumb\",\"itemListElement\":[{\"@type\":\"ListItem\",\"position\":1,\"name\":\"In\u00edcio\",\"item\":\"https:\/\/portowinehouse.com\/en\/\"},{\"@type\":\"ListItem\",\"position\":2,\"name\":\"Shop\",\"item\":\"https:\/\/portowinehouse.com\/en\/shop\/\"},{\"@type\":\"ListItem\",\"position\":3,\"name\":\"Niepoort 10 Years Old White Port 1,5 L\"}]},{\"@type\":\"WebSite\",\"@id\":\"https:\/\/portowinehouse.com\/#website\",\"url\":\"https:\/\/portowinehouse.com\/\",\"name\":\"Porto Wine House\",\"description\":\"\",\"publisher\":{\"@id\":\"https:\/\/portowinehouse.com\/#organization\"},\"potentialAction\":[{\"@type\":\"SearchAction\",\"target\":{\"@type\":\"EntryPoint\",\"urlTemplate\":\"https:\/\/portowinehouse.com\/?s={search_term_string}\"},\"query-input\":\"required name=search_term_string\"}],\"inLanguage\":\"en-US\"},{\"@type\":\"Organization\",\"@id\":\"https:\/\/portowinehouse.com\/#organization\",\"name\":\"Porto Wine House\",\"url\":\"https:\/\/portowinehouse.com\/\",\"logo\":{\"@type\":\"ImageObject\",\"inLanguage\":\"en-US\",\"@id\":\"https:\/\/portowinehouse.com\/#\/schema\/logo\/image\/\",\"url\":\"https:\/\/portowinehouse.com\/wp-content\/uploads\/2020\/06\/logo-wine.jpg\",\"contentUrl\":\"https:\/\/portowinehouse.com\/wp-content\/uploads\/2020\/06\/logo-wine.jpg\",\"width\":99,\"height\":117,\"caption\":\"Porto Wine House\"},\"image\":{\"@id\":\"https:\/\/portowinehouse.com\/#\/schema\/logo\/image\/\"},\"sameAs\":[\"https:\/\/pt-pt.facebook.com\/Porto-Wine-House-350305098331175\/\"]}]}<\/script>\n<!-- \/ Yoast SEO plugin. -->","yoast_head_json":{"title":"Niepoort 10 Years Old White Port 1,5 L - Porto Wine House","robots":{"index":"index","follow":"follow","max-snippet":"max-snippet:-1","max-image-preview":"max-image-preview:large","max-video-preview":"max-video-preview:-1"},"canonical":"https:\/\/portowinehouse.com\/en\/product\/niepoort-10-anos-port-branco-15-l\/","og_locale":"en_US","og_type":"article","og_title":"Niepoort 10 Years Old White Port 1,5 L - Porto Wine House","og_description":"Um Porto Branco singular e distinto, elaborado pela primeira vez pela Niepoort devido \u00e0 qualidade excepcional de alguns lotes de vinho do Porto Branco velhos. Com um estilo cl\u00e1ssico e um longo envelhecimento de car\u00e1cter oxidativo e bom extracto devido \u00e0 longa macera\u00e7\u00e3o das pel\u00edculas.","og_url":"https:\/\/portowinehouse.com\/en\/product\/niepoort-10-anos-port-branco-15-l\/","og_site_name":"Porto Wine House","article_publisher":"https:\/\/pt-pt.facebook.com\/Porto-Wine-House-350305098331175\/","article_modified_time":"2025-01-20T23:26:47+00:00","og_image":[{"width":555,"height":1250,"url":"https:\/\/portowinehouse.com\/wp-content\/uploads\/2025\/01\/1785_product_out_555x1250_1729085967.png","type":"image\/png"}],"twitter_card":"summary_large_image","schema":{"@context":"https:\/\/schema.org","@graph":[{"@type":"WebPage","@id":"https:\/\/portowinehouse.com\/en\/product\/niepoort-10-anos-port-branco-15-l\/","url":"https:\/\/portowinehouse.com\/en\/product\/niepoort-10-anos-port-branco-15-l\/","name":"Niepoort 10 Years Old White Port 1,5 L - Porto Wine House","isPartOf":{"@id":"https:\/\/portowinehouse.com\/#website"},"datePublished":"2025-01-20T23:24:32+00:00","dateModified":"2025-01-20T23:26:47+00:00","breadcrumb":{"@id":"https:\/\/portowinehouse.com\/en\/product\/niepoort-10-anos-port-branco-15-l\/#breadcrumb"},"inLanguage":"en-US","potentialAction":[{"@type":"ReadAction","target":["https:\/\/portowinehouse.com\/en\/product\/niepoort-10-anos-port-branco-15-l\/"]}]},{"@type":"BreadcrumbList","@id":"https:\/\/portowinehouse.com\/en\/product\/niepoort-10-anos-port-branco-15-l\/#breadcrumb","itemListElement":[{"@type":"ListItem","position":1,"name":"In\u00edcio","item":"https:\/\/portowinehouse.com\/en\/"},{"@type":"ListItem","position":2,"name":"Shop","item":"https:\/\/portowinehouse.com\/en\/shop\/"},{"@type":"ListItem","position":3,"name":"Niepoort 10 Years Old White Port 1,5 L"}]},{"@type":"WebSite","@id":"https:\/\/portowinehouse.com\/#website","url":"https:\/\/portowinehouse.com\/","name":"Porto Wine House","description":"","publisher":{"@id":"https:\/\/portowinehouse.com\/#organization"},"potentialAction":[{"@type":"SearchAction","target":{"@type":"EntryPoint","urlTemplate":"https:\/\/portowinehouse.com\/?s={search_term_string}"},"query-input":"required name=search_term_string"}],"inLanguage":"en-US"},{"@type":"Organization","@id":"https:\/\/portowinehouse.com\/#organization","name":"Porto Wine House","url":"https:\/\/portowinehouse.com\/","logo":{"@type":"ImageObject","inLanguage":"en-US","@id":"https:\/\/portowinehouse.com\/#\/schema\/logo\/image\/","url":"https:\/\/portowinehouse.com\/wp-content\/uploads\/2020\/06\/logo-wine.jpg","contentUrl":"https:\/\/portowinehouse.com\/wp-content\/uploads\/2020\/06\/logo-wine.jpg","width":99,"height":117,"caption":"Porto Wine House"},"image":{"@id":"https:\/\/portowinehouse.com\/#\/schema\/logo\/image\/"},"sameAs":["https:\/\/pt-pt.facebook.com\/Porto-Wine-House-350305098331175\/"]}]}},"_links":{"self":[{"href":"https:\/\/portowinehouse.com\/en\/wp-json\/wp\/v2\/product\/3718"}],"collection":[{"href":"https:\/\/portowinehouse.com\/en\/wp-json\/wp\/v2\/product"}],"about":[{"href":"https:\/\/portowinehouse.com\/en\/wp-json\/wp\/v2\/types\/product"}],"replies":[{"embeddable":true,"href":"https:\/\/portowinehouse.com\/en\/wp-json\/wp\/v2\/comments?post=3718"}],"wp:featuredmedia":[{"embeddable":true,"href":"https:\/\/portowinehouse.com\/en\/wp-json\/wp\/v2\/media\/3717"}],"wp:attachment":[{"href":"https:\/\/portowinehouse.com\/en\/wp-json\/wp\/v2\/media?parent=3718"}],"wp:term":[{"taxonomy":"product_cat","embeddable":true,"href":"https:\/\/portowinehouse.com\/en\/wp-json\/wp\/v2\/product_cat?post=3718"},{"taxonomy":"product_tag","embeddable":true,"href":"https:\/\/portowinehouse.com\/en\/wp-json\/wp\/v2\/product_tag?post=3718"}],"curies":[{"name":"wp","href":"https:\/\/api.w.org\/{rel}","templated":true}]}}