{"id":3702,"date":"2025-01-18T17:15:02","date_gmt":"2025-01-18T17:15:02","guid":{"rendered":"https:\/\/portowinehouse.com\/produto\/soalheiro-aguardente-velha-bagaceira\/"},"modified":"2025-01-18T17:18:36","modified_gmt":"2025-01-18T17:18:36","slug":"soalheiro-aguardente-velha-bagaceira","status":"publish","type":"product","link":"https:\/\/portowinehouse.com\/en\/product\/soalheiro-aguardente-velha-bagaceira\/","title":{"rendered":"Soalheiro Old Brandy"},"content":{"rendered":"","protected":false},"excerpt":{"rendered":"<p>Soalheiro Aguardente Bagaceira Velha \u00e9 produzido por destila\u00e7\u00e3o das pel\u00edculas ap\u00f3s a prensagem do Alvarinho na Quinta de Soalheiro. Antigamente, todos os produtores de uva faziam pequenas destila\u00e7\u00f5es para consumo pr\u00f3prio e o Soalheiro n\u00e3o \u00e9 diferente. Nos primeiros tempos da adega, Jo\u00e3o Ant\u00f3nio Cerdeira criou uma Bagaceira de qualidade que envelheceu durante muitos anos em barricas de carvalho. Depois de a provar todos os anos consecutivamente, o nosso en\u00f3logo decidiu que a Aguardente Bagaceira Velha iria beneficiar de, pelo menos. 20 anos de envelhecimento. A aguardente envelhece em barricas de carvalho, dos quais extrai a cor e estrutura e que lhe complementam o aroma intenso da casta Alvarinho.<\/p>\n<p>Cor top\u00e1zio. Aroma complexo, delicado e perfumado revelando uma harmonia<br \/>\nperfeita entre o car\u00e1cter da casta e o envelhecimento prolongado em casco. O sabor \u00e9<br \/>\nsuave e muito persistente.<\/p>\n","protected":false},"featured_media":3701,"comment_status":"open","ping_status":"closed","template":"","meta":{"_joinchat":[]},"product_cat":[157,593],"product_tag":[],"yoast_head":"<!-- This site is optimized with the Yoast SEO plugin v19.11 - https:\/\/yoast.com\/wordpress\/plugins\/seo\/ -->\n<title>Soalheiro Old Brandy - Porto Wine House<\/title>\n<meta name=\"robots\" content=\"index, follow, max-snippet:-1, max-image-preview:large, max-video-preview:-1\" \/>\n<link rel=\"canonical\" href=\"https:\/\/portowinehouse.com\/en\/product\/soalheiro-aguardente-velha-bagaceira\/\" \/>\n<meta property=\"og:locale\" content=\"en_US\" \/>\n<meta property=\"og:type\" content=\"article\" \/>\n<meta property=\"og:title\" content=\"Soalheiro Old Brandy - Porto Wine House\" \/>\n<meta property=\"og:description\" content=\"Soalheiro Aguardente Bagaceira Velha \u00e9 produzido por destila\u00e7\u00e3o das pel\u00edculas ap\u00f3s a prensagem do Alvarinho na Quinta de Soalheiro. Antigamente, todos os produtores de uva faziam pequenas destila\u00e7\u00f5es para consumo pr\u00f3prio e o Soalheiro n\u00e3o \u00e9 diferente. Nos primeiros tempos da adega, Jo\u00e3o Ant\u00f3nio Cerdeira criou uma Bagaceira de qualidade que envelheceu durante muitos anos em barricas de carvalho. Depois de a provar todos os anos consecutivamente, o nosso en\u00f3logo decidiu que a Aguardente Bagaceira Velha iria beneficiar de, pelo menos. 20 anos de envelhecimento. A aguardente envelhece em barricas de carvalho, dos quais extrai a cor e estrutura e que lhe complementam o aroma intenso da casta Alvarinho.  Cor top\u00e1zio. Aroma complexo, delicado e perfumado revelando uma harmonia perfeita entre o car\u00e1cter da casta e o envelhecimento prolongado em casco. O sabor \u00e9 suave e muito persistente.\" \/>\n<meta property=\"og:url\" content=\"https:\/\/portowinehouse.com\/en\/product\/soalheiro-aguardente-velha-bagaceira\/\" \/>\n<meta property=\"og:site_name\" content=\"Porto Wine House\" \/>\n<meta property=\"article:publisher\" content=\"https:\/\/pt-pt.facebook.com\/Porto-Wine-House-350305098331175\/\" \/>\n<meta property=\"article:modified_time\" content=\"2025-01-18T17:18:36+00:00\" \/>\n<meta property=\"og:image\" content=\"https:\/\/portowinehouse.com\/wp-content\/uploads\/2025\/01\/01150.png\" \/>\n\t<meta property=\"og:image:width\" content=\"600\" \/>\n\t<meta property=\"og:image:height\" content=\"600\" \/>\n\t<meta property=\"og:image:type\" content=\"image\/png\" \/>\n<meta name=\"twitter:card\" content=\"summary_large_image\" \/>\n<script type=\"application\/ld+json\" class=\"yoast-schema-graph\">{\"@context\":\"https:\/\/schema.org\",\"@graph\":[{\"@type\":\"WebPage\",\"@id\":\"https:\/\/portowinehouse.com\/en\/product\/soalheiro-aguardente-velha-bagaceira\/\",\"url\":\"https:\/\/portowinehouse.com\/en\/product\/soalheiro-aguardente-velha-bagaceira\/\",\"name\":\"Soalheiro Old Brandy - Porto Wine House\",\"isPartOf\":{\"@id\":\"https:\/\/portowinehouse.com\/#website\"},\"datePublished\":\"2025-01-18T17:15:02+00:00\",\"dateModified\":\"2025-01-18T17:18:36+00:00\",\"breadcrumb\":{\"@id\":\"https:\/\/portowinehouse.com\/en\/product\/soalheiro-aguardente-velha-bagaceira\/#breadcrumb\"},\"inLanguage\":\"en-US\",\"potentialAction\":[{\"@type\":\"ReadAction\",\"target\":[\"https:\/\/portowinehouse.com\/en\/product\/soalheiro-aguardente-velha-bagaceira\/\"]}]},{\"@type\":\"BreadcrumbList\",\"@id\":\"https:\/\/portowinehouse.com\/en\/product\/soalheiro-aguardente-velha-bagaceira\/#breadcrumb\",\"itemListElement\":[{\"@type\":\"ListItem\",\"position\":1,\"name\":\"In\u00edcio\",\"item\":\"https:\/\/portowinehouse.com\/en\/\"},{\"@type\":\"ListItem\",\"position\":2,\"name\":\"Shop\",\"item\":\"https:\/\/portowinehouse.com\/en\/shop\/\"},{\"@type\":\"ListItem\",\"position\":3,\"name\":\"Soalheiro Old Brandy\"}]},{\"@type\":\"WebSite\",\"@id\":\"https:\/\/portowinehouse.com\/#website\",\"url\":\"https:\/\/portowinehouse.com\/\",\"name\":\"Porto Wine House\",\"description\":\"\",\"publisher\":{\"@id\":\"https:\/\/portowinehouse.com\/#organization\"},\"potentialAction\":[{\"@type\":\"SearchAction\",\"target\":{\"@type\":\"EntryPoint\",\"urlTemplate\":\"https:\/\/portowinehouse.com\/?s={search_term_string}\"},\"query-input\":\"required name=search_term_string\"}],\"inLanguage\":\"en-US\"},{\"@type\":\"Organization\",\"@id\":\"https:\/\/portowinehouse.com\/#organization\",\"name\":\"Porto Wine House\",\"url\":\"https:\/\/portowinehouse.com\/\",\"logo\":{\"@type\":\"ImageObject\",\"inLanguage\":\"en-US\",\"@id\":\"https:\/\/portowinehouse.com\/#\/schema\/logo\/image\/\",\"url\":\"https:\/\/portowinehouse.com\/wp-content\/uploads\/2020\/06\/logo-wine.jpg\",\"contentUrl\":\"https:\/\/portowinehouse.com\/wp-content\/uploads\/2020\/06\/logo-wine.jpg\",\"width\":99,\"height\":117,\"caption\":\"Porto Wine House\"},\"image\":{\"@id\":\"https:\/\/portowinehouse.com\/#\/schema\/logo\/image\/\"},\"sameAs\":[\"https:\/\/pt-pt.facebook.com\/Porto-Wine-House-350305098331175\/\"]}]}<\/script>\n<!-- \/ Yoast SEO plugin. -->","yoast_head_json":{"title":"Soalheiro Old Brandy - Porto Wine House","robots":{"index":"index","follow":"follow","max-snippet":"max-snippet:-1","max-image-preview":"max-image-preview:large","max-video-preview":"max-video-preview:-1"},"canonical":"https:\/\/portowinehouse.com\/en\/product\/soalheiro-aguardente-velha-bagaceira\/","og_locale":"en_US","og_type":"article","og_title":"Soalheiro Old Brandy - Porto Wine House","og_description":"Soalheiro Aguardente Bagaceira Velha \u00e9 produzido por destila\u00e7\u00e3o das pel\u00edculas ap\u00f3s a prensagem do Alvarinho na Quinta de Soalheiro. Antigamente, todos os produtores de uva faziam pequenas destila\u00e7\u00f5es para consumo pr\u00f3prio e o Soalheiro n\u00e3o \u00e9 diferente. Nos primeiros tempos da adega, Jo\u00e3o Ant\u00f3nio Cerdeira criou uma Bagaceira de qualidade que envelheceu durante muitos anos em barricas de carvalho. Depois de a provar todos os anos consecutivamente, o nosso en\u00f3logo decidiu que a Aguardente Bagaceira Velha iria beneficiar de, pelo menos. 20 anos de envelhecimento. A aguardente envelhece em barricas de carvalho, dos quais extrai a cor e estrutura e que lhe complementam o aroma intenso da casta Alvarinho.  Cor top\u00e1zio. Aroma complexo, delicado e perfumado revelando uma harmonia perfeita entre o car\u00e1cter da casta e o envelhecimento prolongado em casco. O sabor \u00e9 suave e muito persistente.","og_url":"https:\/\/portowinehouse.com\/en\/product\/soalheiro-aguardente-velha-bagaceira\/","og_site_name":"Porto Wine House","article_publisher":"https:\/\/pt-pt.facebook.com\/Porto-Wine-House-350305098331175\/","article_modified_time":"2025-01-18T17:18:36+00:00","og_image":[{"width":600,"height":600,"url":"https:\/\/portowinehouse.com\/wp-content\/uploads\/2025\/01\/01150.png","type":"image\/png"}],"twitter_card":"summary_large_image","schema":{"@context":"https:\/\/schema.org","@graph":[{"@type":"WebPage","@id":"https:\/\/portowinehouse.com\/en\/product\/soalheiro-aguardente-velha-bagaceira\/","url":"https:\/\/portowinehouse.com\/en\/product\/soalheiro-aguardente-velha-bagaceira\/","name":"Soalheiro Old Brandy - Porto Wine House","isPartOf":{"@id":"https:\/\/portowinehouse.com\/#website"},"datePublished":"2025-01-18T17:15:02+00:00","dateModified":"2025-01-18T17:18:36+00:00","breadcrumb":{"@id":"https:\/\/portowinehouse.com\/en\/product\/soalheiro-aguardente-velha-bagaceira\/#breadcrumb"},"inLanguage":"en-US","potentialAction":[{"@type":"ReadAction","target":["https:\/\/portowinehouse.com\/en\/product\/soalheiro-aguardente-velha-bagaceira\/"]}]},{"@type":"BreadcrumbList","@id":"https:\/\/portowinehouse.com\/en\/product\/soalheiro-aguardente-velha-bagaceira\/#breadcrumb","itemListElement":[{"@type":"ListItem","position":1,"name":"In\u00edcio","item":"https:\/\/portowinehouse.com\/en\/"},{"@type":"ListItem","position":2,"name":"Shop","item":"https:\/\/portowinehouse.com\/en\/shop\/"},{"@type":"ListItem","position":3,"name":"Soalheiro Old Brandy"}]},{"@type":"WebSite","@id":"https:\/\/portowinehouse.com\/#website","url":"https:\/\/portowinehouse.com\/","name":"Porto Wine House","description":"","publisher":{"@id":"https:\/\/portowinehouse.com\/#organization"},"potentialAction":[{"@type":"SearchAction","target":{"@type":"EntryPoint","urlTemplate":"https:\/\/portowinehouse.com\/?s={search_term_string}"},"query-input":"required name=search_term_string"}],"inLanguage":"en-US"},{"@type":"Organization","@id":"https:\/\/portowinehouse.com\/#organization","name":"Porto Wine House","url":"https:\/\/portowinehouse.com\/","logo":{"@type":"ImageObject","inLanguage":"en-US","@id":"https:\/\/portowinehouse.com\/#\/schema\/logo\/image\/","url":"https:\/\/portowinehouse.com\/wp-content\/uploads\/2020\/06\/logo-wine.jpg","contentUrl":"https:\/\/portowinehouse.com\/wp-content\/uploads\/2020\/06\/logo-wine.jpg","width":99,"height":117,"caption":"Porto Wine House"},"image":{"@id":"https:\/\/portowinehouse.com\/#\/schema\/logo\/image\/"},"sameAs":["https:\/\/pt-pt.facebook.com\/Porto-Wine-House-350305098331175\/"]}]}},"_links":{"self":[{"href":"https:\/\/portowinehouse.com\/en\/wp-json\/wp\/v2\/product\/3702"}],"collection":[{"href":"https:\/\/portowinehouse.com\/en\/wp-json\/wp\/v2\/product"}],"about":[{"href":"https:\/\/portowinehouse.com\/en\/wp-json\/wp\/v2\/types\/product"}],"replies":[{"embeddable":true,"href":"https:\/\/portowinehouse.com\/en\/wp-json\/wp\/v2\/comments?post=3702"}],"wp:featuredmedia":[{"embeddable":true,"href":"https:\/\/portowinehouse.com\/en\/wp-json\/wp\/v2\/media\/3701"}],"wp:attachment":[{"href":"https:\/\/portowinehouse.com\/en\/wp-json\/wp\/v2\/media?parent=3702"}],"wp:term":[{"taxonomy":"product_cat","embeddable":true,"href":"https:\/\/portowinehouse.com\/en\/wp-json\/wp\/v2\/product_cat?post=3702"},{"taxonomy":"product_tag","embeddable":true,"href":"https:\/\/portowinehouse.com\/en\/wp-json\/wp\/v2\/product_tag?post=3702"}],"curies":[{"name":"wp","href":"https:\/\/api.w.org\/{rel}","templated":true}]}}