{"id":3685,"date":"2025-01-17T14:45:10","date_gmt":"2025-01-17T14:45:10","guid":{"rendered":"https:\/\/portowinehouse.com\/produto\/quinta-do-cidro-chardonnay-2023\/"},"modified":"2025-06-10T17:10:10","modified_gmt":"2025-06-10T17:10:10","slug":"quinta-do-cidro-chardonnay-2023","status":"publish","type":"product","link":"https:\/\/portowinehouse.com\/en\/product\/quinta-do-cidro-chardonnay-2023\/","title":{"rendered":"Quinta do Cidr\u00f4 Chardonnay"},"content":{"rendered":"<p>Beautiful golden colour and a complexity of tropical fruit aromas with smokey oak nuances of toast. Presents a medium body and fruitful flavours with a splendid velvety structure and excelent acidity that results in a long and lasting finish.<\/p>\n","protected":false},"excerpt":{"rendered":"<p>As primeiras vinhas de Chardonnay foram plantadas em 1993, dando inicio ao projecto de inova\u00e7\u00e3o e experimenta\u00e7\u00e3o na Quinta de Cidr\u00f4. O primeiro vinho foi produzido em 1996 pela autoria do c\u00e9lebre en\u00f3logo Californiano, Jerry Luper, conhecido pelo seu envolvimento, enquanto estagi\u00e1rio, na produ\u00e7\u00e3o do famoso Chateau Montalena Chardonnay 1973 de Napa Valley. Na colheita de 1997, a r\u00e1pida adapta\u00e7\u00e3o desta t\u00e3o nobre casta ao nosso terroir, juntamente com a experiencia de Luper resultaram num Chardonnay memor\u00e1vel, vencedor dos in\u00fameros pr\u00e9mios.<\/p>\n<p>Com uma bela cor dourada, o vinho desvenda uma complexidade de frutos tropicais maduros e notas de madeira atrav\u00e9s de aromas tostados. Um vinho encorpado, repleto de sabores frutados com excelente estrutura aveludada. Uma \u00f3tima acidez equilibra-o e d\u00e1-lhe cumprimento de prova.<\/p>\n","protected":false},"featured_media":3684,"comment_status":"open","ping_status":"closed","template":"","meta":{"_joinchat":[]},"product_cat":[175,177],"product_tag":[],"yoast_head":"<!-- This site is optimized with the Yoast SEO plugin v19.11 - https:\/\/yoast.com\/wordpress\/plugins\/seo\/ -->\n<title>Quinta do Cidr\u00f4 Chardonnay - Porto Wine House<\/title>\n<meta name=\"robots\" content=\"index, follow, max-snippet:-1, max-image-preview:large, max-video-preview:-1\" \/>\n<link rel=\"canonical\" href=\"https:\/\/portowinehouse.com\/en\/product\/quinta-do-cidro-chardonnay-2023\/\" \/>\n<meta property=\"og:locale\" content=\"en_US\" \/>\n<meta property=\"og:type\" content=\"article\" \/>\n<meta property=\"og:title\" content=\"Quinta do Cidr\u00f4 Chardonnay - Porto Wine House\" \/>\n<meta property=\"og:description\" content=\"As primeiras vinhas de Chardonnay foram plantadas em 1993, dando inicio ao projecto de inova\u00e7\u00e3o e experimenta\u00e7\u00e3o na Quinta de Cidr\u00f4. O primeiro vinho foi produzido em 1996 pela autoria do c\u00e9lebre en\u00f3logo Californiano, Jerry Luper, conhecido pelo seu envolvimento, enquanto estagi\u00e1rio, na produ\u00e7\u00e3o do famoso Chateau Montalena Chardonnay 1973 de Napa Valley. Na colheita de 1997, a r\u00e1pida adapta\u00e7\u00e3o desta t\u00e3o nobre casta ao nosso terroir, juntamente com a experiencia de Luper resultaram num Chardonnay memor\u00e1vel, vencedor dos in\u00fameros pr\u00e9mios.  Com uma bela cor dourada, o vinho desvenda uma complexidade de frutos tropicais maduros e notas de madeira atrav\u00e9s de aromas tostados. Um vinho encorpado, repleto de sabores frutados com excelente estrutura aveludada. Uma \u00f3tima acidez equilibra-o e d\u00e1-lhe cumprimento de prova.\" \/>\n<meta property=\"og:url\" content=\"https:\/\/portowinehouse.com\/en\/product\/quinta-do-cidro-chardonnay-2023\/\" \/>\n<meta property=\"og:site_name\" content=\"Porto Wine House\" \/>\n<meta property=\"article:publisher\" content=\"https:\/\/pt-pt.facebook.com\/Porto-Wine-House-350305098331175\/\" \/>\n<meta property=\"article:modified_time\" content=\"2025-06-10T17:10:10+00:00\" \/>\n<meta property=\"og:image\" content=\"https:\/\/portowinehouse.com\/wp-content\/uploads\/2025\/01\/chardonnay.png\" \/>\n\t<meta property=\"og:image:width\" content=\"184\" \/>\n\t<meta property=\"og:image:height\" content=\"622\" \/>\n\t<meta property=\"og:image:type\" content=\"image\/png\" \/>\n<meta name=\"twitter:card\" content=\"summary_large_image\" \/>\n<meta name=\"twitter:label1\" content=\"Est. reading time\" \/>\n\t<meta name=\"twitter:data1\" content=\"1 minute\" \/>\n<script type=\"application\/ld+json\" class=\"yoast-schema-graph\">{\"@context\":\"https:\/\/schema.org\",\"@graph\":[{\"@type\":\"WebPage\",\"@id\":\"https:\/\/portowinehouse.com\/en\/product\/quinta-do-cidro-chardonnay-2023\/\",\"url\":\"https:\/\/portowinehouse.com\/en\/product\/quinta-do-cidro-chardonnay-2023\/\",\"name\":\"Quinta do Cidr\u00f4 Chardonnay - Porto Wine House\",\"isPartOf\":{\"@id\":\"https:\/\/portowinehouse.com\/#website\"},\"datePublished\":\"2025-01-17T14:45:10+00:00\",\"dateModified\":\"2025-06-10T17:10:10+00:00\",\"breadcrumb\":{\"@id\":\"https:\/\/portowinehouse.com\/en\/product\/quinta-do-cidro-chardonnay-2023\/#breadcrumb\"},\"inLanguage\":\"en-US\",\"potentialAction\":[{\"@type\":\"ReadAction\",\"target\":[\"https:\/\/portowinehouse.com\/en\/product\/quinta-do-cidro-chardonnay-2023\/\"]}]},{\"@type\":\"BreadcrumbList\",\"@id\":\"https:\/\/portowinehouse.com\/en\/product\/quinta-do-cidro-chardonnay-2023\/#breadcrumb\",\"itemListElement\":[{\"@type\":\"ListItem\",\"position\":1,\"name\":\"In\u00edcio\",\"item\":\"https:\/\/portowinehouse.com\/en\/\"},{\"@type\":\"ListItem\",\"position\":2,\"name\":\"Shop\",\"item\":\"https:\/\/portowinehouse.com\/en\/shop\/\"},{\"@type\":\"ListItem\",\"position\":3,\"name\":\"Quinta do Cidr\u00f4 Chardonnay\"}]},{\"@type\":\"WebSite\",\"@id\":\"https:\/\/portowinehouse.com\/#website\",\"url\":\"https:\/\/portowinehouse.com\/\",\"name\":\"Porto Wine House\",\"description\":\"\",\"publisher\":{\"@id\":\"https:\/\/portowinehouse.com\/#organization\"},\"potentialAction\":[{\"@type\":\"SearchAction\",\"target\":{\"@type\":\"EntryPoint\",\"urlTemplate\":\"https:\/\/portowinehouse.com\/?s={search_term_string}\"},\"query-input\":\"required name=search_term_string\"}],\"inLanguage\":\"en-US\"},{\"@type\":\"Organization\",\"@id\":\"https:\/\/portowinehouse.com\/#organization\",\"name\":\"Porto Wine House\",\"url\":\"https:\/\/portowinehouse.com\/\",\"logo\":{\"@type\":\"ImageObject\",\"inLanguage\":\"en-US\",\"@id\":\"https:\/\/portowinehouse.com\/#\/schema\/logo\/image\/\",\"url\":\"https:\/\/portowinehouse.com\/wp-content\/uploads\/2020\/06\/logo-wine.jpg\",\"contentUrl\":\"https:\/\/portowinehouse.com\/wp-content\/uploads\/2020\/06\/logo-wine.jpg\",\"width\":99,\"height\":117,\"caption\":\"Porto Wine House\"},\"image\":{\"@id\":\"https:\/\/portowinehouse.com\/#\/schema\/logo\/image\/\"},\"sameAs\":[\"https:\/\/pt-pt.facebook.com\/Porto-Wine-House-350305098331175\/\"]}]}<\/script>\n<!-- \/ Yoast SEO plugin. -->","yoast_head_json":{"title":"Quinta do Cidr\u00f4 Chardonnay - Porto Wine House","robots":{"index":"index","follow":"follow","max-snippet":"max-snippet:-1","max-image-preview":"max-image-preview:large","max-video-preview":"max-video-preview:-1"},"canonical":"https:\/\/portowinehouse.com\/en\/product\/quinta-do-cidro-chardonnay-2023\/","og_locale":"en_US","og_type":"article","og_title":"Quinta do Cidr\u00f4 Chardonnay - Porto Wine House","og_description":"As primeiras vinhas de Chardonnay foram plantadas em 1993, dando inicio ao projecto de inova\u00e7\u00e3o e experimenta\u00e7\u00e3o na Quinta de Cidr\u00f4. O primeiro vinho foi produzido em 1996 pela autoria do c\u00e9lebre en\u00f3logo Californiano, Jerry Luper, conhecido pelo seu envolvimento, enquanto estagi\u00e1rio, na produ\u00e7\u00e3o do famoso Chateau Montalena Chardonnay 1973 de Napa Valley. Na colheita de 1997, a r\u00e1pida adapta\u00e7\u00e3o desta t\u00e3o nobre casta ao nosso terroir, juntamente com a experiencia de Luper resultaram num Chardonnay memor\u00e1vel, vencedor dos in\u00fameros pr\u00e9mios.  Com uma bela cor dourada, o vinho desvenda uma complexidade de frutos tropicais maduros e notas de madeira atrav\u00e9s de aromas tostados. Um vinho encorpado, repleto de sabores frutados com excelente estrutura aveludada. Uma \u00f3tima acidez equilibra-o e d\u00e1-lhe cumprimento de prova.","og_url":"https:\/\/portowinehouse.com\/en\/product\/quinta-do-cidro-chardonnay-2023\/","og_site_name":"Porto Wine House","article_publisher":"https:\/\/pt-pt.facebook.com\/Porto-Wine-House-350305098331175\/","article_modified_time":"2025-06-10T17:10:10+00:00","og_image":[{"width":184,"height":622,"url":"https:\/\/portowinehouse.com\/wp-content\/uploads\/2025\/01\/chardonnay.png","type":"image\/png"}],"twitter_card":"summary_large_image","twitter_misc":{"Est. reading time":"1 minute"},"schema":{"@context":"https:\/\/schema.org","@graph":[{"@type":"WebPage","@id":"https:\/\/portowinehouse.com\/en\/product\/quinta-do-cidro-chardonnay-2023\/","url":"https:\/\/portowinehouse.com\/en\/product\/quinta-do-cidro-chardonnay-2023\/","name":"Quinta do Cidr\u00f4 Chardonnay - Porto Wine House","isPartOf":{"@id":"https:\/\/portowinehouse.com\/#website"},"datePublished":"2025-01-17T14:45:10+00:00","dateModified":"2025-06-10T17:10:10+00:00","breadcrumb":{"@id":"https:\/\/portowinehouse.com\/en\/product\/quinta-do-cidro-chardonnay-2023\/#breadcrumb"},"inLanguage":"en-US","potentialAction":[{"@type":"ReadAction","target":["https:\/\/portowinehouse.com\/en\/product\/quinta-do-cidro-chardonnay-2023\/"]}]},{"@type":"BreadcrumbList","@id":"https:\/\/portowinehouse.com\/en\/product\/quinta-do-cidro-chardonnay-2023\/#breadcrumb","itemListElement":[{"@type":"ListItem","position":1,"name":"In\u00edcio","item":"https:\/\/portowinehouse.com\/en\/"},{"@type":"ListItem","position":2,"name":"Shop","item":"https:\/\/portowinehouse.com\/en\/shop\/"},{"@type":"ListItem","position":3,"name":"Quinta do Cidr\u00f4 Chardonnay"}]},{"@type":"WebSite","@id":"https:\/\/portowinehouse.com\/#website","url":"https:\/\/portowinehouse.com\/","name":"Porto Wine House","description":"","publisher":{"@id":"https:\/\/portowinehouse.com\/#organization"},"potentialAction":[{"@type":"SearchAction","target":{"@type":"EntryPoint","urlTemplate":"https:\/\/portowinehouse.com\/?s={search_term_string}"},"query-input":"required name=search_term_string"}],"inLanguage":"en-US"},{"@type":"Organization","@id":"https:\/\/portowinehouse.com\/#organization","name":"Porto Wine House","url":"https:\/\/portowinehouse.com\/","logo":{"@type":"ImageObject","inLanguage":"en-US","@id":"https:\/\/portowinehouse.com\/#\/schema\/logo\/image\/","url":"https:\/\/portowinehouse.com\/wp-content\/uploads\/2020\/06\/logo-wine.jpg","contentUrl":"https:\/\/portowinehouse.com\/wp-content\/uploads\/2020\/06\/logo-wine.jpg","width":99,"height":117,"caption":"Porto Wine House"},"image":{"@id":"https:\/\/portowinehouse.com\/#\/schema\/logo\/image\/"},"sameAs":["https:\/\/pt-pt.facebook.com\/Porto-Wine-House-350305098331175\/"]}]}},"_links":{"self":[{"href":"https:\/\/portowinehouse.com\/en\/wp-json\/wp\/v2\/product\/3685"}],"collection":[{"href":"https:\/\/portowinehouse.com\/en\/wp-json\/wp\/v2\/product"}],"about":[{"href":"https:\/\/portowinehouse.com\/en\/wp-json\/wp\/v2\/types\/product"}],"replies":[{"embeddable":true,"href":"https:\/\/portowinehouse.com\/en\/wp-json\/wp\/v2\/comments?post=3685"}],"wp:featuredmedia":[{"embeddable":true,"href":"https:\/\/portowinehouse.com\/en\/wp-json\/wp\/v2\/media\/3684"}],"wp:attachment":[{"href":"https:\/\/portowinehouse.com\/en\/wp-json\/wp\/v2\/media?parent=3685"}],"wp:term":[{"taxonomy":"product_cat","embeddable":true,"href":"https:\/\/portowinehouse.com\/en\/wp-json\/wp\/v2\/product_cat?post=3685"},{"taxonomy":"product_tag","embeddable":true,"href":"https:\/\/portowinehouse.com\/en\/wp-json\/wp\/v2\/product_tag?post=3685"}],"curies":[{"name":"wp","href":"https:\/\/api.w.org\/{rel}","templated":true}]}}