{"id":3661,"date":"2025-01-16T22:48:28","date_gmt":"2025-01-16T22:48:28","guid":{"rendered":"https:\/\/portowinehouse.com\/produto\/grahams-50-anos-porto-tawny\/"},"modified":"2025-01-16T22:49:48","modified_gmt":"2025-01-16T22:49:48","slug":"grahams-50-anos-porto-tawny","status":"publish","type":"product","link":"https:\/\/portowinehouse.com\/en\/product\/grahams-50-anos-porto-tawny\/","title":{"rendered":"Graham&#8217;s 50 Years Tawny Port"},"content":{"rendered":"","protected":false},"excerpt":{"rendered":"<p><span class=\"bold\">Notas de Prova:\u00a0<\/span>A cativante tonalidade castanho-alaranjada profunda do vinho, enquadrada pela base de cor nogueira escura e aur\u00e9ola verde-p\u00e1lida, \u00e9 sinal de qualidade em vinhos do Porto Tawny envelhecidos. Os aromas complexos revelam camadas de flor de laranjeira, bolo ingl\u00eas, toffee, tabaco e manteiga caramelizada, criando uma experi\u00eancia sensorial equilibrada e concentrada. A sensa\u00e7\u00e3o na boca \u00e9 substancial, rica e cremosa, com uma acidez vibrante que mant\u00e9m um equil\u00edbrio perfeito. Notas encantadoras de madeira avinhada, noz-moscada, canela e um fim de boca persistente e agrad\u00e1vel que perdura no paladar.<\/p>\n<p><span class=\"bold\">Pr\u00e9mios:\u00a0<\/span>100\/100 pts &#8211; Revista World of Fine Wine (Richard Mayson); 98\/100 pts &#8211; James Suckling<\/p>\n","protected":false},"featured_media":3660,"comment_status":"open","ping_status":"closed","template":"","meta":{"_joinchat":[]},"product_cat":[149,173],"product_tag":[],"yoast_head":"<!-- This site is optimized with the Yoast SEO plugin v19.11 - https:\/\/yoast.com\/wordpress\/plugins\/seo\/ -->\n<title>Graham&#039;s 50 Years Tawny Port - Porto Wine House<\/title>\n<meta name=\"robots\" content=\"index, follow, max-snippet:-1, max-image-preview:large, max-video-preview:-1\" \/>\n<link rel=\"canonical\" href=\"https:\/\/portowinehouse.com\/en\/product\/grahams-50-anos-porto-tawny\/\" \/>\n<meta property=\"og:locale\" content=\"en_US\" \/>\n<meta property=\"og:type\" content=\"article\" \/>\n<meta property=\"og:title\" content=\"Graham&#039;s 50 Years Tawny Port - Porto Wine House\" \/>\n<meta property=\"og:description\" content=\"Notas de Prova:\u00a0A cativante tonalidade castanho-alaranjada profunda do vinho, enquadrada pela base de cor nogueira escura e aur\u00e9ola verde-p\u00e1lida, \u00e9 sinal de qualidade em vinhos do Porto Tawny envelhecidos. Os aromas complexos revelam camadas de flor de laranjeira, bolo ingl\u00eas, toffee, tabaco e manteiga caramelizada, criando uma experi\u00eancia sensorial equilibrada e concentrada. A sensa\u00e7\u00e3o na boca \u00e9 substancial, rica e cremosa, com uma acidez vibrante que mant\u00e9m um equil\u00edbrio perfeito. Notas encantadoras de madeira avinhada, noz-moscada, canela e um fim de boca persistente e agrad\u00e1vel que perdura no paladar.  Pr\u00e9mios:\u00a0100\/100 pts - Revista World of Fine Wine (Richard Mayson); 98\/100 pts - James Suckling\" \/>\n<meta property=\"og:url\" content=\"https:\/\/portowinehouse.com\/en\/product\/grahams-50-anos-porto-tawny\/\" \/>\n<meta property=\"og:site_name\" content=\"Porto Wine House\" \/>\n<meta property=\"article:publisher\" content=\"https:\/\/pt-pt.facebook.com\/Porto-Wine-House-350305098331175\/\" \/>\n<meta property=\"article:modified_time\" content=\"2025-01-16T22:49:48+00:00\" \/>\n<meta property=\"og:image\" content=\"https:\/\/portowinehouse.com\/wp-content\/uploads\/2025\/01\/grahams-50-anos.png\" \/>\n\t<meta property=\"og:image:width\" content=\"635\" \/>\n\t<meta property=\"og:image:height\" content=\"868\" \/>\n\t<meta property=\"og:image:type\" content=\"image\/png\" \/>\n<meta name=\"twitter:card\" content=\"summary_large_image\" \/>\n<script type=\"application\/ld+json\" class=\"yoast-schema-graph\">{\"@context\":\"https:\/\/schema.org\",\"@graph\":[{\"@type\":\"WebPage\",\"@id\":\"https:\/\/portowinehouse.com\/en\/product\/grahams-50-anos-porto-tawny\/\",\"url\":\"https:\/\/portowinehouse.com\/en\/product\/grahams-50-anos-porto-tawny\/\",\"name\":\"Graham's 50 Years Tawny Port - Porto Wine House\",\"isPartOf\":{\"@id\":\"https:\/\/portowinehouse.com\/#website\"},\"datePublished\":\"2025-01-16T22:48:28+00:00\",\"dateModified\":\"2025-01-16T22:49:48+00:00\",\"breadcrumb\":{\"@id\":\"https:\/\/portowinehouse.com\/en\/product\/grahams-50-anos-porto-tawny\/#breadcrumb\"},\"inLanguage\":\"en-US\",\"potentialAction\":[{\"@type\":\"ReadAction\",\"target\":[\"https:\/\/portowinehouse.com\/en\/product\/grahams-50-anos-porto-tawny\/\"]}]},{\"@type\":\"BreadcrumbList\",\"@id\":\"https:\/\/portowinehouse.com\/en\/product\/grahams-50-anos-porto-tawny\/#breadcrumb\",\"itemListElement\":[{\"@type\":\"ListItem\",\"position\":1,\"name\":\"In\u00edcio\",\"item\":\"https:\/\/portowinehouse.com\/en\/\"},{\"@type\":\"ListItem\",\"position\":2,\"name\":\"Shop\",\"item\":\"https:\/\/portowinehouse.com\/en\/shop\/\"},{\"@type\":\"ListItem\",\"position\":3,\"name\":\"Graham&#8217;s 50 Years Tawny Port\"}]},{\"@type\":\"WebSite\",\"@id\":\"https:\/\/portowinehouse.com\/#website\",\"url\":\"https:\/\/portowinehouse.com\/\",\"name\":\"Porto Wine House\",\"description\":\"\",\"publisher\":{\"@id\":\"https:\/\/portowinehouse.com\/#organization\"},\"potentialAction\":[{\"@type\":\"SearchAction\",\"target\":{\"@type\":\"EntryPoint\",\"urlTemplate\":\"https:\/\/portowinehouse.com\/?s={search_term_string}\"},\"query-input\":\"required name=search_term_string\"}],\"inLanguage\":\"en-US\"},{\"@type\":\"Organization\",\"@id\":\"https:\/\/portowinehouse.com\/#organization\",\"name\":\"Porto Wine House\",\"url\":\"https:\/\/portowinehouse.com\/\",\"logo\":{\"@type\":\"ImageObject\",\"inLanguage\":\"en-US\",\"@id\":\"https:\/\/portowinehouse.com\/#\/schema\/logo\/image\/\",\"url\":\"https:\/\/portowinehouse.com\/wp-content\/uploads\/2020\/06\/logo-wine.jpg\",\"contentUrl\":\"https:\/\/portowinehouse.com\/wp-content\/uploads\/2020\/06\/logo-wine.jpg\",\"width\":99,\"height\":117,\"caption\":\"Porto Wine House\"},\"image\":{\"@id\":\"https:\/\/portowinehouse.com\/#\/schema\/logo\/image\/\"},\"sameAs\":[\"https:\/\/pt-pt.facebook.com\/Porto-Wine-House-350305098331175\/\"]}]}<\/script>\n<!-- \/ Yoast SEO plugin. -->","yoast_head_json":{"title":"Graham's 50 Years Tawny Port - Porto Wine House","robots":{"index":"index","follow":"follow","max-snippet":"max-snippet:-1","max-image-preview":"max-image-preview:large","max-video-preview":"max-video-preview:-1"},"canonical":"https:\/\/portowinehouse.com\/en\/product\/grahams-50-anos-porto-tawny\/","og_locale":"en_US","og_type":"article","og_title":"Graham's 50 Years Tawny Port - Porto Wine House","og_description":"Notas de Prova:\u00a0A cativante tonalidade castanho-alaranjada profunda do vinho, enquadrada pela base de cor nogueira escura e aur\u00e9ola verde-p\u00e1lida, \u00e9 sinal de qualidade em vinhos do Porto Tawny envelhecidos. Os aromas complexos revelam camadas de flor de laranjeira, bolo ingl\u00eas, toffee, tabaco e manteiga caramelizada, criando uma experi\u00eancia sensorial equilibrada e concentrada. A sensa\u00e7\u00e3o na boca \u00e9 substancial, rica e cremosa, com uma acidez vibrante que mant\u00e9m um equil\u00edbrio perfeito. Notas encantadoras de madeira avinhada, noz-moscada, canela e um fim de boca persistente e agrad\u00e1vel que perdura no paladar.  Pr\u00e9mios:\u00a0100\/100 pts - Revista World of Fine Wine (Richard Mayson); 98\/100 pts - James Suckling","og_url":"https:\/\/portowinehouse.com\/en\/product\/grahams-50-anos-porto-tawny\/","og_site_name":"Porto Wine House","article_publisher":"https:\/\/pt-pt.facebook.com\/Porto-Wine-House-350305098331175\/","article_modified_time":"2025-01-16T22:49:48+00:00","og_image":[{"width":635,"height":868,"url":"https:\/\/portowinehouse.com\/wp-content\/uploads\/2025\/01\/grahams-50-anos.png","type":"image\/png"}],"twitter_card":"summary_large_image","schema":{"@context":"https:\/\/schema.org","@graph":[{"@type":"WebPage","@id":"https:\/\/portowinehouse.com\/en\/product\/grahams-50-anos-porto-tawny\/","url":"https:\/\/portowinehouse.com\/en\/product\/grahams-50-anos-porto-tawny\/","name":"Graham's 50 Years Tawny Port - Porto Wine House","isPartOf":{"@id":"https:\/\/portowinehouse.com\/#website"},"datePublished":"2025-01-16T22:48:28+00:00","dateModified":"2025-01-16T22:49:48+00:00","breadcrumb":{"@id":"https:\/\/portowinehouse.com\/en\/product\/grahams-50-anos-porto-tawny\/#breadcrumb"},"inLanguage":"en-US","potentialAction":[{"@type":"ReadAction","target":["https:\/\/portowinehouse.com\/en\/product\/grahams-50-anos-porto-tawny\/"]}]},{"@type":"BreadcrumbList","@id":"https:\/\/portowinehouse.com\/en\/product\/grahams-50-anos-porto-tawny\/#breadcrumb","itemListElement":[{"@type":"ListItem","position":1,"name":"In\u00edcio","item":"https:\/\/portowinehouse.com\/en\/"},{"@type":"ListItem","position":2,"name":"Shop","item":"https:\/\/portowinehouse.com\/en\/shop\/"},{"@type":"ListItem","position":3,"name":"Graham&#8217;s 50 Years Tawny Port"}]},{"@type":"WebSite","@id":"https:\/\/portowinehouse.com\/#website","url":"https:\/\/portowinehouse.com\/","name":"Porto Wine House","description":"","publisher":{"@id":"https:\/\/portowinehouse.com\/#organization"},"potentialAction":[{"@type":"SearchAction","target":{"@type":"EntryPoint","urlTemplate":"https:\/\/portowinehouse.com\/?s={search_term_string}"},"query-input":"required name=search_term_string"}],"inLanguage":"en-US"},{"@type":"Organization","@id":"https:\/\/portowinehouse.com\/#organization","name":"Porto Wine House","url":"https:\/\/portowinehouse.com\/","logo":{"@type":"ImageObject","inLanguage":"en-US","@id":"https:\/\/portowinehouse.com\/#\/schema\/logo\/image\/","url":"https:\/\/portowinehouse.com\/wp-content\/uploads\/2020\/06\/logo-wine.jpg","contentUrl":"https:\/\/portowinehouse.com\/wp-content\/uploads\/2020\/06\/logo-wine.jpg","width":99,"height":117,"caption":"Porto Wine House"},"image":{"@id":"https:\/\/portowinehouse.com\/#\/schema\/logo\/image\/"},"sameAs":["https:\/\/pt-pt.facebook.com\/Porto-Wine-House-350305098331175\/"]}]}},"_links":{"self":[{"href":"https:\/\/portowinehouse.com\/en\/wp-json\/wp\/v2\/product\/3661"}],"collection":[{"href":"https:\/\/portowinehouse.com\/en\/wp-json\/wp\/v2\/product"}],"about":[{"href":"https:\/\/portowinehouse.com\/en\/wp-json\/wp\/v2\/types\/product"}],"replies":[{"embeddable":true,"href":"https:\/\/portowinehouse.com\/en\/wp-json\/wp\/v2\/comments?post=3661"}],"wp:featuredmedia":[{"embeddable":true,"href":"https:\/\/portowinehouse.com\/en\/wp-json\/wp\/v2\/media\/3660"}],"wp:attachment":[{"href":"https:\/\/portowinehouse.com\/en\/wp-json\/wp\/v2\/media?parent=3661"}],"wp:term":[{"taxonomy":"product_cat","embeddable":true,"href":"https:\/\/portowinehouse.com\/en\/wp-json\/wp\/v2\/product_cat?post=3661"},{"taxonomy":"product_tag","embeddable":true,"href":"https:\/\/portowinehouse.com\/en\/wp-json\/wp\/v2\/product_tag?post=3661"}],"curies":[{"name":"wp","href":"https:\/\/api.w.org\/{rel}","templated":true}]}}