{"id":3574,"date":"2024-11-09T17:00:55","date_gmt":"2024-11-09T17:00:55","guid":{"rendered":"https:\/\/portowinehouse.com\/produto\/lote-d-tinto-2017\/"},"modified":"2024-11-09T17:05:14","modified_gmt":"2024-11-09T17:05:14","slug":"lote-d-tinto-2017","status":"publish","type":"product","link":"https:\/\/portowinehouse.com\/en\/product\/lote-d-tinto-2017\/","title":{"rendered":"Lote D Tinto 2017"},"content":{"rendered":"<div>\n<p class=\"text-description-small-02 black first\">This 2017 translates the freshness and delicate character that defines Niepoort, even in such a hot and dry year. Despite its youth, the wine already shows impressive balance and fine tannins. The nose is the pure translation of the Baga variety, with hints of flowers, wild berries, smoky and leathery notes which complement the chalky character reminiscent of the vineyards\u2019 terroir. The palate shows incredible structure and sophistication, the vibrant fruit and excellent acidity create a delicate, elegant and exceptionally fine wine overall. The finish is refreshing, saline and clearly expresses the wine\u2019s limestone terroir. This wine will drink beautifully when young, showing off its harmony, but it also promises great ageing potential.<\/p>\n<\/div>\n<div class=\"extra-product-info-wrapper\">\n<div class=\"extra-product-info\">\n<p class=\"subtitle-small-04 black\">Gastronomic Suggestion<\/p>\n<p class=\"text-description-small-02 black\">Roasted kid goat, sausages, oven-baked cod or vegetarian dishes based on legumes<\/p>\n<\/div>\n<\/div>\n","protected":false},"excerpt":{"rendered":"<div>\n<p class=\"subtitle-small-04 black\">Notas de Prova<\/p>\n<p class=\"text-description-small-02 black first\">Este vinho de 2017 reflete a frescura e o car\u00e1ter delicado que define a Niepoort num ano t\u00e3o quente e seco. Apesar de jovem, j\u00e1 apresenta um equil\u00edbrio impressionante e taninos finos. O nariz \u00e9 a reflex\u00e3o pura da casta Baga, com notas florais, de frutos silvestres, fumadas e cori\u00e1ceas que complementam o car\u00e1ter com tons de giz reminiscente do terroir das vinhas. Na boca, apresenta uma estrutura e sofistica\u00e7\u00e3o incr\u00edveis. A fruta vibrante e a excelente acidez produzem um vinho delicado, elegante e excecionalmente fino. O final \u00e9 refrescante, salino e expressa claramente o terroir calc\u00e1rio do vinho. Este vinho pode ser plenamente apreciado enquanto jovem, exibindo a sua harmonia, mas tamb\u00e9m promete um grande potencial de envelhecimento.<\/p>\n<\/div>\n<div class=\"extra-product-info-wrapper\">\n<div class=\"extra-product-info\">\n<p class=\"subtitle-small-04 black\">Sugest\u00e3o Gastron\u00f3mica<\/p>\n<p class=\"text-description-small-02 black\">Cabrito assado, pratos com enchidos, bacalhau no forno, pratos vegetarianos com leguminosas.<\/p>\n<\/div>\n<\/div>\n","protected":false},"featured_media":3573,"comment_status":"open","ping_status":"closed","template":"","meta":{"_joinchat":[]},"product_cat":[179,175],"product_tag":[],"yoast_head":"<!-- This site is optimized with the Yoast SEO plugin v19.11 - https:\/\/yoast.com\/wordpress\/plugins\/seo\/ -->\n<title>Lote D Tinto 2017 - Porto Wine House<\/title>\n<meta name=\"robots\" content=\"index, follow, max-snippet:-1, max-image-preview:large, max-video-preview:-1\" \/>\n<link rel=\"canonical\" href=\"https:\/\/portowinehouse.com\/en\/product\/lote-d-tinto-2017\/\" \/>\n<meta property=\"og:locale\" content=\"en_US\" \/>\n<meta property=\"og:type\" content=\"article\" \/>\n<meta property=\"og:title\" content=\"Lote D Tinto 2017 - Porto Wine House\" \/>\n<meta property=\"og:description\" content=\"Notas de Prova Este vinho de 2017 reflete a frescura e o car\u00e1ter delicado que define a Niepoort num ano t\u00e3o quente e seco. Apesar de jovem, j\u00e1 apresenta um equil\u00edbrio impressionante e taninos finos. O nariz \u00e9 a reflex\u00e3o pura da casta Baga, com notas florais, de frutos silvestres, fumadas e cori\u00e1ceas que complementam o car\u00e1ter com tons de giz reminiscente do terroir das vinhas. Na boca, apresenta uma estrutura e sofistica\u00e7\u00e3o incr\u00edveis. A fruta vibrante e a excelente acidez produzem um vinho delicado, elegante e excecionalmente fino. O final \u00e9 refrescante, salino e expressa claramente o terroir calc\u00e1rio do vinho. Este vinho pode ser plenamente apreciado enquanto jovem, exibindo a sua harmonia, mas tamb\u00e9m promete um grande potencial de envelhecimento.     Sugest\u00e3o Gastron\u00f3mica Cabrito assado, pratos com enchidos, bacalhau no forno, pratos vegetarianos com leguminosas.\" \/>\n<meta property=\"og:url\" content=\"https:\/\/portowinehouse.com\/en\/product\/lote-d-tinto-2017\/\" \/>\n<meta property=\"og:site_name\" content=\"Porto Wine House\" \/>\n<meta property=\"article:publisher\" content=\"https:\/\/pt-pt.facebook.com\/Porto-Wine-House-350305098331175\/\" \/>\n<meta property=\"article:modified_time\" content=\"2024-11-09T17:05:14+00:00\" \/>\n<meta property=\"og:image\" content=\"https:\/\/portowinehouse.com\/wp-content\/uploads\/2024\/11\/1046_product_out_555x1250_1689591988.png\" \/>\n\t<meta property=\"og:image:width\" content=\"555\" \/>\n\t<meta property=\"og:image:height\" content=\"1250\" \/>\n\t<meta property=\"og:image:type\" content=\"image\/png\" \/>\n<meta name=\"twitter:card\" content=\"summary_large_image\" \/>\n<script type=\"application\/ld+json\" class=\"yoast-schema-graph\">{\"@context\":\"https:\/\/schema.org\",\"@graph\":[{\"@type\":\"WebPage\",\"@id\":\"https:\/\/portowinehouse.com\/en\/product\/lote-d-tinto-2017\/\",\"url\":\"https:\/\/portowinehouse.com\/en\/product\/lote-d-tinto-2017\/\",\"name\":\"Lote D Tinto 2017 - Porto Wine House\",\"isPartOf\":{\"@id\":\"https:\/\/portowinehouse.com\/#website\"},\"datePublished\":\"2024-11-09T17:00:55+00:00\",\"dateModified\":\"2024-11-09T17:05:14+00:00\",\"breadcrumb\":{\"@id\":\"https:\/\/portowinehouse.com\/en\/product\/lote-d-tinto-2017\/#breadcrumb\"},\"inLanguage\":\"en-US\",\"potentialAction\":[{\"@type\":\"ReadAction\",\"target\":[\"https:\/\/portowinehouse.com\/en\/product\/lote-d-tinto-2017\/\"]}]},{\"@type\":\"BreadcrumbList\",\"@id\":\"https:\/\/portowinehouse.com\/en\/product\/lote-d-tinto-2017\/#breadcrumb\",\"itemListElement\":[{\"@type\":\"ListItem\",\"position\":1,\"name\":\"In\u00edcio\",\"item\":\"https:\/\/portowinehouse.com\/en\/\"},{\"@type\":\"ListItem\",\"position\":2,\"name\":\"Shop\",\"item\":\"https:\/\/portowinehouse.com\/en\/shop\/\"},{\"@type\":\"ListItem\",\"position\":3,\"name\":\"Lote D Tinto 2017\"}]},{\"@type\":\"WebSite\",\"@id\":\"https:\/\/portowinehouse.com\/#website\",\"url\":\"https:\/\/portowinehouse.com\/\",\"name\":\"Porto Wine House\",\"description\":\"\",\"publisher\":{\"@id\":\"https:\/\/portowinehouse.com\/#organization\"},\"potentialAction\":[{\"@type\":\"SearchAction\",\"target\":{\"@type\":\"EntryPoint\",\"urlTemplate\":\"https:\/\/portowinehouse.com\/?s={search_term_string}\"},\"query-input\":\"required name=search_term_string\"}],\"inLanguage\":\"en-US\"},{\"@type\":\"Organization\",\"@id\":\"https:\/\/portowinehouse.com\/#organization\",\"name\":\"Porto Wine House\",\"url\":\"https:\/\/portowinehouse.com\/\",\"logo\":{\"@type\":\"ImageObject\",\"inLanguage\":\"en-US\",\"@id\":\"https:\/\/portowinehouse.com\/#\/schema\/logo\/image\/\",\"url\":\"https:\/\/portowinehouse.com\/wp-content\/uploads\/2020\/06\/logo-wine.jpg\",\"contentUrl\":\"https:\/\/portowinehouse.com\/wp-content\/uploads\/2020\/06\/logo-wine.jpg\",\"width\":99,\"height\":117,\"caption\":\"Porto Wine House\"},\"image\":{\"@id\":\"https:\/\/portowinehouse.com\/#\/schema\/logo\/image\/\"},\"sameAs\":[\"https:\/\/pt-pt.facebook.com\/Porto-Wine-House-350305098331175\/\"]}]}<\/script>\n<!-- \/ Yoast SEO plugin. -->","yoast_head_json":{"title":"Lote D Tinto 2017 - Porto Wine House","robots":{"index":"index","follow":"follow","max-snippet":"max-snippet:-1","max-image-preview":"max-image-preview:large","max-video-preview":"max-video-preview:-1"},"canonical":"https:\/\/portowinehouse.com\/en\/product\/lote-d-tinto-2017\/","og_locale":"en_US","og_type":"article","og_title":"Lote D Tinto 2017 - Porto Wine House","og_description":"Notas de Prova Este vinho de 2017 reflete a frescura e o car\u00e1ter delicado que define a Niepoort num ano t\u00e3o quente e seco. Apesar de jovem, j\u00e1 apresenta um equil\u00edbrio impressionante e taninos finos. O nariz \u00e9 a reflex\u00e3o pura da casta Baga, com notas florais, de frutos silvestres, fumadas e cori\u00e1ceas que complementam o car\u00e1ter com tons de giz reminiscente do terroir das vinhas. Na boca, apresenta uma estrutura e sofistica\u00e7\u00e3o incr\u00edveis. A fruta vibrante e a excelente acidez produzem um vinho delicado, elegante e excecionalmente fino. O final \u00e9 refrescante, salino e expressa claramente o terroir calc\u00e1rio do vinho. Este vinho pode ser plenamente apreciado enquanto jovem, exibindo a sua harmonia, mas tamb\u00e9m promete um grande potencial de envelhecimento.     Sugest\u00e3o Gastron\u00f3mica Cabrito assado, pratos com enchidos, bacalhau no forno, pratos vegetarianos com leguminosas.","og_url":"https:\/\/portowinehouse.com\/en\/product\/lote-d-tinto-2017\/","og_site_name":"Porto Wine House","article_publisher":"https:\/\/pt-pt.facebook.com\/Porto-Wine-House-350305098331175\/","article_modified_time":"2024-11-09T17:05:14+00:00","og_image":[{"width":555,"height":1250,"url":"https:\/\/portowinehouse.com\/wp-content\/uploads\/2024\/11\/1046_product_out_555x1250_1689591988.png","type":"image\/png"}],"twitter_card":"summary_large_image","schema":{"@context":"https:\/\/schema.org","@graph":[{"@type":"WebPage","@id":"https:\/\/portowinehouse.com\/en\/product\/lote-d-tinto-2017\/","url":"https:\/\/portowinehouse.com\/en\/product\/lote-d-tinto-2017\/","name":"Lote D Tinto 2017 - Porto Wine House","isPartOf":{"@id":"https:\/\/portowinehouse.com\/#website"},"datePublished":"2024-11-09T17:00:55+00:00","dateModified":"2024-11-09T17:05:14+00:00","breadcrumb":{"@id":"https:\/\/portowinehouse.com\/en\/product\/lote-d-tinto-2017\/#breadcrumb"},"inLanguage":"en-US","potentialAction":[{"@type":"ReadAction","target":["https:\/\/portowinehouse.com\/en\/product\/lote-d-tinto-2017\/"]}]},{"@type":"BreadcrumbList","@id":"https:\/\/portowinehouse.com\/en\/product\/lote-d-tinto-2017\/#breadcrumb","itemListElement":[{"@type":"ListItem","position":1,"name":"In\u00edcio","item":"https:\/\/portowinehouse.com\/en\/"},{"@type":"ListItem","position":2,"name":"Shop","item":"https:\/\/portowinehouse.com\/en\/shop\/"},{"@type":"ListItem","position":3,"name":"Lote D Tinto 2017"}]},{"@type":"WebSite","@id":"https:\/\/portowinehouse.com\/#website","url":"https:\/\/portowinehouse.com\/","name":"Porto Wine House","description":"","publisher":{"@id":"https:\/\/portowinehouse.com\/#organization"},"potentialAction":[{"@type":"SearchAction","target":{"@type":"EntryPoint","urlTemplate":"https:\/\/portowinehouse.com\/?s={search_term_string}"},"query-input":"required name=search_term_string"}],"inLanguage":"en-US"},{"@type":"Organization","@id":"https:\/\/portowinehouse.com\/#organization","name":"Porto Wine House","url":"https:\/\/portowinehouse.com\/","logo":{"@type":"ImageObject","inLanguage":"en-US","@id":"https:\/\/portowinehouse.com\/#\/schema\/logo\/image\/","url":"https:\/\/portowinehouse.com\/wp-content\/uploads\/2020\/06\/logo-wine.jpg","contentUrl":"https:\/\/portowinehouse.com\/wp-content\/uploads\/2020\/06\/logo-wine.jpg","width":99,"height":117,"caption":"Porto Wine House"},"image":{"@id":"https:\/\/portowinehouse.com\/#\/schema\/logo\/image\/"},"sameAs":["https:\/\/pt-pt.facebook.com\/Porto-Wine-House-350305098331175\/"]}]}},"_links":{"self":[{"href":"https:\/\/portowinehouse.com\/en\/wp-json\/wp\/v2\/product\/3574"}],"collection":[{"href":"https:\/\/portowinehouse.com\/en\/wp-json\/wp\/v2\/product"}],"about":[{"href":"https:\/\/portowinehouse.com\/en\/wp-json\/wp\/v2\/types\/product"}],"replies":[{"embeddable":true,"href":"https:\/\/portowinehouse.com\/en\/wp-json\/wp\/v2\/comments?post=3574"}],"wp:featuredmedia":[{"embeddable":true,"href":"https:\/\/portowinehouse.com\/en\/wp-json\/wp\/v2\/media\/3573"}],"wp:attachment":[{"href":"https:\/\/portowinehouse.com\/en\/wp-json\/wp\/v2\/media?parent=3574"}],"wp:term":[{"taxonomy":"product_cat","embeddable":true,"href":"https:\/\/portowinehouse.com\/en\/wp-json\/wp\/v2\/product_cat?post=3574"},{"taxonomy":"product_tag","embeddable":true,"href":"https:\/\/portowinehouse.com\/en\/wp-json\/wp\/v2\/product_tag?post=3574"}],"curies":[{"name":"wp","href":"https:\/\/api.w.org\/{rel}","templated":true}]}}