{"id":3570,"date":"2024-11-09T14:19:44","date_gmt":"2024-11-09T14:19:44","guid":{"rendered":"https:\/\/portowinehouse.com\/produto\/poeirinho-garrafeira-tinto\/"},"modified":"2024-11-09T14:23:01","modified_gmt":"2024-11-09T14:23:01","slug":"poeirinho-garrafeira-tinto","status":"publish","type":"product","link":"https:\/\/portowinehouse.com\/en\/product\/poeirinho-garrafeira-tinto\/","title":{"rendered":"Poeirinho Garrafeira Tinto"},"content":{"rendered":"<p>The Poeirinho Garrafeira 2015 displays violet hues. The nose is unbelievably complex and expressive, with notes of red berries, hints of spice and an underlying refreshing floral character. The wine impresses and delights with the incredible freshness and purity of its aromas which reflect the calcareous terroir, emphasising the elegance of the Baga grape variety. On the palate, the wine shows plenty of finesse, layers and great precision. Very smooth and with beautifully structured acidity, the wine offers exceptionally delicate tannins. Full of character, this \u201cGarrafeira\u201d is particularly well-balanced. A refreshing, lingering and deeply elegant finish unfurls more and more. With its elegance and depth, this great wine will age gracefully in the bottle.<\/p>\n","protected":false},"excerpt":{"rendered":"<div class=\"shop-detail-page\">\n<div class=\"product-detail-section\">\n<div class=\"container\">\n<div class=\"product-info-wrapper\">\n<div class=\"row justify-content-center\">\n<div class=\"col-md-10 col-lg-8 col-12 info-right aos-init aos-animate\" data-aos=\"fade-in\" data-aos-delay=\"200\">\n<div>\n<p class=\"subtitle-small-04 black\">Notas de Prova<\/p>\n<p class=\"text-description-small-02 black first\">O Poeirinho Garrafeira 2015 mostra uma cor em tons violeta. Nariz de enorme complexidade, muito expressivo nas notas de frutos vermelhos, algumas especiarias e com um lado floral muito fresco. A pureza de aromas e a sua enorme frescura impressionam. O terroir calc\u00e1rio vibra no aroma e potencia a eleg\u00e2ncia e finesse da casta Baga. Na boca, \u00e9 muito fino, complexo e de enorme precis\u00e3o. Muito polido e com uma excelente acidez, mostra uns taninos muito delicados. Pleno de car\u00e1cter, este Garrafeira tem um fant\u00e1stico equil\u00edbrio. Final de boca refrescante mas muito longo e fino, vai crescendo \u00e0 medida que se vai provando. Elegante mas profundo, o Garrafeira ir\u00e1 envelhecer muito bem em garrafa.<\/p>\n<\/div>\n<div class=\"extra-product-info-wrapper\">\n<div class=\"extra-product-info\">\n<p class=\"subtitle-small-04 black\">Sugest\u00e3o Gastron\u00f3mica<\/p>\n<p class=\"text-description-small-02 black\">Cabrito assado, pratos com enchidos, bacalhau no forno ou pratos vegetarianos com leguminosas.<\/p>\n<\/div>\n<\/div>\n<\/div>\n<\/div>\n<\/div>\n<\/div>\n<\/div>\n<\/div>\n<section class=\"related-products-section\">\n<div class=\"container\">\n<div class=\"section-heading\">\n<div class=\"about-wine-title-wrapper text-center aos-init aos-animate\" data-aos=\"fade-in\" data-aos-delay=\"100\">\n<p class=\"related-products-title\">\n<\/div>\n<\/div>\n<div class=\"related-products-slider slick-initialized slick-slider\">\n<div class=\"slick-list draggable\">\n<div class=\"slick-track\">\n<div id=\"\" class=\"slick-slide slick-cloned\" tabindex=\"-1\" data-slick-index=\"-4\" aria-hidden=\"true\">\n<div>\n<div class=\"related-products-item\">\n<article class=\"product-item\">\n<div class=\"product-item-image-wrapper\"><\/div>\n<\/article>\n<\/div>\n<\/div>\n<\/div>\n<\/div>\n<\/div>\n<\/div>\n<div class=\"d-flex justify-content-center\"><\/div>\n<\/div>\n<\/section>\n","protected":false},"featured_media":3569,"comment_status":"open","ping_status":"closed","template":"","meta":{"_joinchat":[]},"product_cat":[175,179],"product_tag":[],"yoast_head":"<!-- This site is optimized with the Yoast SEO plugin v19.11 - https:\/\/yoast.com\/wordpress\/plugins\/seo\/ -->\n<title>Poeirinho Garrafeira Tinto - Porto Wine House<\/title>\n<meta name=\"robots\" content=\"index, follow, max-snippet:-1, max-image-preview:large, max-video-preview:-1\" \/>\n<link rel=\"canonical\" href=\"https:\/\/portowinehouse.com\/en\/product\/poeirinho-garrafeira-tinto\/\" \/>\n<meta property=\"og:locale\" content=\"en_US\" \/>\n<meta property=\"og:type\" content=\"article\" \/>\n<meta property=\"og:title\" content=\"Poeirinho Garrafeira Tinto - Porto Wine House\" \/>\n<meta property=\"og:description\" content=\"Notas de Prova O Poeirinho Garrafeira 2015 mostra uma cor em tons violeta. Nariz de enorme complexidade, muito expressivo nas notas de frutos vermelhos, algumas especiarias e com um lado floral muito fresco. A pureza de aromas e a sua enorme frescura impressionam. O terroir calc\u00e1rio vibra no aroma e potencia a eleg\u00e2ncia e finesse da casta Baga. Na boca, \u00e9 muito fino, complexo e de enorme precis\u00e3o. Muito polido e com uma excelente acidez, mostra uns taninos muito delicados. Pleno de car\u00e1cter, este Garrafeira tem um fant\u00e1stico equil\u00edbrio. Final de boca refrescante mas muito longo e fino, vai crescendo \u00e0 medida que se vai provando. Elegante mas profundo, o Garrafeira ir\u00e1 envelhecer muito bem em garrafa.     Sugest\u00e3o Gastron\u00f3mica Cabrito assado, pratos com enchidos, bacalhau no forno ou pratos vegetarianos com leguminosas.\" \/>\n<meta property=\"og:url\" content=\"https:\/\/portowinehouse.com\/en\/product\/poeirinho-garrafeira-tinto\/\" \/>\n<meta property=\"og:site_name\" content=\"Porto Wine House\" \/>\n<meta property=\"article:publisher\" content=\"https:\/\/pt-pt.facebook.com\/Porto-Wine-House-350305098331175\/\" \/>\n<meta property=\"article:modified_time\" content=\"2024-11-09T14:23:01+00:00\" \/>\n<meta property=\"og:image\" content=\"https:\/\/portowinehouse.com\/wp-content\/uploads\/2024\/11\/1416_product_out_555x1250_1697445468.png2015.png\" \/>\n\t<meta property=\"og:image:width\" content=\"555\" \/>\n\t<meta property=\"og:image:height\" content=\"1250\" \/>\n\t<meta property=\"og:image:type\" content=\"image\/png\" \/>\n<meta name=\"twitter:card\" content=\"summary_large_image\" \/>\n<script type=\"application\/ld+json\" class=\"yoast-schema-graph\">{\"@context\":\"https:\/\/schema.org\",\"@graph\":[{\"@type\":\"WebPage\",\"@id\":\"https:\/\/portowinehouse.com\/en\/product\/poeirinho-garrafeira-tinto\/\",\"url\":\"https:\/\/portowinehouse.com\/en\/product\/poeirinho-garrafeira-tinto\/\",\"name\":\"Poeirinho Garrafeira Tinto - Porto Wine House\",\"isPartOf\":{\"@id\":\"https:\/\/portowinehouse.com\/#website\"},\"datePublished\":\"2024-11-09T14:19:44+00:00\",\"dateModified\":\"2024-11-09T14:23:01+00:00\",\"breadcrumb\":{\"@id\":\"https:\/\/portowinehouse.com\/en\/product\/poeirinho-garrafeira-tinto\/#breadcrumb\"},\"inLanguage\":\"en-US\",\"potentialAction\":[{\"@type\":\"ReadAction\",\"target\":[\"https:\/\/portowinehouse.com\/en\/product\/poeirinho-garrafeira-tinto\/\"]}]},{\"@type\":\"BreadcrumbList\",\"@id\":\"https:\/\/portowinehouse.com\/en\/product\/poeirinho-garrafeira-tinto\/#breadcrumb\",\"itemListElement\":[{\"@type\":\"ListItem\",\"position\":1,\"name\":\"In\u00edcio\",\"item\":\"https:\/\/portowinehouse.com\/en\/\"},{\"@type\":\"ListItem\",\"position\":2,\"name\":\"Shop\",\"item\":\"https:\/\/portowinehouse.com\/en\/shop\/\"},{\"@type\":\"ListItem\",\"position\":3,\"name\":\"Poeirinho Garrafeira Tinto\"}]},{\"@type\":\"WebSite\",\"@id\":\"https:\/\/portowinehouse.com\/#website\",\"url\":\"https:\/\/portowinehouse.com\/\",\"name\":\"Porto Wine House\",\"description\":\"\",\"publisher\":{\"@id\":\"https:\/\/portowinehouse.com\/#organization\"},\"potentialAction\":[{\"@type\":\"SearchAction\",\"target\":{\"@type\":\"EntryPoint\",\"urlTemplate\":\"https:\/\/portowinehouse.com\/?s={search_term_string}\"},\"query-input\":\"required name=search_term_string\"}],\"inLanguage\":\"en-US\"},{\"@type\":\"Organization\",\"@id\":\"https:\/\/portowinehouse.com\/#organization\",\"name\":\"Porto Wine House\",\"url\":\"https:\/\/portowinehouse.com\/\",\"logo\":{\"@type\":\"ImageObject\",\"inLanguage\":\"en-US\",\"@id\":\"https:\/\/portowinehouse.com\/#\/schema\/logo\/image\/\",\"url\":\"https:\/\/portowinehouse.com\/wp-content\/uploads\/2020\/06\/logo-wine.jpg\",\"contentUrl\":\"https:\/\/portowinehouse.com\/wp-content\/uploads\/2020\/06\/logo-wine.jpg\",\"width\":99,\"height\":117,\"caption\":\"Porto Wine House\"},\"image\":{\"@id\":\"https:\/\/portowinehouse.com\/#\/schema\/logo\/image\/\"},\"sameAs\":[\"https:\/\/pt-pt.facebook.com\/Porto-Wine-House-350305098331175\/\"]}]}<\/script>\n<!-- \/ Yoast SEO plugin. -->","yoast_head_json":{"title":"Poeirinho Garrafeira Tinto - Porto Wine House","robots":{"index":"index","follow":"follow","max-snippet":"max-snippet:-1","max-image-preview":"max-image-preview:large","max-video-preview":"max-video-preview:-1"},"canonical":"https:\/\/portowinehouse.com\/en\/product\/poeirinho-garrafeira-tinto\/","og_locale":"en_US","og_type":"article","og_title":"Poeirinho Garrafeira Tinto - Porto Wine House","og_description":"Notas de Prova O Poeirinho Garrafeira 2015 mostra uma cor em tons violeta. Nariz de enorme complexidade, muito expressivo nas notas de frutos vermelhos, algumas especiarias e com um lado floral muito fresco. A pureza de aromas e a sua enorme frescura impressionam. O terroir calc\u00e1rio vibra no aroma e potencia a eleg\u00e2ncia e finesse da casta Baga. Na boca, \u00e9 muito fino, complexo e de enorme precis\u00e3o. Muito polido e com uma excelente acidez, mostra uns taninos muito delicados. Pleno de car\u00e1cter, este Garrafeira tem um fant\u00e1stico equil\u00edbrio. Final de boca refrescante mas muito longo e fino, vai crescendo \u00e0 medida que se vai provando. Elegante mas profundo, o Garrafeira ir\u00e1 envelhecer muito bem em garrafa.     Sugest\u00e3o Gastron\u00f3mica Cabrito assado, pratos com enchidos, bacalhau no forno ou pratos vegetarianos com leguminosas.","og_url":"https:\/\/portowinehouse.com\/en\/product\/poeirinho-garrafeira-tinto\/","og_site_name":"Porto Wine House","article_publisher":"https:\/\/pt-pt.facebook.com\/Porto-Wine-House-350305098331175\/","article_modified_time":"2024-11-09T14:23:01+00:00","og_image":[{"width":555,"height":1250,"url":"https:\/\/portowinehouse.com\/wp-content\/uploads\/2024\/11\/1416_product_out_555x1250_1697445468.png2015.png","type":"image\/png"}],"twitter_card":"summary_large_image","schema":{"@context":"https:\/\/schema.org","@graph":[{"@type":"WebPage","@id":"https:\/\/portowinehouse.com\/en\/product\/poeirinho-garrafeira-tinto\/","url":"https:\/\/portowinehouse.com\/en\/product\/poeirinho-garrafeira-tinto\/","name":"Poeirinho Garrafeira Tinto - Porto Wine House","isPartOf":{"@id":"https:\/\/portowinehouse.com\/#website"},"datePublished":"2024-11-09T14:19:44+00:00","dateModified":"2024-11-09T14:23:01+00:00","breadcrumb":{"@id":"https:\/\/portowinehouse.com\/en\/product\/poeirinho-garrafeira-tinto\/#breadcrumb"},"inLanguage":"en-US","potentialAction":[{"@type":"ReadAction","target":["https:\/\/portowinehouse.com\/en\/product\/poeirinho-garrafeira-tinto\/"]}]},{"@type":"BreadcrumbList","@id":"https:\/\/portowinehouse.com\/en\/product\/poeirinho-garrafeira-tinto\/#breadcrumb","itemListElement":[{"@type":"ListItem","position":1,"name":"In\u00edcio","item":"https:\/\/portowinehouse.com\/en\/"},{"@type":"ListItem","position":2,"name":"Shop","item":"https:\/\/portowinehouse.com\/en\/shop\/"},{"@type":"ListItem","position":3,"name":"Poeirinho Garrafeira Tinto"}]},{"@type":"WebSite","@id":"https:\/\/portowinehouse.com\/#website","url":"https:\/\/portowinehouse.com\/","name":"Porto Wine House","description":"","publisher":{"@id":"https:\/\/portowinehouse.com\/#organization"},"potentialAction":[{"@type":"SearchAction","target":{"@type":"EntryPoint","urlTemplate":"https:\/\/portowinehouse.com\/?s={search_term_string}"},"query-input":"required name=search_term_string"}],"inLanguage":"en-US"},{"@type":"Organization","@id":"https:\/\/portowinehouse.com\/#organization","name":"Porto Wine House","url":"https:\/\/portowinehouse.com\/","logo":{"@type":"ImageObject","inLanguage":"en-US","@id":"https:\/\/portowinehouse.com\/#\/schema\/logo\/image\/","url":"https:\/\/portowinehouse.com\/wp-content\/uploads\/2020\/06\/logo-wine.jpg","contentUrl":"https:\/\/portowinehouse.com\/wp-content\/uploads\/2020\/06\/logo-wine.jpg","width":99,"height":117,"caption":"Porto Wine House"},"image":{"@id":"https:\/\/portowinehouse.com\/#\/schema\/logo\/image\/"},"sameAs":["https:\/\/pt-pt.facebook.com\/Porto-Wine-House-350305098331175\/"]}]}},"_links":{"self":[{"href":"https:\/\/portowinehouse.com\/en\/wp-json\/wp\/v2\/product\/3570"}],"collection":[{"href":"https:\/\/portowinehouse.com\/en\/wp-json\/wp\/v2\/product"}],"about":[{"href":"https:\/\/portowinehouse.com\/en\/wp-json\/wp\/v2\/types\/product"}],"replies":[{"embeddable":true,"href":"https:\/\/portowinehouse.com\/en\/wp-json\/wp\/v2\/comments?post=3570"}],"wp:featuredmedia":[{"embeddable":true,"href":"https:\/\/portowinehouse.com\/en\/wp-json\/wp\/v2\/media\/3569"}],"wp:attachment":[{"href":"https:\/\/portowinehouse.com\/en\/wp-json\/wp\/v2\/media?parent=3570"}],"wp:term":[{"taxonomy":"product_cat","embeddable":true,"href":"https:\/\/portowinehouse.com\/en\/wp-json\/wp\/v2\/product_cat?post=3570"},{"taxonomy":"product_tag","embeddable":true,"href":"https:\/\/portowinehouse.com\/en\/wp-json\/wp\/v2\/product_tag?post=3570"}],"curies":[{"name":"wp","href":"https:\/\/api.w.org\/{rel}","templated":true}]}}