{"id":3529,"date":"2024-07-29T13:41:09","date_gmt":"2024-07-29T13:41:09","guid":{"rendered":"https:\/\/portowinehouse.com\/produto\/iron-maiden-darkest-red-douro\/"},"modified":"2024-07-29T13:43:40","modified_gmt":"2024-07-29T13:43:40","slug":"iron-maiden-darkest-red-douro","status":"publish","type":"product","link":"https:\/\/portowinehouse.com\/en\/product\/iron-maiden-darkest-red-douro\/","title":{"rendered":"Iron Maiden Darkest Red Douro 2021"},"content":{"rendered":"<div>\n<div class=\"summary_title\">\n<h5 class=\"h5\">scri\u00e7\u00e3o<\/h5>\n<\/div>\n<\/div>\n<div class=\"product__description quick-add-hidden\">\n<p>Bruce Dickinson, vocalista da banda brit\u00e2nica de heavy metal Iron Maiden, lan\u00e7ou o vinho Iron Maiden Darkest Red 2021, DOC Douro. Produzido pela Van Zeller Wine Collection, anteriormente conhecida como Bar\u00e3o de Vilar, Vinhas S. A., com o apoio da Ehrmanns Wines, o nome do vinho foi inspirado num dos singles do \u00e1lbum mais recente da banda, Senjutsu, e o r\u00f3tulo \u00e9 colecion\u00e1vel. Feito a partir das castas Touriga Nacional e Tinta Roriz, o vinho foi apresentado este m\u00eas na ProWein, em D\u00fcsseldorf, na Alemanha. \u00c1lvaro Van Zeller, en\u00f3logo executivo, destacou que o projeto representou uma honra e um desafio devido \u00e0 proje\u00e7\u00e3o internacional e ao impacto da banda na sua gera\u00e7\u00e3o.<\/p>\n<p><b>Notas de prova:<\/b><br \/>\nEste vinho cativa com sua apar\u00eancia rubi brilhante e um aroma convincente de frutas vermelhas maduras e carvalho. O paladar revela camadas de elegantes amoras e groselhas, apoiadas por taninos estruturados que contribuem para seu car\u00e1ter robusto. Um final persistente.<\/p>\n<\/div>\n","protected":false},"excerpt":{"rendered":"<div>\n<div class=\"summary_title\">\n<h5 class=\"h5\">scri\u00e7\u00e3o<\/h5>\n<\/div>\n<\/div>\n<div class=\"product__description quick-add-hidden\">\n<p>Bruce Dickinson, vocalista da banda brit\u00e2nica de heavy metal Iron Maiden, lan\u00e7ou o vinho Iron Maiden Darkest Red 2021, DOC Douro. Produzido pela Van Zeller Wine Collection, anteriormente conhecida como Bar\u00e3o de Vilar, Vinhas S. A., com o apoio da Ehrmanns Wines, o nome do vinho foi inspirado num dos singles do \u00e1lbum mais recente da banda, Senjutsu, e o r\u00f3tulo \u00e9 colecion\u00e1vel. Feito a partir das castas Touriga Nacional e Tinta Roriz, o vinho foi apresentado este m\u00eas na ProWein, em D\u00fcsseldorf, na Alemanha. \u00c1lvaro Van Zeller, en\u00f3logo executivo, destacou que o projeto representou uma honra e um desafio devido \u00e0 proje\u00e7\u00e3o internacional e ao impacto da banda na sua gera\u00e7\u00e3o.<\/p>\n<p><b>Notas de prova:<\/b><br \/>\nEste vinho cativa com sua apar\u00eancia rubi brilhante e um aroma convincente de frutas vermelhas maduras e carvalho. O paladar revela camadas de elegantes amoras e groselhas, apoiadas por taninos estruturados que contribuem para seu car\u00e1ter robusto e um final persistente.<\/p>\n<\/div>\n","protected":false},"featured_media":3527,"comment_status":"open","ping_status":"closed","template":"","meta":{"_joinchat":[]},"product_cat":[175,179],"product_tag":[],"yoast_head":"<!-- This site is optimized with the Yoast SEO plugin v19.11 - https:\/\/yoast.com\/wordpress\/plugins\/seo\/ -->\n<title>Iron Maiden Darkest Red Douro 2021 - Porto Wine House<\/title>\n<meta name=\"robots\" content=\"index, follow, max-snippet:-1, max-image-preview:large, max-video-preview:-1\" \/>\n<link rel=\"canonical\" href=\"https:\/\/portowinehouse.com\/en\/product\/iron-maiden-darkest-red-douro\/\" \/>\n<meta property=\"og:locale\" content=\"en_US\" \/>\n<meta property=\"og:type\" content=\"article\" \/>\n<meta property=\"og:title\" content=\"Iron Maiden Darkest Red Douro 2021 - Porto Wine House\" \/>\n<meta property=\"og:description\" content=\"scri\u00e7\u00e3o     Bruce Dickinson, vocalista da banda brit\u00e2nica de heavy metal Iron Maiden, lan\u00e7ou o vinho Iron Maiden Darkest Red 2021, DOC Douro. Produzido pela Van Zeller Wine Collection, anteriormente conhecida como Bar\u00e3o de Vilar, Vinhas S. A., com o apoio da Ehrmanns Wines, o nome do vinho foi inspirado num dos singles do \u00e1lbum mais recente da banda, Senjutsu, e o r\u00f3tulo \u00e9 colecion\u00e1vel. Feito a partir das castas Touriga Nacional e Tinta Roriz, o vinho foi apresentado este m\u00eas na ProWein, em D\u00fcsseldorf, na Alemanha. \u00c1lvaro Van Zeller, en\u00f3logo executivo, destacou que o projeto representou uma honra e um desafio devido \u00e0 proje\u00e7\u00e3o internacional e ao impacto da banda na sua gera\u00e7\u00e3o.  Notas de prova: Este vinho cativa com sua apar\u00eancia rubi brilhante e um aroma convincente de frutas vermelhas maduras e carvalho. O paladar revela camadas de elegantes amoras e groselhas, apoiadas por taninos estruturados que contribuem para seu car\u00e1ter robusto e um final persistente.\" \/>\n<meta property=\"og:url\" content=\"https:\/\/portowinehouse.com\/en\/product\/iron-maiden-darkest-red-douro\/\" \/>\n<meta property=\"og:site_name\" content=\"Porto Wine House\" \/>\n<meta property=\"article:publisher\" content=\"https:\/\/pt-pt.facebook.com\/Porto-Wine-House-350305098331175\/\" \/>\n<meta property=\"article:modified_time\" content=\"2024-07-29T13:43:40+00:00\" \/>\n<meta property=\"og:image\" content=\"https:\/\/portowinehouse.com\/wp-content\/uploads\/2024\/07\/IronMadenDarkestRed_1_b708fc17-14cc-4b01-a647-413381faee5a_576x.webp\" \/>\n\t<meta property=\"og:image:width\" content=\"576\" \/>\n\t<meta property=\"og:image:height\" content=\"576\" \/>\n\t<meta property=\"og:image:type\" content=\"image\/webp\" \/>\n<meta name=\"twitter:card\" content=\"summary_large_image\" \/>\n<meta name=\"twitter:label1\" content=\"Est. reading time\" \/>\n\t<meta name=\"twitter:data1\" content=\"1 minute\" \/>\n<script type=\"application\/ld+json\" class=\"yoast-schema-graph\">{\"@context\":\"https:\/\/schema.org\",\"@graph\":[{\"@type\":\"WebPage\",\"@id\":\"https:\/\/portowinehouse.com\/en\/product\/iron-maiden-darkest-red-douro\/\",\"url\":\"https:\/\/portowinehouse.com\/en\/product\/iron-maiden-darkest-red-douro\/\",\"name\":\"Iron Maiden Darkest Red Douro 2021 - Porto Wine House\",\"isPartOf\":{\"@id\":\"https:\/\/portowinehouse.com\/#website\"},\"datePublished\":\"2024-07-29T13:41:09+00:00\",\"dateModified\":\"2024-07-29T13:43:40+00:00\",\"breadcrumb\":{\"@id\":\"https:\/\/portowinehouse.com\/en\/product\/iron-maiden-darkest-red-douro\/#breadcrumb\"},\"inLanguage\":\"en-US\",\"potentialAction\":[{\"@type\":\"ReadAction\",\"target\":[\"https:\/\/portowinehouse.com\/en\/product\/iron-maiden-darkest-red-douro\/\"]}]},{\"@type\":\"BreadcrumbList\",\"@id\":\"https:\/\/portowinehouse.com\/en\/product\/iron-maiden-darkest-red-douro\/#breadcrumb\",\"itemListElement\":[{\"@type\":\"ListItem\",\"position\":1,\"name\":\"In\u00edcio\",\"item\":\"https:\/\/portowinehouse.com\/en\/\"},{\"@type\":\"ListItem\",\"position\":2,\"name\":\"Shop\",\"item\":\"https:\/\/portowinehouse.com\/en\/shop\/\"},{\"@type\":\"ListItem\",\"position\":3,\"name\":\"Iron Maiden Darkest Red Douro 2021\"}]},{\"@type\":\"WebSite\",\"@id\":\"https:\/\/portowinehouse.com\/#website\",\"url\":\"https:\/\/portowinehouse.com\/\",\"name\":\"Porto Wine House\",\"description\":\"\",\"publisher\":{\"@id\":\"https:\/\/portowinehouse.com\/#organization\"},\"potentialAction\":[{\"@type\":\"SearchAction\",\"target\":{\"@type\":\"EntryPoint\",\"urlTemplate\":\"https:\/\/portowinehouse.com\/?s={search_term_string}\"},\"query-input\":\"required name=search_term_string\"}],\"inLanguage\":\"en-US\"},{\"@type\":\"Organization\",\"@id\":\"https:\/\/portowinehouse.com\/#organization\",\"name\":\"Porto Wine House\",\"url\":\"https:\/\/portowinehouse.com\/\",\"logo\":{\"@type\":\"ImageObject\",\"inLanguage\":\"en-US\",\"@id\":\"https:\/\/portowinehouse.com\/#\/schema\/logo\/image\/\",\"url\":\"https:\/\/portowinehouse.com\/wp-content\/uploads\/2020\/06\/logo-wine.jpg\",\"contentUrl\":\"https:\/\/portowinehouse.com\/wp-content\/uploads\/2020\/06\/logo-wine.jpg\",\"width\":99,\"height\":117,\"caption\":\"Porto Wine House\"},\"image\":{\"@id\":\"https:\/\/portowinehouse.com\/#\/schema\/logo\/image\/\"},\"sameAs\":[\"https:\/\/pt-pt.facebook.com\/Porto-Wine-House-350305098331175\/\"]}]}<\/script>\n<!-- \/ Yoast SEO plugin. -->","yoast_head_json":{"title":"Iron Maiden Darkest Red Douro 2021 - Porto Wine House","robots":{"index":"index","follow":"follow","max-snippet":"max-snippet:-1","max-image-preview":"max-image-preview:large","max-video-preview":"max-video-preview:-1"},"canonical":"https:\/\/portowinehouse.com\/en\/product\/iron-maiden-darkest-red-douro\/","og_locale":"en_US","og_type":"article","og_title":"Iron Maiden Darkest Red Douro 2021 - Porto Wine House","og_description":"scri\u00e7\u00e3o     Bruce Dickinson, vocalista da banda brit\u00e2nica de heavy metal Iron Maiden, lan\u00e7ou o vinho Iron Maiden Darkest Red 2021, DOC Douro. Produzido pela Van Zeller Wine Collection, anteriormente conhecida como Bar\u00e3o de Vilar, Vinhas S. A., com o apoio da Ehrmanns Wines, o nome do vinho foi inspirado num dos singles do \u00e1lbum mais recente da banda, Senjutsu, e o r\u00f3tulo \u00e9 colecion\u00e1vel. Feito a partir das castas Touriga Nacional e Tinta Roriz, o vinho foi apresentado este m\u00eas na ProWein, em D\u00fcsseldorf, na Alemanha. \u00c1lvaro Van Zeller, en\u00f3logo executivo, destacou que o projeto representou uma honra e um desafio devido \u00e0 proje\u00e7\u00e3o internacional e ao impacto da banda na sua gera\u00e7\u00e3o.  Notas de prova: Este vinho cativa com sua apar\u00eancia rubi brilhante e um aroma convincente de frutas vermelhas maduras e carvalho. O paladar revela camadas de elegantes amoras e groselhas, apoiadas por taninos estruturados que contribuem para seu car\u00e1ter robusto e um final persistente.","og_url":"https:\/\/portowinehouse.com\/en\/product\/iron-maiden-darkest-red-douro\/","og_site_name":"Porto Wine House","article_publisher":"https:\/\/pt-pt.facebook.com\/Porto-Wine-House-350305098331175\/","article_modified_time":"2024-07-29T13:43:40+00:00","og_image":[{"width":576,"height":576,"url":"https:\/\/portowinehouse.com\/wp-content\/uploads\/2024\/07\/IronMadenDarkestRed_1_b708fc17-14cc-4b01-a647-413381faee5a_576x.webp","type":"image\/webp"}],"twitter_card":"summary_large_image","twitter_misc":{"Est. reading time":"1 minute"},"schema":{"@context":"https:\/\/schema.org","@graph":[{"@type":"WebPage","@id":"https:\/\/portowinehouse.com\/en\/product\/iron-maiden-darkest-red-douro\/","url":"https:\/\/portowinehouse.com\/en\/product\/iron-maiden-darkest-red-douro\/","name":"Iron Maiden Darkest Red Douro 2021 - Porto Wine House","isPartOf":{"@id":"https:\/\/portowinehouse.com\/#website"},"datePublished":"2024-07-29T13:41:09+00:00","dateModified":"2024-07-29T13:43:40+00:00","breadcrumb":{"@id":"https:\/\/portowinehouse.com\/en\/product\/iron-maiden-darkest-red-douro\/#breadcrumb"},"inLanguage":"en-US","potentialAction":[{"@type":"ReadAction","target":["https:\/\/portowinehouse.com\/en\/product\/iron-maiden-darkest-red-douro\/"]}]},{"@type":"BreadcrumbList","@id":"https:\/\/portowinehouse.com\/en\/product\/iron-maiden-darkest-red-douro\/#breadcrumb","itemListElement":[{"@type":"ListItem","position":1,"name":"In\u00edcio","item":"https:\/\/portowinehouse.com\/en\/"},{"@type":"ListItem","position":2,"name":"Shop","item":"https:\/\/portowinehouse.com\/en\/shop\/"},{"@type":"ListItem","position":3,"name":"Iron Maiden Darkest Red Douro 2021"}]},{"@type":"WebSite","@id":"https:\/\/portowinehouse.com\/#website","url":"https:\/\/portowinehouse.com\/","name":"Porto Wine House","description":"","publisher":{"@id":"https:\/\/portowinehouse.com\/#organization"},"potentialAction":[{"@type":"SearchAction","target":{"@type":"EntryPoint","urlTemplate":"https:\/\/portowinehouse.com\/?s={search_term_string}"},"query-input":"required name=search_term_string"}],"inLanguage":"en-US"},{"@type":"Organization","@id":"https:\/\/portowinehouse.com\/#organization","name":"Porto Wine House","url":"https:\/\/portowinehouse.com\/","logo":{"@type":"ImageObject","inLanguage":"en-US","@id":"https:\/\/portowinehouse.com\/#\/schema\/logo\/image\/","url":"https:\/\/portowinehouse.com\/wp-content\/uploads\/2020\/06\/logo-wine.jpg","contentUrl":"https:\/\/portowinehouse.com\/wp-content\/uploads\/2020\/06\/logo-wine.jpg","width":99,"height":117,"caption":"Porto Wine House"},"image":{"@id":"https:\/\/portowinehouse.com\/#\/schema\/logo\/image\/"},"sameAs":["https:\/\/pt-pt.facebook.com\/Porto-Wine-House-350305098331175\/"]}]}},"_links":{"self":[{"href":"https:\/\/portowinehouse.com\/en\/wp-json\/wp\/v2\/product\/3529"}],"collection":[{"href":"https:\/\/portowinehouse.com\/en\/wp-json\/wp\/v2\/product"}],"about":[{"href":"https:\/\/portowinehouse.com\/en\/wp-json\/wp\/v2\/types\/product"}],"replies":[{"embeddable":true,"href":"https:\/\/portowinehouse.com\/en\/wp-json\/wp\/v2\/comments?post=3529"}],"wp:featuredmedia":[{"embeddable":true,"href":"https:\/\/portowinehouse.com\/en\/wp-json\/wp\/v2\/media\/3527"}],"wp:attachment":[{"href":"https:\/\/portowinehouse.com\/en\/wp-json\/wp\/v2\/media?parent=3529"}],"wp:term":[{"taxonomy":"product_cat","embeddable":true,"href":"https:\/\/portowinehouse.com\/en\/wp-json\/wp\/v2\/product_cat?post=3529"},{"taxonomy":"product_tag","embeddable":true,"href":"https:\/\/portowinehouse.com\/en\/wp-json\/wp\/v2\/product_tag?post=3529"}],"curies":[{"name":"wp","href":"https:\/\/api.w.org\/{rel}","templated":true}]}}