{"id":3461,"date":"2024-02-23T16:48:21","date_gmt":"2024-02-23T16:48:21","guid":{"rendered":"https:\/\/portowinehouse.com\/produto\/quinta-da-pedra-escrita-colheita-branco\/"},"modified":"2024-02-23T16:50:45","modified_gmt":"2024-02-23T16:50:45","slug":"quinta-da-pedra-escrita-colheita-branco","status":"publish","type":"product","link":"https:\/\/portowinehouse.com\/en\/product\/quinta-da-pedra-escrita-colheita-branco\/","title":{"rendered":"Quinta da Pedra Escrita White Wine"},"content":{"rendered":"","protected":false},"excerpt":{"rendered":"<p>NOTA DE PROVA &#8211; Aroma muito c\u00edtrico e mineral, notas de toranja, frutos ex\u00f3ticos discretos e flores do campo complexadas por uma forte mineralidade do solo exclusivamente gran\u00edtico, com um fumado muito discreto.\u00a0Boca muito persistente e fresca com notas c\u00edtricas muito vivas definidas num conjunto muito elegante, com acidez muito fresca e persistente.<\/p>\n<p>EST\u00c1GIO &#8211; 25% do lote fermenta em barricas usadas de carvalho franc\u00eas e os restantes 75% em cubas de a\u00e7o inox, durante 6 meses com prepara\u00e7\u00e3o das borras at\u00e9 ao engarrafamento.\u00a0O est\u00e1gio em garrafa \u00e9 no m\u00ednimo de 4 meses.<\/p>\n","protected":false},"featured_media":3774,"comment_status":"open","ping_status":"closed","template":"","meta":{"_joinchat":[]},"product_cat":[175,177],"product_tag":[],"yoast_head":"<!-- This site is optimized with the Yoast SEO plugin v19.11 - https:\/\/yoast.com\/wordpress\/plugins\/seo\/ -->\n<title>Quinta da Pedra Escrita White Wine - Porto Wine House<\/title>\n<meta name=\"robots\" content=\"index, follow, max-snippet:-1, max-image-preview:large, max-video-preview:-1\" \/>\n<link rel=\"canonical\" href=\"https:\/\/portowinehouse.com\/en\/product\/quinta-da-pedra-escrita-colheita-branco\/\" \/>\n<meta property=\"og:locale\" content=\"en_US\" \/>\n<meta property=\"og:type\" content=\"article\" \/>\n<meta property=\"og:title\" content=\"Quinta da Pedra Escrita White Wine - Porto Wine House\" \/>\n<meta property=\"og:description\" content=\"NOTA DE PROVA - Aroma muito c\u00edtrico e mineral, notas de toranja, frutos ex\u00f3ticos discretos e flores do campo complexadas por uma forte mineralidade do solo exclusivamente gran\u00edtico, com um fumado muito discreto.\u00a0Boca muito persistente e fresca com notas c\u00edtricas muito vivas definidas num conjunto muito elegante, com acidez muito fresca e persistente.  EST\u00c1GIO - 25% do lote fermenta em barricas usadas de carvalho franc\u00eas e os restantes 75% em cubas de a\u00e7o inox, durante 6 meses com prepara\u00e7\u00e3o das borras at\u00e9 ao engarrafamento.\u00a0O est\u00e1gio em garrafa \u00e9 no m\u00ednimo de 4 meses.\" \/>\n<meta property=\"og:url\" content=\"https:\/\/portowinehouse.com\/en\/product\/quinta-da-pedra-escrita-colheita-branco\/\" \/>\n<meta property=\"og:site_name\" content=\"Porto Wine House\" \/>\n<meta property=\"article:publisher\" content=\"https:\/\/pt-pt.facebook.com\/Porto-Wine-House-350305098331175\/\" \/>\n<meta property=\"article:modified_time\" content=\"2024-02-23T16:50:45+00:00\" \/>\n<meta name=\"twitter:card\" content=\"summary_large_image\" \/>\n<script type=\"application\/ld+json\" class=\"yoast-schema-graph\">{\"@context\":\"https:\/\/schema.org\",\"@graph\":[{\"@type\":\"WebPage\",\"@id\":\"https:\/\/portowinehouse.com\/en\/product\/quinta-da-pedra-escrita-colheita-branco\/\",\"url\":\"https:\/\/portowinehouse.com\/en\/product\/quinta-da-pedra-escrita-colheita-branco\/\",\"name\":\"Quinta da Pedra Escrita White Wine - Porto Wine House\",\"isPartOf\":{\"@id\":\"https:\/\/portowinehouse.com\/#website\"},\"datePublished\":\"2024-02-23T16:48:21+00:00\",\"dateModified\":\"2024-02-23T16:50:45+00:00\",\"breadcrumb\":{\"@id\":\"https:\/\/portowinehouse.com\/en\/product\/quinta-da-pedra-escrita-colheita-branco\/#breadcrumb\"},\"inLanguage\":\"en-US\",\"potentialAction\":[{\"@type\":\"ReadAction\",\"target\":[\"https:\/\/portowinehouse.com\/en\/product\/quinta-da-pedra-escrita-colheita-branco\/\"]}]},{\"@type\":\"BreadcrumbList\",\"@id\":\"https:\/\/portowinehouse.com\/en\/product\/quinta-da-pedra-escrita-colheita-branco\/#breadcrumb\",\"itemListElement\":[{\"@type\":\"ListItem\",\"position\":1,\"name\":\"In\u00edcio\",\"item\":\"https:\/\/portowinehouse.com\/en\/\"},{\"@type\":\"ListItem\",\"position\":2,\"name\":\"Shop\",\"item\":\"https:\/\/portowinehouse.com\/en\/shop\/\"},{\"@type\":\"ListItem\",\"position\":3,\"name\":\"Quinta da Pedra Escrita White Wine\"}]},{\"@type\":\"WebSite\",\"@id\":\"https:\/\/portowinehouse.com\/#website\",\"url\":\"https:\/\/portowinehouse.com\/\",\"name\":\"Porto Wine House\",\"description\":\"\",\"publisher\":{\"@id\":\"https:\/\/portowinehouse.com\/#organization\"},\"potentialAction\":[{\"@type\":\"SearchAction\",\"target\":{\"@type\":\"EntryPoint\",\"urlTemplate\":\"https:\/\/portowinehouse.com\/?s={search_term_string}\"},\"query-input\":\"required name=search_term_string\"}],\"inLanguage\":\"en-US\"},{\"@type\":\"Organization\",\"@id\":\"https:\/\/portowinehouse.com\/#organization\",\"name\":\"Porto Wine House\",\"url\":\"https:\/\/portowinehouse.com\/\",\"logo\":{\"@type\":\"ImageObject\",\"inLanguage\":\"en-US\",\"@id\":\"https:\/\/portowinehouse.com\/#\/schema\/logo\/image\/\",\"url\":\"https:\/\/portowinehouse.com\/wp-content\/uploads\/2020\/06\/logo-wine.jpg\",\"contentUrl\":\"https:\/\/portowinehouse.com\/wp-content\/uploads\/2020\/06\/logo-wine.jpg\",\"width\":99,\"height\":117,\"caption\":\"Porto Wine House\"},\"image\":{\"@id\":\"https:\/\/portowinehouse.com\/#\/schema\/logo\/image\/\"},\"sameAs\":[\"https:\/\/pt-pt.facebook.com\/Porto-Wine-House-350305098331175\/\"]}]}<\/script>\n<!-- \/ Yoast SEO plugin. -->","yoast_head_json":{"title":"Quinta da Pedra Escrita White Wine - Porto Wine House","robots":{"index":"index","follow":"follow","max-snippet":"max-snippet:-1","max-image-preview":"max-image-preview:large","max-video-preview":"max-video-preview:-1"},"canonical":"https:\/\/portowinehouse.com\/en\/product\/quinta-da-pedra-escrita-colheita-branco\/","og_locale":"en_US","og_type":"article","og_title":"Quinta da Pedra Escrita White Wine - Porto Wine House","og_description":"NOTA DE PROVA - Aroma muito c\u00edtrico e mineral, notas de toranja, frutos ex\u00f3ticos discretos e flores do campo complexadas por uma forte mineralidade do solo exclusivamente gran\u00edtico, com um fumado muito discreto.\u00a0Boca muito persistente e fresca com notas c\u00edtricas muito vivas definidas num conjunto muito elegante, com acidez muito fresca e persistente.  EST\u00c1GIO - 25% do lote fermenta em barricas usadas de carvalho franc\u00eas e os restantes 75% em cubas de a\u00e7o inox, durante 6 meses com prepara\u00e7\u00e3o das borras at\u00e9 ao engarrafamento.\u00a0O est\u00e1gio em garrafa \u00e9 no m\u00ednimo de 4 meses.","og_url":"https:\/\/portowinehouse.com\/en\/product\/quinta-da-pedra-escrita-colheita-branco\/","og_site_name":"Porto Wine House","article_publisher":"https:\/\/pt-pt.facebook.com\/Porto-Wine-House-350305098331175\/","article_modified_time":"2024-02-23T16:50:45+00:00","twitter_card":"summary_large_image","schema":{"@context":"https:\/\/schema.org","@graph":[{"@type":"WebPage","@id":"https:\/\/portowinehouse.com\/en\/product\/quinta-da-pedra-escrita-colheita-branco\/","url":"https:\/\/portowinehouse.com\/en\/product\/quinta-da-pedra-escrita-colheita-branco\/","name":"Quinta da Pedra Escrita White Wine - Porto Wine House","isPartOf":{"@id":"https:\/\/portowinehouse.com\/#website"},"datePublished":"2024-02-23T16:48:21+00:00","dateModified":"2024-02-23T16:50:45+00:00","breadcrumb":{"@id":"https:\/\/portowinehouse.com\/en\/product\/quinta-da-pedra-escrita-colheita-branco\/#breadcrumb"},"inLanguage":"en-US","potentialAction":[{"@type":"ReadAction","target":["https:\/\/portowinehouse.com\/en\/product\/quinta-da-pedra-escrita-colheita-branco\/"]}]},{"@type":"BreadcrumbList","@id":"https:\/\/portowinehouse.com\/en\/product\/quinta-da-pedra-escrita-colheita-branco\/#breadcrumb","itemListElement":[{"@type":"ListItem","position":1,"name":"In\u00edcio","item":"https:\/\/portowinehouse.com\/en\/"},{"@type":"ListItem","position":2,"name":"Shop","item":"https:\/\/portowinehouse.com\/en\/shop\/"},{"@type":"ListItem","position":3,"name":"Quinta da Pedra Escrita White Wine"}]},{"@type":"WebSite","@id":"https:\/\/portowinehouse.com\/#website","url":"https:\/\/portowinehouse.com\/","name":"Porto Wine House","description":"","publisher":{"@id":"https:\/\/portowinehouse.com\/#organization"},"potentialAction":[{"@type":"SearchAction","target":{"@type":"EntryPoint","urlTemplate":"https:\/\/portowinehouse.com\/?s={search_term_string}"},"query-input":"required name=search_term_string"}],"inLanguage":"en-US"},{"@type":"Organization","@id":"https:\/\/portowinehouse.com\/#organization","name":"Porto Wine House","url":"https:\/\/portowinehouse.com\/","logo":{"@type":"ImageObject","inLanguage":"en-US","@id":"https:\/\/portowinehouse.com\/#\/schema\/logo\/image\/","url":"https:\/\/portowinehouse.com\/wp-content\/uploads\/2020\/06\/logo-wine.jpg","contentUrl":"https:\/\/portowinehouse.com\/wp-content\/uploads\/2020\/06\/logo-wine.jpg","width":99,"height":117,"caption":"Porto Wine House"},"image":{"@id":"https:\/\/portowinehouse.com\/#\/schema\/logo\/image\/"},"sameAs":["https:\/\/pt-pt.facebook.com\/Porto-Wine-House-350305098331175\/"]}]}},"_links":{"self":[{"href":"https:\/\/portowinehouse.com\/en\/wp-json\/wp\/v2\/product\/3461"}],"collection":[{"href":"https:\/\/portowinehouse.com\/en\/wp-json\/wp\/v2\/product"}],"about":[{"href":"https:\/\/portowinehouse.com\/en\/wp-json\/wp\/v2\/types\/product"}],"replies":[{"embeddable":true,"href":"https:\/\/portowinehouse.com\/en\/wp-json\/wp\/v2\/comments?post=3461"}],"wp:featuredmedia":[{"embeddable":true,"href":"https:\/\/portowinehouse.com\/en\/wp-json\/wp\/v2\/media\/3774"}],"wp:attachment":[{"href":"https:\/\/portowinehouse.com\/en\/wp-json\/wp\/v2\/media?parent=3461"}],"wp:term":[{"taxonomy":"product_cat","embeddable":true,"href":"https:\/\/portowinehouse.com\/en\/wp-json\/wp\/v2\/product_cat?post=3461"},{"taxonomy":"product_tag","embeddable":true,"href":"https:\/\/portowinehouse.com\/en\/wp-json\/wp\/v2\/product_tag?post=3461"}],"curies":[{"name":"wp","href":"https:\/\/api.w.org\/{rel}","templated":true}]}}