{"id":3247,"date":"2022-12-29T15:37:48","date_gmt":"2022-12-29T15:37:48","guid":{"rendered":"https:\/\/portowinehouse.com\/produto\/vinha-centenaria-p28-p21\/"},"modified":"2022-12-29T15:38:33","modified_gmt":"2022-12-29T15:38:33","slug":"vinha-centenaria-p28-p21","status":"publish","type":"product","link":"https:\/\/portowinehouse.com\/en\/product\/vinha-centenaria-p28-p21\/","title":{"rendered":"Vinha Centen\u00e1ria P28\/P21"},"content":{"rendered":"","protected":false},"excerpt":{"rendered":"<p>Foi na Quinta Nova de Nossa Senhora do Carmo que\u00a0decorreu o primeiro estudo para a planta\u00e7\u00e3o monovarietal\u00a0na regi\u00e3o do Douro. Entre 1979 e 1981 em conjunto com o Minist\u00e9rio da Agricultura Portugu\u00eas, atrav\u00e9s do Centro de\u00a0Estudos Vitivin\u00edcolas do Douro, escolheram se na Quinta\u00a0Nova as melhores exposi\u00e7\u00f5es solares para o estudo de\u00a0planta\u00e7\u00e3o de tr\u00eas castas: Tinta Roriz, Touriga Nacional e\u00a0Touriga Franca.<\/p>\n<p>A\u00a0Parcela 28 plantada com a casta Tinta Roriz, composta\u00a0por 2650 p\u00e9s e um declive de 25% localiza-se a uma altitude entre os 205 e os 210 metros. Esta casta demonstra bem o desafio vitivin\u00edcola e a persist\u00eancia humana em preservar\u00a0um Douro antigo e aut\u00eantico. A austeridade da casta \u00e9\u00a0not\u00f3ria em boca, mas ao mesmo tempo, somos seduzidos<br \/>\npor uma sofistica\u00e7\u00e3o algo contempor\u00e2nea que, aliada \u00e0 vinha centen\u00e1ria (Parcela 21) origina,\u00a0 um lote que revela uma Refer\u00eancia\u00a0no Douro portugu\u00eas um vinho pleno de mineralidade,\u00a0frutos azuis, rico em notas especiadas com uma estrutura\u00a0firme e uma boca bem estreita. A elevada concentra\u00e7\u00e3o, a\u00a0densidade e a profundidade expressam bem a sua origem.<\/p>\n","protected":false},"featured_media":3246,"comment_status":"open","ping_status":"closed","template":"","meta":{"_joinchat":[]},"product_cat":[179,175],"product_tag":[],"yoast_head":"<!-- This site is optimized with the Yoast SEO plugin v19.11 - https:\/\/yoast.com\/wordpress\/plugins\/seo\/ -->\n<title>Vinha Centen\u00e1ria P28\/P21 - Porto Wine House<\/title>\n<meta name=\"robots\" content=\"index, follow, max-snippet:-1, max-image-preview:large, max-video-preview:-1\" \/>\n<link rel=\"canonical\" href=\"https:\/\/portowinehouse.com\/en\/product\/vinha-centenaria-p28-p21\/\" \/>\n<meta property=\"og:locale\" content=\"en_US\" \/>\n<meta property=\"og:type\" content=\"article\" \/>\n<meta property=\"og:title\" content=\"Vinha Centen\u00e1ria P28\/P21 - Porto Wine House\" \/>\n<meta property=\"og:description\" content=\"Foi na Quinta Nova de Nossa Senhora do Carmo que\u00a0decorreu o primeiro estudo para a planta\u00e7\u00e3o monovarietal\u00a0na regi\u00e3o do Douro. Entre 1979 e 1981 em conjunto com o Minist\u00e9rio da Agricultura Portugu\u00eas, atrav\u00e9s do Centro de\u00a0Estudos Vitivin\u00edcolas do Douro, escolheram se na Quinta\u00a0Nova as melhores exposi\u00e7\u00f5es solares para o estudo de\u00a0planta\u00e7\u00e3o de tr\u00eas castas: Tinta Roriz, Touriga Nacional e\u00a0Touriga Franca.  A\u00a0Parcela 28 plantada com a casta Tinta Roriz, composta\u00a0por 2650 p\u00e9s e um declive de 25% localiza-se a uma altitude entre os 205 e os 210 metros. Esta casta demonstra bem o desafio vitivin\u00edcola e a persist\u00eancia humana em preservar\u00a0um Douro antigo e aut\u00eantico. A austeridade da casta \u00e9\u00a0not\u00f3ria em boca, mas ao mesmo tempo, somos seduzidos por uma sofistica\u00e7\u00e3o algo contempor\u00e2nea que, aliada \u00e0 vinha centen\u00e1ria (Parcela 21) origina,\u00a0 um lote que revela uma Refer\u00eancia\u00a0no Douro portugu\u00eas um vinho pleno de mineralidade,\u00a0frutos azuis, rico em notas especiadas com uma estrutura\u00a0firme e uma boca bem estreita. A elevada concentra\u00e7\u00e3o, a\u00a0densidade e a profundidade expressam bem a sua origem.\" \/>\n<meta property=\"og:url\" content=\"https:\/\/portowinehouse.com\/en\/product\/vinha-centenaria-p28-p21\/\" \/>\n<meta property=\"og:site_name\" content=\"Porto Wine House\" \/>\n<meta property=\"article:publisher\" content=\"https:\/\/pt-pt.facebook.com\/Porto-Wine-House-350305098331175\/\" \/>\n<meta property=\"article:modified_time\" content=\"2022-12-29T15:38:33+00:00\" \/>\n<meta property=\"og:image\" content=\"https:\/\/portowinehouse.com\/wp-content\/uploads\/2022\/12\/vinha-centenaria-2019.png\" \/>\n\t<meta property=\"og:image:width\" content=\"197\" \/>\n\t<meta property=\"og:image:height\" content=\"573\" \/>\n\t<meta property=\"og:image:type\" content=\"image\/png\" \/>\n<meta name=\"twitter:card\" content=\"summary_large_image\" \/>\n<script type=\"application\/ld+json\" class=\"yoast-schema-graph\">{\"@context\":\"https:\/\/schema.org\",\"@graph\":[{\"@type\":\"WebPage\",\"@id\":\"https:\/\/portowinehouse.com\/en\/product\/vinha-centenaria-p28-p21\/\",\"url\":\"https:\/\/portowinehouse.com\/en\/product\/vinha-centenaria-p28-p21\/\",\"name\":\"Vinha Centen\u00e1ria P28\/P21 - Porto Wine House\",\"isPartOf\":{\"@id\":\"https:\/\/portowinehouse.com\/#website\"},\"datePublished\":\"2022-12-29T15:37:48+00:00\",\"dateModified\":\"2022-12-29T15:38:33+00:00\",\"breadcrumb\":{\"@id\":\"https:\/\/portowinehouse.com\/en\/product\/vinha-centenaria-p28-p21\/#breadcrumb\"},\"inLanguage\":\"en-US\",\"potentialAction\":[{\"@type\":\"ReadAction\",\"target\":[\"https:\/\/portowinehouse.com\/en\/product\/vinha-centenaria-p28-p21\/\"]}]},{\"@type\":\"BreadcrumbList\",\"@id\":\"https:\/\/portowinehouse.com\/en\/product\/vinha-centenaria-p28-p21\/#breadcrumb\",\"itemListElement\":[{\"@type\":\"ListItem\",\"position\":1,\"name\":\"In\u00edcio\",\"item\":\"https:\/\/portowinehouse.com\/en\/\"},{\"@type\":\"ListItem\",\"position\":2,\"name\":\"Shop\",\"item\":\"https:\/\/portowinehouse.com\/en\/shop\/\"},{\"@type\":\"ListItem\",\"position\":3,\"name\":\"Vinha Centen\u00e1ria P28\/P21\"}]},{\"@type\":\"WebSite\",\"@id\":\"https:\/\/portowinehouse.com\/#website\",\"url\":\"https:\/\/portowinehouse.com\/\",\"name\":\"Porto Wine House\",\"description\":\"\",\"publisher\":{\"@id\":\"https:\/\/portowinehouse.com\/#organization\"},\"potentialAction\":[{\"@type\":\"SearchAction\",\"target\":{\"@type\":\"EntryPoint\",\"urlTemplate\":\"https:\/\/portowinehouse.com\/?s={search_term_string}\"},\"query-input\":\"required name=search_term_string\"}],\"inLanguage\":\"en-US\"},{\"@type\":\"Organization\",\"@id\":\"https:\/\/portowinehouse.com\/#organization\",\"name\":\"Porto Wine House\",\"url\":\"https:\/\/portowinehouse.com\/\",\"logo\":{\"@type\":\"ImageObject\",\"inLanguage\":\"en-US\",\"@id\":\"https:\/\/portowinehouse.com\/#\/schema\/logo\/image\/\",\"url\":\"https:\/\/portowinehouse.com\/wp-content\/uploads\/2020\/06\/logo-wine.jpg\",\"contentUrl\":\"https:\/\/portowinehouse.com\/wp-content\/uploads\/2020\/06\/logo-wine.jpg\",\"width\":99,\"height\":117,\"caption\":\"Porto Wine House\"},\"image\":{\"@id\":\"https:\/\/portowinehouse.com\/#\/schema\/logo\/image\/\"},\"sameAs\":[\"https:\/\/pt-pt.facebook.com\/Porto-Wine-House-350305098331175\/\"]}]}<\/script>\n<!-- \/ Yoast SEO plugin. -->","yoast_head_json":{"title":"Vinha Centen\u00e1ria P28\/P21 - Porto Wine House","robots":{"index":"index","follow":"follow","max-snippet":"max-snippet:-1","max-image-preview":"max-image-preview:large","max-video-preview":"max-video-preview:-1"},"canonical":"https:\/\/portowinehouse.com\/en\/product\/vinha-centenaria-p28-p21\/","og_locale":"en_US","og_type":"article","og_title":"Vinha Centen\u00e1ria P28\/P21 - Porto Wine House","og_description":"Foi na Quinta Nova de Nossa Senhora do Carmo que\u00a0decorreu o primeiro estudo para a planta\u00e7\u00e3o monovarietal\u00a0na regi\u00e3o do Douro. Entre 1979 e 1981 em conjunto com o Minist\u00e9rio da Agricultura Portugu\u00eas, atrav\u00e9s do Centro de\u00a0Estudos Vitivin\u00edcolas do Douro, escolheram se na Quinta\u00a0Nova as melhores exposi\u00e7\u00f5es solares para o estudo de\u00a0planta\u00e7\u00e3o de tr\u00eas castas: Tinta Roriz, Touriga Nacional e\u00a0Touriga Franca.  A\u00a0Parcela 28 plantada com a casta Tinta Roriz, composta\u00a0por 2650 p\u00e9s e um declive de 25% localiza-se a uma altitude entre os 205 e os 210 metros. Esta casta demonstra bem o desafio vitivin\u00edcola e a persist\u00eancia humana em preservar\u00a0um Douro antigo e aut\u00eantico. A austeridade da casta \u00e9\u00a0not\u00f3ria em boca, mas ao mesmo tempo, somos seduzidos por uma sofistica\u00e7\u00e3o algo contempor\u00e2nea que, aliada \u00e0 vinha centen\u00e1ria (Parcela 21) origina,\u00a0 um lote que revela uma Refer\u00eancia\u00a0no Douro portugu\u00eas um vinho pleno de mineralidade,\u00a0frutos azuis, rico em notas especiadas com uma estrutura\u00a0firme e uma boca bem estreita. A elevada concentra\u00e7\u00e3o, a\u00a0densidade e a profundidade expressam bem a sua origem.","og_url":"https:\/\/portowinehouse.com\/en\/product\/vinha-centenaria-p28-p21\/","og_site_name":"Porto Wine House","article_publisher":"https:\/\/pt-pt.facebook.com\/Porto-Wine-House-350305098331175\/","article_modified_time":"2022-12-29T15:38:33+00:00","og_image":[{"width":197,"height":573,"url":"https:\/\/portowinehouse.com\/wp-content\/uploads\/2022\/12\/vinha-centenaria-2019.png","type":"image\/png"}],"twitter_card":"summary_large_image","schema":{"@context":"https:\/\/schema.org","@graph":[{"@type":"WebPage","@id":"https:\/\/portowinehouse.com\/en\/product\/vinha-centenaria-p28-p21\/","url":"https:\/\/portowinehouse.com\/en\/product\/vinha-centenaria-p28-p21\/","name":"Vinha Centen\u00e1ria P28\/P21 - Porto Wine House","isPartOf":{"@id":"https:\/\/portowinehouse.com\/#website"},"datePublished":"2022-12-29T15:37:48+00:00","dateModified":"2022-12-29T15:38:33+00:00","breadcrumb":{"@id":"https:\/\/portowinehouse.com\/en\/product\/vinha-centenaria-p28-p21\/#breadcrumb"},"inLanguage":"en-US","potentialAction":[{"@type":"ReadAction","target":["https:\/\/portowinehouse.com\/en\/product\/vinha-centenaria-p28-p21\/"]}]},{"@type":"BreadcrumbList","@id":"https:\/\/portowinehouse.com\/en\/product\/vinha-centenaria-p28-p21\/#breadcrumb","itemListElement":[{"@type":"ListItem","position":1,"name":"In\u00edcio","item":"https:\/\/portowinehouse.com\/en\/"},{"@type":"ListItem","position":2,"name":"Shop","item":"https:\/\/portowinehouse.com\/en\/shop\/"},{"@type":"ListItem","position":3,"name":"Vinha Centen\u00e1ria P28\/P21"}]},{"@type":"WebSite","@id":"https:\/\/portowinehouse.com\/#website","url":"https:\/\/portowinehouse.com\/","name":"Porto Wine House","description":"","publisher":{"@id":"https:\/\/portowinehouse.com\/#organization"},"potentialAction":[{"@type":"SearchAction","target":{"@type":"EntryPoint","urlTemplate":"https:\/\/portowinehouse.com\/?s={search_term_string}"},"query-input":"required name=search_term_string"}],"inLanguage":"en-US"},{"@type":"Organization","@id":"https:\/\/portowinehouse.com\/#organization","name":"Porto Wine House","url":"https:\/\/portowinehouse.com\/","logo":{"@type":"ImageObject","inLanguage":"en-US","@id":"https:\/\/portowinehouse.com\/#\/schema\/logo\/image\/","url":"https:\/\/portowinehouse.com\/wp-content\/uploads\/2020\/06\/logo-wine.jpg","contentUrl":"https:\/\/portowinehouse.com\/wp-content\/uploads\/2020\/06\/logo-wine.jpg","width":99,"height":117,"caption":"Porto Wine House"},"image":{"@id":"https:\/\/portowinehouse.com\/#\/schema\/logo\/image\/"},"sameAs":["https:\/\/pt-pt.facebook.com\/Porto-Wine-House-350305098331175\/"]}]}},"_links":{"self":[{"href":"https:\/\/portowinehouse.com\/en\/wp-json\/wp\/v2\/product\/3247"}],"collection":[{"href":"https:\/\/portowinehouse.com\/en\/wp-json\/wp\/v2\/product"}],"about":[{"href":"https:\/\/portowinehouse.com\/en\/wp-json\/wp\/v2\/types\/product"}],"replies":[{"embeddable":true,"href":"https:\/\/portowinehouse.com\/en\/wp-json\/wp\/v2\/comments?post=3247"}],"wp:featuredmedia":[{"embeddable":true,"href":"https:\/\/portowinehouse.com\/en\/wp-json\/wp\/v2\/media\/3246"}],"wp:attachment":[{"href":"https:\/\/portowinehouse.com\/en\/wp-json\/wp\/v2\/media?parent=3247"}],"wp:term":[{"taxonomy":"product_cat","embeddable":true,"href":"https:\/\/portowinehouse.com\/en\/wp-json\/wp\/v2\/product_cat?post=3247"},{"taxonomy":"product_tag","embeddable":true,"href":"https:\/\/portowinehouse.com\/en\/wp-json\/wp\/v2\/product_tag?post=3247"}],"curies":[{"name":"wp","href":"https:\/\/api.w.org\/{rel}","templated":true}]}}