{"id":3179,"date":"2022-11-25T11:59:16","date_gmt":"2022-11-25T11:59:16","guid":{"rendered":"https:\/\/portowinehouse.com\/produto\/chryseia-2020\/"},"modified":"2022-11-25T12:00:04","modified_gmt":"2022-11-25T12:00:04","slug":"chryseia-2020","status":"publish","type":"product","link":"https:\/\/portowinehouse.com\/en\/product\/chryseia-2020\/","title":{"rendered":"Chryseia Red 2020"},"content":{"rendered":"","protected":false},"excerpt":{"rendered":"<p><span class=\"bold\">Castas: <\/span>Touriga Nacional (70%) e Touriga Franca (30%)<br \/>\n<span class=\"bold\">En\u00f3logo:\u00a0<\/span>Bruno Prats, Charles Symington, Pedro Correia e Miguel Bessa<\/p>\n<p><span class=\"bold\">Est\u00e1gio:\u00a0<\/span>Realizou est\u00e1gio de15 meses embarricas de carvalho franc\u00eas de 400 L<\/p>\n<p><span class=\"bold\">Notas de Prova:\u00a0<\/span>&#8220;Cheio, intenso, profundo e robusto, mas que resulta sempre delicado. Impressiona sem nunca se impor, deixa espa\u00e7o e liberdade ao julgamento. De classe mundial!&#8221; &#8211; Jos\u00e9 Augusto Moreira (P\u00fablico)<\/p>\n","protected":false},"featured_media":3178,"comment_status":"open","ping_status":"closed","template":"","meta":{"_joinchat":[]},"product_cat":[175,179],"product_tag":[],"yoast_head":"<!-- This site is optimized with the Yoast SEO plugin v19.11 - https:\/\/yoast.com\/wordpress\/plugins\/seo\/ -->\n<title>Chryseia Red 2020 - Porto Wine House<\/title>\n<meta name=\"robots\" content=\"index, follow, max-snippet:-1, max-image-preview:large, max-video-preview:-1\" \/>\n<link rel=\"canonical\" href=\"https:\/\/portowinehouse.com\/en\/product\/chryseia-2020\/\" \/>\n<meta property=\"og:locale\" content=\"en_US\" \/>\n<meta property=\"og:type\" content=\"article\" \/>\n<meta property=\"og:title\" content=\"Chryseia Red 2020 - Porto Wine House\" \/>\n<meta property=\"og:description\" content=\"Castas: Touriga Nacional (70%) e Touriga Franca (30%) En\u00f3logo:\u00a0Bruno Prats, Charles Symington, Pedro Correia e Miguel Bessa  Est\u00e1gio:\u00a0Realizou est\u00e1gio de15 meses embarricas de carvalho franc\u00eas de 400 L  Notas de Prova:\u00a0&quot;Cheio, intenso, profundo e robusto, mas que resulta sempre delicado. Impressiona sem nunca se impor, deixa espa\u00e7o e liberdade ao julgamento. De classe mundial!&quot; - Jos\u00e9 Augusto Moreira (P\u00fablico)\" \/>\n<meta property=\"og:url\" content=\"https:\/\/portowinehouse.com\/en\/product\/chryseia-2020\/\" \/>\n<meta property=\"og:site_name\" content=\"Porto Wine House\" \/>\n<meta property=\"article:publisher\" content=\"https:\/\/pt-pt.facebook.com\/Porto-Wine-House-350305098331175\/\" \/>\n<meta property=\"article:modified_time\" content=\"2022-11-25T12:00:04+00:00\" \/>\n<meta property=\"og:image\" content=\"https:\/\/portowinehouse.com\/wp-content\/uploads\/2022\/11\/chryseia-tinto-2020.png\" \/>\n\t<meta property=\"og:image:width\" content=\"209\" \/>\n\t<meta property=\"og:image:height\" content=\"868\" \/>\n\t<meta property=\"og:image:type\" content=\"image\/png\" \/>\n<meta name=\"twitter:card\" content=\"summary_large_image\" \/>\n<script type=\"application\/ld+json\" class=\"yoast-schema-graph\">{\"@context\":\"https:\/\/schema.org\",\"@graph\":[{\"@type\":\"WebPage\",\"@id\":\"https:\/\/portowinehouse.com\/en\/product\/chryseia-2020\/\",\"url\":\"https:\/\/portowinehouse.com\/en\/product\/chryseia-2020\/\",\"name\":\"Chryseia Red 2020 - Porto Wine House\",\"isPartOf\":{\"@id\":\"https:\/\/portowinehouse.com\/#website\"},\"datePublished\":\"2022-11-25T11:59:16+00:00\",\"dateModified\":\"2022-11-25T12:00:04+00:00\",\"breadcrumb\":{\"@id\":\"https:\/\/portowinehouse.com\/en\/product\/chryseia-2020\/#breadcrumb\"},\"inLanguage\":\"en-US\",\"potentialAction\":[{\"@type\":\"ReadAction\",\"target\":[\"https:\/\/portowinehouse.com\/en\/product\/chryseia-2020\/\"]}]},{\"@type\":\"BreadcrumbList\",\"@id\":\"https:\/\/portowinehouse.com\/en\/product\/chryseia-2020\/#breadcrumb\",\"itemListElement\":[{\"@type\":\"ListItem\",\"position\":1,\"name\":\"In\u00edcio\",\"item\":\"https:\/\/portowinehouse.com\/en\/\"},{\"@type\":\"ListItem\",\"position\":2,\"name\":\"Shop\",\"item\":\"https:\/\/portowinehouse.com\/en\/shop\/\"},{\"@type\":\"ListItem\",\"position\":3,\"name\":\"Chryseia Red 2020\"}]},{\"@type\":\"WebSite\",\"@id\":\"https:\/\/portowinehouse.com\/#website\",\"url\":\"https:\/\/portowinehouse.com\/\",\"name\":\"Porto Wine House\",\"description\":\"\",\"publisher\":{\"@id\":\"https:\/\/portowinehouse.com\/#organization\"},\"potentialAction\":[{\"@type\":\"SearchAction\",\"target\":{\"@type\":\"EntryPoint\",\"urlTemplate\":\"https:\/\/portowinehouse.com\/?s={search_term_string}\"},\"query-input\":\"required name=search_term_string\"}],\"inLanguage\":\"en-US\"},{\"@type\":\"Organization\",\"@id\":\"https:\/\/portowinehouse.com\/#organization\",\"name\":\"Porto Wine House\",\"url\":\"https:\/\/portowinehouse.com\/\",\"logo\":{\"@type\":\"ImageObject\",\"inLanguage\":\"en-US\",\"@id\":\"https:\/\/portowinehouse.com\/#\/schema\/logo\/image\/\",\"url\":\"https:\/\/portowinehouse.com\/wp-content\/uploads\/2020\/06\/logo-wine.jpg\",\"contentUrl\":\"https:\/\/portowinehouse.com\/wp-content\/uploads\/2020\/06\/logo-wine.jpg\",\"width\":99,\"height\":117,\"caption\":\"Porto Wine House\"},\"image\":{\"@id\":\"https:\/\/portowinehouse.com\/#\/schema\/logo\/image\/\"},\"sameAs\":[\"https:\/\/pt-pt.facebook.com\/Porto-Wine-House-350305098331175\/\"]}]}<\/script>\n<!-- \/ Yoast SEO plugin. -->","yoast_head_json":{"title":"Chryseia Red 2020 - Porto Wine House","robots":{"index":"index","follow":"follow","max-snippet":"max-snippet:-1","max-image-preview":"max-image-preview:large","max-video-preview":"max-video-preview:-1"},"canonical":"https:\/\/portowinehouse.com\/en\/product\/chryseia-2020\/","og_locale":"en_US","og_type":"article","og_title":"Chryseia Red 2020 - Porto Wine House","og_description":"Castas: Touriga Nacional (70%) e Touriga Franca (30%) En\u00f3logo:\u00a0Bruno Prats, Charles Symington, Pedro Correia e Miguel Bessa  Est\u00e1gio:\u00a0Realizou est\u00e1gio de15 meses embarricas de carvalho franc\u00eas de 400 L  Notas de Prova:\u00a0\"Cheio, intenso, profundo e robusto, mas que resulta sempre delicado. Impressiona sem nunca se impor, deixa espa\u00e7o e liberdade ao julgamento. De classe mundial!\" - Jos\u00e9 Augusto Moreira (P\u00fablico)","og_url":"https:\/\/portowinehouse.com\/en\/product\/chryseia-2020\/","og_site_name":"Porto Wine House","article_publisher":"https:\/\/pt-pt.facebook.com\/Porto-Wine-House-350305098331175\/","article_modified_time":"2022-11-25T12:00:04+00:00","og_image":[{"width":209,"height":868,"url":"https:\/\/portowinehouse.com\/wp-content\/uploads\/2022\/11\/chryseia-tinto-2020.png","type":"image\/png"}],"twitter_card":"summary_large_image","schema":{"@context":"https:\/\/schema.org","@graph":[{"@type":"WebPage","@id":"https:\/\/portowinehouse.com\/en\/product\/chryseia-2020\/","url":"https:\/\/portowinehouse.com\/en\/product\/chryseia-2020\/","name":"Chryseia Red 2020 - Porto Wine House","isPartOf":{"@id":"https:\/\/portowinehouse.com\/#website"},"datePublished":"2022-11-25T11:59:16+00:00","dateModified":"2022-11-25T12:00:04+00:00","breadcrumb":{"@id":"https:\/\/portowinehouse.com\/en\/product\/chryseia-2020\/#breadcrumb"},"inLanguage":"en-US","potentialAction":[{"@type":"ReadAction","target":["https:\/\/portowinehouse.com\/en\/product\/chryseia-2020\/"]}]},{"@type":"BreadcrumbList","@id":"https:\/\/portowinehouse.com\/en\/product\/chryseia-2020\/#breadcrumb","itemListElement":[{"@type":"ListItem","position":1,"name":"In\u00edcio","item":"https:\/\/portowinehouse.com\/en\/"},{"@type":"ListItem","position":2,"name":"Shop","item":"https:\/\/portowinehouse.com\/en\/shop\/"},{"@type":"ListItem","position":3,"name":"Chryseia Red 2020"}]},{"@type":"WebSite","@id":"https:\/\/portowinehouse.com\/#website","url":"https:\/\/portowinehouse.com\/","name":"Porto Wine House","description":"","publisher":{"@id":"https:\/\/portowinehouse.com\/#organization"},"potentialAction":[{"@type":"SearchAction","target":{"@type":"EntryPoint","urlTemplate":"https:\/\/portowinehouse.com\/?s={search_term_string}"},"query-input":"required name=search_term_string"}],"inLanguage":"en-US"},{"@type":"Organization","@id":"https:\/\/portowinehouse.com\/#organization","name":"Porto Wine House","url":"https:\/\/portowinehouse.com\/","logo":{"@type":"ImageObject","inLanguage":"en-US","@id":"https:\/\/portowinehouse.com\/#\/schema\/logo\/image\/","url":"https:\/\/portowinehouse.com\/wp-content\/uploads\/2020\/06\/logo-wine.jpg","contentUrl":"https:\/\/portowinehouse.com\/wp-content\/uploads\/2020\/06\/logo-wine.jpg","width":99,"height":117,"caption":"Porto Wine House"},"image":{"@id":"https:\/\/portowinehouse.com\/#\/schema\/logo\/image\/"},"sameAs":["https:\/\/pt-pt.facebook.com\/Porto-Wine-House-350305098331175\/"]}]}},"_links":{"self":[{"href":"https:\/\/portowinehouse.com\/en\/wp-json\/wp\/v2\/product\/3179"}],"collection":[{"href":"https:\/\/portowinehouse.com\/en\/wp-json\/wp\/v2\/product"}],"about":[{"href":"https:\/\/portowinehouse.com\/en\/wp-json\/wp\/v2\/types\/product"}],"replies":[{"embeddable":true,"href":"https:\/\/portowinehouse.com\/en\/wp-json\/wp\/v2\/comments?post=3179"}],"wp:featuredmedia":[{"embeddable":true,"href":"https:\/\/portowinehouse.com\/en\/wp-json\/wp\/v2\/media\/3178"}],"wp:attachment":[{"href":"https:\/\/portowinehouse.com\/en\/wp-json\/wp\/v2\/media?parent=3179"}],"wp:term":[{"taxonomy":"product_cat","embeddable":true,"href":"https:\/\/portowinehouse.com\/en\/wp-json\/wp\/v2\/product_cat?post=3179"},{"taxonomy":"product_tag","embeddable":true,"href":"https:\/\/portowinehouse.com\/en\/wp-json\/wp\/v2\/product_tag?post=3179"}],"curies":[{"name":"wp","href":"https:\/\/api.w.org\/{rel}","templated":true}]}}