{"id":2770,"date":"2021-10-23T14:02:49","date_gmt":"2021-10-23T14:02:49","guid":{"rendered":"https:\/\/portowinehouse.com\/produto\/espumante-qta-das-bageiras-super-reserva-2018\/"},"modified":"2025-06-10T15:11:20","modified_gmt":"2025-06-10T15:11:20","slug":"espumante-qta-das-bageiras-super-reserva-2018","status":"publish","type":"product","link":"https:\/\/portowinehouse.com\/en\/product\/espumante-qta-das-bageiras-super-reserva-2018\/","title":{"rendered":"Espumante Qta. das B\u00e1geiras Super Reserve"},"content":{"rendered":"<p>Grapes: Bical and Maria Gomes<\/p>\n","protected":false},"excerpt":{"rendered":"<p>Castas:\u00a0Bical e Maria Gomes<\/p>\n<p>\u00c9 vinificado de bica aberta, sendo o mosto colocado em pequenos decantadores de 1m\u00b3 onde permanece entre 24 a 36 horas para fazer a decanta\u00e7\u00e3o atrav\u00e9s de precipita\u00e7\u00e3o natural. No final deste processo, o mosto \u00e9 transferido para dep\u00f3sitos de inox onde fermenta, com um controlo de temperatura feito com queda de \u00e1gua refrigerada. Aqui procuramos ter um vinho base em que exista um pouco mais de teor alco\u00f3lico, mantendo uma acidez elevada. O vinho base \u00e9 espumantizado, normalmente, em mar\u00e7o do ano seguinte e, no caso do Super Reserva, estagia 24 meses em cave antes do degorgement. Trata-se de um espumante m\u00e9todo tradicional, fermentado em garrafa, com a remuage feita \u00e0 m\u00e3o em pupitres de madeira. Sendo um bruto natural, n\u00e3o tem qualquer adi\u00e7\u00e3o de a\u00e7\u00facar no licor de expedi\u00e7\u00e3o.<\/p>\n","protected":false},"featured_media":2769,"comment_status":"open","ping_status":"closed","template":"","meta":{"_joinchat":[]},"product_cat":[161],"product_tag":[],"yoast_head":"<!-- This site is optimized with the Yoast SEO plugin v19.11 - https:\/\/yoast.com\/wordpress\/plugins\/seo\/ -->\n<title>Espumante Qta. das B\u00e1geiras Super Reserve - Porto Wine House<\/title>\n<meta name=\"robots\" content=\"index, follow, max-snippet:-1, max-image-preview:large, max-video-preview:-1\" \/>\n<link rel=\"canonical\" href=\"https:\/\/portowinehouse.com\/en\/product\/espumante-qta-das-bageiras-super-reserva-2018\/\" \/>\n<meta property=\"og:locale\" content=\"en_US\" \/>\n<meta property=\"og:type\" content=\"article\" \/>\n<meta property=\"og:title\" content=\"Espumante Qta. das B\u00e1geiras Super Reserve - Porto Wine House\" \/>\n<meta property=\"og:description\" content=\"Castas:\u00a0Bical e Maria Gomes  \u00c9 vinificado de bica aberta, sendo o mosto colocado em pequenos decantadores de 1m\u00b3 onde permanece entre 24 a 36 horas para fazer a decanta\u00e7\u00e3o atrav\u00e9s de precipita\u00e7\u00e3o natural. No final deste processo, o mosto \u00e9 transferido para dep\u00f3sitos de inox onde fermenta, com um controlo de temperatura feito com queda de \u00e1gua refrigerada. Aqui procuramos ter um vinho base em que exista um pouco mais de teor alco\u00f3lico, mantendo uma acidez elevada. O vinho base \u00e9 espumantizado, normalmente, em mar\u00e7o do ano seguinte e, no caso do Super Reserva, estagia 24 meses em cave antes do degorgement. Trata-se de um espumante m\u00e9todo tradicional, fermentado em garrafa, com a remuage feita \u00e0 m\u00e3o em pupitres de madeira. Sendo um bruto natural, n\u00e3o tem qualquer adi\u00e7\u00e3o de a\u00e7\u00facar no licor de expedi\u00e7\u00e3o.\" \/>\n<meta property=\"og:url\" content=\"https:\/\/portowinehouse.com\/en\/product\/espumante-qta-das-bageiras-super-reserva-2018\/\" \/>\n<meta property=\"og:site_name\" content=\"Porto Wine House\" \/>\n<meta property=\"article:publisher\" content=\"https:\/\/pt-pt.facebook.com\/Porto-Wine-House-350305098331175\/\" \/>\n<meta property=\"article:modified_time\" content=\"2025-06-10T15:11:20+00:00\" \/>\n<meta property=\"og:image\" content=\"https:\/\/portowinehouse.com\/wp-content\/uploads\/2021\/10\/Espumante-Qta-das-Bageiras-Super-Reserva-Bruto-Natural-branco.jpg\" \/>\n\t<meta property=\"og:image:width\" content=\"600\" \/>\n\t<meta property=\"og:image:height\" content=\"600\" \/>\n\t<meta property=\"og:image:type\" content=\"image\/jpeg\" \/>\n<meta name=\"twitter:card\" content=\"summary_large_image\" \/>\n<meta name=\"twitter:label1\" content=\"Est. reading time\" \/>\n\t<meta name=\"twitter:data1\" content=\"1 minute\" \/>\n<script type=\"application\/ld+json\" class=\"yoast-schema-graph\">{\"@context\":\"https:\/\/schema.org\",\"@graph\":[{\"@type\":\"WebPage\",\"@id\":\"https:\/\/portowinehouse.com\/en\/product\/espumante-qta-das-bageiras-super-reserva-2018\/\",\"url\":\"https:\/\/portowinehouse.com\/en\/product\/espumante-qta-das-bageiras-super-reserva-2018\/\",\"name\":\"Espumante Qta. das B\u00e1geiras Super Reserve - Porto Wine House\",\"isPartOf\":{\"@id\":\"https:\/\/portowinehouse.com\/#website\"},\"datePublished\":\"2021-10-23T14:02:49+00:00\",\"dateModified\":\"2025-06-10T15:11:20+00:00\",\"breadcrumb\":{\"@id\":\"https:\/\/portowinehouse.com\/en\/product\/espumante-qta-das-bageiras-super-reserva-2018\/#breadcrumb\"},\"inLanguage\":\"en-US\",\"potentialAction\":[{\"@type\":\"ReadAction\",\"target\":[\"https:\/\/portowinehouse.com\/en\/product\/espumante-qta-das-bageiras-super-reserva-2018\/\"]}]},{\"@type\":\"BreadcrumbList\",\"@id\":\"https:\/\/portowinehouse.com\/en\/product\/espumante-qta-das-bageiras-super-reserva-2018\/#breadcrumb\",\"itemListElement\":[{\"@type\":\"ListItem\",\"position\":1,\"name\":\"In\u00edcio\",\"item\":\"https:\/\/portowinehouse.com\/en\/\"},{\"@type\":\"ListItem\",\"position\":2,\"name\":\"Shop\",\"item\":\"https:\/\/portowinehouse.com\/en\/shop\/\"},{\"@type\":\"ListItem\",\"position\":3,\"name\":\"Espumante Qta. das B\u00e1geiras Super Reserve\"}]},{\"@type\":\"WebSite\",\"@id\":\"https:\/\/portowinehouse.com\/#website\",\"url\":\"https:\/\/portowinehouse.com\/\",\"name\":\"Porto Wine House\",\"description\":\"\",\"publisher\":{\"@id\":\"https:\/\/portowinehouse.com\/#organization\"},\"potentialAction\":[{\"@type\":\"SearchAction\",\"target\":{\"@type\":\"EntryPoint\",\"urlTemplate\":\"https:\/\/portowinehouse.com\/?s={search_term_string}\"},\"query-input\":\"required name=search_term_string\"}],\"inLanguage\":\"en-US\"},{\"@type\":\"Organization\",\"@id\":\"https:\/\/portowinehouse.com\/#organization\",\"name\":\"Porto Wine House\",\"url\":\"https:\/\/portowinehouse.com\/\",\"logo\":{\"@type\":\"ImageObject\",\"inLanguage\":\"en-US\",\"@id\":\"https:\/\/portowinehouse.com\/#\/schema\/logo\/image\/\",\"url\":\"https:\/\/portowinehouse.com\/wp-content\/uploads\/2020\/06\/logo-wine.jpg\",\"contentUrl\":\"https:\/\/portowinehouse.com\/wp-content\/uploads\/2020\/06\/logo-wine.jpg\",\"width\":99,\"height\":117,\"caption\":\"Porto Wine House\"},\"image\":{\"@id\":\"https:\/\/portowinehouse.com\/#\/schema\/logo\/image\/\"},\"sameAs\":[\"https:\/\/pt-pt.facebook.com\/Porto-Wine-House-350305098331175\/\"]}]}<\/script>\n<!-- \/ Yoast SEO plugin. -->","yoast_head_json":{"title":"Espumante Qta. das B\u00e1geiras Super Reserve - Porto Wine House","robots":{"index":"index","follow":"follow","max-snippet":"max-snippet:-1","max-image-preview":"max-image-preview:large","max-video-preview":"max-video-preview:-1"},"canonical":"https:\/\/portowinehouse.com\/en\/product\/espumante-qta-das-bageiras-super-reserva-2018\/","og_locale":"en_US","og_type":"article","og_title":"Espumante Qta. das B\u00e1geiras Super Reserve - Porto Wine House","og_description":"Castas:\u00a0Bical e Maria Gomes  \u00c9 vinificado de bica aberta, sendo o mosto colocado em pequenos decantadores de 1m\u00b3 onde permanece entre 24 a 36 horas para fazer a decanta\u00e7\u00e3o atrav\u00e9s de precipita\u00e7\u00e3o natural. No final deste processo, o mosto \u00e9 transferido para dep\u00f3sitos de inox onde fermenta, com um controlo de temperatura feito com queda de \u00e1gua refrigerada. Aqui procuramos ter um vinho base em que exista um pouco mais de teor alco\u00f3lico, mantendo uma acidez elevada. O vinho base \u00e9 espumantizado, normalmente, em mar\u00e7o do ano seguinte e, no caso do Super Reserva, estagia 24 meses em cave antes do degorgement. Trata-se de um espumante m\u00e9todo tradicional, fermentado em garrafa, com a remuage feita \u00e0 m\u00e3o em pupitres de madeira. Sendo um bruto natural, n\u00e3o tem qualquer adi\u00e7\u00e3o de a\u00e7\u00facar no licor de expedi\u00e7\u00e3o.","og_url":"https:\/\/portowinehouse.com\/en\/product\/espumante-qta-das-bageiras-super-reserva-2018\/","og_site_name":"Porto Wine House","article_publisher":"https:\/\/pt-pt.facebook.com\/Porto-Wine-House-350305098331175\/","article_modified_time":"2025-06-10T15:11:20+00:00","og_image":[{"width":600,"height":600,"url":"https:\/\/portowinehouse.com\/wp-content\/uploads\/2021\/10\/Espumante-Qta-das-Bageiras-Super-Reserva-Bruto-Natural-branco.jpg","type":"image\/jpeg"}],"twitter_card":"summary_large_image","twitter_misc":{"Est. reading time":"1 minute"},"schema":{"@context":"https:\/\/schema.org","@graph":[{"@type":"WebPage","@id":"https:\/\/portowinehouse.com\/en\/product\/espumante-qta-das-bageiras-super-reserva-2018\/","url":"https:\/\/portowinehouse.com\/en\/product\/espumante-qta-das-bageiras-super-reserva-2018\/","name":"Espumante Qta. das B\u00e1geiras Super Reserve - Porto Wine House","isPartOf":{"@id":"https:\/\/portowinehouse.com\/#website"},"datePublished":"2021-10-23T14:02:49+00:00","dateModified":"2025-06-10T15:11:20+00:00","breadcrumb":{"@id":"https:\/\/portowinehouse.com\/en\/product\/espumante-qta-das-bageiras-super-reserva-2018\/#breadcrumb"},"inLanguage":"en-US","potentialAction":[{"@type":"ReadAction","target":["https:\/\/portowinehouse.com\/en\/product\/espumante-qta-das-bageiras-super-reserva-2018\/"]}]},{"@type":"BreadcrumbList","@id":"https:\/\/portowinehouse.com\/en\/product\/espumante-qta-das-bageiras-super-reserva-2018\/#breadcrumb","itemListElement":[{"@type":"ListItem","position":1,"name":"In\u00edcio","item":"https:\/\/portowinehouse.com\/en\/"},{"@type":"ListItem","position":2,"name":"Shop","item":"https:\/\/portowinehouse.com\/en\/shop\/"},{"@type":"ListItem","position":3,"name":"Espumante Qta. das B\u00e1geiras Super Reserve"}]},{"@type":"WebSite","@id":"https:\/\/portowinehouse.com\/#website","url":"https:\/\/portowinehouse.com\/","name":"Porto Wine House","description":"","publisher":{"@id":"https:\/\/portowinehouse.com\/#organization"},"potentialAction":[{"@type":"SearchAction","target":{"@type":"EntryPoint","urlTemplate":"https:\/\/portowinehouse.com\/?s={search_term_string}"},"query-input":"required name=search_term_string"}],"inLanguage":"en-US"},{"@type":"Organization","@id":"https:\/\/portowinehouse.com\/#organization","name":"Porto Wine House","url":"https:\/\/portowinehouse.com\/","logo":{"@type":"ImageObject","inLanguage":"en-US","@id":"https:\/\/portowinehouse.com\/#\/schema\/logo\/image\/","url":"https:\/\/portowinehouse.com\/wp-content\/uploads\/2020\/06\/logo-wine.jpg","contentUrl":"https:\/\/portowinehouse.com\/wp-content\/uploads\/2020\/06\/logo-wine.jpg","width":99,"height":117,"caption":"Porto Wine House"},"image":{"@id":"https:\/\/portowinehouse.com\/#\/schema\/logo\/image\/"},"sameAs":["https:\/\/pt-pt.facebook.com\/Porto-Wine-House-350305098331175\/"]}]}},"_links":{"self":[{"href":"https:\/\/portowinehouse.com\/en\/wp-json\/wp\/v2\/product\/2770"}],"collection":[{"href":"https:\/\/portowinehouse.com\/en\/wp-json\/wp\/v2\/product"}],"about":[{"href":"https:\/\/portowinehouse.com\/en\/wp-json\/wp\/v2\/types\/product"}],"replies":[{"embeddable":true,"href":"https:\/\/portowinehouse.com\/en\/wp-json\/wp\/v2\/comments?post=2770"}],"wp:featuredmedia":[{"embeddable":true,"href":"https:\/\/portowinehouse.com\/en\/wp-json\/wp\/v2\/media\/2769"}],"wp:attachment":[{"href":"https:\/\/portowinehouse.com\/en\/wp-json\/wp\/v2\/media?parent=2770"}],"wp:term":[{"taxonomy":"product_cat","embeddable":true,"href":"https:\/\/portowinehouse.com\/en\/wp-json\/wp\/v2\/product_cat?post=2770"},{"taxonomy":"product_tag","embeddable":true,"href":"https:\/\/portowinehouse.com\/en\/wp-json\/wp\/v2\/product_tag?post=2770"}],"curies":[{"name":"wp","href":"https:\/\/api.w.org\/{rel}","templated":true}]}}