{"id":2726,"date":"2021-09-10T17:52:20","date_gmt":"2021-09-10T17:52:20","guid":{"rendered":"https:\/\/portowinehouse.com\/produto\/cockburns-ruby-soho-porto\/"},"modified":"2021-09-10T17:58:47","modified_gmt":"2021-09-10T17:58:47","slug":"cockburns-ruby-soho-porto","status":"publish","type":"product","link":"https:\/\/portowinehouse.com\/en\/product\/cockburns-ruby-soho-porto\/","title":{"rendered":"Cockburn&#8217;s Ruby Soho Port"},"content":{"rendered":"<p>Bright aromas of blackberry fruit and toffee complement succulent red and black fruit flavours. Great freshness and balance are topped off with moments of explosive peppery spice.<\/p>\n<div>\n<div>Inspired by Soho tradition, Ruby Soho packs a fruity punch and spicy finish that\u2019s perfect for mixing both simple serves and more ambitious cocktails. We recommend you start with our reimagined classic: the iconic Port &amp; Lemon.<\/div>\n<\/div>\n<p>&nbsp;<\/p>\n","protected":false},"excerpt":{"rendered":"<div>\n<div>Intensos aromas de amora e toffee acompanham suculentos sabores de frutos negros e vermelhos. Uma grande frescura e equil\u00edbrio s\u00e3o complementados por momentos explosivos de especiarias apimentadas.<\/div>\n<div>Inspirado na tradi\u00e7\u00e3o Soho, o Ruby Soho junta um poderoso sabor a fruta com um final apimentado que \u00e9 ideal tanto para bebidas simples como para cocktails mais ambiciosos. Recomendamos que comeces por um (rearranjado) cl\u00e1ssico: o ic\u00f3nico porto com lim\u00e3o.<\/div>\n<\/div>\n<p>&nbsp;<\/p>\n","protected":false},"featured_media":2725,"comment_status":"open","ping_status":"closed","template":"","meta":{"_joinchat":[]},"product_cat":[149,172],"product_tag":[],"yoast_head":"<!-- This site is optimized with the Yoast SEO plugin v19.11 - https:\/\/yoast.com\/wordpress\/plugins\/seo\/ -->\n<title>Cockburn&#039;s Ruby Soho Port - Porto Wine House<\/title>\n<meta name=\"robots\" content=\"index, follow, max-snippet:-1, max-image-preview:large, max-video-preview:-1\" \/>\n<link rel=\"canonical\" href=\"https:\/\/portowinehouse.com\/en\/product\/cockburns-ruby-soho-porto\/\" \/>\n<meta property=\"og:locale\" content=\"en_US\" \/>\n<meta property=\"og:type\" content=\"article\" \/>\n<meta property=\"og:title\" content=\"Cockburn&#039;s Ruby Soho Port - Porto Wine House\" \/>\n<meta property=\"og:description\" content=\"Intensos aromas de amora e toffee acompanham suculentos sabores de frutos negros e vermelhos. Uma grande frescura e equil\u00edbrio s\u00e3o complementados por momentos explosivos de especiarias apimentadas. Inspirado na tradi\u00e7\u00e3o Soho, o Ruby Soho junta um poderoso sabor a fruta com um final apimentado que \u00e9 ideal tanto para bebidas simples como para cocktails mais ambiciosos. Recomendamos que comeces por um (rearranjado) cl\u00e1ssico: o ic\u00f3nico porto com lim\u00e3o.  &nbsp;\" \/>\n<meta property=\"og:url\" content=\"https:\/\/portowinehouse.com\/en\/product\/cockburns-ruby-soho-porto\/\" \/>\n<meta property=\"og:site_name\" content=\"Porto Wine House\" \/>\n<meta property=\"article:publisher\" content=\"https:\/\/pt-pt.facebook.com\/Porto-Wine-House-350305098331175\/\" \/>\n<meta property=\"article:modified_time\" content=\"2021-09-10T17:58:47+00:00\" \/>\n<meta property=\"og:image\" content=\"https:\/\/portowinehouse.com\/wp-content\/uploads\/2021\/09\/ruby-soho_img_bottle_14_1627286478.png\" \/>\n\t<meta property=\"og:image:width\" content=\"297\" \/>\n\t<meta property=\"og:image:height\" content=\"863\" \/>\n\t<meta property=\"og:image:type\" content=\"image\/png\" \/>\n<meta name=\"twitter:card\" content=\"summary_large_image\" \/>\n<script type=\"application\/ld+json\" class=\"yoast-schema-graph\">{\"@context\":\"https:\/\/schema.org\",\"@graph\":[{\"@type\":\"WebPage\",\"@id\":\"https:\/\/portowinehouse.com\/en\/product\/cockburns-ruby-soho-porto\/\",\"url\":\"https:\/\/portowinehouse.com\/en\/product\/cockburns-ruby-soho-porto\/\",\"name\":\"Cockburn's Ruby Soho Port - Porto Wine House\",\"isPartOf\":{\"@id\":\"https:\/\/portowinehouse.com\/#website\"},\"datePublished\":\"2021-09-10T17:52:20+00:00\",\"dateModified\":\"2021-09-10T17:58:47+00:00\",\"breadcrumb\":{\"@id\":\"https:\/\/portowinehouse.com\/en\/product\/cockburns-ruby-soho-porto\/#breadcrumb\"},\"inLanguage\":\"en-US\",\"potentialAction\":[{\"@type\":\"ReadAction\",\"target\":[\"https:\/\/portowinehouse.com\/en\/product\/cockburns-ruby-soho-porto\/\"]}]},{\"@type\":\"BreadcrumbList\",\"@id\":\"https:\/\/portowinehouse.com\/en\/product\/cockburns-ruby-soho-porto\/#breadcrumb\",\"itemListElement\":[{\"@type\":\"ListItem\",\"position\":1,\"name\":\"In\u00edcio\",\"item\":\"https:\/\/portowinehouse.com\/en\/\"},{\"@type\":\"ListItem\",\"position\":2,\"name\":\"Shop\",\"item\":\"https:\/\/portowinehouse.com\/en\/shop\/\"},{\"@type\":\"ListItem\",\"position\":3,\"name\":\"Cockburn&#8217;s Ruby Soho Port\"}]},{\"@type\":\"WebSite\",\"@id\":\"https:\/\/portowinehouse.com\/#website\",\"url\":\"https:\/\/portowinehouse.com\/\",\"name\":\"Porto Wine House\",\"description\":\"\",\"publisher\":{\"@id\":\"https:\/\/portowinehouse.com\/#organization\"},\"potentialAction\":[{\"@type\":\"SearchAction\",\"target\":{\"@type\":\"EntryPoint\",\"urlTemplate\":\"https:\/\/portowinehouse.com\/?s={search_term_string}\"},\"query-input\":\"required name=search_term_string\"}],\"inLanguage\":\"en-US\"},{\"@type\":\"Organization\",\"@id\":\"https:\/\/portowinehouse.com\/#organization\",\"name\":\"Porto Wine House\",\"url\":\"https:\/\/portowinehouse.com\/\",\"logo\":{\"@type\":\"ImageObject\",\"inLanguage\":\"en-US\",\"@id\":\"https:\/\/portowinehouse.com\/#\/schema\/logo\/image\/\",\"url\":\"https:\/\/portowinehouse.com\/wp-content\/uploads\/2020\/06\/logo-wine.jpg\",\"contentUrl\":\"https:\/\/portowinehouse.com\/wp-content\/uploads\/2020\/06\/logo-wine.jpg\",\"width\":99,\"height\":117,\"caption\":\"Porto Wine House\"},\"image\":{\"@id\":\"https:\/\/portowinehouse.com\/#\/schema\/logo\/image\/\"},\"sameAs\":[\"https:\/\/pt-pt.facebook.com\/Porto-Wine-House-350305098331175\/\"]}]}<\/script>\n<!-- \/ Yoast SEO plugin. -->","yoast_head_json":{"title":"Cockburn's Ruby Soho Port - Porto Wine House","robots":{"index":"index","follow":"follow","max-snippet":"max-snippet:-1","max-image-preview":"max-image-preview:large","max-video-preview":"max-video-preview:-1"},"canonical":"https:\/\/portowinehouse.com\/en\/product\/cockburns-ruby-soho-porto\/","og_locale":"en_US","og_type":"article","og_title":"Cockburn's Ruby Soho Port - Porto Wine House","og_description":"Intensos aromas de amora e toffee acompanham suculentos sabores de frutos negros e vermelhos. Uma grande frescura e equil\u00edbrio s\u00e3o complementados por momentos explosivos de especiarias apimentadas. Inspirado na tradi\u00e7\u00e3o Soho, o Ruby Soho junta um poderoso sabor a fruta com um final apimentado que \u00e9 ideal tanto para bebidas simples como para cocktails mais ambiciosos. Recomendamos que comeces por um (rearranjado) cl\u00e1ssico: o ic\u00f3nico porto com lim\u00e3o.  &nbsp;","og_url":"https:\/\/portowinehouse.com\/en\/product\/cockburns-ruby-soho-porto\/","og_site_name":"Porto Wine House","article_publisher":"https:\/\/pt-pt.facebook.com\/Porto-Wine-House-350305098331175\/","article_modified_time":"2021-09-10T17:58:47+00:00","og_image":[{"width":297,"height":863,"url":"https:\/\/portowinehouse.com\/wp-content\/uploads\/2021\/09\/ruby-soho_img_bottle_14_1627286478.png","type":"image\/png"}],"twitter_card":"summary_large_image","schema":{"@context":"https:\/\/schema.org","@graph":[{"@type":"WebPage","@id":"https:\/\/portowinehouse.com\/en\/product\/cockburns-ruby-soho-porto\/","url":"https:\/\/portowinehouse.com\/en\/product\/cockburns-ruby-soho-porto\/","name":"Cockburn's Ruby Soho Port - Porto Wine House","isPartOf":{"@id":"https:\/\/portowinehouse.com\/#website"},"datePublished":"2021-09-10T17:52:20+00:00","dateModified":"2021-09-10T17:58:47+00:00","breadcrumb":{"@id":"https:\/\/portowinehouse.com\/en\/product\/cockburns-ruby-soho-porto\/#breadcrumb"},"inLanguage":"en-US","potentialAction":[{"@type":"ReadAction","target":["https:\/\/portowinehouse.com\/en\/product\/cockburns-ruby-soho-porto\/"]}]},{"@type":"BreadcrumbList","@id":"https:\/\/portowinehouse.com\/en\/product\/cockburns-ruby-soho-porto\/#breadcrumb","itemListElement":[{"@type":"ListItem","position":1,"name":"In\u00edcio","item":"https:\/\/portowinehouse.com\/en\/"},{"@type":"ListItem","position":2,"name":"Shop","item":"https:\/\/portowinehouse.com\/en\/shop\/"},{"@type":"ListItem","position":3,"name":"Cockburn&#8217;s Ruby Soho Port"}]},{"@type":"WebSite","@id":"https:\/\/portowinehouse.com\/#website","url":"https:\/\/portowinehouse.com\/","name":"Porto Wine House","description":"","publisher":{"@id":"https:\/\/portowinehouse.com\/#organization"},"potentialAction":[{"@type":"SearchAction","target":{"@type":"EntryPoint","urlTemplate":"https:\/\/portowinehouse.com\/?s={search_term_string}"},"query-input":"required name=search_term_string"}],"inLanguage":"en-US"},{"@type":"Organization","@id":"https:\/\/portowinehouse.com\/#organization","name":"Porto Wine House","url":"https:\/\/portowinehouse.com\/","logo":{"@type":"ImageObject","inLanguage":"en-US","@id":"https:\/\/portowinehouse.com\/#\/schema\/logo\/image\/","url":"https:\/\/portowinehouse.com\/wp-content\/uploads\/2020\/06\/logo-wine.jpg","contentUrl":"https:\/\/portowinehouse.com\/wp-content\/uploads\/2020\/06\/logo-wine.jpg","width":99,"height":117,"caption":"Porto Wine House"},"image":{"@id":"https:\/\/portowinehouse.com\/#\/schema\/logo\/image\/"},"sameAs":["https:\/\/pt-pt.facebook.com\/Porto-Wine-House-350305098331175\/"]}]}},"_links":{"self":[{"href":"https:\/\/portowinehouse.com\/en\/wp-json\/wp\/v2\/product\/2726"}],"collection":[{"href":"https:\/\/portowinehouse.com\/en\/wp-json\/wp\/v2\/product"}],"about":[{"href":"https:\/\/portowinehouse.com\/en\/wp-json\/wp\/v2\/types\/product"}],"replies":[{"embeddable":true,"href":"https:\/\/portowinehouse.com\/en\/wp-json\/wp\/v2\/comments?post=2726"}],"wp:featuredmedia":[{"embeddable":true,"href":"https:\/\/portowinehouse.com\/en\/wp-json\/wp\/v2\/media\/2725"}],"wp:attachment":[{"href":"https:\/\/portowinehouse.com\/en\/wp-json\/wp\/v2\/media?parent=2726"}],"wp:term":[{"taxonomy":"product_cat","embeddable":true,"href":"https:\/\/portowinehouse.com\/en\/wp-json\/wp\/v2\/product_cat?post=2726"},{"taxonomy":"product_tag","embeddable":true,"href":"https:\/\/portowinehouse.com\/en\/wp-json\/wp\/v2\/product_tag?post=2726"}],"curies":[{"name":"wp","href":"https:\/\/api.w.org\/{rel}","templated":true}]}}