{"id":2677,"date":"2021-07-23T14:53:54","date_gmt":"2021-07-23T14:53:54","guid":{"rendered":"https:\/\/portowinehouse.com\/produto\/barca-velha-2011\/"},"modified":"2021-07-23T14:55:58","modified_gmt":"2021-07-23T14:55:58","slug":"barca-velha-2011","status":"publish","type":"product","link":"https:\/\/portowinehouse.com\/en\/product\/barca-velha-2011\/","title":{"rendered":"Barca Velha Red 2011 &#8211; Casa Ferreirinha"},"content":{"rendered":"","protected":false},"excerpt":{"rendered":"<p>A sua cor \u00e9 rubi profunda. Aroma muito complexo, com sali\u00eancia para as especiarias, como a pimenta, as notas bals\u00e2micas, a cedro e caixa de tabaco, frutos vermelhos, como a ameixa madura, ard\u00f3sia e uma madeira de grande qualidade, bem integrada. Na boca tem uma acidez vibrante, muito viva, taninos muito firmes, notas de especiarias, frutos pretos e sabores bals\u00e2micos. O final \u00e9 extremamente longo, de grande eleg\u00e2ncia e complexidade.<\/p>\n<p>En\u00f3logo: Luis Sottomayor<br \/>\nCastas: 45% Touriga Franca, 35% Touriga Nacional, 10% Tinto C\u00e3o, 10% Tinta Roriz<\/p>\n<p>Apesar de pronto a consumir, tem um longo potencial de guarda e evolui positivamente em garrafa<br \/>\nque dever\u00e1 ser mantida deitada. O apogeu&#8221; Talvez 15-20 anos ap\u00f3s colheita, prevendo-se contudo que se mantenha vivo por um per\u00edodo at\u00e9 hoje<br \/>\nindeterminado.<br \/>\n<strong>Servir<\/strong>: Deve ser colocada na vertical na v\u00e9spera e aberta 2 a 3 horas antes de servir. Com tantos anos de garrafa, o vinho dever\u00e1 ser cuidadosamente<\/p>\n<p>decantado para separar o seu sedimento natural. Idealmente deve ser servido \u00e0 temperatura de 16\u00baC-18\u00baC<\/p>\n","protected":false},"featured_media":2674,"comment_status":"open","ping_status":"closed","template":"","meta":{"_joinchat":[]},"product_cat":[175,179],"product_tag":[],"yoast_head":"<!-- This site is optimized with the Yoast SEO plugin v19.11 - https:\/\/yoast.com\/wordpress\/plugins\/seo\/ -->\n<title>Barca Velha Red 2011 - Casa Ferreirinha - Porto Wine House<\/title>\n<meta name=\"robots\" content=\"index, follow, max-snippet:-1, max-image-preview:large, max-video-preview:-1\" \/>\n<link rel=\"canonical\" href=\"https:\/\/portowinehouse.com\/en\/product\/barca-velha-2011\/\" \/>\n<meta property=\"og:locale\" content=\"en_US\" \/>\n<meta property=\"og:type\" content=\"article\" \/>\n<meta property=\"og:title\" content=\"Barca Velha Red 2011 - Casa Ferreirinha - Porto Wine House\" \/>\n<meta property=\"og:description\" content=\"A sua cor \u00e9 rubi profunda. Aroma muito complexo, com sali\u00eancia para as especiarias, como a pimenta, as notas bals\u00e2micas, a cedro e caixa de tabaco, frutos vermelhos, como a ameixa madura, ard\u00f3sia e uma madeira de grande qualidade, bem integrada. Na boca tem uma acidez vibrante, muito viva, taninos muito firmes, notas de especiarias, frutos pretos e sabores bals\u00e2micos. O final \u00e9 extremamente longo, de grande eleg\u00e2ncia e complexidade.  En\u00f3logo: Luis Sottomayor Castas: 45% Touriga Franca, 35% Touriga Nacional, 10% Tinto C\u00e3o, 10% Tinta Roriz  Apesar de pronto a consumir, tem um longo potencial de guarda e evolui positivamente em garrafa que dever\u00e1 ser mantida deitada. O apogeu&quot; Talvez 15-20 anos ap\u00f3s colheita, prevendo-se contudo que se mantenha vivo por um per\u00edodo at\u00e9 hoje indeterminado. Servir: Deve ser colocada na vertical na v\u00e9spera e aberta 2 a 3 horas antes de servir. Com tantos anos de garrafa, o vinho dever\u00e1 ser cuidadosamente  decantado para separar o seu sedimento natural. Idealmente deve ser servido \u00e0 temperatura de 16\u00baC-18\u00baC\" \/>\n<meta property=\"og:url\" content=\"https:\/\/portowinehouse.com\/en\/product\/barca-velha-2011\/\" \/>\n<meta property=\"og:site_name\" content=\"Porto Wine House\" \/>\n<meta property=\"article:publisher\" content=\"https:\/\/pt-pt.facebook.com\/Porto-Wine-House-350305098331175\/\" \/>\n<meta property=\"article:modified_time\" content=\"2021-07-23T14:55:58+00:00\" \/>\n<meta property=\"og:image\" content=\"https:\/\/portowinehouse.com\/wp-content\/uploads\/2021\/07\/barca-velha-tinto-red-wine-2011.png\" \/>\n\t<meta property=\"og:image:width\" content=\"154\" \/>\n\t<meta property=\"og:image:height\" content=\"520\" \/>\n\t<meta property=\"og:image:type\" content=\"image\/png\" \/>\n<meta name=\"twitter:card\" content=\"summary_large_image\" \/>\n<script type=\"application\/ld+json\" class=\"yoast-schema-graph\">{\"@context\":\"https:\/\/schema.org\",\"@graph\":[{\"@type\":\"WebPage\",\"@id\":\"https:\/\/portowinehouse.com\/en\/product\/barca-velha-2011\/\",\"url\":\"https:\/\/portowinehouse.com\/en\/product\/barca-velha-2011\/\",\"name\":\"Barca Velha Red 2011 - Casa Ferreirinha - Porto Wine House\",\"isPartOf\":{\"@id\":\"https:\/\/portowinehouse.com\/#website\"},\"datePublished\":\"2021-07-23T14:53:54+00:00\",\"dateModified\":\"2021-07-23T14:55:58+00:00\",\"breadcrumb\":{\"@id\":\"https:\/\/portowinehouse.com\/en\/product\/barca-velha-2011\/#breadcrumb\"},\"inLanguage\":\"en-US\",\"potentialAction\":[{\"@type\":\"ReadAction\",\"target\":[\"https:\/\/portowinehouse.com\/en\/product\/barca-velha-2011\/\"]}]},{\"@type\":\"BreadcrumbList\",\"@id\":\"https:\/\/portowinehouse.com\/en\/product\/barca-velha-2011\/#breadcrumb\",\"itemListElement\":[{\"@type\":\"ListItem\",\"position\":1,\"name\":\"In\u00edcio\",\"item\":\"https:\/\/portowinehouse.com\/en\/\"},{\"@type\":\"ListItem\",\"position\":2,\"name\":\"Shop\",\"item\":\"https:\/\/portowinehouse.com\/en\/shop\/\"},{\"@type\":\"ListItem\",\"position\":3,\"name\":\"Barca Velha Red 2011 &#8211; Casa Ferreirinha\"}]},{\"@type\":\"WebSite\",\"@id\":\"https:\/\/portowinehouse.com\/#website\",\"url\":\"https:\/\/portowinehouse.com\/\",\"name\":\"Porto Wine House\",\"description\":\"\",\"publisher\":{\"@id\":\"https:\/\/portowinehouse.com\/#organization\"},\"potentialAction\":[{\"@type\":\"SearchAction\",\"target\":{\"@type\":\"EntryPoint\",\"urlTemplate\":\"https:\/\/portowinehouse.com\/?s={search_term_string}\"},\"query-input\":\"required name=search_term_string\"}],\"inLanguage\":\"en-US\"},{\"@type\":\"Organization\",\"@id\":\"https:\/\/portowinehouse.com\/#organization\",\"name\":\"Porto Wine House\",\"url\":\"https:\/\/portowinehouse.com\/\",\"logo\":{\"@type\":\"ImageObject\",\"inLanguage\":\"en-US\",\"@id\":\"https:\/\/portowinehouse.com\/#\/schema\/logo\/image\/\",\"url\":\"https:\/\/portowinehouse.com\/wp-content\/uploads\/2020\/06\/logo-wine.jpg\",\"contentUrl\":\"https:\/\/portowinehouse.com\/wp-content\/uploads\/2020\/06\/logo-wine.jpg\",\"width\":99,\"height\":117,\"caption\":\"Porto Wine House\"},\"image\":{\"@id\":\"https:\/\/portowinehouse.com\/#\/schema\/logo\/image\/\"},\"sameAs\":[\"https:\/\/pt-pt.facebook.com\/Porto-Wine-House-350305098331175\/\"]}]}<\/script>\n<!-- \/ Yoast SEO plugin. -->","yoast_head_json":{"title":"Barca Velha Red 2011 - Casa Ferreirinha - Porto Wine House","robots":{"index":"index","follow":"follow","max-snippet":"max-snippet:-1","max-image-preview":"max-image-preview:large","max-video-preview":"max-video-preview:-1"},"canonical":"https:\/\/portowinehouse.com\/en\/product\/barca-velha-2011\/","og_locale":"en_US","og_type":"article","og_title":"Barca Velha Red 2011 - Casa Ferreirinha - Porto Wine House","og_description":"A sua cor \u00e9 rubi profunda. Aroma muito complexo, com sali\u00eancia para as especiarias, como a pimenta, as notas bals\u00e2micas, a cedro e caixa de tabaco, frutos vermelhos, como a ameixa madura, ard\u00f3sia e uma madeira de grande qualidade, bem integrada. Na boca tem uma acidez vibrante, muito viva, taninos muito firmes, notas de especiarias, frutos pretos e sabores bals\u00e2micos. O final \u00e9 extremamente longo, de grande eleg\u00e2ncia e complexidade.  En\u00f3logo: Luis Sottomayor Castas: 45% Touriga Franca, 35% Touriga Nacional, 10% Tinto C\u00e3o, 10% Tinta Roriz  Apesar de pronto a consumir, tem um longo potencial de guarda e evolui positivamente em garrafa que dever\u00e1 ser mantida deitada. O apogeu\" Talvez 15-20 anos ap\u00f3s colheita, prevendo-se contudo que se mantenha vivo por um per\u00edodo at\u00e9 hoje indeterminado. Servir: Deve ser colocada na vertical na v\u00e9spera e aberta 2 a 3 horas antes de servir. Com tantos anos de garrafa, o vinho dever\u00e1 ser cuidadosamente  decantado para separar o seu sedimento natural. Idealmente deve ser servido \u00e0 temperatura de 16\u00baC-18\u00baC","og_url":"https:\/\/portowinehouse.com\/en\/product\/barca-velha-2011\/","og_site_name":"Porto Wine House","article_publisher":"https:\/\/pt-pt.facebook.com\/Porto-Wine-House-350305098331175\/","article_modified_time":"2021-07-23T14:55:58+00:00","og_image":[{"width":154,"height":520,"url":"https:\/\/portowinehouse.com\/wp-content\/uploads\/2021\/07\/barca-velha-tinto-red-wine-2011.png","type":"image\/png"}],"twitter_card":"summary_large_image","schema":{"@context":"https:\/\/schema.org","@graph":[{"@type":"WebPage","@id":"https:\/\/portowinehouse.com\/en\/product\/barca-velha-2011\/","url":"https:\/\/portowinehouse.com\/en\/product\/barca-velha-2011\/","name":"Barca Velha Red 2011 - Casa Ferreirinha - Porto Wine House","isPartOf":{"@id":"https:\/\/portowinehouse.com\/#website"},"datePublished":"2021-07-23T14:53:54+00:00","dateModified":"2021-07-23T14:55:58+00:00","breadcrumb":{"@id":"https:\/\/portowinehouse.com\/en\/product\/barca-velha-2011\/#breadcrumb"},"inLanguage":"en-US","potentialAction":[{"@type":"ReadAction","target":["https:\/\/portowinehouse.com\/en\/product\/barca-velha-2011\/"]}]},{"@type":"BreadcrumbList","@id":"https:\/\/portowinehouse.com\/en\/product\/barca-velha-2011\/#breadcrumb","itemListElement":[{"@type":"ListItem","position":1,"name":"In\u00edcio","item":"https:\/\/portowinehouse.com\/en\/"},{"@type":"ListItem","position":2,"name":"Shop","item":"https:\/\/portowinehouse.com\/en\/shop\/"},{"@type":"ListItem","position":3,"name":"Barca Velha Red 2011 &#8211; Casa Ferreirinha"}]},{"@type":"WebSite","@id":"https:\/\/portowinehouse.com\/#website","url":"https:\/\/portowinehouse.com\/","name":"Porto Wine House","description":"","publisher":{"@id":"https:\/\/portowinehouse.com\/#organization"},"potentialAction":[{"@type":"SearchAction","target":{"@type":"EntryPoint","urlTemplate":"https:\/\/portowinehouse.com\/?s={search_term_string}"},"query-input":"required name=search_term_string"}],"inLanguage":"en-US"},{"@type":"Organization","@id":"https:\/\/portowinehouse.com\/#organization","name":"Porto Wine House","url":"https:\/\/portowinehouse.com\/","logo":{"@type":"ImageObject","inLanguage":"en-US","@id":"https:\/\/portowinehouse.com\/#\/schema\/logo\/image\/","url":"https:\/\/portowinehouse.com\/wp-content\/uploads\/2020\/06\/logo-wine.jpg","contentUrl":"https:\/\/portowinehouse.com\/wp-content\/uploads\/2020\/06\/logo-wine.jpg","width":99,"height":117,"caption":"Porto Wine House"},"image":{"@id":"https:\/\/portowinehouse.com\/#\/schema\/logo\/image\/"},"sameAs":["https:\/\/pt-pt.facebook.com\/Porto-Wine-House-350305098331175\/"]}]}},"_links":{"self":[{"href":"https:\/\/portowinehouse.com\/en\/wp-json\/wp\/v2\/product\/2677"}],"collection":[{"href":"https:\/\/portowinehouse.com\/en\/wp-json\/wp\/v2\/product"}],"about":[{"href":"https:\/\/portowinehouse.com\/en\/wp-json\/wp\/v2\/types\/product"}],"replies":[{"embeddable":true,"href":"https:\/\/portowinehouse.com\/en\/wp-json\/wp\/v2\/comments?post=2677"}],"wp:featuredmedia":[{"embeddable":true,"href":"https:\/\/portowinehouse.com\/en\/wp-json\/wp\/v2\/media\/2674"}],"wp:attachment":[{"href":"https:\/\/portowinehouse.com\/en\/wp-json\/wp\/v2\/media?parent=2677"}],"wp:term":[{"taxonomy":"product_cat","embeddable":true,"href":"https:\/\/portowinehouse.com\/en\/wp-json\/wp\/v2\/product_cat?post=2677"},{"taxonomy":"product_tag","embeddable":true,"href":"https:\/\/portowinehouse.com\/en\/wp-json\/wp\/v2\/product_tag?post=2677"}],"curies":[{"name":"wp","href":"https:\/\/api.w.org\/{rel}","templated":true}]}}