{"id":2575,"date":"2021-06-18T17:00:19","date_gmt":"2021-06-18T17:00:19","guid":{"rendered":"https:\/\/portowinehouse.com\/produto\/maria-izabel-tinto-2017\/"},"modified":"2021-06-18T17:01:08","modified_gmt":"2021-06-18T17:01:08","slug":"maria-izabel-tinto-2017","status":"publish","type":"product","link":"https:\/\/portowinehouse.com\/en\/product\/maria-izabel-tinto-2017\/","title":{"rendered":"Maria Izabel Red 2017"},"content":{"rendered":"","protected":false},"excerpt":{"rendered":"<p>Produzido a partir\u00a0 de uvas tintas do vale do Douro oriunda de um &#8220;single&#8221; Terroir por processos fermentativos ancestrais obtemos um vinho s\u00e9rio repleto de jovialidade. Maturado 12 meses em carvalho franc\u00eas este vinho apresenta um intenso car\u00e1ter Duriense , cor atraente, violeta rubi; aromas complexos, floral, frutado e especiarias. Na boca, estrutura, taninos firmes, equilibrados por uma acidez fresca, com volume e profundidade.<\/p>\n<p>\u00c9nologo: Dirk Niepoort<\/p>\n","protected":false},"featured_media":2574,"comment_status":"open","ping_status":"closed","template":"","meta":{"_joinchat":[]},"product_cat":[175,179],"product_tag":[],"yoast_head":"<!-- This site is optimized with the Yoast SEO plugin v19.11 - https:\/\/yoast.com\/wordpress\/plugins\/seo\/ -->\n<title>Maria Izabel Red 2017 - Porto Wine House<\/title>\n<meta name=\"robots\" content=\"index, follow, max-snippet:-1, max-image-preview:large, max-video-preview:-1\" \/>\n<link rel=\"canonical\" href=\"https:\/\/portowinehouse.com\/en\/product\/maria-izabel-tinto-2017\/\" \/>\n<meta property=\"og:locale\" content=\"en_US\" \/>\n<meta property=\"og:type\" content=\"article\" \/>\n<meta property=\"og:title\" content=\"Maria Izabel Red 2017 - Porto Wine House\" \/>\n<meta property=\"og:description\" content=\"Produzido a partir\u00a0 de uvas tintas do vale do Douro oriunda de um &quot;single&quot; Terroir por processos fermentativos ancestrais obtemos um vinho s\u00e9rio repleto de jovialidade. Maturado 12 meses em carvalho franc\u00eas este vinho apresenta um intenso car\u00e1ter Duriense , cor atraente, violeta rubi; aromas complexos, floral, frutado e especiarias. Na boca, estrutura, taninos firmes, equilibrados por uma acidez fresca, com volume e profundidade.  \u00c9nologo: Dirk Niepoort\" \/>\n<meta property=\"og:url\" content=\"https:\/\/portowinehouse.com\/en\/product\/maria-izabel-tinto-2017\/\" \/>\n<meta property=\"og:site_name\" content=\"Porto Wine House\" \/>\n<meta property=\"article:publisher\" content=\"https:\/\/pt-pt.facebook.com\/Porto-Wine-House-350305098331175\/\" \/>\n<meta property=\"article:modified_time\" content=\"2021-06-18T17:01:08+00:00\" \/>\n<meta property=\"og:image\" content=\"https:\/\/portowinehouse.com\/wp-content\/uploads\/2021\/06\/vinho-tinto-maria-izabel-douro-2017.jpg\" \/>\n\t<meta property=\"og:image:width\" content=\"186\" \/>\n\t<meta property=\"og:image:height\" content=\"800\" \/>\n\t<meta property=\"og:image:type\" content=\"image\/jpeg\" \/>\n<meta name=\"twitter:card\" content=\"summary_large_image\" \/>\n<script type=\"application\/ld+json\" class=\"yoast-schema-graph\">{\"@context\":\"https:\/\/schema.org\",\"@graph\":[{\"@type\":\"WebPage\",\"@id\":\"https:\/\/portowinehouse.com\/en\/product\/maria-izabel-tinto-2017\/\",\"url\":\"https:\/\/portowinehouse.com\/en\/product\/maria-izabel-tinto-2017\/\",\"name\":\"Maria Izabel Red 2017 - Porto Wine House\",\"isPartOf\":{\"@id\":\"https:\/\/portowinehouse.com\/#website\"},\"datePublished\":\"2021-06-18T17:00:19+00:00\",\"dateModified\":\"2021-06-18T17:01:08+00:00\",\"breadcrumb\":{\"@id\":\"https:\/\/portowinehouse.com\/en\/product\/maria-izabel-tinto-2017\/#breadcrumb\"},\"inLanguage\":\"en-US\",\"potentialAction\":[{\"@type\":\"ReadAction\",\"target\":[\"https:\/\/portowinehouse.com\/en\/product\/maria-izabel-tinto-2017\/\"]}]},{\"@type\":\"BreadcrumbList\",\"@id\":\"https:\/\/portowinehouse.com\/en\/product\/maria-izabel-tinto-2017\/#breadcrumb\",\"itemListElement\":[{\"@type\":\"ListItem\",\"position\":1,\"name\":\"In\u00edcio\",\"item\":\"https:\/\/portowinehouse.com\/en\/\"},{\"@type\":\"ListItem\",\"position\":2,\"name\":\"Shop\",\"item\":\"https:\/\/portowinehouse.com\/en\/shop\/\"},{\"@type\":\"ListItem\",\"position\":3,\"name\":\"Maria Izabel Red 2017\"}]},{\"@type\":\"WebSite\",\"@id\":\"https:\/\/portowinehouse.com\/#website\",\"url\":\"https:\/\/portowinehouse.com\/\",\"name\":\"Porto Wine House\",\"description\":\"\",\"publisher\":{\"@id\":\"https:\/\/portowinehouse.com\/#organization\"},\"potentialAction\":[{\"@type\":\"SearchAction\",\"target\":{\"@type\":\"EntryPoint\",\"urlTemplate\":\"https:\/\/portowinehouse.com\/?s={search_term_string}\"},\"query-input\":\"required name=search_term_string\"}],\"inLanguage\":\"en-US\"},{\"@type\":\"Organization\",\"@id\":\"https:\/\/portowinehouse.com\/#organization\",\"name\":\"Porto Wine House\",\"url\":\"https:\/\/portowinehouse.com\/\",\"logo\":{\"@type\":\"ImageObject\",\"inLanguage\":\"en-US\",\"@id\":\"https:\/\/portowinehouse.com\/#\/schema\/logo\/image\/\",\"url\":\"https:\/\/portowinehouse.com\/wp-content\/uploads\/2020\/06\/logo-wine.jpg\",\"contentUrl\":\"https:\/\/portowinehouse.com\/wp-content\/uploads\/2020\/06\/logo-wine.jpg\",\"width\":99,\"height\":117,\"caption\":\"Porto Wine House\"},\"image\":{\"@id\":\"https:\/\/portowinehouse.com\/#\/schema\/logo\/image\/\"},\"sameAs\":[\"https:\/\/pt-pt.facebook.com\/Porto-Wine-House-350305098331175\/\"]}]}<\/script>\n<!-- \/ Yoast SEO plugin. -->","yoast_head_json":{"title":"Maria Izabel Red 2017 - Porto Wine House","robots":{"index":"index","follow":"follow","max-snippet":"max-snippet:-1","max-image-preview":"max-image-preview:large","max-video-preview":"max-video-preview:-1"},"canonical":"https:\/\/portowinehouse.com\/en\/product\/maria-izabel-tinto-2017\/","og_locale":"en_US","og_type":"article","og_title":"Maria Izabel Red 2017 - Porto Wine House","og_description":"Produzido a partir\u00a0 de uvas tintas do vale do Douro oriunda de um \"single\" Terroir por processos fermentativos ancestrais obtemos um vinho s\u00e9rio repleto de jovialidade. Maturado 12 meses em carvalho franc\u00eas este vinho apresenta um intenso car\u00e1ter Duriense , cor atraente, violeta rubi; aromas complexos, floral, frutado e especiarias. Na boca, estrutura, taninos firmes, equilibrados por uma acidez fresca, com volume e profundidade.  \u00c9nologo: Dirk Niepoort","og_url":"https:\/\/portowinehouse.com\/en\/product\/maria-izabel-tinto-2017\/","og_site_name":"Porto Wine House","article_publisher":"https:\/\/pt-pt.facebook.com\/Porto-Wine-House-350305098331175\/","article_modified_time":"2021-06-18T17:01:08+00:00","og_image":[{"width":186,"height":800,"url":"https:\/\/portowinehouse.com\/wp-content\/uploads\/2021\/06\/vinho-tinto-maria-izabel-douro-2017.jpg","type":"image\/jpeg"}],"twitter_card":"summary_large_image","schema":{"@context":"https:\/\/schema.org","@graph":[{"@type":"WebPage","@id":"https:\/\/portowinehouse.com\/en\/product\/maria-izabel-tinto-2017\/","url":"https:\/\/portowinehouse.com\/en\/product\/maria-izabel-tinto-2017\/","name":"Maria Izabel Red 2017 - Porto Wine House","isPartOf":{"@id":"https:\/\/portowinehouse.com\/#website"},"datePublished":"2021-06-18T17:00:19+00:00","dateModified":"2021-06-18T17:01:08+00:00","breadcrumb":{"@id":"https:\/\/portowinehouse.com\/en\/product\/maria-izabel-tinto-2017\/#breadcrumb"},"inLanguage":"en-US","potentialAction":[{"@type":"ReadAction","target":["https:\/\/portowinehouse.com\/en\/product\/maria-izabel-tinto-2017\/"]}]},{"@type":"BreadcrumbList","@id":"https:\/\/portowinehouse.com\/en\/product\/maria-izabel-tinto-2017\/#breadcrumb","itemListElement":[{"@type":"ListItem","position":1,"name":"In\u00edcio","item":"https:\/\/portowinehouse.com\/en\/"},{"@type":"ListItem","position":2,"name":"Shop","item":"https:\/\/portowinehouse.com\/en\/shop\/"},{"@type":"ListItem","position":3,"name":"Maria Izabel Red 2017"}]},{"@type":"WebSite","@id":"https:\/\/portowinehouse.com\/#website","url":"https:\/\/portowinehouse.com\/","name":"Porto Wine House","description":"","publisher":{"@id":"https:\/\/portowinehouse.com\/#organization"},"potentialAction":[{"@type":"SearchAction","target":{"@type":"EntryPoint","urlTemplate":"https:\/\/portowinehouse.com\/?s={search_term_string}"},"query-input":"required name=search_term_string"}],"inLanguage":"en-US"},{"@type":"Organization","@id":"https:\/\/portowinehouse.com\/#organization","name":"Porto Wine House","url":"https:\/\/portowinehouse.com\/","logo":{"@type":"ImageObject","inLanguage":"en-US","@id":"https:\/\/portowinehouse.com\/#\/schema\/logo\/image\/","url":"https:\/\/portowinehouse.com\/wp-content\/uploads\/2020\/06\/logo-wine.jpg","contentUrl":"https:\/\/portowinehouse.com\/wp-content\/uploads\/2020\/06\/logo-wine.jpg","width":99,"height":117,"caption":"Porto Wine House"},"image":{"@id":"https:\/\/portowinehouse.com\/#\/schema\/logo\/image\/"},"sameAs":["https:\/\/pt-pt.facebook.com\/Porto-Wine-House-350305098331175\/"]}]}},"_links":{"self":[{"href":"https:\/\/portowinehouse.com\/en\/wp-json\/wp\/v2\/product\/2575"}],"collection":[{"href":"https:\/\/portowinehouse.com\/en\/wp-json\/wp\/v2\/product"}],"about":[{"href":"https:\/\/portowinehouse.com\/en\/wp-json\/wp\/v2\/types\/product"}],"replies":[{"embeddable":true,"href":"https:\/\/portowinehouse.com\/en\/wp-json\/wp\/v2\/comments?post=2575"}],"wp:featuredmedia":[{"embeddable":true,"href":"https:\/\/portowinehouse.com\/en\/wp-json\/wp\/v2\/media\/2574"}],"wp:attachment":[{"href":"https:\/\/portowinehouse.com\/en\/wp-json\/wp\/v2\/media?parent=2575"}],"wp:term":[{"taxonomy":"product_cat","embeddable":true,"href":"https:\/\/portowinehouse.com\/en\/wp-json\/wp\/v2\/product_cat?post=2575"},{"taxonomy":"product_tag","embeddable":true,"href":"https:\/\/portowinehouse.com\/en\/wp-json\/wp\/v2\/product_tag?post=2575"}],"curies":[{"name":"wp","href":"https:\/\/api.w.org\/{rel}","templated":true}]}}