{"id":2556,"date":"2021-06-11T10:45:30","date_gmt":"2021-06-11T10:45:30","guid":{"rendered":"https:\/\/portowinehouse.com\/produto\/kopke-winemakerss-collection-tinto-cao-rose-2020\/"},"modified":"2021-06-11T10:46:46","modified_gmt":"2021-06-11T10:46:46","slug":"kopke-winemakerss-collection-tinto-cao-rose-2020","status":"publish","type":"product","link":"https:\/\/portowinehouse.com\/en\/product\/kopke-winemakerss-collection-tinto-cao-rose-2020\/","title":{"rendered":"Kopke Winemakers&#8217;s Collection Tinto C\u00e3o Ros\u00e9 2020"},"content":{"rendered":"<p>Salmon pink in colour, this Ros\u00e9 is immediately engaging. Shows notes of\u00a0pomegranate and hibiscus on the nose. On the palate it is subtle and elegant, delivering\u00a0great acidity layer upon layer and a long and fresh finish.<\/p>\n","protected":false},"excerpt":{"rendered":"<p>De cor salm\u00e3o, \u00e9 um Ros\u00e9 que cativa de imediato. No nariz expressa notas de rom\u00e3 e<br \/>\nflor de hibisco. No paladar, revela-se subtil e elegante, revelando a sua boa acidez<br \/>\ncamada ap\u00f3s camada, terminando longo e fresco. Um vinho gastron\u00f3mico, \u00f3timo<br \/>\ntamb\u00e9m para o in\u00edcio de uma refei\u00e7\u00e3o.<\/p>\n","protected":false},"featured_media":2555,"comment_status":"open","ping_status":"closed","template":"","meta":{"_joinchat":[]},"product_cat":[175,178],"product_tag":[],"yoast_head":"<!-- This site is optimized with the Yoast SEO plugin v19.11 - https:\/\/yoast.com\/wordpress\/plugins\/seo\/ -->\n<title>Kopke Winemakers&#039;s Collection Tinto C\u00e3o Ros\u00e9 2020 - Porto Wine House<\/title>\n<meta name=\"robots\" content=\"index, follow, max-snippet:-1, max-image-preview:large, max-video-preview:-1\" \/>\n<link rel=\"canonical\" href=\"https:\/\/portowinehouse.com\/en\/product\/kopke-winemakerss-collection-tinto-cao-rose-2020\/\" \/>\n<meta property=\"og:locale\" content=\"en_US\" \/>\n<meta property=\"og:type\" content=\"article\" \/>\n<meta property=\"og:title\" content=\"Kopke Winemakers&#039;s Collection Tinto C\u00e3o Ros\u00e9 2020 - Porto Wine House\" \/>\n<meta property=\"og:description\" content=\"De cor salm\u00e3o, \u00e9 um Ros\u00e9 que cativa de imediato. No nariz expressa notas de rom\u00e3 e flor de hibisco. No paladar, revela-se subtil e elegante, revelando a sua boa acidez camada ap\u00f3s camada, terminando longo e fresco. Um vinho gastron\u00f3mico, \u00f3timo tamb\u00e9m para o in\u00edcio de uma refei\u00e7\u00e3o.\" \/>\n<meta property=\"og:url\" content=\"https:\/\/portowinehouse.com\/en\/product\/kopke-winemakerss-collection-tinto-cao-rose-2020\/\" \/>\n<meta property=\"og:site_name\" content=\"Porto Wine House\" \/>\n<meta property=\"article:publisher\" content=\"https:\/\/pt-pt.facebook.com\/Porto-Wine-House-350305098331175\/\" \/>\n<meta property=\"article:modified_time\" content=\"2021-06-11T10:46:46+00:00\" \/>\n<meta property=\"og:image\" content=\"https:\/\/portowinehouse.com\/wp-content\/uploads\/2021\/06\/bottleshot_360x.jpg\" \/>\n\t<meta property=\"og:image:width\" content=\"360\" \/>\n\t<meta property=\"og:image:height\" content=\"503\" \/>\n\t<meta property=\"og:image:type\" content=\"image\/jpeg\" \/>\n<meta name=\"twitter:card\" content=\"summary_large_image\" \/>\n<script type=\"application\/ld+json\" class=\"yoast-schema-graph\">{\"@context\":\"https:\/\/schema.org\",\"@graph\":[{\"@type\":\"WebPage\",\"@id\":\"https:\/\/portowinehouse.com\/en\/product\/kopke-winemakerss-collection-tinto-cao-rose-2020\/\",\"url\":\"https:\/\/portowinehouse.com\/en\/product\/kopke-winemakerss-collection-tinto-cao-rose-2020\/\",\"name\":\"Kopke Winemakers's Collection Tinto C\u00e3o Ros\u00e9 2020 - Porto Wine House\",\"isPartOf\":{\"@id\":\"https:\/\/portowinehouse.com\/#website\"},\"datePublished\":\"2021-06-11T10:45:30+00:00\",\"dateModified\":\"2021-06-11T10:46:46+00:00\",\"breadcrumb\":{\"@id\":\"https:\/\/portowinehouse.com\/en\/product\/kopke-winemakerss-collection-tinto-cao-rose-2020\/#breadcrumb\"},\"inLanguage\":\"en-US\",\"potentialAction\":[{\"@type\":\"ReadAction\",\"target\":[\"https:\/\/portowinehouse.com\/en\/product\/kopke-winemakerss-collection-tinto-cao-rose-2020\/\"]}]},{\"@type\":\"BreadcrumbList\",\"@id\":\"https:\/\/portowinehouse.com\/en\/product\/kopke-winemakerss-collection-tinto-cao-rose-2020\/#breadcrumb\",\"itemListElement\":[{\"@type\":\"ListItem\",\"position\":1,\"name\":\"In\u00edcio\",\"item\":\"https:\/\/portowinehouse.com\/en\/\"},{\"@type\":\"ListItem\",\"position\":2,\"name\":\"Shop\",\"item\":\"https:\/\/portowinehouse.com\/en\/shop\/\"},{\"@type\":\"ListItem\",\"position\":3,\"name\":\"Kopke Winemakers&#8217;s Collection Tinto C\u00e3o Ros\u00e9 2020\"}]},{\"@type\":\"WebSite\",\"@id\":\"https:\/\/portowinehouse.com\/#website\",\"url\":\"https:\/\/portowinehouse.com\/\",\"name\":\"Porto Wine House\",\"description\":\"\",\"publisher\":{\"@id\":\"https:\/\/portowinehouse.com\/#organization\"},\"potentialAction\":[{\"@type\":\"SearchAction\",\"target\":{\"@type\":\"EntryPoint\",\"urlTemplate\":\"https:\/\/portowinehouse.com\/?s={search_term_string}\"},\"query-input\":\"required name=search_term_string\"}],\"inLanguage\":\"en-US\"},{\"@type\":\"Organization\",\"@id\":\"https:\/\/portowinehouse.com\/#organization\",\"name\":\"Porto Wine House\",\"url\":\"https:\/\/portowinehouse.com\/\",\"logo\":{\"@type\":\"ImageObject\",\"inLanguage\":\"en-US\",\"@id\":\"https:\/\/portowinehouse.com\/#\/schema\/logo\/image\/\",\"url\":\"https:\/\/portowinehouse.com\/wp-content\/uploads\/2020\/06\/logo-wine.jpg\",\"contentUrl\":\"https:\/\/portowinehouse.com\/wp-content\/uploads\/2020\/06\/logo-wine.jpg\",\"width\":99,\"height\":117,\"caption\":\"Porto Wine House\"},\"image\":{\"@id\":\"https:\/\/portowinehouse.com\/#\/schema\/logo\/image\/\"},\"sameAs\":[\"https:\/\/pt-pt.facebook.com\/Porto-Wine-House-350305098331175\/\"]}]}<\/script>\n<!-- \/ Yoast SEO plugin. -->","yoast_head_json":{"title":"Kopke Winemakers's Collection Tinto C\u00e3o Ros\u00e9 2020 - Porto Wine House","robots":{"index":"index","follow":"follow","max-snippet":"max-snippet:-1","max-image-preview":"max-image-preview:large","max-video-preview":"max-video-preview:-1"},"canonical":"https:\/\/portowinehouse.com\/en\/product\/kopke-winemakerss-collection-tinto-cao-rose-2020\/","og_locale":"en_US","og_type":"article","og_title":"Kopke Winemakers's Collection Tinto C\u00e3o Ros\u00e9 2020 - Porto Wine House","og_description":"De cor salm\u00e3o, \u00e9 um Ros\u00e9 que cativa de imediato. No nariz expressa notas de rom\u00e3 e flor de hibisco. No paladar, revela-se subtil e elegante, revelando a sua boa acidez camada ap\u00f3s camada, terminando longo e fresco. Um vinho gastron\u00f3mico, \u00f3timo tamb\u00e9m para o in\u00edcio de uma refei\u00e7\u00e3o.","og_url":"https:\/\/portowinehouse.com\/en\/product\/kopke-winemakerss-collection-tinto-cao-rose-2020\/","og_site_name":"Porto Wine House","article_publisher":"https:\/\/pt-pt.facebook.com\/Porto-Wine-House-350305098331175\/","article_modified_time":"2021-06-11T10:46:46+00:00","og_image":[{"width":360,"height":503,"url":"https:\/\/portowinehouse.com\/wp-content\/uploads\/2021\/06\/bottleshot_360x.jpg","type":"image\/jpeg"}],"twitter_card":"summary_large_image","schema":{"@context":"https:\/\/schema.org","@graph":[{"@type":"WebPage","@id":"https:\/\/portowinehouse.com\/en\/product\/kopke-winemakerss-collection-tinto-cao-rose-2020\/","url":"https:\/\/portowinehouse.com\/en\/product\/kopke-winemakerss-collection-tinto-cao-rose-2020\/","name":"Kopke Winemakers's Collection Tinto C\u00e3o Ros\u00e9 2020 - Porto Wine House","isPartOf":{"@id":"https:\/\/portowinehouse.com\/#website"},"datePublished":"2021-06-11T10:45:30+00:00","dateModified":"2021-06-11T10:46:46+00:00","breadcrumb":{"@id":"https:\/\/portowinehouse.com\/en\/product\/kopke-winemakerss-collection-tinto-cao-rose-2020\/#breadcrumb"},"inLanguage":"en-US","potentialAction":[{"@type":"ReadAction","target":["https:\/\/portowinehouse.com\/en\/product\/kopke-winemakerss-collection-tinto-cao-rose-2020\/"]}]},{"@type":"BreadcrumbList","@id":"https:\/\/portowinehouse.com\/en\/product\/kopke-winemakerss-collection-tinto-cao-rose-2020\/#breadcrumb","itemListElement":[{"@type":"ListItem","position":1,"name":"In\u00edcio","item":"https:\/\/portowinehouse.com\/en\/"},{"@type":"ListItem","position":2,"name":"Shop","item":"https:\/\/portowinehouse.com\/en\/shop\/"},{"@type":"ListItem","position":3,"name":"Kopke Winemakers&#8217;s Collection Tinto C\u00e3o Ros\u00e9 2020"}]},{"@type":"WebSite","@id":"https:\/\/portowinehouse.com\/#website","url":"https:\/\/portowinehouse.com\/","name":"Porto Wine House","description":"","publisher":{"@id":"https:\/\/portowinehouse.com\/#organization"},"potentialAction":[{"@type":"SearchAction","target":{"@type":"EntryPoint","urlTemplate":"https:\/\/portowinehouse.com\/?s={search_term_string}"},"query-input":"required name=search_term_string"}],"inLanguage":"en-US"},{"@type":"Organization","@id":"https:\/\/portowinehouse.com\/#organization","name":"Porto Wine House","url":"https:\/\/portowinehouse.com\/","logo":{"@type":"ImageObject","inLanguage":"en-US","@id":"https:\/\/portowinehouse.com\/#\/schema\/logo\/image\/","url":"https:\/\/portowinehouse.com\/wp-content\/uploads\/2020\/06\/logo-wine.jpg","contentUrl":"https:\/\/portowinehouse.com\/wp-content\/uploads\/2020\/06\/logo-wine.jpg","width":99,"height":117,"caption":"Porto Wine House"},"image":{"@id":"https:\/\/portowinehouse.com\/#\/schema\/logo\/image\/"},"sameAs":["https:\/\/pt-pt.facebook.com\/Porto-Wine-House-350305098331175\/"]}]}},"_links":{"self":[{"href":"https:\/\/portowinehouse.com\/en\/wp-json\/wp\/v2\/product\/2556"}],"collection":[{"href":"https:\/\/portowinehouse.com\/en\/wp-json\/wp\/v2\/product"}],"about":[{"href":"https:\/\/portowinehouse.com\/en\/wp-json\/wp\/v2\/types\/product"}],"replies":[{"embeddable":true,"href":"https:\/\/portowinehouse.com\/en\/wp-json\/wp\/v2\/comments?post=2556"}],"wp:featuredmedia":[{"embeddable":true,"href":"https:\/\/portowinehouse.com\/en\/wp-json\/wp\/v2\/media\/2555"}],"wp:attachment":[{"href":"https:\/\/portowinehouse.com\/en\/wp-json\/wp\/v2\/media?parent=2556"}],"wp:term":[{"taxonomy":"product_cat","embeddable":true,"href":"https:\/\/portowinehouse.com\/en\/wp-json\/wp\/v2\/product_cat?post=2556"},{"taxonomy":"product_tag","embeddable":true,"href":"https:\/\/portowinehouse.com\/en\/wp-json\/wp\/v2\/product_tag?post=2556"}],"curies":[{"name":"wp","href":"https:\/\/api.w.org\/{rel}","templated":true}]}}