{"id":2530,"date":"2021-06-04T14:47:20","date_gmt":"2021-06-04T14:47:20","guid":{"rendered":"https:\/\/portowinehouse.com\/produto\/qta-do-noval-colheita-tawny-2007\/"},"modified":"2025-06-10T15:15:55","modified_gmt":"2025-06-10T15:15:55","slug":"qta-do-noval-colheita-tawny-2007","status":"publish","type":"product","link":"https:\/\/portowinehouse.com\/en\/product\/qta-do-noval-colheita-tawny-2007\/","title":{"rendered":"Qta. Do Noval Single Harvest Tawny 2009"},"content":{"rendered":"<p>Quinta do Noval 2009 Colheita reveals a lovely amber colour with a darker tawny core. Very intense and concentrated on the nose, it presents a harmonious and rich mix of aromas. Spicy and liquorice notes come together with toasted almond and younger fruity flavours. Some citrus notes then appear combined with its minerality and velvety texture giving a very lively wine. This 2009 Colheita is wonderful and seductive to drink now.<\/p>\n","protected":false},"excerpt":{"rendered":"<p>Bonita cor \u00e2mbar. Muito intenso e concentrado, este colheita de 2009 apresenta uma mistura arom\u00e1tica harmoniosa e muito rica. Notas de especiarias e passas juntamente com am\u00eandoa torrada e sabores frutados mais jovens. Algumas notas c\u00edtricas combinadas com a sua mineralidade e textura aveludada, fazem dele um vinho muito vivo, maravilhoso e sedutor para beber desde j\u00e1.<\/p>\n","protected":false},"featured_media":2525,"comment_status":"open","ping_status":"closed","template":"","meta":{"_joinchat":[]},"product_cat":[149,168],"product_tag":[],"yoast_head":"<!-- This site is optimized with the Yoast SEO plugin v19.11 - https:\/\/yoast.com\/wordpress\/plugins\/seo\/ -->\n<title>Qta. Do Noval Single Harvest Tawny 2009 - Porto Wine House<\/title>\n<meta name=\"robots\" content=\"index, follow, max-snippet:-1, max-image-preview:large, max-video-preview:-1\" \/>\n<link rel=\"canonical\" href=\"https:\/\/portowinehouse.com\/en\/product\/qta-do-noval-colheita-tawny-2007\/\" \/>\n<meta property=\"og:locale\" content=\"en_US\" \/>\n<meta property=\"og:type\" content=\"article\" \/>\n<meta property=\"og:title\" content=\"Qta. Do Noval Single Harvest Tawny 2009 - Porto Wine House\" \/>\n<meta property=\"og:description\" content=\"Bonita cor \u00e2mbar. Muito intenso e concentrado, este colheita de 2009 apresenta uma mistura arom\u00e1tica harmoniosa e muito rica. Notas de especiarias e passas juntamente com am\u00eandoa torrada e sabores frutados mais jovens. Algumas notas c\u00edtricas combinadas com a sua mineralidade e textura aveludada, fazem dele um vinho muito vivo, maravilhoso e sedutor para beber desde j\u00e1.\" \/>\n<meta property=\"og:url\" content=\"https:\/\/portowinehouse.com\/en\/product\/qta-do-noval-colheita-tawny-2007\/\" \/>\n<meta property=\"og:site_name\" content=\"Porto Wine House\" \/>\n<meta property=\"article:publisher\" content=\"https:\/\/pt-pt.facebook.com\/Porto-Wine-House-350305098331175\/\" \/>\n<meta property=\"article:modified_time\" content=\"2025-06-10T15:15:55+00:00\" \/>\n<meta property=\"og:image\" content=\"https:\/\/portowinehouse.com\/wp-content\/uploads\/2021\/06\/noval-colheita-2007.png\" \/>\n\t<meta property=\"og:image:width\" content=\"400\" \/>\n\t<meta property=\"og:image:height\" content=\"400\" \/>\n\t<meta property=\"og:image:type\" content=\"image\/png\" \/>\n<meta name=\"twitter:card\" content=\"summary_large_image\" \/>\n<meta name=\"twitter:label1\" content=\"Est. reading time\" \/>\n\t<meta name=\"twitter:data1\" content=\"1 minute\" \/>\n<script type=\"application\/ld+json\" class=\"yoast-schema-graph\">{\"@context\":\"https:\/\/schema.org\",\"@graph\":[{\"@type\":\"WebPage\",\"@id\":\"https:\/\/portowinehouse.com\/en\/product\/qta-do-noval-colheita-tawny-2007\/\",\"url\":\"https:\/\/portowinehouse.com\/en\/product\/qta-do-noval-colheita-tawny-2007\/\",\"name\":\"Qta. Do Noval Single Harvest Tawny 2009 - Porto Wine House\",\"isPartOf\":{\"@id\":\"https:\/\/portowinehouse.com\/#website\"},\"datePublished\":\"2021-06-04T14:47:20+00:00\",\"dateModified\":\"2025-06-10T15:15:55+00:00\",\"breadcrumb\":{\"@id\":\"https:\/\/portowinehouse.com\/en\/product\/qta-do-noval-colheita-tawny-2007\/#breadcrumb\"},\"inLanguage\":\"en-US\",\"potentialAction\":[{\"@type\":\"ReadAction\",\"target\":[\"https:\/\/portowinehouse.com\/en\/product\/qta-do-noval-colheita-tawny-2007\/\"]}]},{\"@type\":\"BreadcrumbList\",\"@id\":\"https:\/\/portowinehouse.com\/en\/product\/qta-do-noval-colheita-tawny-2007\/#breadcrumb\",\"itemListElement\":[{\"@type\":\"ListItem\",\"position\":1,\"name\":\"In\u00edcio\",\"item\":\"https:\/\/portowinehouse.com\/en\/\"},{\"@type\":\"ListItem\",\"position\":2,\"name\":\"Shop\",\"item\":\"https:\/\/portowinehouse.com\/en\/shop\/\"},{\"@type\":\"ListItem\",\"position\":3,\"name\":\"Qta. Do Noval Single Harvest Tawny 2009\"}]},{\"@type\":\"WebSite\",\"@id\":\"https:\/\/portowinehouse.com\/#website\",\"url\":\"https:\/\/portowinehouse.com\/\",\"name\":\"Porto Wine House\",\"description\":\"\",\"publisher\":{\"@id\":\"https:\/\/portowinehouse.com\/#organization\"},\"potentialAction\":[{\"@type\":\"SearchAction\",\"target\":{\"@type\":\"EntryPoint\",\"urlTemplate\":\"https:\/\/portowinehouse.com\/?s={search_term_string}\"},\"query-input\":\"required name=search_term_string\"}],\"inLanguage\":\"en-US\"},{\"@type\":\"Organization\",\"@id\":\"https:\/\/portowinehouse.com\/#organization\",\"name\":\"Porto Wine House\",\"url\":\"https:\/\/portowinehouse.com\/\",\"logo\":{\"@type\":\"ImageObject\",\"inLanguage\":\"en-US\",\"@id\":\"https:\/\/portowinehouse.com\/#\/schema\/logo\/image\/\",\"url\":\"https:\/\/portowinehouse.com\/wp-content\/uploads\/2020\/06\/logo-wine.jpg\",\"contentUrl\":\"https:\/\/portowinehouse.com\/wp-content\/uploads\/2020\/06\/logo-wine.jpg\",\"width\":99,\"height\":117,\"caption\":\"Porto Wine House\"},\"image\":{\"@id\":\"https:\/\/portowinehouse.com\/#\/schema\/logo\/image\/\"},\"sameAs\":[\"https:\/\/pt-pt.facebook.com\/Porto-Wine-House-350305098331175\/\"]}]}<\/script>\n<!-- \/ Yoast SEO plugin. -->","yoast_head_json":{"title":"Qta. Do Noval Single Harvest Tawny 2009 - Porto Wine House","robots":{"index":"index","follow":"follow","max-snippet":"max-snippet:-1","max-image-preview":"max-image-preview:large","max-video-preview":"max-video-preview:-1"},"canonical":"https:\/\/portowinehouse.com\/en\/product\/qta-do-noval-colheita-tawny-2007\/","og_locale":"en_US","og_type":"article","og_title":"Qta. Do Noval Single Harvest Tawny 2009 - Porto Wine House","og_description":"Bonita cor \u00e2mbar. Muito intenso e concentrado, este colheita de 2009 apresenta uma mistura arom\u00e1tica harmoniosa e muito rica. Notas de especiarias e passas juntamente com am\u00eandoa torrada e sabores frutados mais jovens. Algumas notas c\u00edtricas combinadas com a sua mineralidade e textura aveludada, fazem dele um vinho muito vivo, maravilhoso e sedutor para beber desde j\u00e1.","og_url":"https:\/\/portowinehouse.com\/en\/product\/qta-do-noval-colheita-tawny-2007\/","og_site_name":"Porto Wine House","article_publisher":"https:\/\/pt-pt.facebook.com\/Porto-Wine-House-350305098331175\/","article_modified_time":"2025-06-10T15:15:55+00:00","og_image":[{"width":400,"height":400,"url":"https:\/\/portowinehouse.com\/wp-content\/uploads\/2021\/06\/noval-colheita-2007.png","type":"image\/png"}],"twitter_card":"summary_large_image","twitter_misc":{"Est. reading time":"1 minute"},"schema":{"@context":"https:\/\/schema.org","@graph":[{"@type":"WebPage","@id":"https:\/\/portowinehouse.com\/en\/product\/qta-do-noval-colheita-tawny-2007\/","url":"https:\/\/portowinehouse.com\/en\/product\/qta-do-noval-colheita-tawny-2007\/","name":"Qta. Do Noval Single Harvest Tawny 2009 - Porto Wine House","isPartOf":{"@id":"https:\/\/portowinehouse.com\/#website"},"datePublished":"2021-06-04T14:47:20+00:00","dateModified":"2025-06-10T15:15:55+00:00","breadcrumb":{"@id":"https:\/\/portowinehouse.com\/en\/product\/qta-do-noval-colheita-tawny-2007\/#breadcrumb"},"inLanguage":"en-US","potentialAction":[{"@type":"ReadAction","target":["https:\/\/portowinehouse.com\/en\/product\/qta-do-noval-colheita-tawny-2007\/"]}]},{"@type":"BreadcrumbList","@id":"https:\/\/portowinehouse.com\/en\/product\/qta-do-noval-colheita-tawny-2007\/#breadcrumb","itemListElement":[{"@type":"ListItem","position":1,"name":"In\u00edcio","item":"https:\/\/portowinehouse.com\/en\/"},{"@type":"ListItem","position":2,"name":"Shop","item":"https:\/\/portowinehouse.com\/en\/shop\/"},{"@type":"ListItem","position":3,"name":"Qta. Do Noval Single Harvest Tawny 2009"}]},{"@type":"WebSite","@id":"https:\/\/portowinehouse.com\/#website","url":"https:\/\/portowinehouse.com\/","name":"Porto Wine House","description":"","publisher":{"@id":"https:\/\/portowinehouse.com\/#organization"},"potentialAction":[{"@type":"SearchAction","target":{"@type":"EntryPoint","urlTemplate":"https:\/\/portowinehouse.com\/?s={search_term_string}"},"query-input":"required name=search_term_string"}],"inLanguage":"en-US"},{"@type":"Organization","@id":"https:\/\/portowinehouse.com\/#organization","name":"Porto Wine House","url":"https:\/\/portowinehouse.com\/","logo":{"@type":"ImageObject","inLanguage":"en-US","@id":"https:\/\/portowinehouse.com\/#\/schema\/logo\/image\/","url":"https:\/\/portowinehouse.com\/wp-content\/uploads\/2020\/06\/logo-wine.jpg","contentUrl":"https:\/\/portowinehouse.com\/wp-content\/uploads\/2020\/06\/logo-wine.jpg","width":99,"height":117,"caption":"Porto Wine House"},"image":{"@id":"https:\/\/portowinehouse.com\/#\/schema\/logo\/image\/"},"sameAs":["https:\/\/pt-pt.facebook.com\/Porto-Wine-House-350305098331175\/"]}]}},"_links":{"self":[{"href":"https:\/\/portowinehouse.com\/en\/wp-json\/wp\/v2\/product\/2530"}],"collection":[{"href":"https:\/\/portowinehouse.com\/en\/wp-json\/wp\/v2\/product"}],"about":[{"href":"https:\/\/portowinehouse.com\/en\/wp-json\/wp\/v2\/types\/product"}],"replies":[{"embeddable":true,"href":"https:\/\/portowinehouse.com\/en\/wp-json\/wp\/v2\/comments?post=2530"}],"wp:featuredmedia":[{"embeddable":true,"href":"https:\/\/portowinehouse.com\/en\/wp-json\/wp\/v2\/media\/2525"}],"wp:attachment":[{"href":"https:\/\/portowinehouse.com\/en\/wp-json\/wp\/v2\/media?parent=2530"}],"wp:term":[{"taxonomy":"product_cat","embeddable":true,"href":"https:\/\/portowinehouse.com\/en\/wp-json\/wp\/v2\/product_cat?post=2530"},{"taxonomy":"product_tag","embeddable":true,"href":"https:\/\/portowinehouse.com\/en\/wp-json\/wp\/v2\/product_tag?post=2530"}],"curies":[{"name":"wp","href":"https:\/\/api.w.org\/{rel}","templated":true}]}}