{"id":2439,"date":"2021-04-28T13:42:40","date_gmt":"2021-04-28T13:42:40","guid":{"rendered":"https:\/\/portowinehouse.com\/produto\/quinta-da-leda-tinto-2016\/"},"modified":"2024-03-13T21:00:20","modified_gmt":"2024-03-13T21:00:20","slug":"quinta-da-leda-tinto-2016","status":"publish","type":"product","link":"https:\/\/portowinehouse.com\/en\/product\/quinta-da-leda-tinto-2016\/","title":{"rendered":"Quinta da Leda Red 2016"},"content":{"rendered":"<p>A deep ruby colour. An intense and very complex aroma of dried fruits, such as almonds and hazelnuts, with floral notes of lavender, balsamic hints of cedar and menthol, spicy tones, touches of shrubbiness and minerality, and additional notes of black fruit and very high quality wood. On the palate, it is full-bodied and smooth at the same time, with lively, well-integrated tannins and further notes of flowers and black fruit that invite a finish of great elegance and longevity.<\/p>\n","protected":false},"excerpt":{"rendered":"<div class=\"detalhes_vinho_big\">Cor rubi profunda e aroma intenso e muito complexo. No nariz, destacam-se os frutos secos como a am\u00eandoa e a avel\u00e3, as notas florais de alfazema, as bals\u00e2micas a cedro e um ligeiro aroma mentolado. Sobressaem ainda as especiarias, fruta preta, algumas notas arbustivas e uma madeira de grande qualidade. Na boca, evidenciam-se as notas florais e de frutos pretos. \u00c9 um vinho volumoso e suave ao mesmo tempo, com taninos vivos e muito bem integrados, com um final de grande eleg\u00e2ncia e longevidade.<\/div>\n<div class=\"detalhes_vinho_big \">\n<p>&nbsp;<\/p>\n<\/div>\n","protected":false},"featured_media":2438,"comment_status":"open","ping_status":"closed","template":"","meta":{"_joinchat":[]},"product_cat":[15],"product_tag":[],"yoast_head":"<!-- This site is optimized with the Yoast SEO plugin v19.11 - https:\/\/yoast.com\/wordpress\/plugins\/seo\/ -->\n<title>Quinta da Leda Red 2016 - Porto Wine House<\/title>\n<meta name=\"robots\" content=\"index, follow, max-snippet:-1, max-image-preview:large, max-video-preview:-1\" \/>\n<link rel=\"canonical\" href=\"https:\/\/portowinehouse.com\/en\/product\/quinta-da-leda-tinto-2016\/\" \/>\n<meta property=\"og:locale\" content=\"en_US\" \/>\n<meta property=\"og:type\" content=\"article\" \/>\n<meta property=\"og:title\" content=\"Quinta da Leda Red 2016 - Porto Wine House\" \/>\n<meta property=\"og:description\" content=\"Cor rubi profunda e aroma intenso e muito complexo. No nariz, destacam-se os frutos secos como a am\u00eandoa e a avel\u00e3, as notas florais de alfazema, as bals\u00e2micas a cedro e um ligeiro aroma mentolado. Sobressaem ainda as especiarias, fruta preta, algumas notas arbustivas e uma madeira de grande qualidade. Na boca, evidenciam-se as notas florais e de frutos pretos. \u00c9 um vinho volumoso e suave ao mesmo tempo, com taninos vivos e muito bem integrados, com um final de grande eleg\u00e2ncia e longevidade.   &nbsp;\" \/>\n<meta property=\"og:url\" content=\"https:\/\/portowinehouse.com\/en\/product\/quinta-da-leda-tinto-2016\/\" \/>\n<meta property=\"og:site_name\" content=\"Porto Wine House\" \/>\n<meta property=\"article:publisher\" content=\"https:\/\/pt-pt.facebook.com\/Porto-Wine-House-350305098331175\/\" \/>\n<meta property=\"article:modified_time\" content=\"2024-03-13T21:00:20+00:00\" \/>\n<meta property=\"og:image\" content=\"https:\/\/portowinehouse.com\/wp-content\/uploads\/2021\/04\/Quinta-da-Leda.png\" \/>\n\t<meta property=\"og:image:width\" content=\"394\" \/>\n\t<meta property=\"og:image:height\" content=\"558\" \/>\n\t<meta property=\"og:image:type\" content=\"image\/png\" \/>\n<meta name=\"twitter:card\" content=\"summary_large_image\" \/>\n<script type=\"application\/ld+json\" class=\"yoast-schema-graph\">{\"@context\":\"https:\/\/schema.org\",\"@graph\":[{\"@type\":\"WebPage\",\"@id\":\"https:\/\/portowinehouse.com\/en\/product\/quinta-da-leda-tinto-2016\/\",\"url\":\"https:\/\/portowinehouse.com\/en\/product\/quinta-da-leda-tinto-2016\/\",\"name\":\"Quinta da Leda Red 2016 - Porto Wine House\",\"isPartOf\":{\"@id\":\"https:\/\/portowinehouse.com\/#website\"},\"datePublished\":\"2021-04-28T13:42:40+00:00\",\"dateModified\":\"2024-03-13T21:00:20+00:00\",\"breadcrumb\":{\"@id\":\"https:\/\/portowinehouse.com\/en\/product\/quinta-da-leda-tinto-2016\/#breadcrumb\"},\"inLanguage\":\"en-US\",\"potentialAction\":[{\"@type\":\"ReadAction\",\"target\":[\"https:\/\/portowinehouse.com\/en\/product\/quinta-da-leda-tinto-2016\/\"]}]},{\"@type\":\"BreadcrumbList\",\"@id\":\"https:\/\/portowinehouse.com\/en\/product\/quinta-da-leda-tinto-2016\/#breadcrumb\",\"itemListElement\":[{\"@type\":\"ListItem\",\"position\":1,\"name\":\"In\u00edcio\",\"item\":\"https:\/\/portowinehouse.com\/en\/\"},{\"@type\":\"ListItem\",\"position\":2,\"name\":\"Shop\",\"item\":\"https:\/\/portowinehouse.com\/en\/shop\/\"},{\"@type\":\"ListItem\",\"position\":3,\"name\":\"Quinta da Leda Red 2016\"}]},{\"@type\":\"WebSite\",\"@id\":\"https:\/\/portowinehouse.com\/#website\",\"url\":\"https:\/\/portowinehouse.com\/\",\"name\":\"Porto Wine House\",\"description\":\"\",\"publisher\":{\"@id\":\"https:\/\/portowinehouse.com\/#organization\"},\"potentialAction\":[{\"@type\":\"SearchAction\",\"target\":{\"@type\":\"EntryPoint\",\"urlTemplate\":\"https:\/\/portowinehouse.com\/?s={search_term_string}\"},\"query-input\":\"required name=search_term_string\"}],\"inLanguage\":\"en-US\"},{\"@type\":\"Organization\",\"@id\":\"https:\/\/portowinehouse.com\/#organization\",\"name\":\"Porto Wine House\",\"url\":\"https:\/\/portowinehouse.com\/\",\"logo\":{\"@type\":\"ImageObject\",\"inLanguage\":\"en-US\",\"@id\":\"https:\/\/portowinehouse.com\/#\/schema\/logo\/image\/\",\"url\":\"https:\/\/portowinehouse.com\/wp-content\/uploads\/2020\/06\/logo-wine.jpg\",\"contentUrl\":\"https:\/\/portowinehouse.com\/wp-content\/uploads\/2020\/06\/logo-wine.jpg\",\"width\":99,\"height\":117,\"caption\":\"Porto Wine House\"},\"image\":{\"@id\":\"https:\/\/portowinehouse.com\/#\/schema\/logo\/image\/\"},\"sameAs\":[\"https:\/\/pt-pt.facebook.com\/Porto-Wine-House-350305098331175\/\"]}]}<\/script>\n<!-- \/ Yoast SEO plugin. -->","yoast_head_json":{"title":"Quinta da Leda Red 2016 - Porto Wine House","robots":{"index":"index","follow":"follow","max-snippet":"max-snippet:-1","max-image-preview":"max-image-preview:large","max-video-preview":"max-video-preview:-1"},"canonical":"https:\/\/portowinehouse.com\/en\/product\/quinta-da-leda-tinto-2016\/","og_locale":"en_US","og_type":"article","og_title":"Quinta da Leda Red 2016 - Porto Wine House","og_description":"Cor rubi profunda e aroma intenso e muito complexo. No nariz, destacam-se os frutos secos como a am\u00eandoa e a avel\u00e3, as notas florais de alfazema, as bals\u00e2micas a cedro e um ligeiro aroma mentolado. Sobressaem ainda as especiarias, fruta preta, algumas notas arbustivas e uma madeira de grande qualidade. Na boca, evidenciam-se as notas florais e de frutos pretos. \u00c9 um vinho volumoso e suave ao mesmo tempo, com taninos vivos e muito bem integrados, com um final de grande eleg\u00e2ncia e longevidade.   &nbsp;","og_url":"https:\/\/portowinehouse.com\/en\/product\/quinta-da-leda-tinto-2016\/","og_site_name":"Porto Wine House","article_publisher":"https:\/\/pt-pt.facebook.com\/Porto-Wine-House-350305098331175\/","article_modified_time":"2024-03-13T21:00:20+00:00","og_image":[{"width":394,"height":558,"url":"https:\/\/portowinehouse.com\/wp-content\/uploads\/2021\/04\/Quinta-da-Leda.png","type":"image\/png"}],"twitter_card":"summary_large_image","schema":{"@context":"https:\/\/schema.org","@graph":[{"@type":"WebPage","@id":"https:\/\/portowinehouse.com\/en\/product\/quinta-da-leda-tinto-2016\/","url":"https:\/\/portowinehouse.com\/en\/product\/quinta-da-leda-tinto-2016\/","name":"Quinta da Leda Red 2016 - Porto Wine House","isPartOf":{"@id":"https:\/\/portowinehouse.com\/#website"},"datePublished":"2021-04-28T13:42:40+00:00","dateModified":"2024-03-13T21:00:20+00:00","breadcrumb":{"@id":"https:\/\/portowinehouse.com\/en\/product\/quinta-da-leda-tinto-2016\/#breadcrumb"},"inLanguage":"en-US","potentialAction":[{"@type":"ReadAction","target":["https:\/\/portowinehouse.com\/en\/product\/quinta-da-leda-tinto-2016\/"]}]},{"@type":"BreadcrumbList","@id":"https:\/\/portowinehouse.com\/en\/product\/quinta-da-leda-tinto-2016\/#breadcrumb","itemListElement":[{"@type":"ListItem","position":1,"name":"In\u00edcio","item":"https:\/\/portowinehouse.com\/en\/"},{"@type":"ListItem","position":2,"name":"Shop","item":"https:\/\/portowinehouse.com\/en\/shop\/"},{"@type":"ListItem","position":3,"name":"Quinta da Leda Red 2016"}]},{"@type":"WebSite","@id":"https:\/\/portowinehouse.com\/#website","url":"https:\/\/portowinehouse.com\/","name":"Porto Wine House","description":"","publisher":{"@id":"https:\/\/portowinehouse.com\/#organization"},"potentialAction":[{"@type":"SearchAction","target":{"@type":"EntryPoint","urlTemplate":"https:\/\/portowinehouse.com\/?s={search_term_string}"},"query-input":"required name=search_term_string"}],"inLanguage":"en-US"},{"@type":"Organization","@id":"https:\/\/portowinehouse.com\/#organization","name":"Porto Wine House","url":"https:\/\/portowinehouse.com\/","logo":{"@type":"ImageObject","inLanguage":"en-US","@id":"https:\/\/portowinehouse.com\/#\/schema\/logo\/image\/","url":"https:\/\/portowinehouse.com\/wp-content\/uploads\/2020\/06\/logo-wine.jpg","contentUrl":"https:\/\/portowinehouse.com\/wp-content\/uploads\/2020\/06\/logo-wine.jpg","width":99,"height":117,"caption":"Porto Wine House"},"image":{"@id":"https:\/\/portowinehouse.com\/#\/schema\/logo\/image\/"},"sameAs":["https:\/\/pt-pt.facebook.com\/Porto-Wine-House-350305098331175\/"]}]}},"_links":{"self":[{"href":"https:\/\/portowinehouse.com\/en\/wp-json\/wp\/v2\/product\/2439"}],"collection":[{"href":"https:\/\/portowinehouse.com\/en\/wp-json\/wp\/v2\/product"}],"about":[{"href":"https:\/\/portowinehouse.com\/en\/wp-json\/wp\/v2\/types\/product"}],"replies":[{"embeddable":true,"href":"https:\/\/portowinehouse.com\/en\/wp-json\/wp\/v2\/comments?post=2439"}],"wp:featuredmedia":[{"embeddable":true,"href":"https:\/\/portowinehouse.com\/en\/wp-json\/wp\/v2\/media\/2438"}],"wp:attachment":[{"href":"https:\/\/portowinehouse.com\/en\/wp-json\/wp\/v2\/media?parent=2439"}],"wp:term":[{"taxonomy":"product_cat","embeddable":true,"href":"https:\/\/portowinehouse.com\/en\/wp-json\/wp\/v2\/product_cat?post=2439"},{"taxonomy":"product_tag","embeddable":true,"href":"https:\/\/portowinehouse.com\/en\/wp-json\/wp\/v2\/product_tag?post=2439"}],"curies":[{"name":"wp","href":"https:\/\/api.w.org\/{rel}","templated":true}]}}