{"id":1386,"date":"2020-06-26T14:33:42","date_gmt":"2020-06-26T14:33:42","guid":{"rendered":"http:\/\/portowinehouse.com\/noval-black-reserva-ruby\/"},"modified":"2021-05-12T15:22:59","modified_gmt":"2021-05-12T15:22:59","slug":"noval-black-reserva-ruby","status":"publish","type":"product","link":"https:\/\/portowinehouse.com\/en\/product\/noval-black-reserva-ruby\/","title":{"rendered":"Noval Black Port Ruby Reserve"},"content":{"rendered":"","protected":false},"excerpt":{"rendered":"<div>\n<p>Noval Black Reserve \u00e9 uma nova forma de beber Vinho do Porto, um vinho de uma nova era concebido para ser acompanhado de chocolate negro ou simplesmente bebido fresco, usado tamb\u00e9m como ingrediente em cocktails.<br \/>\nUma express\u00e3o clara do estilo Noval, novo e sem necessidade de decanta\u00e7\u00e3o. Sem complica\u00e7\u00f5es \u2014 apenas um excelente c\u00e1lice de Vinho do Porto.<\/p>\n<\/div>\n","protected":false},"featured_media":1048,"comment_status":"closed","ping_status":"closed","template":"","meta":{"_joinchat":[]},"product_cat":[149,172],"product_tag":[],"yoast_head":"<!-- This site is optimized with the Yoast SEO plugin v19.11 - https:\/\/yoast.com\/wordpress\/plugins\/seo\/ -->\n<title>Noval Black Port Ruby Reserve - Porto Wine House<\/title>\n<meta name=\"robots\" content=\"index, follow, max-snippet:-1, max-image-preview:large, max-video-preview:-1\" \/>\n<link rel=\"canonical\" href=\"https:\/\/portowinehouse.com\/en\/product\/noval-black-reserva-ruby\/\" \/>\n<meta property=\"og:locale\" content=\"en_US\" \/>\n<meta property=\"og:type\" content=\"article\" \/>\n<meta property=\"og:title\" content=\"Noval Black Port Ruby Reserve - Porto Wine House\" \/>\n<meta property=\"og:description\" content=\"Noval Black Reserve \u00e9 uma nova forma de beber Vinho do Porto, um vinho de uma nova era concebido para ser acompanhado de chocolate negro ou simplesmente bebido fresco, usado tamb\u00e9m como ingrediente em cocktails. Uma express\u00e3o clara do estilo Noval, novo e sem necessidade de decanta\u00e7\u00e3o. Sem complica\u00e7\u00f5es \u2014 apenas um excelente c\u00e1lice de Vinho do Porto.\" \/>\n<meta property=\"og:url\" content=\"https:\/\/portowinehouse.com\/en\/product\/noval-black-reserva-ruby\/\" \/>\n<meta property=\"og:site_name\" content=\"Porto Wine House\" \/>\n<meta property=\"article:publisher\" content=\"https:\/\/pt-pt.facebook.com\/Porto-Wine-House-350305098331175\/\" \/>\n<meta property=\"article:modified_time\" content=\"2021-05-12T15:22:59+00:00\" \/>\n<meta property=\"og:image\" content=\"https:\/\/portowinehouse.com\/wp-content\/uploads\/2020\/06\/noval-black-reserve-bouteille-site.png\" \/>\n\t<meta property=\"og:image:width\" content=\"231\" \/>\n\t<meta property=\"og:image:height\" content=\"973\" \/>\n\t<meta property=\"og:image:type\" content=\"image\/png\" \/>\n<meta name=\"twitter:card\" content=\"summary_large_image\" \/>\n<script type=\"application\/ld+json\" class=\"yoast-schema-graph\">{\"@context\":\"https:\/\/schema.org\",\"@graph\":[{\"@type\":\"WebPage\",\"@id\":\"https:\/\/portowinehouse.com\/en\/product\/noval-black-reserva-ruby\/\",\"url\":\"https:\/\/portowinehouse.com\/en\/product\/noval-black-reserva-ruby\/\",\"name\":\"Noval Black Port Ruby Reserve - Porto Wine House\",\"isPartOf\":{\"@id\":\"https:\/\/portowinehouse.com\/#website\"},\"datePublished\":\"2020-06-26T14:33:42+00:00\",\"dateModified\":\"2021-05-12T15:22:59+00:00\",\"breadcrumb\":{\"@id\":\"https:\/\/portowinehouse.com\/en\/product\/noval-black-reserva-ruby\/#breadcrumb\"},\"inLanguage\":\"en-US\",\"potentialAction\":[{\"@type\":\"ReadAction\",\"target\":[\"https:\/\/portowinehouse.com\/en\/product\/noval-black-reserva-ruby\/\"]}]},{\"@type\":\"BreadcrumbList\",\"@id\":\"https:\/\/portowinehouse.com\/en\/product\/noval-black-reserva-ruby\/#breadcrumb\",\"itemListElement\":[{\"@type\":\"ListItem\",\"position\":1,\"name\":\"In\u00edcio\",\"item\":\"https:\/\/portowinehouse.com\/en\/\"},{\"@type\":\"ListItem\",\"position\":2,\"name\":\"Shop\",\"item\":\"https:\/\/portowinehouse.com\/en\/shop\/\"},{\"@type\":\"ListItem\",\"position\":3,\"name\":\"Noval Black Port Ruby Reserve\"}]},{\"@type\":\"WebSite\",\"@id\":\"https:\/\/portowinehouse.com\/#website\",\"url\":\"https:\/\/portowinehouse.com\/\",\"name\":\"Porto Wine House\",\"description\":\"\",\"publisher\":{\"@id\":\"https:\/\/portowinehouse.com\/#organization\"},\"potentialAction\":[{\"@type\":\"SearchAction\",\"target\":{\"@type\":\"EntryPoint\",\"urlTemplate\":\"https:\/\/portowinehouse.com\/?s={search_term_string}\"},\"query-input\":\"required name=search_term_string\"}],\"inLanguage\":\"en-US\"},{\"@type\":\"Organization\",\"@id\":\"https:\/\/portowinehouse.com\/#organization\",\"name\":\"Porto Wine House\",\"url\":\"https:\/\/portowinehouse.com\/\",\"logo\":{\"@type\":\"ImageObject\",\"inLanguage\":\"en-US\",\"@id\":\"https:\/\/portowinehouse.com\/#\/schema\/logo\/image\/\",\"url\":\"https:\/\/portowinehouse.com\/wp-content\/uploads\/2020\/06\/logo-wine.jpg\",\"contentUrl\":\"https:\/\/portowinehouse.com\/wp-content\/uploads\/2020\/06\/logo-wine.jpg\",\"width\":99,\"height\":117,\"caption\":\"Porto Wine House\"},\"image\":{\"@id\":\"https:\/\/portowinehouse.com\/#\/schema\/logo\/image\/\"},\"sameAs\":[\"https:\/\/pt-pt.facebook.com\/Porto-Wine-House-350305098331175\/\"]}]}<\/script>\n<!-- \/ Yoast SEO plugin. -->","yoast_head_json":{"title":"Noval Black Port Ruby Reserve - Porto Wine House","robots":{"index":"index","follow":"follow","max-snippet":"max-snippet:-1","max-image-preview":"max-image-preview:large","max-video-preview":"max-video-preview:-1"},"canonical":"https:\/\/portowinehouse.com\/en\/product\/noval-black-reserva-ruby\/","og_locale":"en_US","og_type":"article","og_title":"Noval Black Port Ruby Reserve - Porto Wine House","og_description":"Noval Black Reserve \u00e9 uma nova forma de beber Vinho do Porto, um vinho de uma nova era concebido para ser acompanhado de chocolate negro ou simplesmente bebido fresco, usado tamb\u00e9m como ingrediente em cocktails. Uma express\u00e3o clara do estilo Noval, novo e sem necessidade de decanta\u00e7\u00e3o. Sem complica\u00e7\u00f5es \u2014 apenas um excelente c\u00e1lice de Vinho do Porto.","og_url":"https:\/\/portowinehouse.com\/en\/product\/noval-black-reserva-ruby\/","og_site_name":"Porto Wine House","article_publisher":"https:\/\/pt-pt.facebook.com\/Porto-Wine-House-350305098331175\/","article_modified_time":"2021-05-12T15:22:59+00:00","og_image":[{"width":231,"height":973,"url":"https:\/\/portowinehouse.com\/wp-content\/uploads\/2020\/06\/noval-black-reserve-bouteille-site.png","type":"image\/png"}],"twitter_card":"summary_large_image","schema":{"@context":"https:\/\/schema.org","@graph":[{"@type":"WebPage","@id":"https:\/\/portowinehouse.com\/en\/product\/noval-black-reserva-ruby\/","url":"https:\/\/portowinehouse.com\/en\/product\/noval-black-reserva-ruby\/","name":"Noval Black Port Ruby Reserve - Porto Wine House","isPartOf":{"@id":"https:\/\/portowinehouse.com\/#website"},"datePublished":"2020-06-26T14:33:42+00:00","dateModified":"2021-05-12T15:22:59+00:00","breadcrumb":{"@id":"https:\/\/portowinehouse.com\/en\/product\/noval-black-reserva-ruby\/#breadcrumb"},"inLanguage":"en-US","potentialAction":[{"@type":"ReadAction","target":["https:\/\/portowinehouse.com\/en\/product\/noval-black-reserva-ruby\/"]}]},{"@type":"BreadcrumbList","@id":"https:\/\/portowinehouse.com\/en\/product\/noval-black-reserva-ruby\/#breadcrumb","itemListElement":[{"@type":"ListItem","position":1,"name":"In\u00edcio","item":"https:\/\/portowinehouse.com\/en\/"},{"@type":"ListItem","position":2,"name":"Shop","item":"https:\/\/portowinehouse.com\/en\/shop\/"},{"@type":"ListItem","position":3,"name":"Noval Black Port Ruby Reserve"}]},{"@type":"WebSite","@id":"https:\/\/portowinehouse.com\/#website","url":"https:\/\/portowinehouse.com\/","name":"Porto Wine House","description":"","publisher":{"@id":"https:\/\/portowinehouse.com\/#organization"},"potentialAction":[{"@type":"SearchAction","target":{"@type":"EntryPoint","urlTemplate":"https:\/\/portowinehouse.com\/?s={search_term_string}"},"query-input":"required name=search_term_string"}],"inLanguage":"en-US"},{"@type":"Organization","@id":"https:\/\/portowinehouse.com\/#organization","name":"Porto Wine House","url":"https:\/\/portowinehouse.com\/","logo":{"@type":"ImageObject","inLanguage":"en-US","@id":"https:\/\/portowinehouse.com\/#\/schema\/logo\/image\/","url":"https:\/\/portowinehouse.com\/wp-content\/uploads\/2020\/06\/logo-wine.jpg","contentUrl":"https:\/\/portowinehouse.com\/wp-content\/uploads\/2020\/06\/logo-wine.jpg","width":99,"height":117,"caption":"Porto Wine House"},"image":{"@id":"https:\/\/portowinehouse.com\/#\/schema\/logo\/image\/"},"sameAs":["https:\/\/pt-pt.facebook.com\/Porto-Wine-House-350305098331175\/"]}]}},"_links":{"self":[{"href":"https:\/\/portowinehouse.com\/en\/wp-json\/wp\/v2\/product\/1386"}],"collection":[{"href":"https:\/\/portowinehouse.com\/en\/wp-json\/wp\/v2\/product"}],"about":[{"href":"https:\/\/portowinehouse.com\/en\/wp-json\/wp\/v2\/types\/product"}],"replies":[{"embeddable":true,"href":"https:\/\/portowinehouse.com\/en\/wp-json\/wp\/v2\/comments?post=1386"}],"wp:featuredmedia":[{"embeddable":true,"href":"https:\/\/portowinehouse.com\/en\/wp-json\/wp\/v2\/media\/1048"}],"wp:attachment":[{"href":"https:\/\/portowinehouse.com\/en\/wp-json\/wp\/v2\/media?parent=1386"}],"wp:term":[{"taxonomy":"product_cat","embeddable":true,"href":"https:\/\/portowinehouse.com\/en\/wp-json\/wp\/v2\/product_cat?post=1386"},{"taxonomy":"product_tag","embeddable":true,"href":"https:\/\/portowinehouse.com\/en\/wp-json\/wp\/v2\/product_tag?post=1386"}],"curies":[{"name":"wp","href":"https:\/\/api.w.org\/{rel}","templated":true}]}}