{"id":1344,"date":"2020-06-26T14:33:53","date_gmt":"2020-06-26T14:33:53","guid":{"rendered":"http:\/\/portowinehouse.com\/kopke-colheita-1975\/"},"modified":"2021-04-13T16:14:20","modified_gmt":"2021-04-13T16:14:20","slug":"kopke-colheita-1975","status":"publish","type":"product","link":"https:\/\/portowinehouse.com\/en\/product\/kopke-colheita-1975\/","title":{"rendered":"Kopke Port Single Harvest 1975"},"content":{"rendered":"<p>An appealing amber colour. Rich and fragrant nose, with prevailing aromas of dried fruit elegantly wrapped in notes of spice. Smooth and silky in the mouth, it reveals remarkable structure and body. A delicate wine defined by an elegance that extends into a prolonged finish.<\/p>\n","protected":false},"excerpt":{"rendered":"<p>Apelativa cor \u00e2mbar. Nariz rico e perfumado dominado pela presen\u00e7a dos frutos secos harmoniosamente envolvidos pelas notas de especiarias. Macio e sedoso no paladar, revela uma not\u00e1vel estrutura e bom volume. A eleg\u00e2ncia caracteriza este delicado conjunto e prolonga-se pelo final intermin\u00e1vel e distinto.<\/p>\n","protected":false},"featured_media":2334,"comment_status":"closed","ping_status":"closed","template":"","meta":{"_joinchat":[]},"product_cat":[149,168],"product_tag":[],"yoast_head":"<!-- This site is optimized with the Yoast SEO plugin v19.11 - https:\/\/yoast.com\/wordpress\/plugins\/seo\/ -->\n<title>Kopke Port Single Harvest 1975 - Porto Wine House<\/title>\n<meta name=\"robots\" content=\"index, follow, max-snippet:-1, max-image-preview:large, max-video-preview:-1\" \/>\n<link rel=\"canonical\" href=\"https:\/\/portowinehouse.com\/en\/product\/kopke-colheita-1975\/\" \/>\n<meta property=\"og:locale\" content=\"en_US\" \/>\n<meta property=\"og:type\" content=\"article\" \/>\n<meta property=\"og:title\" content=\"Kopke Port Single Harvest 1975 - Porto Wine House\" \/>\n<meta property=\"og:description\" content=\"Apelativa cor \u00e2mbar. Nariz rico e perfumado dominado pela presen\u00e7a dos frutos secos harmoniosamente envolvidos pelas notas de especiarias. Macio e sedoso no paladar, revela uma not\u00e1vel estrutura e bom volume. A eleg\u00e2ncia caracteriza este delicado conjunto e prolonga-se pelo final intermin\u00e1vel e distinto.\" \/>\n<meta property=\"og:url\" content=\"https:\/\/portowinehouse.com\/en\/product\/kopke-colheita-1975\/\" \/>\n<meta property=\"og:site_name\" content=\"Porto Wine House\" \/>\n<meta property=\"article:publisher\" content=\"https:\/\/pt-pt.facebook.com\/Porto-Wine-House-350305098331175\/\" \/>\n<meta property=\"article:modified_time\" content=\"2021-04-13T16:14:20+00:00\" \/>\n<meta property=\"og:image\" content=\"https:\/\/portowinehouse.com\/wp-content\/uploads\/2020\/06\/1975.jpg\" \/>\n\t<meta property=\"og:image:width\" content=\"540\" \/>\n\t<meta property=\"og:image:height\" content=\"753\" \/>\n\t<meta property=\"og:image:type\" content=\"image\/jpeg\" \/>\n<meta name=\"twitter:card\" content=\"summary_large_image\" \/>\n<script type=\"application\/ld+json\" class=\"yoast-schema-graph\">{\"@context\":\"https:\/\/schema.org\",\"@graph\":[{\"@type\":\"WebPage\",\"@id\":\"https:\/\/portowinehouse.com\/en\/product\/kopke-colheita-1975\/\",\"url\":\"https:\/\/portowinehouse.com\/en\/product\/kopke-colheita-1975\/\",\"name\":\"Kopke Port Single Harvest 1975 - Porto Wine House\",\"isPartOf\":{\"@id\":\"https:\/\/portowinehouse.com\/#website\"},\"datePublished\":\"2020-06-26T14:33:53+00:00\",\"dateModified\":\"2021-04-13T16:14:20+00:00\",\"breadcrumb\":{\"@id\":\"https:\/\/portowinehouse.com\/en\/product\/kopke-colheita-1975\/#breadcrumb\"},\"inLanguage\":\"en-US\",\"potentialAction\":[{\"@type\":\"ReadAction\",\"target\":[\"https:\/\/portowinehouse.com\/en\/product\/kopke-colheita-1975\/\"]}]},{\"@type\":\"BreadcrumbList\",\"@id\":\"https:\/\/portowinehouse.com\/en\/product\/kopke-colheita-1975\/#breadcrumb\",\"itemListElement\":[{\"@type\":\"ListItem\",\"position\":1,\"name\":\"In\u00edcio\",\"item\":\"https:\/\/portowinehouse.com\/en\/\"},{\"@type\":\"ListItem\",\"position\":2,\"name\":\"Shop\",\"item\":\"https:\/\/portowinehouse.com\/en\/shop\/\"},{\"@type\":\"ListItem\",\"position\":3,\"name\":\"Kopke Port Single Harvest 1975\"}]},{\"@type\":\"WebSite\",\"@id\":\"https:\/\/portowinehouse.com\/#website\",\"url\":\"https:\/\/portowinehouse.com\/\",\"name\":\"Porto Wine House\",\"description\":\"\",\"publisher\":{\"@id\":\"https:\/\/portowinehouse.com\/#organization\"},\"potentialAction\":[{\"@type\":\"SearchAction\",\"target\":{\"@type\":\"EntryPoint\",\"urlTemplate\":\"https:\/\/portowinehouse.com\/?s={search_term_string}\"},\"query-input\":\"required name=search_term_string\"}],\"inLanguage\":\"en-US\"},{\"@type\":\"Organization\",\"@id\":\"https:\/\/portowinehouse.com\/#organization\",\"name\":\"Porto Wine House\",\"url\":\"https:\/\/portowinehouse.com\/\",\"logo\":{\"@type\":\"ImageObject\",\"inLanguage\":\"en-US\",\"@id\":\"https:\/\/portowinehouse.com\/#\/schema\/logo\/image\/\",\"url\":\"https:\/\/portowinehouse.com\/wp-content\/uploads\/2020\/06\/logo-wine.jpg\",\"contentUrl\":\"https:\/\/portowinehouse.com\/wp-content\/uploads\/2020\/06\/logo-wine.jpg\",\"width\":99,\"height\":117,\"caption\":\"Porto Wine House\"},\"image\":{\"@id\":\"https:\/\/portowinehouse.com\/#\/schema\/logo\/image\/\"},\"sameAs\":[\"https:\/\/pt-pt.facebook.com\/Porto-Wine-House-350305098331175\/\"]}]}<\/script>\n<!-- \/ Yoast SEO plugin. -->","yoast_head_json":{"title":"Kopke Port Single Harvest 1975 - Porto Wine House","robots":{"index":"index","follow":"follow","max-snippet":"max-snippet:-1","max-image-preview":"max-image-preview:large","max-video-preview":"max-video-preview:-1"},"canonical":"https:\/\/portowinehouse.com\/en\/product\/kopke-colheita-1975\/","og_locale":"en_US","og_type":"article","og_title":"Kopke Port Single Harvest 1975 - Porto Wine House","og_description":"Apelativa cor \u00e2mbar. Nariz rico e perfumado dominado pela presen\u00e7a dos frutos secos harmoniosamente envolvidos pelas notas de especiarias. Macio e sedoso no paladar, revela uma not\u00e1vel estrutura e bom volume. A eleg\u00e2ncia caracteriza este delicado conjunto e prolonga-se pelo final intermin\u00e1vel e distinto.","og_url":"https:\/\/portowinehouse.com\/en\/product\/kopke-colheita-1975\/","og_site_name":"Porto Wine House","article_publisher":"https:\/\/pt-pt.facebook.com\/Porto-Wine-House-350305098331175\/","article_modified_time":"2021-04-13T16:14:20+00:00","og_image":[{"width":540,"height":753,"url":"https:\/\/portowinehouse.com\/wp-content\/uploads\/2020\/06\/1975.jpg","type":"image\/jpeg"}],"twitter_card":"summary_large_image","schema":{"@context":"https:\/\/schema.org","@graph":[{"@type":"WebPage","@id":"https:\/\/portowinehouse.com\/en\/product\/kopke-colheita-1975\/","url":"https:\/\/portowinehouse.com\/en\/product\/kopke-colheita-1975\/","name":"Kopke Port Single Harvest 1975 - Porto Wine House","isPartOf":{"@id":"https:\/\/portowinehouse.com\/#website"},"datePublished":"2020-06-26T14:33:53+00:00","dateModified":"2021-04-13T16:14:20+00:00","breadcrumb":{"@id":"https:\/\/portowinehouse.com\/en\/product\/kopke-colheita-1975\/#breadcrumb"},"inLanguage":"en-US","potentialAction":[{"@type":"ReadAction","target":["https:\/\/portowinehouse.com\/en\/product\/kopke-colheita-1975\/"]}]},{"@type":"BreadcrumbList","@id":"https:\/\/portowinehouse.com\/en\/product\/kopke-colheita-1975\/#breadcrumb","itemListElement":[{"@type":"ListItem","position":1,"name":"In\u00edcio","item":"https:\/\/portowinehouse.com\/en\/"},{"@type":"ListItem","position":2,"name":"Shop","item":"https:\/\/portowinehouse.com\/en\/shop\/"},{"@type":"ListItem","position":3,"name":"Kopke Port Single Harvest 1975"}]},{"@type":"WebSite","@id":"https:\/\/portowinehouse.com\/#website","url":"https:\/\/portowinehouse.com\/","name":"Porto Wine House","description":"","publisher":{"@id":"https:\/\/portowinehouse.com\/#organization"},"potentialAction":[{"@type":"SearchAction","target":{"@type":"EntryPoint","urlTemplate":"https:\/\/portowinehouse.com\/?s={search_term_string}"},"query-input":"required name=search_term_string"}],"inLanguage":"en-US"},{"@type":"Organization","@id":"https:\/\/portowinehouse.com\/#organization","name":"Porto Wine House","url":"https:\/\/portowinehouse.com\/","logo":{"@type":"ImageObject","inLanguage":"en-US","@id":"https:\/\/portowinehouse.com\/#\/schema\/logo\/image\/","url":"https:\/\/portowinehouse.com\/wp-content\/uploads\/2020\/06\/logo-wine.jpg","contentUrl":"https:\/\/portowinehouse.com\/wp-content\/uploads\/2020\/06\/logo-wine.jpg","width":99,"height":117,"caption":"Porto Wine House"},"image":{"@id":"https:\/\/portowinehouse.com\/#\/schema\/logo\/image\/"},"sameAs":["https:\/\/pt-pt.facebook.com\/Porto-Wine-House-350305098331175\/"]}]}},"_links":{"self":[{"href":"https:\/\/portowinehouse.com\/en\/wp-json\/wp\/v2\/product\/1344"}],"collection":[{"href":"https:\/\/portowinehouse.com\/en\/wp-json\/wp\/v2\/product"}],"about":[{"href":"https:\/\/portowinehouse.com\/en\/wp-json\/wp\/v2\/types\/product"}],"replies":[{"embeddable":true,"href":"https:\/\/portowinehouse.com\/en\/wp-json\/wp\/v2\/comments?post=1344"}],"wp:featuredmedia":[{"embeddable":true,"href":"https:\/\/portowinehouse.com\/en\/wp-json\/wp\/v2\/media\/2334"}],"wp:attachment":[{"href":"https:\/\/portowinehouse.com\/en\/wp-json\/wp\/v2\/media?parent=1344"}],"wp:term":[{"taxonomy":"product_cat","embeddable":true,"href":"https:\/\/portowinehouse.com\/en\/wp-json\/wp\/v2\/product_cat?post=1344"},{"taxonomy":"product_tag","embeddable":true,"href":"https:\/\/portowinehouse.com\/en\/wp-json\/wp\/v2\/product_tag?post=1344"}],"curies":[{"name":"wp","href":"https:\/\/api.w.org\/{rel}","templated":true}]}}