{"id":1276,"date":"2020-06-26T14:34:09","date_gmt":"2020-06-26T14:34:09","guid":{"rendered":"http:\/\/portowinehouse.com\/morgadio-da-calcada-vintage-2011\/"},"modified":"2021-04-13T17:15:59","modified_gmt":"2021-04-13T17:15:59","slug":"morgadio-da-calcada-vintage-2011","status":"publish","type":"product","link":"https:\/\/portowinehouse.com\/en\/product\/morgadio-da-calcada-vintage-2011\/","title":{"rendered":"Morgadio da Cal\u00e7ada Port Vintage  2011"},"content":{"rendered":"","protected":false},"excerpt":{"rendered":"<div class=\"woocommerce-product-details__short-description\">\n<p>O Vintage Morgadio da Cal\u00e7ada 2011 mostra uma cor retinta cerrada muito intensa. No aroma, os frutos silvestres e frutos escuros s\u00e3o bem evidentes enquanto no palato revela uma textura aveludada, contrastando de forma maravilhosa com um final em que os taninos se apresentam deliciosamente r\u00fasticos. A acidez quase perfeita da vindima de 2011, aliada \u00e0 grande concentra\u00e7\u00e3o, torna este Vintage 2011 um grande e impressionante vinho que ganhar\u00e1 muito com o tempo em garrafa.<\/p>\n<p>Perfeito com Queijo da Serra, Stilton ou outros queijos azuis. Sobremesas com doces de ovos, tal como p\u00e3o de l\u00f3.<\/p>\n<\/div>\n<form class=\"cart\" action=\"https:\/\/garrafeiragrandeescolha.pt\/produto\/porto-morgadio-da-calcada-vintage-2011\/\" enctype=\"multipart\/form-data\" method=\"post\">\n<div class=\"wrap-cart-cta\">\n<div class=\"quantity\"><i class=\"lastudioicon-i-delete-2\"><\/i>\u00a0<label class=\"screen-reader-text\" for=\"quantity_6075d067d1d18\"><\/label><\/div>\n<p><button class=\"single_add_to_cart_button button alt\" name=\"add-to-cart\" type=\"submit\" value=\"1082\"><\/button><\/div>\n<\/form>\n","protected":false},"featured_media":2366,"comment_status":"closed","ping_status":"closed","template":"","meta":{"_joinchat":[]},"product_cat":[149,174],"product_tag":[],"yoast_head":"<!-- This site is optimized with the Yoast SEO plugin v19.11 - https:\/\/yoast.com\/wordpress\/plugins\/seo\/ -->\n<title>Morgadio da Cal\u00e7ada Port Vintage 2011 - Porto Wine House<\/title>\n<meta name=\"robots\" content=\"index, follow, max-snippet:-1, max-image-preview:large, max-video-preview:-1\" \/>\n<link rel=\"canonical\" href=\"https:\/\/portowinehouse.com\/en\/product\/morgadio-da-calcada-vintage-2011\/\" \/>\n<meta property=\"og:locale\" content=\"en_US\" \/>\n<meta property=\"og:type\" content=\"article\" \/>\n<meta property=\"og:title\" content=\"Morgadio da Cal\u00e7ada Port Vintage 2011 - Porto Wine House\" \/>\n<meta property=\"og:description\" content=\"O Vintage Morgadio da Cal\u00e7ada 2011 mostra uma cor retinta cerrada muito intensa. No aroma, os frutos silvestres e frutos escuros s\u00e3o bem evidentes enquanto no palato revela uma textura aveludada, contrastando de forma maravilhosa com um final em que os taninos se apresentam deliciosamente r\u00fasticos. A acidez quase perfeita da vindima de 2011, aliada \u00e0 grande concentra\u00e7\u00e3o, torna este Vintage 2011 um grande e impressionante vinho que ganhar\u00e1 muito com o tempo em garrafa.  Perfeito com Queijo da Serra, Stilton ou outros queijos azuis. Sobremesas com doces de ovos, tal como p\u00e3o de l\u00f3.     \u00a0\" \/>\n<meta property=\"og:url\" content=\"https:\/\/portowinehouse.com\/en\/product\/morgadio-da-calcada-vintage-2011\/\" \/>\n<meta property=\"og:site_name\" content=\"Porto Wine House\" \/>\n<meta property=\"article:publisher\" content=\"https:\/\/pt-pt.facebook.com\/Porto-Wine-House-350305098331175\/\" \/>\n<meta property=\"article:modified_time\" content=\"2021-04-13T17:15:59+00:00\" \/>\n<meta property=\"og:image\" content=\"https:\/\/portowinehouse.com\/wp-content\/uploads\/2020\/06\/Porto-Morgadio-da-Calcada-Vintage-2011.jpg\" \/>\n\t<meta property=\"og:image:width\" content=\"600\" \/>\n\t<meta property=\"og:image:height\" content=\"600\" \/>\n\t<meta property=\"og:image:type\" content=\"image\/jpeg\" \/>\n<meta name=\"twitter:card\" content=\"summary_large_image\" \/>\n<script type=\"application\/ld+json\" class=\"yoast-schema-graph\">{\"@context\":\"https:\/\/schema.org\",\"@graph\":[{\"@type\":\"WebPage\",\"@id\":\"https:\/\/portowinehouse.com\/en\/product\/morgadio-da-calcada-vintage-2011\/\",\"url\":\"https:\/\/portowinehouse.com\/en\/product\/morgadio-da-calcada-vintage-2011\/\",\"name\":\"Morgadio da Cal\u00e7ada Port Vintage 2011 - Porto Wine House\",\"isPartOf\":{\"@id\":\"https:\/\/portowinehouse.com\/#website\"},\"datePublished\":\"2020-06-26T14:34:09+00:00\",\"dateModified\":\"2021-04-13T17:15:59+00:00\",\"breadcrumb\":{\"@id\":\"https:\/\/portowinehouse.com\/en\/product\/morgadio-da-calcada-vintage-2011\/#breadcrumb\"},\"inLanguage\":\"en-US\",\"potentialAction\":[{\"@type\":\"ReadAction\",\"target\":[\"https:\/\/portowinehouse.com\/en\/product\/morgadio-da-calcada-vintage-2011\/\"]}]},{\"@type\":\"BreadcrumbList\",\"@id\":\"https:\/\/portowinehouse.com\/en\/product\/morgadio-da-calcada-vintage-2011\/#breadcrumb\",\"itemListElement\":[{\"@type\":\"ListItem\",\"position\":1,\"name\":\"In\u00edcio\",\"item\":\"https:\/\/portowinehouse.com\/en\/\"},{\"@type\":\"ListItem\",\"position\":2,\"name\":\"Shop\",\"item\":\"https:\/\/portowinehouse.com\/en\/shop\/\"},{\"@type\":\"ListItem\",\"position\":3,\"name\":\"Morgadio da Cal\u00e7ada Port Vintage 2011\"}]},{\"@type\":\"WebSite\",\"@id\":\"https:\/\/portowinehouse.com\/#website\",\"url\":\"https:\/\/portowinehouse.com\/\",\"name\":\"Porto Wine House\",\"description\":\"\",\"publisher\":{\"@id\":\"https:\/\/portowinehouse.com\/#organization\"},\"potentialAction\":[{\"@type\":\"SearchAction\",\"target\":{\"@type\":\"EntryPoint\",\"urlTemplate\":\"https:\/\/portowinehouse.com\/?s={search_term_string}\"},\"query-input\":\"required name=search_term_string\"}],\"inLanguage\":\"en-US\"},{\"@type\":\"Organization\",\"@id\":\"https:\/\/portowinehouse.com\/#organization\",\"name\":\"Porto Wine House\",\"url\":\"https:\/\/portowinehouse.com\/\",\"logo\":{\"@type\":\"ImageObject\",\"inLanguage\":\"en-US\",\"@id\":\"https:\/\/portowinehouse.com\/#\/schema\/logo\/image\/\",\"url\":\"https:\/\/portowinehouse.com\/wp-content\/uploads\/2020\/06\/logo-wine.jpg\",\"contentUrl\":\"https:\/\/portowinehouse.com\/wp-content\/uploads\/2020\/06\/logo-wine.jpg\",\"width\":99,\"height\":117,\"caption\":\"Porto Wine House\"},\"image\":{\"@id\":\"https:\/\/portowinehouse.com\/#\/schema\/logo\/image\/\"},\"sameAs\":[\"https:\/\/pt-pt.facebook.com\/Porto-Wine-House-350305098331175\/\"]}]}<\/script>\n<!-- \/ Yoast SEO plugin. -->","yoast_head_json":{"title":"Morgadio da Cal\u00e7ada Port Vintage 2011 - Porto Wine House","robots":{"index":"index","follow":"follow","max-snippet":"max-snippet:-1","max-image-preview":"max-image-preview:large","max-video-preview":"max-video-preview:-1"},"canonical":"https:\/\/portowinehouse.com\/en\/product\/morgadio-da-calcada-vintage-2011\/","og_locale":"en_US","og_type":"article","og_title":"Morgadio da Cal\u00e7ada Port Vintage 2011 - Porto Wine House","og_description":"O Vintage Morgadio da Cal\u00e7ada 2011 mostra uma cor retinta cerrada muito intensa. No aroma, os frutos silvestres e frutos escuros s\u00e3o bem evidentes enquanto no palato revela uma textura aveludada, contrastando de forma maravilhosa com um final em que os taninos se apresentam deliciosamente r\u00fasticos. A acidez quase perfeita da vindima de 2011, aliada \u00e0 grande concentra\u00e7\u00e3o, torna este Vintage 2011 um grande e impressionante vinho que ganhar\u00e1 muito com o tempo em garrafa.  Perfeito com Queijo da Serra, Stilton ou outros queijos azuis. Sobremesas com doces de ovos, tal como p\u00e3o de l\u00f3.     \u00a0","og_url":"https:\/\/portowinehouse.com\/en\/product\/morgadio-da-calcada-vintage-2011\/","og_site_name":"Porto Wine House","article_publisher":"https:\/\/pt-pt.facebook.com\/Porto-Wine-House-350305098331175\/","article_modified_time":"2021-04-13T17:15:59+00:00","og_image":[{"width":600,"height":600,"url":"https:\/\/portowinehouse.com\/wp-content\/uploads\/2020\/06\/Porto-Morgadio-da-Calcada-Vintage-2011.jpg","type":"image\/jpeg"}],"twitter_card":"summary_large_image","schema":{"@context":"https:\/\/schema.org","@graph":[{"@type":"WebPage","@id":"https:\/\/portowinehouse.com\/en\/product\/morgadio-da-calcada-vintage-2011\/","url":"https:\/\/portowinehouse.com\/en\/product\/morgadio-da-calcada-vintage-2011\/","name":"Morgadio da Cal\u00e7ada Port Vintage 2011 - Porto Wine House","isPartOf":{"@id":"https:\/\/portowinehouse.com\/#website"},"datePublished":"2020-06-26T14:34:09+00:00","dateModified":"2021-04-13T17:15:59+00:00","breadcrumb":{"@id":"https:\/\/portowinehouse.com\/en\/product\/morgadio-da-calcada-vintage-2011\/#breadcrumb"},"inLanguage":"en-US","potentialAction":[{"@type":"ReadAction","target":["https:\/\/portowinehouse.com\/en\/product\/morgadio-da-calcada-vintage-2011\/"]}]},{"@type":"BreadcrumbList","@id":"https:\/\/portowinehouse.com\/en\/product\/morgadio-da-calcada-vintage-2011\/#breadcrumb","itemListElement":[{"@type":"ListItem","position":1,"name":"In\u00edcio","item":"https:\/\/portowinehouse.com\/en\/"},{"@type":"ListItem","position":2,"name":"Shop","item":"https:\/\/portowinehouse.com\/en\/shop\/"},{"@type":"ListItem","position":3,"name":"Morgadio da Cal\u00e7ada Port Vintage 2011"}]},{"@type":"WebSite","@id":"https:\/\/portowinehouse.com\/#website","url":"https:\/\/portowinehouse.com\/","name":"Porto Wine House","description":"","publisher":{"@id":"https:\/\/portowinehouse.com\/#organization"},"potentialAction":[{"@type":"SearchAction","target":{"@type":"EntryPoint","urlTemplate":"https:\/\/portowinehouse.com\/?s={search_term_string}"},"query-input":"required name=search_term_string"}],"inLanguage":"en-US"},{"@type":"Organization","@id":"https:\/\/portowinehouse.com\/#organization","name":"Porto Wine House","url":"https:\/\/portowinehouse.com\/","logo":{"@type":"ImageObject","inLanguage":"en-US","@id":"https:\/\/portowinehouse.com\/#\/schema\/logo\/image\/","url":"https:\/\/portowinehouse.com\/wp-content\/uploads\/2020\/06\/logo-wine.jpg","contentUrl":"https:\/\/portowinehouse.com\/wp-content\/uploads\/2020\/06\/logo-wine.jpg","width":99,"height":117,"caption":"Porto Wine House"},"image":{"@id":"https:\/\/portowinehouse.com\/#\/schema\/logo\/image\/"},"sameAs":["https:\/\/pt-pt.facebook.com\/Porto-Wine-House-350305098331175\/"]}]}},"_links":{"self":[{"href":"https:\/\/portowinehouse.com\/en\/wp-json\/wp\/v2\/product\/1276"}],"collection":[{"href":"https:\/\/portowinehouse.com\/en\/wp-json\/wp\/v2\/product"}],"about":[{"href":"https:\/\/portowinehouse.com\/en\/wp-json\/wp\/v2\/types\/product"}],"replies":[{"embeddable":true,"href":"https:\/\/portowinehouse.com\/en\/wp-json\/wp\/v2\/comments?post=1276"}],"wp:featuredmedia":[{"embeddable":true,"href":"https:\/\/portowinehouse.com\/en\/wp-json\/wp\/v2\/media\/2366"}],"wp:attachment":[{"href":"https:\/\/portowinehouse.com\/en\/wp-json\/wp\/v2\/media?parent=1276"}],"wp:term":[{"taxonomy":"product_cat","embeddable":true,"href":"https:\/\/portowinehouse.com\/en\/wp-json\/wp\/v2\/product_cat?post=1276"},{"taxonomy":"product_tag","embeddable":true,"href":"https:\/\/portowinehouse.com\/en\/wp-json\/wp\/v2\/product_tag?post=1276"}],"curies":[{"name":"wp","href":"https:\/\/api.w.org\/{rel}","templated":true}]}}