{"id":1275,"date":"2020-06-26T14:34:09","date_gmt":"2020-06-26T14:34:09","guid":{"rendered":"http:\/\/portowinehouse.com\/qta-do-vesuvio-vintage-2017\/"},"modified":"2021-03-10T14:38:20","modified_gmt":"2021-03-10T14:38:20","slug":"qta-do-vesuvio-vintage-2017","status":"publish","type":"product","link":"https:\/\/portowinehouse.com\/en\/product\/qta-do-vesuvio-vintage-2017\/","title":{"rendered":"Qta. do Ves\u00favio Vintage 2017"},"content":{"rendered":"<p>\u201cThe quinta of all quintas \u2013 one of the wonders of the world\u201d. At Vesuvio, far up in the Douro Superior, the work of man and the work of nature achieve a perfect and enduring harmony. More than anywhere else in the Douro it has a haunting and enchanting beauty; when you leave it, you take with you a sense of the place that does not fade with time.<\/p>\n","protected":false},"excerpt":{"rendered":"<p>A quinta de todas as quintas &#8211; uma das maravilhas do mundo. Na Quinta do Ves\u00favio, no Douro Superior mais \u201cprofundo\u201d, o trabalho do homem e a natureza alcan\u00e7aram uma harmonia perfeita e duradoura. Mais do que qualquer outro lugar do Douro a Quinta do Ves\u00favio tem uma assombra\u00e7\u00e3o e beleza encantadora; com um sentido do lugar que n\u00e3o se desvanece com o tempo.<\/p>\n","protected":false},"featured_media":2147,"comment_status":"closed","ping_status":"closed","template":"","meta":{"_joinchat":[]},"product_cat":[149,174],"product_tag":[],"yoast_head":"<!-- This site is optimized with the Yoast SEO plugin v19.11 - https:\/\/yoast.com\/wordpress\/plugins\/seo\/ -->\n<title>Qta. do Ves\u00favio Vintage 2017 - Porto Wine House<\/title>\n<meta name=\"robots\" content=\"index, follow, max-snippet:-1, max-image-preview:large, max-video-preview:-1\" \/>\n<link rel=\"canonical\" href=\"https:\/\/portowinehouse.com\/en\/product\/qta-do-vesuvio-vintage-2017\/\" \/>\n<meta property=\"og:locale\" content=\"en_US\" \/>\n<meta property=\"og:type\" content=\"article\" \/>\n<meta property=\"og:title\" content=\"Qta. do Ves\u00favio Vintage 2017 - Porto Wine House\" \/>\n<meta property=\"og:description\" content=\"A quinta de todas as quintas - uma das maravilhas do mundo. Na Quinta do Ves\u00favio, no Douro Superior mais \u201cprofundo\u201d, o trabalho do homem e a natureza alcan\u00e7aram uma harmonia perfeita e duradoura. Mais do que qualquer outro lugar do Douro a Quinta do Ves\u00favio tem uma assombra\u00e7\u00e3o e beleza encantadora; com um sentido do lugar que n\u00e3o se desvanece com o tempo.\" \/>\n<meta property=\"og:url\" content=\"https:\/\/portowinehouse.com\/en\/product\/qta-do-vesuvio-vintage-2017\/\" \/>\n<meta property=\"og:site_name\" content=\"Porto Wine House\" \/>\n<meta property=\"article:publisher\" content=\"https:\/\/pt-pt.facebook.com\/Porto-Wine-House-350305098331175\/\" \/>\n<meta property=\"article:modified_time\" content=\"2021-03-10T14:38:20+00:00\" \/>\n<meta property=\"og:image\" content=\"https:\/\/portowinehouse.com\/wp-content\/uploads\/2020\/06\/vintage-vesuvio-2017.jpg\" \/>\n\t<meta property=\"og:image:width\" content=\"159\" \/>\n\t<meta property=\"og:image:height\" content=\"700\" \/>\n\t<meta property=\"og:image:type\" content=\"image\/jpeg\" \/>\n<meta name=\"twitter:card\" content=\"summary_large_image\" \/>\n<script type=\"application\/ld+json\" class=\"yoast-schema-graph\">{\"@context\":\"https:\/\/schema.org\",\"@graph\":[{\"@type\":\"WebPage\",\"@id\":\"https:\/\/portowinehouse.com\/en\/product\/qta-do-vesuvio-vintage-2017\/\",\"url\":\"https:\/\/portowinehouse.com\/en\/product\/qta-do-vesuvio-vintage-2017\/\",\"name\":\"Qta. do Ves\u00favio Vintage 2017 - Porto Wine House\",\"isPartOf\":{\"@id\":\"https:\/\/portowinehouse.com\/#website\"},\"datePublished\":\"2020-06-26T14:34:09+00:00\",\"dateModified\":\"2021-03-10T14:38:20+00:00\",\"breadcrumb\":{\"@id\":\"https:\/\/portowinehouse.com\/en\/product\/qta-do-vesuvio-vintage-2017\/#breadcrumb\"},\"inLanguage\":\"en-US\",\"potentialAction\":[{\"@type\":\"ReadAction\",\"target\":[\"https:\/\/portowinehouse.com\/en\/product\/qta-do-vesuvio-vintage-2017\/\"]}]},{\"@type\":\"BreadcrumbList\",\"@id\":\"https:\/\/portowinehouse.com\/en\/product\/qta-do-vesuvio-vintage-2017\/#breadcrumb\",\"itemListElement\":[{\"@type\":\"ListItem\",\"position\":1,\"name\":\"In\u00edcio\",\"item\":\"https:\/\/portowinehouse.com\/en\/\"},{\"@type\":\"ListItem\",\"position\":2,\"name\":\"Shop\",\"item\":\"https:\/\/portowinehouse.com\/en\/shop\/\"},{\"@type\":\"ListItem\",\"position\":3,\"name\":\"Qta. do Ves\u00favio Vintage 2017\"}]},{\"@type\":\"WebSite\",\"@id\":\"https:\/\/portowinehouse.com\/#website\",\"url\":\"https:\/\/portowinehouse.com\/\",\"name\":\"Porto Wine House\",\"description\":\"\",\"publisher\":{\"@id\":\"https:\/\/portowinehouse.com\/#organization\"},\"potentialAction\":[{\"@type\":\"SearchAction\",\"target\":{\"@type\":\"EntryPoint\",\"urlTemplate\":\"https:\/\/portowinehouse.com\/?s={search_term_string}\"},\"query-input\":\"required name=search_term_string\"}],\"inLanguage\":\"en-US\"},{\"@type\":\"Organization\",\"@id\":\"https:\/\/portowinehouse.com\/#organization\",\"name\":\"Porto Wine House\",\"url\":\"https:\/\/portowinehouse.com\/\",\"logo\":{\"@type\":\"ImageObject\",\"inLanguage\":\"en-US\",\"@id\":\"https:\/\/portowinehouse.com\/#\/schema\/logo\/image\/\",\"url\":\"https:\/\/portowinehouse.com\/wp-content\/uploads\/2020\/06\/logo-wine.jpg\",\"contentUrl\":\"https:\/\/portowinehouse.com\/wp-content\/uploads\/2020\/06\/logo-wine.jpg\",\"width\":99,\"height\":117,\"caption\":\"Porto Wine House\"},\"image\":{\"@id\":\"https:\/\/portowinehouse.com\/#\/schema\/logo\/image\/\"},\"sameAs\":[\"https:\/\/pt-pt.facebook.com\/Porto-Wine-House-350305098331175\/\"]}]}<\/script>\n<!-- \/ Yoast SEO plugin. -->","yoast_head_json":{"title":"Qta. do Ves\u00favio Vintage 2017 - Porto Wine House","robots":{"index":"index","follow":"follow","max-snippet":"max-snippet:-1","max-image-preview":"max-image-preview:large","max-video-preview":"max-video-preview:-1"},"canonical":"https:\/\/portowinehouse.com\/en\/product\/qta-do-vesuvio-vintage-2017\/","og_locale":"en_US","og_type":"article","og_title":"Qta. do Ves\u00favio Vintage 2017 - Porto Wine House","og_description":"A quinta de todas as quintas - uma das maravilhas do mundo. Na Quinta do Ves\u00favio, no Douro Superior mais \u201cprofundo\u201d, o trabalho do homem e a natureza alcan\u00e7aram uma harmonia perfeita e duradoura. Mais do que qualquer outro lugar do Douro a Quinta do Ves\u00favio tem uma assombra\u00e7\u00e3o e beleza encantadora; com um sentido do lugar que n\u00e3o se desvanece com o tempo.","og_url":"https:\/\/portowinehouse.com\/en\/product\/qta-do-vesuvio-vintage-2017\/","og_site_name":"Porto Wine House","article_publisher":"https:\/\/pt-pt.facebook.com\/Porto-Wine-House-350305098331175\/","article_modified_time":"2021-03-10T14:38:20+00:00","og_image":[{"width":159,"height":700,"url":"https:\/\/portowinehouse.com\/wp-content\/uploads\/2020\/06\/vintage-vesuvio-2017.jpg","type":"image\/jpeg"}],"twitter_card":"summary_large_image","schema":{"@context":"https:\/\/schema.org","@graph":[{"@type":"WebPage","@id":"https:\/\/portowinehouse.com\/en\/product\/qta-do-vesuvio-vintage-2017\/","url":"https:\/\/portowinehouse.com\/en\/product\/qta-do-vesuvio-vintage-2017\/","name":"Qta. do Ves\u00favio Vintage 2017 - Porto Wine House","isPartOf":{"@id":"https:\/\/portowinehouse.com\/#website"},"datePublished":"2020-06-26T14:34:09+00:00","dateModified":"2021-03-10T14:38:20+00:00","breadcrumb":{"@id":"https:\/\/portowinehouse.com\/en\/product\/qta-do-vesuvio-vintage-2017\/#breadcrumb"},"inLanguage":"en-US","potentialAction":[{"@type":"ReadAction","target":["https:\/\/portowinehouse.com\/en\/product\/qta-do-vesuvio-vintage-2017\/"]}]},{"@type":"BreadcrumbList","@id":"https:\/\/portowinehouse.com\/en\/product\/qta-do-vesuvio-vintage-2017\/#breadcrumb","itemListElement":[{"@type":"ListItem","position":1,"name":"In\u00edcio","item":"https:\/\/portowinehouse.com\/en\/"},{"@type":"ListItem","position":2,"name":"Shop","item":"https:\/\/portowinehouse.com\/en\/shop\/"},{"@type":"ListItem","position":3,"name":"Qta. do Ves\u00favio Vintage 2017"}]},{"@type":"WebSite","@id":"https:\/\/portowinehouse.com\/#website","url":"https:\/\/portowinehouse.com\/","name":"Porto Wine House","description":"","publisher":{"@id":"https:\/\/portowinehouse.com\/#organization"},"potentialAction":[{"@type":"SearchAction","target":{"@type":"EntryPoint","urlTemplate":"https:\/\/portowinehouse.com\/?s={search_term_string}"},"query-input":"required name=search_term_string"}],"inLanguage":"en-US"},{"@type":"Organization","@id":"https:\/\/portowinehouse.com\/#organization","name":"Porto Wine House","url":"https:\/\/portowinehouse.com\/","logo":{"@type":"ImageObject","inLanguage":"en-US","@id":"https:\/\/portowinehouse.com\/#\/schema\/logo\/image\/","url":"https:\/\/portowinehouse.com\/wp-content\/uploads\/2020\/06\/logo-wine.jpg","contentUrl":"https:\/\/portowinehouse.com\/wp-content\/uploads\/2020\/06\/logo-wine.jpg","width":99,"height":117,"caption":"Porto Wine House"},"image":{"@id":"https:\/\/portowinehouse.com\/#\/schema\/logo\/image\/"},"sameAs":["https:\/\/pt-pt.facebook.com\/Porto-Wine-House-350305098331175\/"]}]}},"_links":{"self":[{"href":"https:\/\/portowinehouse.com\/en\/wp-json\/wp\/v2\/product\/1275"}],"collection":[{"href":"https:\/\/portowinehouse.com\/en\/wp-json\/wp\/v2\/product"}],"about":[{"href":"https:\/\/portowinehouse.com\/en\/wp-json\/wp\/v2\/types\/product"}],"replies":[{"embeddable":true,"href":"https:\/\/portowinehouse.com\/en\/wp-json\/wp\/v2\/comments?post=1275"}],"wp:featuredmedia":[{"embeddable":true,"href":"https:\/\/portowinehouse.com\/en\/wp-json\/wp\/v2\/media\/2147"}],"wp:attachment":[{"href":"https:\/\/portowinehouse.com\/en\/wp-json\/wp\/v2\/media?parent=1275"}],"wp:term":[{"taxonomy":"product_cat","embeddable":true,"href":"https:\/\/portowinehouse.com\/en\/wp-json\/wp\/v2\/product_cat?post=1275"},{"taxonomy":"product_tag","embeddable":true,"href":"https:\/\/portowinehouse.com\/en\/wp-json\/wp\/v2\/product_tag?post=1275"}],"curies":[{"name":"wp","href":"https:\/\/api.w.org\/{rel}","templated":true}]}}