{"id":1186,"date":"2020-06-26T14:34:43","date_gmt":"2020-06-26T14:34:43","guid":{"rendered":"http:\/\/portowinehouse.com\/procura-2013\/"},"modified":"2021-04-13T14:25:25","modified_gmt":"2021-04-13T14:25:25","slug":"procura-2013","status":"publish","type":"product","link":"https:\/\/portowinehouse.com\/en\/product\/procura-2013\/","title":{"rendered":"Procura Red 2013"},"content":{"rendered":"<p>Dark red color. Fruity and intense but without any traces of over maturation, it shows intriguing tobacco leaves notes, pencil lead and a powerful mineral sensation that combine with a slight vegetal feeling that adds tension and complexity. Powerful but sharp, austere but still delicate on tannins, it ends up fresh and vigorous.<\/p>\n","protected":false},"excerpt":{"rendered":"<p>Melhor de Portugal 2017 &#8211; Revista de Vinhos<\/p>\n<p>Altamente Recomendado 2017 &#8211; Revista de Vinhos<\/p>\n<p>Cor vermelha muito escura, quase preta. As notas de fruta madura e intensa, embora sem qualquer excesso de matura\u00e7\u00e3o, a que se soma o tabaco, a grafite e um fundo mineral, surgem acompanhadas por uma leve sugest\u00e3o vegetal que lhes acrescenta uma complexidade e tens\u00e3o pouco habituais. Vivo e poderoso, austero mas delicado, surpreende pelos taninos vivos mas serenos, terminando fresco e vigoroso gra\u00e7as a uma acidez bem integrada.<\/p>\n","protected":false},"featured_media":2290,"comment_status":"closed","ping_status":"closed","template":"","meta":{"_joinchat":[]},"product_cat":[175,179],"product_tag":[],"yoast_head":"<!-- This site is optimized with the Yoast SEO plugin v19.11 - https:\/\/yoast.com\/wordpress\/plugins\/seo\/ -->\n<title>Procura Red 2013 - Porto Wine House<\/title>\n<meta name=\"robots\" content=\"index, follow, max-snippet:-1, max-image-preview:large, max-video-preview:-1\" \/>\n<link rel=\"canonical\" href=\"https:\/\/portowinehouse.com\/en\/product\/procura-2013\/\" \/>\n<meta property=\"og:locale\" content=\"en_US\" \/>\n<meta property=\"og:type\" content=\"article\" \/>\n<meta property=\"og:title\" content=\"Procura Red 2013 - Porto Wine House\" \/>\n<meta property=\"og:description\" content=\"Melhor de Portugal 2017 - Revista de Vinhos  Altamente Recomendado 2017 - Revista de Vinhos  Cor vermelha muito escura, quase preta. As notas de fruta madura e intensa, embora sem qualquer excesso de matura\u00e7\u00e3o, a que se soma o tabaco, a grafite e um fundo mineral, surgem acompanhadas por uma leve sugest\u00e3o vegetal que lhes acrescenta uma complexidade e tens\u00e3o pouco habituais. Vivo e poderoso, austero mas delicado, surpreende pelos taninos vivos mas serenos, terminando fresco e vigoroso gra\u00e7as a uma acidez bem integrada.\" \/>\n<meta property=\"og:url\" content=\"https:\/\/portowinehouse.com\/en\/product\/procura-2013\/\" \/>\n<meta property=\"og:site_name\" content=\"Porto Wine House\" \/>\n<meta property=\"article:publisher\" content=\"https:\/\/pt-pt.facebook.com\/Porto-Wine-House-350305098331175\/\" \/>\n<meta property=\"article:modified_time\" content=\"2021-04-13T14:25:25+00:00\" \/>\n<meta property=\"og:image\" content=\"https:\/\/portowinehouse.com\/wp-content\/uploads\/2020\/06\/Procura-2013.jpg\" \/>\n\t<meta property=\"og:image:width\" content=\"159\" \/>\n\t<meta property=\"og:image:height\" content=\"700\" \/>\n\t<meta property=\"og:image:type\" content=\"image\/jpeg\" \/>\n<meta name=\"twitter:card\" content=\"summary_large_image\" \/>\n<script type=\"application\/ld+json\" class=\"yoast-schema-graph\">{\"@context\":\"https:\/\/schema.org\",\"@graph\":[{\"@type\":\"WebPage\",\"@id\":\"https:\/\/portowinehouse.com\/en\/product\/procura-2013\/\",\"url\":\"https:\/\/portowinehouse.com\/en\/product\/procura-2013\/\",\"name\":\"Procura Red 2013 - Porto Wine House\",\"isPartOf\":{\"@id\":\"https:\/\/portowinehouse.com\/#website\"},\"datePublished\":\"2020-06-26T14:34:43+00:00\",\"dateModified\":\"2021-04-13T14:25:25+00:00\",\"breadcrumb\":{\"@id\":\"https:\/\/portowinehouse.com\/en\/product\/procura-2013\/#breadcrumb\"},\"inLanguage\":\"en-US\",\"potentialAction\":[{\"@type\":\"ReadAction\",\"target\":[\"https:\/\/portowinehouse.com\/en\/product\/procura-2013\/\"]}]},{\"@type\":\"BreadcrumbList\",\"@id\":\"https:\/\/portowinehouse.com\/en\/product\/procura-2013\/#breadcrumb\",\"itemListElement\":[{\"@type\":\"ListItem\",\"position\":1,\"name\":\"In\u00edcio\",\"item\":\"https:\/\/portowinehouse.com\/en\/\"},{\"@type\":\"ListItem\",\"position\":2,\"name\":\"Shop\",\"item\":\"https:\/\/portowinehouse.com\/en\/shop\/\"},{\"@type\":\"ListItem\",\"position\":3,\"name\":\"Procura Red 2013\"}]},{\"@type\":\"WebSite\",\"@id\":\"https:\/\/portowinehouse.com\/#website\",\"url\":\"https:\/\/portowinehouse.com\/\",\"name\":\"Porto Wine House\",\"description\":\"\",\"publisher\":{\"@id\":\"https:\/\/portowinehouse.com\/#organization\"},\"potentialAction\":[{\"@type\":\"SearchAction\",\"target\":{\"@type\":\"EntryPoint\",\"urlTemplate\":\"https:\/\/portowinehouse.com\/?s={search_term_string}\"},\"query-input\":\"required name=search_term_string\"}],\"inLanguage\":\"en-US\"},{\"@type\":\"Organization\",\"@id\":\"https:\/\/portowinehouse.com\/#organization\",\"name\":\"Porto Wine House\",\"url\":\"https:\/\/portowinehouse.com\/\",\"logo\":{\"@type\":\"ImageObject\",\"inLanguage\":\"en-US\",\"@id\":\"https:\/\/portowinehouse.com\/#\/schema\/logo\/image\/\",\"url\":\"https:\/\/portowinehouse.com\/wp-content\/uploads\/2020\/06\/logo-wine.jpg\",\"contentUrl\":\"https:\/\/portowinehouse.com\/wp-content\/uploads\/2020\/06\/logo-wine.jpg\",\"width\":99,\"height\":117,\"caption\":\"Porto Wine House\"},\"image\":{\"@id\":\"https:\/\/portowinehouse.com\/#\/schema\/logo\/image\/\"},\"sameAs\":[\"https:\/\/pt-pt.facebook.com\/Porto-Wine-House-350305098331175\/\"]}]}<\/script>\n<!-- \/ Yoast SEO plugin. -->","yoast_head_json":{"title":"Procura Red 2013 - Porto Wine House","robots":{"index":"index","follow":"follow","max-snippet":"max-snippet:-1","max-image-preview":"max-image-preview:large","max-video-preview":"max-video-preview:-1"},"canonical":"https:\/\/portowinehouse.com\/en\/product\/procura-2013\/","og_locale":"en_US","og_type":"article","og_title":"Procura Red 2013 - Porto Wine House","og_description":"Melhor de Portugal 2017 - Revista de Vinhos  Altamente Recomendado 2017 - Revista de Vinhos  Cor vermelha muito escura, quase preta. As notas de fruta madura e intensa, embora sem qualquer excesso de matura\u00e7\u00e3o, a que se soma o tabaco, a grafite e um fundo mineral, surgem acompanhadas por uma leve sugest\u00e3o vegetal que lhes acrescenta uma complexidade e tens\u00e3o pouco habituais. Vivo e poderoso, austero mas delicado, surpreende pelos taninos vivos mas serenos, terminando fresco e vigoroso gra\u00e7as a uma acidez bem integrada.","og_url":"https:\/\/portowinehouse.com\/en\/product\/procura-2013\/","og_site_name":"Porto Wine House","article_publisher":"https:\/\/pt-pt.facebook.com\/Porto-Wine-House-350305098331175\/","article_modified_time":"2021-04-13T14:25:25+00:00","og_image":[{"width":159,"height":700,"url":"https:\/\/portowinehouse.com\/wp-content\/uploads\/2020\/06\/Procura-2013.jpg","type":"image\/jpeg"}],"twitter_card":"summary_large_image","schema":{"@context":"https:\/\/schema.org","@graph":[{"@type":"WebPage","@id":"https:\/\/portowinehouse.com\/en\/product\/procura-2013\/","url":"https:\/\/portowinehouse.com\/en\/product\/procura-2013\/","name":"Procura Red 2013 - Porto Wine House","isPartOf":{"@id":"https:\/\/portowinehouse.com\/#website"},"datePublished":"2020-06-26T14:34:43+00:00","dateModified":"2021-04-13T14:25:25+00:00","breadcrumb":{"@id":"https:\/\/portowinehouse.com\/en\/product\/procura-2013\/#breadcrumb"},"inLanguage":"en-US","potentialAction":[{"@type":"ReadAction","target":["https:\/\/portowinehouse.com\/en\/product\/procura-2013\/"]}]},{"@type":"BreadcrumbList","@id":"https:\/\/portowinehouse.com\/en\/product\/procura-2013\/#breadcrumb","itemListElement":[{"@type":"ListItem","position":1,"name":"In\u00edcio","item":"https:\/\/portowinehouse.com\/en\/"},{"@type":"ListItem","position":2,"name":"Shop","item":"https:\/\/portowinehouse.com\/en\/shop\/"},{"@type":"ListItem","position":3,"name":"Procura Red 2013"}]},{"@type":"WebSite","@id":"https:\/\/portowinehouse.com\/#website","url":"https:\/\/portowinehouse.com\/","name":"Porto Wine House","description":"","publisher":{"@id":"https:\/\/portowinehouse.com\/#organization"},"potentialAction":[{"@type":"SearchAction","target":{"@type":"EntryPoint","urlTemplate":"https:\/\/portowinehouse.com\/?s={search_term_string}"},"query-input":"required name=search_term_string"}],"inLanguage":"en-US"},{"@type":"Organization","@id":"https:\/\/portowinehouse.com\/#organization","name":"Porto Wine House","url":"https:\/\/portowinehouse.com\/","logo":{"@type":"ImageObject","inLanguage":"en-US","@id":"https:\/\/portowinehouse.com\/#\/schema\/logo\/image\/","url":"https:\/\/portowinehouse.com\/wp-content\/uploads\/2020\/06\/logo-wine.jpg","contentUrl":"https:\/\/portowinehouse.com\/wp-content\/uploads\/2020\/06\/logo-wine.jpg","width":99,"height":117,"caption":"Porto Wine House"},"image":{"@id":"https:\/\/portowinehouse.com\/#\/schema\/logo\/image\/"},"sameAs":["https:\/\/pt-pt.facebook.com\/Porto-Wine-House-350305098331175\/"]}]}},"_links":{"self":[{"href":"https:\/\/portowinehouse.com\/en\/wp-json\/wp\/v2\/product\/1186"}],"collection":[{"href":"https:\/\/portowinehouse.com\/en\/wp-json\/wp\/v2\/product"}],"about":[{"href":"https:\/\/portowinehouse.com\/en\/wp-json\/wp\/v2\/types\/product"}],"replies":[{"embeddable":true,"href":"https:\/\/portowinehouse.com\/en\/wp-json\/wp\/v2\/comments?post=1186"}],"wp:featuredmedia":[{"embeddable":true,"href":"https:\/\/portowinehouse.com\/en\/wp-json\/wp\/v2\/media\/2290"}],"wp:attachment":[{"href":"https:\/\/portowinehouse.com\/en\/wp-json\/wp\/v2\/media?parent=1186"}],"wp:term":[{"taxonomy":"product_cat","embeddable":true,"href":"https:\/\/portowinehouse.com\/en\/wp-json\/wp\/v2\/product_cat?post=1186"},{"taxonomy":"product_tag","embeddable":true,"href":"https:\/\/portowinehouse.com\/en\/wp-json\/wp\/v2\/product_tag?post=1186"}],"curies":[{"name":"wp","href":"https:\/\/api.w.org\/{rel}","templated":true}]}}