{"id":701,"date":"2020-04-21T08:08:57","date_gmt":"2020-04-21T08:08:57","guid":{"rendered":"http:\/\/portowinehouse.com\/termos-e-condicoes\/"},"modified":"2020-07-03T09:20:40","modified_gmt":"2020-07-03T09:20:40","slug":"terms-and-conditions","status":"publish","type":"page","link":"https:\/\/portowinehouse.com\/en\/terms-and-conditions\/","title":{"rendered":"Terms and Conditions"},"content":{"rendered":"<p><span style=\"font-weight: 400;\">Porto Wine House recommends a careful reading of the Terms and Conditions presented below.<\/span><\/p>\n<p><span style=\"font-weight: 400;\">By accessing and using this Website, the user declares to have read, understood and accepted the presented Terms and Conditions, without the need for any subsequent act or consent.<\/span><\/p>\n<p><span style=\"font-weight: 400;\">The Terms and Conditions may be changed at any time, considering that the changes take effect from the date of their update on the website. The subsequent access and use of the website by the user will be considered as an unequivocal sign that he has read, understood and accepted the new changes to the Terms and Conditions.<\/span><\/p>\n<p><span style=\"font-weight: 400;\">These General Conditions in force are intended, with the order form, and the other elements referred to therein, to regulate the terms and conditions governing the provision of the Porto Wine House Online Store Service, based in Rua C\u00e2ndido dos Reis, 10, 4400-069 Vila Nova de Gaia, under tax number 167586831.<\/span><\/p>\n<p><b>A compra de qualquer produto na Loja Online da Porto Wine House implica a aceita\u00e7\u00e3o das presentes Condi\u00e7\u00f5es Gerais de Venda Online:<\/b><\/p>\n<p><span style=\"font-weight: 400;\">Any and all alcoholic beverages available for sale at the Porto Wine House Online Store can only be purchased by people of legal age, in their country of residence.<\/span><\/p>\n<p><span style=\"font-weight: 400;\">Porto Wine House reserves the right to modify, without prior notice and at any time, the information and commercial offer presented on: products, prices, promotions, commercial conditions and services.<\/span><\/p>\n<p><span style=\"font-weight: 400;\">The images that illustrate each product at Porto Wine House are merely illustrative and may differ from the product subsequently delivered, these same products also being subject to stock rupture. In the event that the images contain any year or specific information, the title and reference of the website of the products in question must always be assumed and never the information contained in the image itself. Porto Wine House is not responsible for any typographical errors due to computer or translated reasons.<\/span><\/p>\n<p><span style=\"font-weight: 400;\">Despite the efforts of Porto Wine House, some products may have an inaccurate price, which is why the team checks prices whenever processing orders. Consequently, the prices presented at Porto Wine House are merely indicative and do not constitute a contractual proposal. If the effective price of the product is lower than the advertised price, Porto Wine House will refund the difference. If the price is higher, Porto Wine House will inform the customer of such situation by email and await its decision to accept the new price or cancel the order within 15 days from the date the email was sent.<\/span><\/p>\n<p><span style=\"font-weight: 400;\">As they are different stock counting systems between the online store and the physical store, there may be differences in the quantities presented online.<\/span><\/p>\n<p><span style=\"font-weight: 400;\">In the event of a stock out of any of the ordered products, Porto Wine House reserves the right to communicate this to the customer, who may choose one of the following options:<\/span><\/p>\n<ol>\n<li><span style=\"font-weight: 400;\">a) refund of the amount referring to the product in question;<\/span><\/li>\n<li><span style=\"font-weight: 400;\">b) total cancellation of the order and respective refund of the amount;<\/span><\/li>\n<li><span style=\"font-weight: 400;\">c) another one in agreement with both parties.<\/span><\/li>\n<\/ol>\n<p><span style=\"font-weight: 400;\">In no case can the customer demand delivery of paid goods, without first having confirmation that it is available for pick-up or delivery. This confirmation will always be sent via email after the order summary email (which is sent when the order is paid). If the stock is out of stock, the customer may take one of the decisions indicated above.<\/span><\/p>\n<p><span style=\"font-weight: 400;\">Under Portuguese law, all prices shown at Porto Wine House include the respective VAT rates in force, unless otherwise stated.<\/span><\/p>\n<p><span style=\"font-weight: 400;\">\u00a0The promotions posted on the Porto Wine House website may not be applicable to existing products in the physical store.<\/span><\/p>\n","protected":false},"excerpt":{"rendered":"<p>Porto Wine House recommends a careful reading of the Terms and Conditions presented below. By accessing and using this Website, the user declares to have read, understood and accepted the presented Terms and Conditions, without the need for any subsequent act or consent. The Terms and Conditions may be changed at any time, considering that [&hellip;]<\/p>\n","protected":false},"author":1,"featured_media":0,"parent":0,"menu_order":0,"comment_status":"closed","ping_status":"closed","template":"template-text.php","meta":{"_joinchat":[]},"yoast_head":"<!-- This site is optimized with the Yoast SEO plugin v19.11 - https:\/\/yoast.com\/wordpress\/plugins\/seo\/ -->\n<title>Terms and Conditions - Porto Wine House<\/title>\n<meta name=\"robots\" content=\"index, follow, max-snippet:-1, max-image-preview:large, max-video-preview:-1\" \/>\n<link rel=\"canonical\" href=\"https:\/\/portowinehouse.com\/en\/terms-and-conditions\/\" \/>\n<meta property=\"og:locale\" content=\"en_US\" \/>\n<meta property=\"og:type\" content=\"article\" \/>\n<meta property=\"og:title\" content=\"Terms and Conditions - Porto Wine House\" \/>\n<meta property=\"og:description\" content=\"Porto Wine House recommends a careful reading of the Terms and Conditions presented below. By accessing and using this Website, the user declares to have read, understood and accepted the presented Terms and Conditions, without the need for any subsequent act or consent. The Terms and Conditions may be changed at any time, considering that [&hellip;]\" \/>\n<meta property=\"og:url\" content=\"https:\/\/portowinehouse.com\/en\/terms-and-conditions\/\" \/>\n<meta property=\"og:site_name\" content=\"Porto Wine House\" \/>\n<meta property=\"article:publisher\" content=\"https:\/\/pt-pt.facebook.com\/Porto-Wine-House-350305098331175\/\" \/>\n<meta property=\"article:modified_time\" content=\"2020-07-03T09:20:40+00:00\" \/>\n<meta name=\"twitter:card\" content=\"summary_large_image\" \/>\n<meta name=\"twitter:label1\" content=\"Est. reading time\" \/>\n\t<meta name=\"twitter:data1\" content=\"3 minutes\" \/>\n<script type=\"application\/ld+json\" class=\"yoast-schema-graph\">{\"@context\":\"https:\/\/schema.org\",\"@graph\":[{\"@type\":\"WebPage\",\"@id\":\"https:\/\/portowinehouse.com\/en\/terms-and-conditions\/\",\"url\":\"https:\/\/portowinehouse.com\/en\/terms-and-conditions\/\",\"name\":\"Terms and Conditions - Porto Wine House\",\"isPartOf\":{\"@id\":\"https:\/\/portowinehouse.com\/#website\"},\"datePublished\":\"2020-04-21T08:08:57+00:00\",\"dateModified\":\"2020-07-03T09:20:40+00:00\",\"breadcrumb\":{\"@id\":\"https:\/\/portowinehouse.com\/en\/terms-and-conditions\/#breadcrumb\"},\"inLanguage\":\"en-US\",\"potentialAction\":[{\"@type\":\"ReadAction\",\"target\":[\"https:\/\/portowinehouse.com\/en\/terms-and-conditions\/\"]}]},{\"@type\":\"BreadcrumbList\",\"@id\":\"https:\/\/portowinehouse.com\/en\/terms-and-conditions\/#breadcrumb\",\"itemListElement\":[{\"@type\":\"ListItem\",\"position\":1,\"name\":\"In\u00edcio\",\"item\":\"https:\/\/portowinehouse.com\/en\/\"},{\"@type\":\"ListItem\",\"position\":2,\"name\":\"Terms and Conditions\"}]},{\"@type\":\"WebSite\",\"@id\":\"https:\/\/portowinehouse.com\/#website\",\"url\":\"https:\/\/portowinehouse.com\/\",\"name\":\"Porto Wine House\",\"description\":\"\",\"publisher\":{\"@id\":\"https:\/\/portowinehouse.com\/#organization\"},\"potentialAction\":[{\"@type\":\"SearchAction\",\"target\":{\"@type\":\"EntryPoint\",\"urlTemplate\":\"https:\/\/portowinehouse.com\/?s={search_term_string}\"},\"query-input\":\"required name=search_term_string\"}],\"inLanguage\":\"en-US\"},{\"@type\":\"Organization\",\"@id\":\"https:\/\/portowinehouse.com\/#organization\",\"name\":\"Porto Wine House\",\"url\":\"https:\/\/portowinehouse.com\/\",\"logo\":{\"@type\":\"ImageObject\",\"inLanguage\":\"en-US\",\"@id\":\"https:\/\/portowinehouse.com\/#\/schema\/logo\/image\/\",\"url\":\"https:\/\/portowinehouse.com\/wp-content\/uploads\/2020\/06\/logo-wine.jpg\",\"contentUrl\":\"https:\/\/portowinehouse.com\/wp-content\/uploads\/2020\/06\/logo-wine.jpg\",\"width\":99,\"height\":117,\"caption\":\"Porto Wine House\"},\"image\":{\"@id\":\"https:\/\/portowinehouse.com\/#\/schema\/logo\/image\/\"},\"sameAs\":[\"https:\/\/pt-pt.facebook.com\/Porto-Wine-House-350305098331175\/\"]}]}<\/script>\n<!-- \/ Yoast SEO plugin. -->","yoast_head_json":{"title":"Terms and Conditions - Porto Wine House","robots":{"index":"index","follow":"follow","max-snippet":"max-snippet:-1","max-image-preview":"max-image-preview:large","max-video-preview":"max-video-preview:-1"},"canonical":"https:\/\/portowinehouse.com\/en\/terms-and-conditions\/","og_locale":"en_US","og_type":"article","og_title":"Terms and Conditions - Porto Wine House","og_description":"Porto Wine House recommends a careful reading of the Terms and Conditions presented below. By accessing and using this Website, the user declares to have read, understood and accepted the presented Terms and Conditions, without the need for any subsequent act or consent. The Terms and Conditions may be changed at any time, considering that [&hellip;]","og_url":"https:\/\/portowinehouse.com\/en\/terms-and-conditions\/","og_site_name":"Porto Wine House","article_publisher":"https:\/\/pt-pt.facebook.com\/Porto-Wine-House-350305098331175\/","article_modified_time":"2020-07-03T09:20:40+00:00","twitter_card":"summary_large_image","twitter_misc":{"Est. reading time":"3 minutes"},"schema":{"@context":"https:\/\/schema.org","@graph":[{"@type":"WebPage","@id":"https:\/\/portowinehouse.com\/en\/terms-and-conditions\/","url":"https:\/\/portowinehouse.com\/en\/terms-and-conditions\/","name":"Terms and Conditions - Porto Wine House","isPartOf":{"@id":"https:\/\/portowinehouse.com\/#website"},"datePublished":"2020-04-21T08:08:57+00:00","dateModified":"2020-07-03T09:20:40+00:00","breadcrumb":{"@id":"https:\/\/portowinehouse.com\/en\/terms-and-conditions\/#breadcrumb"},"inLanguage":"en-US","potentialAction":[{"@type":"ReadAction","target":["https:\/\/portowinehouse.com\/en\/terms-and-conditions\/"]}]},{"@type":"BreadcrumbList","@id":"https:\/\/portowinehouse.com\/en\/terms-and-conditions\/#breadcrumb","itemListElement":[{"@type":"ListItem","position":1,"name":"In\u00edcio","item":"https:\/\/portowinehouse.com\/en\/"},{"@type":"ListItem","position":2,"name":"Terms and Conditions"}]},{"@type":"WebSite","@id":"https:\/\/portowinehouse.com\/#website","url":"https:\/\/portowinehouse.com\/","name":"Porto Wine House","description":"","publisher":{"@id":"https:\/\/portowinehouse.com\/#organization"},"potentialAction":[{"@type":"SearchAction","target":{"@type":"EntryPoint","urlTemplate":"https:\/\/portowinehouse.com\/?s={search_term_string}"},"query-input":"required name=search_term_string"}],"inLanguage":"en-US"},{"@type":"Organization","@id":"https:\/\/portowinehouse.com\/#organization","name":"Porto Wine House","url":"https:\/\/portowinehouse.com\/","logo":{"@type":"ImageObject","inLanguage":"en-US","@id":"https:\/\/portowinehouse.com\/#\/schema\/logo\/image\/","url":"https:\/\/portowinehouse.com\/wp-content\/uploads\/2020\/06\/logo-wine.jpg","contentUrl":"https:\/\/portowinehouse.com\/wp-content\/uploads\/2020\/06\/logo-wine.jpg","width":99,"height":117,"caption":"Porto Wine House"},"image":{"@id":"https:\/\/portowinehouse.com\/#\/schema\/logo\/image\/"},"sameAs":["https:\/\/pt-pt.facebook.com\/Porto-Wine-House-350305098331175\/"]}]}},"_links":{"self":[{"href":"https:\/\/portowinehouse.com\/en\/wp-json\/wp\/v2\/pages\/701"}],"collection":[{"href":"https:\/\/portowinehouse.com\/en\/wp-json\/wp\/v2\/pages"}],"about":[{"href":"https:\/\/portowinehouse.com\/en\/wp-json\/wp\/v2\/types\/page"}],"author":[{"embeddable":true,"href":"https:\/\/portowinehouse.com\/en\/wp-json\/wp\/v2\/users\/1"}],"replies":[{"embeddable":true,"href":"https:\/\/portowinehouse.com\/en\/wp-json\/wp\/v2\/comments?post=701"}],"version-history":[{"count":1,"href":"https:\/\/portowinehouse.com\/en\/wp-json\/wp\/v2\/pages\/701\/revisions"}],"predecessor-version":[{"id":702,"href":"https:\/\/portowinehouse.com\/en\/wp-json\/wp\/v2\/pages\/701\/revisions\/702"}],"wp:attachment":[{"href":"https:\/\/portowinehouse.com\/en\/wp-json\/wp\/v2\/media?parent=701"}],"curies":[{"name":"wp","href":"https:\/\/api.w.org\/{rel}","templated":true}]}}